{"id":2757,"date":"2025-10-20T07:54:41","date_gmt":"2025-10-20T07:54:41","guid":{"rendered":"https:\/\/mountlaser.com\/?post_type=product&#038;p=2757"},"modified":"2025-11-28T06:21:25","modified_gmt":"2025-11-28T06:21:25","slug":"g127-corner-cube-prism","status":"publish","type":"product","link":"https:\/\/mountlaser.com\/vi\/san-pham\/g127-corner-cube-prism\/","title":{"rendered":"Kh\u1ed1i l\u0103ng tr\u1ee5 g\u00f3c G127"},"content":{"rendered":"<p>C\u00e1i <a href=\"https:\/\/mountlaser.com\/vi\/products\/\"><strong>Kh\u1ed1i l\u0103ng tr\u1ee5 g\u00f3c G381<\/strong><\/a> S\u1ea3n ph\u1ea9m c\u1ee7a Mountlaser l\u00e0 m\u1ed9t linh ki\u1ec7n quang h\u1ecdc c\u00f3 \u0111\u1ed9 ch\u00ednh x\u00e1c cao, \u0111\u01b0\u1ee3c thi\u1ebft k\u1ebf cho c\u00e1c \u1ee9ng d\u1ee5ng kh\u1ea3o s\u00e1t v\u00e0 \u0111o l\u01b0\u1eddng \u0111\u00f2i h\u1ecfi kh\u1eaft khe.<br \/>\nL\u0103ng k\u00ednh ch\u00ednh x\u00e1c n\u00e0y c\u00f3 \u0111\u1eb7c \u0111i\u1ec3m l\u00e0 ba b\u1ec1 m\u1eb7t ph\u1ea3n x\u1ea1 vu\u00f4ng g\u00f3c v\u1edbi nhau, \u0111\u1ea3m b\u1ea3o ch\u1ee9c n\u0103ng ph\u1ea3n x\u1ea1 ng\u01b0\u1ee3c quan tr\u1ecdng.<br \/>\n\u0110i\u1ec1u n\u00e0y c\u00f3 ngh\u0129a l\u00e0 n\u00f3 ph\u1ea3n x\u1ea1 b\u1ea5t k\u1ef3 ch\u00f9m tia s\u00e1ng n\u00e0o chi\u1ebfu t\u1edbi tr\u1ef1c ti\u1ebfp tr\u1edf l\u1ea1i ngu\u1ed3n ph\u00e1t, b\u1ea5t k\u1ec3 g\u00f3c chi\u1ebfu l\u00e0 bao nhi\u00eau.<\/p>\n<p><img fetchpriority=\"high\" decoding=\"async\" class=\"aligncenter wp-image-2763\" src=\"https:\/\/mountlaser.com\/wp-content\/uploads\/2025\/10\/G381-7.webp\" alt=\"G381 Corner Cube Prism\" width=\"500\" height=\"500\" srcset=\"https:\/\/mountlaser.com\/wp-content\/uploads\/2025\/10\/G381-7.webp 1000w, https:\/\/mountlaser.com\/wp-content\/uploads\/2025\/10\/G381-7-300x300.webp 300w, https:\/\/mountlaser.com\/wp-content\/uploads\/2025\/10\/G381-7-400x400.webp 400w, https:\/\/mountlaser.com\/wp-content\/uploads\/2025\/10\/G381-7-800x800.webp 800w, https:\/\/mountlaser.com\/wp-content\/uploads\/2025\/10\/G381-7-600x600.webp 600w, https:\/\/mountlaser.com\/wp-content\/uploads\/2025\/10\/G381-7-150x150.webp 150w, https:\/\/mountlaser.com\/wp-content\/uploads\/2025\/10\/G381-7-768x768.webp 768w, https:\/\/mountlaser.com\/wp-content\/uploads\/2025\/10\/G381-7-12x12.webp 12w\" sizes=\"(max-width: 500px) 100vw, 500px\" \/><\/p>\n<p>\u0110\u01b0\u1ee3c ch\u1ebf t\u00e1c t\u1eeb <a href=\"https:\/\/mountlaser.com\/vi\/about-us\/\"><strong>K\u00ednh l\u0103ng tr\u1ee5 ch\u1ea5t l\u01b0\u1ee3ng cao<\/strong><\/a> V\u1edbi \u0111\u01b0\u1eddng k\u00ednh ch\u00ednh x\u00e1c 38,1mm, l\u0103ng k\u00ednh g\u00f3c l\u1eadp ph\u01b0\u01a1ng G381 \u0111\u1ea3m b\u1ea3o kh\u1ea3 n\u0103ng ph\u1ea3n h\u1ed3i t\u00edn hi\u1ec7u v\u00e0 \u0111\u1ed9 ch\u00ednh x\u00e1c \u0111o l\u01b0\u1eddng v\u01b0\u1ee3t tr\u1ed9i cho m\u00e1y to\u00e0n \u0111\u1ea1c v\u00e0 m\u00e1y d\u00f2 laser, tr\u1edf th\u00e0nh c\u00f4ng c\u1ee5 kh\u00f4ng th\u1ec3 thi\u1ebfu \u0111\u1ed1i v\u1edbi c\u00e1c chuy\u00ean gia kh\u00f4ng th\u1ec3 th\u1ecfa hi\u1ec7p v\u1ec1 \u0111\u1ed9 ch\u00ednh x\u00e1c.<\/p>","protected":false},"excerpt":{"rendered":"<ul>\n<li>G\u00f3c thu nh\u1eadn r\u1ed9ng: Ho\u1ea1t \u0111\u1ed9ng hi\u1ec7u qu\u1ea3 tr\u00ean ph\u1ea1m vi g\u00f3c t\u1edbi r\u1ed9ng, \u0111\u01a1n gi\u1ea3n h\u00f3a vi\u1ec7c c\u0103n ch\u1ec9nh m\u1ee5c ti\u00eau v\u00e0 thi\u1ebft l\u1eadp t\u1ea1i hi\u1ec7n tr\u01b0\u1eddng.<\/li>\n<li>C\u1ea5u tr\u00fac b\u1ec1n ch\u1eafc: \u0110\u01b0\u1ee3c s\u1ea3n xu\u1ea5t t\u1eeb k\u00ednh l\u0103ng tr\u1ee5 cao c\u1ea5p (\u00d838,1mm), \u0111\u1ea3m b\u1ea3o \u0111\u1ed9 \u1ed5n \u0111\u1ecbnh l\u00e2u d\u00e0i v\u00e0 kh\u1ea3 n\u0103ng ch\u1ed1ng ch\u1ecbu c\u00e1c y\u1ebfu t\u1ed1 m\u00f4i tr\u01b0\u1eddng.<\/li>\n<\/ul>","protected":false},"featured_media":2758,"comment_status":"open","ping_status":"closed","template":"","meta":[],"product_brand":[],"product_cat":[72,105],"product_tag":[],"class_list":{"0":"post-2757","1":"product","2":"type-product","3":"status-publish","4":"has-post-thumbnail","6":"product_cat-reflective-target-prism","7":"product_cat-corner-cube-prisms","9":"first","10":"instock","11":"shipping-taxable","12":"product-type-simple"},"_links":{"self":[{"href":"https:\/\/mountlaser.com\/vi\/wp-json\/wp\/v2\/product\/2757","targetHints":{"allow":["GET"]}}],"collection":[{"href":"https:\/\/mountlaser.com\/vi\/wp-json\/wp\/v2\/product"}],"about":[{"href":"https:\/\/mountlaser.com\/vi\/wp-json\/wp\/v2\/types\/product"}],"replies":[{"embeddable":true,"href":"https:\/\/mountlaser.com\/vi\/wp-json\/wp\/v2\/comments?post=2757"}],"wp:featuredmedia":[{"embeddable":true,"href":"https:\/\/mountlaser.com\/vi\/wp-json\/wp\/v2\/media\/2758"}],"wp:attachment":[{"href":"https:\/\/mountlaser.com\/vi\/wp-json\/wp\/v2\/media?parent=2757"}],"wp:term":[{"taxonomy":"product_brand","embeddable":true,"href":"https:\/\/mountlaser.com\/vi\/wp-json\/wp\/v2\/product_brand?post=2757"},{"taxonomy":"product_cat","embeddable":true,"href":"https:\/\/mountlaser.com\/vi\/wp-json\/wp\/v2\/product_cat?post=2757"},{"taxonomy":"product_tag","embeddable":true,"href":"https:\/\/mountlaser.com\/vi\/wp-json\/wp\/v2\/product_tag?post=2757"}],"curies":[{"name":"trang web","href":"https:\/\/api.w.org\/{rel}","templated":true}]}}