{"id":2747,"date":"2025-10-17T09:13:02","date_gmt":"2025-10-17T09:13:02","guid":{"rendered":"https:\/\/mountlaser.com\/?post_type=product&#038;p=2747"},"modified":"2025-11-28T06:22:58","modified_gmt":"2025-11-28T06:22:58","slug":"gph1p-accurate-reflective-prism","status":"publish","type":"product","link":"https:\/\/mountlaser.com\/vi\/san-pham\/gph1p-accurate-reflective-prism\/","title":{"rendered":"L\u0103ng k\u00ednh ph\u1ea3n x\u1ea1 ch\u00ednh x\u00e1c GPH1P"},"content":{"rendered":"<p><a href=\"https:\/\/mountlaser.com\/vi\/\"><strong>B\u1ed9 l\u1eafp r\u00e1p l\u0103ng k\u00ednh \u0111\u01a1n GPH1P<\/strong><\/a>K\u1ef9 thu\u1eadt ch\u00ednh x\u00e1c cho c\u00e1c cu\u1ed9c kh\u1ea3o s\u00e1t \u0111\u00f2i h\u1ecfi kh\u1eaft khe<\/p>\n<p>Tr\u1ea3i nghi\u1ec7m \u0111\u1ed9 ch\u00ednh x\u00e1c \u0111o l\u01b0\u1eddng v\u01b0\u1ee3t tr\u1ed9i v\u1edbi c\u1ee5m l\u0103ng k\u00ednh \u0111\u01a1n GPH1P, m\u1ed9t l\u0103ng k\u00ednh ph\u1ea3n x\u1ea1 cao c\u1ea5p \u0111\u01b0\u1ee3c thi\u1ebft k\u1ebf d\u00e0nh cho c\u00e1c \u1ee9ng d\u1ee5ng kh\u1ea3o s\u00e1t chuy\u00ean nghi\u1ec7p.<br \/>\nC\u00e1i n\u00e0y <a href=\"https:\/\/mountlaser.com\/vi\/about-us\/\"><strong>L\u0103ng k\u00ednh tr\u00f2n \u0111\u1ed9 ch\u00ednh x\u00e1c cao GPH1P k\u00e8m gi\u00e1 \u0111\u1ee1<\/strong><\/a> S\u1ef1 k\u1ebft h\u1ee3p gi\u1eefa c\u1ea5u tr\u00fac ch\u1eafc ch\u1eafn v\u00e0 hi\u1ec7u su\u1ea5t quang h\u1ecdc v\u01b0\u1ee3t tr\u1ed9i mang l\u1ea1i k\u1ebft qu\u1ea3 \u0111\u00e1ng tin c\u1eady trong \u0111i\u1ec1u ki\u1ec7n hi\u1ec7n tr\u01b0\u1eddng kh\u1eafc nghi\u1ec7t. \u0110\u01b0\u1ee3c thi\u1ebft k\u1ebf \u0111\u1ec3 \u0111\u00e1p \u1ee9ng c\u00e1c ti\u00eau chu\u1ea9n cao nh\u1ea5t, c\u1ee5m l\u0103ng k\u00ednh \u0111\u01a1n GPH1P \u0111\u1ea3m b\u1ea3o thu th\u1eadp d\u1eef li\u1ec7u nh\u1ea5t qu\u00e1n, ch\u1ea5t l\u01b0\u1ee3ng cao cho c\u00e1c d\u1ef1 \u00e1n quan tr\u1ecdng nh\u1ea5t c\u1ee7a b\u1ea1n.<\/p>\n<p><img fetchpriority=\"high\" decoding=\"async\" class=\"aligncenter wp-image-2751\" src=\"https:\/\/mountlaser.com\/wp-content\/uploads\/2025\/10\/GPH1P-4.webp\" alt=\"GPH1P Single Prism Assembly \" width=\"500\" height=\"500\" srcset=\"https:\/\/mountlaser.com\/wp-content\/uploads\/2025\/10\/GPH1P-4.webp 1000w, https:\/\/mountlaser.com\/wp-content\/uploads\/2025\/10\/GPH1P-4-300x300.webp 300w, https:\/\/mountlaser.com\/wp-content\/uploads\/2025\/10\/GPH1P-4-400x400.webp 400w, https:\/\/mountlaser.com\/wp-content\/uploads\/2025\/10\/GPH1P-4-800x800.webp 800w, https:\/\/mountlaser.com\/wp-content\/uploads\/2025\/10\/GPH1P-4-600x600.webp 600w, https:\/\/mountlaser.com\/wp-content\/uploads\/2025\/10\/GPH1P-4-150x150.webp 150w, https:\/\/mountlaser.com\/wp-content\/uploads\/2025\/10\/GPH1P-4-768x768.webp 768w, https:\/\/mountlaser.com\/wp-content\/uploads\/2025\/10\/GPH1P-4-12x12.webp 12w\" sizes=\"(max-width: 500px) 100vw, 500px\" \/><\/p>\n<p>S\u1ea3n ph\u1ea9m c\u00f3 l\u0103ng k\u00ednh ch\u00ednh x\u00e1c 64mm v\u1edbi \u0111\u1ed9 ch\u00ednh x\u00e1c c\u00f3 th\u1ec3 l\u1ef1a ch\u1ecdn l\u00e0 2 ho\u1eb7c 3-4 gi\u00e2y, ph\u00f9 h\u1ee3p v\u1edbi nhi\u1ec1u y\u00eau c\u1ea7u \u1ee9ng d\u1ee5ng kh\u00e1c nhau.<\/p>\n<p>\u0110\u01b0\u1ee3c g\u1eafn ch\u1eafc ch\u1eafn trong gi\u00e1 \u0111\u1ee1 kim lo\u1ea1i v\u1eefng ch\u1eafc \u0111\u1ec3 t\u0103ng c\u01b0\u1eddng \u0111\u1ed9 \u1ed5n \u0111\u1ecbnh v\u00e0 \u0111\u1ed9 tin c\u1eady l\u00e2u d\u00e0i.<\/p>","protected":false},"excerpt":{"rendered":"<ul>\n<li>T\u00edch h\u1ee3p \u0111\u1ed9 l\u1ec7ch kh\u00f4ng \u0111\u1ed5i 0mm gi\u00fap \u0111\u01a1n gi\u1ea3n h\u00f3a vi\u1ec7c thi\u1ebft l\u1eadp v\u00e0 tham chi\u1ebfu ph\u00e9p \u0111o nh\u1ea5t qu\u00e1n.<\/li>\n<li>\u0110\u01b0\u1ee3c trang b\u1ecb l\u0103ng k\u00ednh k\u00e9p m\u1ea1 \u0111\u1ed3ng v\u1edbi l\u1edbp ph\u1ee7 m\u00e0u xanh lam \u0111\u1ec3 thu nh\u1eadn t\u00edn hi\u1ec7u v\u01b0\u1ee3t tr\u1ed9i v\u00e0 \u0111\u1ed9 ch\u00ednh x\u00e1c \u0111o l\u01b0\u1eddng cao.<\/li>\n<li>Bao g\u1ed3m h\u1ed9p \u0111\u1ef1ng b\u1ea3o v\u1ec7 \u0111\u1ec3 c\u1ea5t gi\u1eef v\u00e0 v\u1eadn chuy\u1ec3n an to\u00e0n.<\/li>\n<\/ul>","protected":false},"featured_media":2751,"comment_status":"open","ping_status":"closed","template":"","meta":[],"product_brand":[],"product_cat":[72,103],"product_tag":[],"class_list":{"0":"post-2747","1":"product","2":"type-product","3":"status-publish","4":"has-post-thumbnail","6":"product_cat-reflective-target-prism","7":"product_cat-prism-assembly","9":"first","10":"instock","11":"shipping-taxable","12":"product-type-simple"},"_links":{"self":[{"href":"https:\/\/mountlaser.com\/vi\/wp-json\/wp\/v2\/product\/2747","targetHints":{"allow":["GET"]}}],"collection":[{"href":"https:\/\/mountlaser.com\/vi\/wp-json\/wp\/v2\/product"}],"about":[{"href":"https:\/\/mountlaser.com\/vi\/wp-json\/wp\/v2\/types\/product"}],"replies":[{"embeddable":true,"href":"https:\/\/mountlaser.com\/vi\/wp-json\/wp\/v2\/comments?post=2747"}],"wp:featuredmedia":[{"embeddable":true,"href":"https:\/\/mountlaser.com\/vi\/wp-json\/wp\/v2\/media\/2751"}],"wp:attachment":[{"href":"https:\/\/mountlaser.com\/vi\/wp-json\/wp\/v2\/media?parent=2747"}],"wp:term":[{"taxonomy":"product_brand","embeddable":true,"href":"https:\/\/mountlaser.com\/vi\/wp-json\/wp\/v2\/product_brand?post=2747"},{"taxonomy":"product_cat","embeddable":true,"href":"https:\/\/mountlaser.com\/vi\/wp-json\/wp\/v2\/product_cat?post=2747"},{"taxonomy":"product_tag","embeddable":true,"href":"https:\/\/mountlaser.com\/vi\/wp-json\/wp\/v2\/product_tag?post=2747"}],"curies":[{"name":"trang web","href":"https:\/\/api.w.org\/{rel}","templated":true}]}}