{"id":2740,"date":"2025-10-17T08:58:14","date_gmt":"2025-10-17T08:58:14","guid":{"rendered":"https:\/\/mountlaser.com\/?post_type=product&#038;p=2740"},"modified":"2025-11-28T06:27:09","modified_gmt":"2025-11-28T06:27:09","slug":"gpr121-circular-prism-with-holder","status":"publish","type":"product","link":"https:\/\/mountlaser.com\/vi\/san-pham\/gpr121-circular-prism-with-holder\/","title":{"rendered":"L\u0103ng k\u00ednh tr\u00f2n GPR121 k\u00e8m gi\u00e1 \u0111\u1ee1"},"content":{"rendered":"<p>\u0110\u1ea1t \u0111\u01b0\u1ee3c \u0111\u1ed9 ch\u00ednh x\u00e1c \u0111o l\u01b0\u1eddng v\u01b0\u1ee3t tr\u1ed9i v\u1edbi<a href=\"https:\/\/mountlaser.com\/vi\/\"><strong> L\u0103ng k\u00ednh tr\u00f2n GPR121 k\u00e8m gi\u00e1 \u0111\u1ee1<\/strong><\/a>, m\u1ed9t kho\u1ea3n ph\u00ed b\u1ea3o hi\u1ec3m <a href=\"https:\/\/mountlaser.com\/vi\/about-us\/\"><strong>B\u1ed9 l\u1eafp r\u00e1p l\u0103ng k\u00ednh ki\u1ec3u Th\u1ee5y S\u0129<\/strong><\/a> \u0110\u01b0\u1ee3c thi\u1ebft k\u1ebf cho c\u00e1c \u1ee9ng d\u1ee5ng kh\u1ea3o s\u00e1t \u0111\u00f2i h\u1ecfi kh\u1eaft khe. Thi\u1ebft b\u1ecb quang h\u1ecdc ch\u1ea5t l\u01b0\u1ee3ng cao n\u00e0y th\u1ec3 hi\u1ec7n \u0111\u1ed9 ch\u00ednh x\u00e1c v\u00e0 \u0111\u1ed9 tin c\u1eady m\u00e0 c\u00e1c chuy\u00ean gia mong \u0111\u1ee3i t\u1eeb k\u1ef9 thu\u1eadt Th\u1ee5y S\u0129.<\/p>\n<p>L\u0103ng k\u00ednh tr\u00f2n GPR121 k\u00e8m gi\u00e1 \u0111\u1ee1 \u0111\u01b0\u1ee3c trang b\u1ecb l\u0103ng k\u00ednh 64mm cho ph\u00e9p l\u1ef1a ch\u1ecdn \u0111\u1ed9 ch\u00ednh x\u00e1c 2, 3-4 ho\u1eb7c 5-8 gi\u00e2y.<\/p>\n<p><img fetchpriority=\"high\" decoding=\"async\" class=\"aligncenter wp-image-2742\" src=\"https:\/\/mountlaser.com\/wp-content\/uploads\/2025\/10\/GPR121-3.webp\" alt=\"Swiss-style Prism Assembly\" width=\"500\" height=\"500\" srcset=\"https:\/\/mountlaser.com\/wp-content\/uploads\/2025\/10\/GPR121-3.webp 1000w, https:\/\/mountlaser.com\/wp-content\/uploads\/2025\/10\/GPR121-3-300x300.webp 300w, https:\/\/mountlaser.com\/wp-content\/uploads\/2025\/10\/GPR121-3-400x400.webp 400w, https:\/\/mountlaser.com\/wp-content\/uploads\/2025\/10\/GPR121-3-800x800.webp 800w, https:\/\/mountlaser.com\/wp-content\/uploads\/2025\/10\/GPR121-3-600x600.webp 600w, https:\/\/mountlaser.com\/wp-content\/uploads\/2025\/10\/GPR121-3-150x150.webp 150w, https:\/\/mountlaser.com\/wp-content\/uploads\/2025\/10\/GPR121-3-768x768.webp 768w, https:\/\/mountlaser.com\/wp-content\/uploads\/2025\/10\/GPR121-3-12x12.webp 12w\" sizes=\"(max-width: 500px) 100vw, 500px\" \/><\/p>\n<p>C\u1ea5u tr\u00fac kim lo\u1ea1i b\u1ec1n ch\u1eafc: \u0110\u01b0\u1ee3c g\u1eafn trong gi\u00e1 \u0111\u1ee1 kim lo\u1ea1i ch\u1eafc ch\u1eafn v\u1edbi m\u1ee5c ti\u00eau c\u00f3 th\u1ec3 th\u00e1o r\u1eddi \u0111\u1ec3 t\u0103ng t\u00ednh linh ho\u1ea1t.<\/p>\n<p>\u0110\u1ed9 l\u1ec7ch chu\u1ea9n Th\u1ee5y S\u0129 \u0111\u00edch th\u1ef1c: C\u00f3 \u0111\u1ed9 l\u1ec7ch kh\u00f4ng \u0111\u1ed5i 0mm gi\u00fap \u0111\u01a1n gi\u1ea3n h\u00f3a vi\u1ec7c thi\u1ebft l\u1eadp v\u00e0 \u0111o l\u01b0\u1eddng nh\u1ea5t qu\u00e1n.<\/p>\n<p>L\u0103ng k\u00ednh tr\u00f2n GPR121 k\u00e8m gi\u00e1 \u0111\u1ee1. C\u00f3 s\u1eb5n v\u1edbi l\u1edbp ph\u1ee7 \u0111\u1ed3ng ti\u00eau chu\u1ea9n ho\u1eb7c t\u00f9y ch\u1ecdn l\u0103ng k\u00ednh ph\u1ee7 \u0111\u1ed3ng k\u00e9p v\u1edbi l\u1edbp ph\u1ee7 m\u00e0u xanh lam.<\/p>","protected":false},"excerpt":{"rendered":"<ul>\n<li>L\u0103ng k\u00ednh tr\u00f2n GPR121 k\u00e8m gi\u00e1 \u0111\u1ee1 l\u00e0 s\u1ef1 k\u1ebft h\u1ee3p l\u00fd t\u01b0\u1edfng gi\u1eefa \u0111\u1ed9 ch\u00ednh x\u00e1c c\u1ee7a Th\u1ee5y S\u0129 v\u00e0 \u0111\u1ed9 b\u1ec1n ch\u1eafc ch\u1eafn trong \u0111i\u1ec1u ki\u1ec7n l\u00e0m vi\u1ec7c kh\u1eafc nghi\u1ec7t.<\/li>\n<li>B\u1ea3o v\u1ec7 to\u00e0n di\u1ec7n: Bao g\u1ed3m h\u1ed9p \u0111\u1ef1ng b\u1ea3o v\u1ec7 \u0111\u1ec3 c\u1ea5t gi\u1eef v\u00e0 v\u1eadn chuy\u1ec3n an to\u00e0n.<\/li>\n<\/ul>","protected":false},"featured_media":2741,"comment_status":"open","ping_status":"closed","template":"","meta":[],"product_brand":[],"product_cat":[72,103],"product_tag":[],"class_list":{"0":"post-2740","1":"product","2":"type-product","3":"status-publish","4":"has-post-thumbnail","6":"product_cat-reflective-target-prism","7":"product_cat-prism-assembly","9":"first","10":"instock","11":"shipping-taxable","12":"product-type-simple"},"_links":{"self":[{"href":"https:\/\/mountlaser.com\/vi\/wp-json\/wp\/v2\/product\/2740","targetHints":{"allow":["GET"]}}],"collection":[{"href":"https:\/\/mountlaser.com\/vi\/wp-json\/wp\/v2\/product"}],"about":[{"href":"https:\/\/mountlaser.com\/vi\/wp-json\/wp\/v2\/types\/product"}],"replies":[{"embeddable":true,"href":"https:\/\/mountlaser.com\/vi\/wp-json\/wp\/v2\/comments?post=2740"}],"wp:featuredmedia":[{"embeddable":true,"href":"https:\/\/mountlaser.com\/vi\/wp-json\/wp\/v2\/media\/2741"}],"wp:attachment":[{"href":"https:\/\/mountlaser.com\/vi\/wp-json\/wp\/v2\/media?parent=2740"}],"wp:term":[{"taxonomy":"product_brand","embeddable":true,"href":"https:\/\/mountlaser.com\/vi\/wp-json\/wp\/v2\/product_brand?post=2740"},{"taxonomy":"product_cat","embeddable":true,"href":"https:\/\/mountlaser.com\/vi\/wp-json\/wp\/v2\/product_cat?post=2740"},{"taxonomy":"product_tag","embeddable":true,"href":"https:\/\/mountlaser.com\/vi\/wp-json\/wp\/v2\/product_tag?post=2740"}],"curies":[{"name":"trang web","href":"https:\/\/api.w.org\/{rel}","templated":true}]}}