{"id":2732,"date":"2025-10-17T08:45:27","date_gmt":"2025-10-17T08:45:27","guid":{"rendered":"https:\/\/mountlaser.com\/?post_type=product&#038;p=2732"},"modified":"2025-11-28T06:28:34","modified_gmt":"2025-11-28T06:28:34","slug":"gph1-prism-assembly","status":"publish","type":"product","link":"https:\/\/mountlaser.com\/vi\/san-pham\/gph1-prism-assembly\/","title":{"rendered":"B\u1ed9 l\u1eafp r\u00e1p l\u0103ng k\u00ednh GPH1"},"content":{"rendered":"<p>Tr\u1ea3i nghi\u1ec7m ti\u00eau chu\u1ea9n v\u00e0ng v\u1ec1 \u0111\u1ed9 ch\u00ednh x\u00e1c \u0111o l\u01b0\u1eddng v\u1edbi s\u1ea3n ph\u1ea9m c\u1ee7a ch\u00fang t\u00f4i.<a href=\"https:\/\/mountlaser.com\/vi\/\"> <strong>B\u1ed9 l\u1eafp r\u00e1p l\u0103ng k\u00ednh GPH1 cao c\u1ea5p<\/strong><\/a>. L\u0103ng k\u00ednh ki\u1ec3u Th\u1ee5y S\u0129 ch\u1ea5t l\u01b0\u1ee3ng cao n\u00e0y \u0111\u01b0\u1ee3c thi\u1ebft k\u1ebf d\u00e0nh cho c\u00e1c nh\u00e0 kh\u1ea3o s\u00e1t \u0111\u00f2i h\u1ecfi \u0111\u1ed9 tin c\u1eady v\u00e0 \u0111\u1ed9 ch\u00ednh x\u00e1c tuy\u1ec7t \u0111\u1ed1i trong m\u1ecdi d\u1ef1 \u00e1n. \u0110\u01b0\u1ee3c ch\u1ebf t\u00e1c v\u1edbi s\u1ef1 ch\u00fa tr\u1ecdng t\u1ec9 m\u1ec9 \u0111\u1ebfn t\u1eebng chi ti\u1ebft, s\u1ea3n ph\u1ea9m Premium n\u00e0y l\u00e0 s\u1ef1 l\u1ef1a ch\u1ecdn ho\u00e0n h\u1ea3o. <a href=\"https:\/\/mountlaser.com\/vi\/products\/\"><strong>B\u1ed9 l\u1eafp r\u00e1p l\u0103ng k\u00ednh GPH1<\/strong><\/a> Mang l\u1ea1i hi\u1ec7u su\u1ea5t v\u01b0\u1ee3t tr\u1ed9i trong nhi\u1ec1u \u0111i\u1ec1u ki\u1ec7n th\u1ef1c \u0111\u1ecba kh\u00e1c nhau.<\/p>\n<p>&nbsp;<\/p>\n<p><img fetchpriority=\"high\" decoding=\"async\" class=\"aligncenter wp-image-2734\" src=\"https:\/\/mountlaser.com\/wp-content\/uploads\/2025\/10\/GPH1-3.webp\" alt=\"Premium GPH1 Prism Assembly\" width=\"500\" height=\"500\" srcset=\"https:\/\/mountlaser.com\/wp-content\/uploads\/2025\/10\/GPH1-3.webp 1000w, https:\/\/mountlaser.com\/wp-content\/uploads\/2025\/10\/GPH1-3-300x300.webp 300w, https:\/\/mountlaser.com\/wp-content\/uploads\/2025\/10\/GPH1-3-400x400.webp 400w, https:\/\/mountlaser.com\/wp-content\/uploads\/2025\/10\/GPH1-3-800x800.webp 800w, https:\/\/mountlaser.com\/wp-content\/uploads\/2025\/10\/GPH1-3-600x600.webp 600w, https:\/\/mountlaser.com\/wp-content\/uploads\/2025\/10\/GPH1-3-150x150.webp 150w, https:\/\/mountlaser.com\/wp-content\/uploads\/2025\/10\/GPH1-3-768x768.webp 768w, https:\/\/mountlaser.com\/wp-content\/uploads\/2025\/10\/GPH1-3-12x12.webp 12w\" sizes=\"(max-width: 500px) 100vw, 500px\" \/><\/p>\n<p>H\u1ec7 th\u1ed1ng quang h\u1ecdc \u0111\u1ed9 ch\u00ednh x\u00e1c cao: Trang b\u1ecb l\u0103ng k\u00ednh cao c\u1ea5p 64mm v\u1edbi c\u00e1c t\u00f9y ch\u1ecdn \u0111\u1ed9 ch\u00ednh x\u00e1c 2, 3-4 ho\u1eb7c 5-8 gi\u00e2y \u0111\u1ec3 ph\u00f9 h\u1ee3p v\u1edbi y\u00eau c\u1ea7u c\u1ee5 th\u1ec3 c\u1ee7a d\u1ef1 \u00e1n.<\/p>\n<p>Gi\u00e1 \u0111\u1ee1 b\u1eb1ng nylon b\u1ec1n ch\u1eafc: \u0110\u01b0\u1ee3c g\u1eafn ch\u1eafc ch\u1eafn trong gi\u00e1 \u0111\u1ee1 b\u1eb1ng nylon \u0111\u00e0n h\u1ed3i, ch\u1ed1ng va \u0111\u1eadp, mang l\u1ea1i s\u1ef1 b\u1ea3o v\u1ec7 t\u1ed1i \u01b0u v\u00e0 \u0111\u1ed9 b\u1ec1n l\u00e2u d\u00e0i.<\/p>\n<p>\u0110\u1ed9 l\u1ec7ch Th\u1ee5y S\u0129 \u0111\u00edch th\u1ef1c: T\u00edch h\u1ee3p \u0111\u1ed9 l\u1ec7ch Th\u1ee5y S\u0129 kh\u00f4ng \u0111\u1ed5i 0mm, \u0111\u01a1n gi\u1ea3n h\u00f3a vi\u1ec7c thi\u1ebft l\u1eadp v\u00e0 \u0111\u1ea3m b\u1ea3o c\u00e1c \u0111i\u1ec3m tham chi\u1ebfu \u0111o l\u01b0\u1eddng nh\u1ea5t qu\u00e1n, \u0111\u00e1ng tin c\u1eady.<\/p>\n<p>C\u00e1c t\u00f9y ch\u1ecdn l\u1edbp ph\u1ee7 n\u00e2ng cao: C\u00f3 s\u1eb5n l\u1edbp ph\u1ee7 \u0111\u1ed3ng ti\u00eau chu\u1ea9n ho\u1eb7c l\u0103ng k\u00ednh ph\u1ee7 \u0111\u1ed3ng k\u00e9p hi\u1ec7u su\u1ea5t cao t\u00f9y ch\u1ecdn v\u1edbi l\u1edbp ph\u1ee7 m\u00e0u xanh lam \u0111\u1ec3 t\u1ed1i \u0111a h\u00f3a kh\u1ea3 n\u0103ng ph\u1ea3n x\u1ea1 t\u00edn hi\u1ec7u.<\/p>","protected":false},"excerpt":{"rendered":"<ul>\n<li>\u0110\u1ed1i v\u1edbi nh\u1eefng chuy\u00ean gia kh\u00f4ng ch\u1ea5p nh\u1eadn s\u1ef1 th\u1ecfa hi\u1ec7p v\u1ec1 ch\u1ea5t l\u01b0\u1ee3ng, b\u1ed9 d\u1ee5ng c\u1ee5 n\u00e0y l\u00e0 s\u1ef1 l\u1ef1a ch\u1ecdn t\u1ed1i \u01b0u trong l\u0129nh v\u1ef1c thi\u1ebft b\u1ecb \u0111o l\u01b0\u1eddng ch\u00ednh x\u00e1c.<\/li>\n<li>Bao g\u1ed3m h\u1ed9p \u0111\u1ef1ng: S\u1ea3n ph\u1ea9m \u0111i k\u00e8m h\u1ed9p \u0111\u1ef1ng b\u1ea3o v\u1ec7 \u0111\u1ec3 c\u1ea5t gi\u1eef an to\u00e0n v\u00e0 d\u1ec5 d\u00e0ng v\u1eadn chuy\u1ec3n, b\u1ea3o v\u1ec7 kho\u1ea3n \u0111\u1ea7u t\u01b0 c\u1ee7a b\u1ea1n.<\/li>\n<\/ul>","protected":false},"featured_media":2735,"comment_status":"open","ping_status":"closed","template":"","meta":[],"product_brand":[],"product_cat":[72,103],"product_tag":[],"class_list":{"0":"post-2732","1":"product","2":"type-product","3":"status-publish","4":"has-post-thumbnail","6":"product_cat-reflective-target-prism","7":"product_cat-prism-assembly","9":"first","10":"instock","11":"shipping-taxable","12":"product-type-simple"},"_links":{"self":[{"href":"https:\/\/mountlaser.com\/vi\/wp-json\/wp\/v2\/product\/2732","targetHints":{"allow":["GET"]}}],"collection":[{"href":"https:\/\/mountlaser.com\/vi\/wp-json\/wp\/v2\/product"}],"about":[{"href":"https:\/\/mountlaser.com\/vi\/wp-json\/wp\/v2\/types\/product"}],"replies":[{"embeddable":true,"href":"https:\/\/mountlaser.com\/vi\/wp-json\/wp\/v2\/comments?post=2732"}],"wp:featuredmedia":[{"embeddable":true,"href":"https:\/\/mountlaser.com\/vi\/wp-json\/wp\/v2\/media\/2735"}],"wp:attachment":[{"href":"https:\/\/mountlaser.com\/vi\/wp-json\/wp\/v2\/media?parent=2732"}],"wp:term":[{"taxonomy":"product_brand","embeddable":true,"href":"https:\/\/mountlaser.com\/vi\/wp-json\/wp\/v2\/product_brand?post=2732"},{"taxonomy":"product_cat","embeddable":true,"href":"https:\/\/mountlaser.com\/vi\/wp-json\/wp\/v2\/product_cat?post=2732"},{"taxonomy":"product_tag","embeddable":true,"href":"https:\/\/mountlaser.com\/vi\/wp-json\/wp\/v2\/product_tag?post=2732"}],"curies":[{"name":"trang web","href":"https:\/\/api.w.org\/{rel}","templated":true}]}}