{"id":2723,"date":"2025-10-17T08:28:57","date_gmt":"2025-10-17T08:28:57","guid":{"rendered":"https:\/\/mountlaser.com\/?post_type=product&#038;p=2723"},"modified":"2025-11-28T06:30:31","modified_gmt":"2025-11-28T06:30:31","slug":"gpr111-red-single-prism-assembly","status":"publish","type":"product","link":"https:\/\/mountlaser.com\/vi\/san-pham\/gpr111-red-single-prism-assembly\/","title":{"rendered":"B\u1ed9 l\u1eafp r\u00e1p l\u0103ng k\u00ednh \u0111\u01a1n m\u00e0u \u0111\u1ecf GPR111"},"content":{"rendered":"<p>G\u1eb7p g\u1ee1 <a href=\"https:\/\/mountlaser.com\/vi\/\"><strong>L\u0103ng k\u00ednh tr\u00f2n GPR111 k\u00e8m gi\u00e1 \u0111\u1ee1<\/strong><\/a>, \u0110\u00e2y l\u00e0 m\u1ed9t b\u1ed9 l\u0103ng k\u00ednh ki\u1ec3u Th\u1ee5y S\u0129 cao c\u1ea5p \u0111\u01b0\u1ee3c thi\u1ebft k\u1ebf d\u00e0nh cho c\u00e1c nh\u00e0 kh\u1ea3o s\u00e1t y\u00eau c\u1ea7u hi\u1ec7u su\u1ea5t \u0111\u00e1ng tin c\u1eady v\u00e0 ch\u1ee9c n\u0103ng \u0111\u01a1n gi\u1ea3n. B\u1ed9 l\u0103ng k\u00ednh m\u1ea1nh m\u1ebd n\u00e0y r\u1ea5t ch\u1eafc ch\u1eafn. <a href=\"https:\/\/mountlaser.com\/vi\/about-us\/\"><strong>B\u1ed9 l\u1eafp r\u00e1p l\u0103ng k\u00ednh \u0111\u01a1n m\u00e0u \u0111\u1ecf GPR111<\/strong> <\/a>S\u1ea3n ph\u1ea9m n\u00e0y mang l\u1ea1i \u0111\u1ed9 ch\u00ednh x\u00e1c v\u00e0 \u0111\u1ed9 b\u1ec1n c\u1ea7n thi\u1ebft cho c\u00e1c c\u00f4ng vi\u1ec7c kh\u1ea3o s\u00e1t h\u00e0ng ng\u00e0y, tr\u1edf th\u00e0nh l\u1ef1a ch\u1ecdn \u0111\u00e1ng tin c\u1eady cho nhi\u1ec1u d\u1ef1 \u00e1n kh\u00e1c nhau.<\/p>\n<p><img fetchpriority=\"high\" decoding=\"async\" class=\"aligncenter wp-image-2726\" src=\"https:\/\/mountlaser.com\/wp-content\/uploads\/2025\/10\/GPR111-3.webp\" alt=\"GPR111 Circular Prism with Holder\" width=\"500\" height=\"500\" srcset=\"https:\/\/mountlaser.com\/wp-content\/uploads\/2025\/10\/GPR111-3.webp 1000w, https:\/\/mountlaser.com\/wp-content\/uploads\/2025\/10\/GPR111-3-300x300.webp 300w, https:\/\/mountlaser.com\/wp-content\/uploads\/2025\/10\/GPR111-3-400x400.webp 400w, https:\/\/mountlaser.com\/wp-content\/uploads\/2025\/10\/GPR111-3-800x800.webp 800w, https:\/\/mountlaser.com\/wp-content\/uploads\/2025\/10\/GPR111-3-600x600.webp 600w, https:\/\/mountlaser.com\/wp-content\/uploads\/2025\/10\/GPR111-3-150x150.webp 150w, https:\/\/mountlaser.com\/wp-content\/uploads\/2025\/10\/GPR111-3-768x768.webp 768w, https:\/\/mountlaser.com\/wp-content\/uploads\/2025\/10\/GPR111-3-12x12.webp 12w\" sizes=\"(max-width: 500px) 100vw, 500px\" \/><\/p>\n<p><a href=\"https:\/\/mountlaser.com\/vi\/contact-us\/\">L\u0103ng k\u00ednh tr\u00f2n GPR111 k\u00e8m gi\u00e1 \u0111\u1ee1<\/a> S\u1ea3n ph\u1ea9m s\u1edf h\u1eefu l\u0103ng k\u00ednh ch\u1ea5t l\u01b0\u1ee3ng cao 64mm, mang \u0111\u1ebfn s\u1ef1 linh ho\u1ea1t v\u1edbi nhi\u1ec1u l\u1ef1a ch\u1ecdn \u0111\u1ed9 ch\u00ednh x\u00e1c 2, 3-4 ho\u1eb7c 5-8 gi\u00e2y \u0111\u1ec3 ph\u00f9 h\u1ee3p v\u1edbi c\u00e1c y\u00eau c\u1ea7u d\u1ef1 \u00e1n kh\u00e1c nhau.<\/p>\n<p>L\u0103ng k\u00ednh \u0111\u01b0\u1ee3c g\u1eafn ch\u1eafc ch\u1eafn trong m\u1ed9t gi\u00e1 \u0111\u1ee1 b\u1eb1ng nylon b\u1ec1n b\u1ec9, cung c\u1ea5p kh\u1ea3 n\u0103ng b\u1ea3o v\u1ec7 tuy\u1ec7t v\u1eddi ch\u1ed1ng l\u1ea1i c\u00e1c va \u0111\u1eadp v\u00e0 x\u1eed l\u00fd th\u00f4 b\u1ea1o, \u0111\u1ed3ng th\u1eddi gi\u1eef cho to\u00e0n b\u1ed9 c\u1ee5m linh ki\u1ec7n c\u00f3 tr\u1ecdng l\u01b0\u1ee3ng nh\u1eb9.<\/p>\n<p>\u0110\u01b0\u1ee3c thi\u1ebft k\u1ebf v\u1edbi \u0111\u1ed9 l\u1ec7ch kh\u00f4ng \u0111\u1ed5i 0mm (\u0111\u1ed9 l\u1ec7ch ki\u1ec3u Th\u1ee5y S\u0129), gi\u00fap \u0111\u01a1n gi\u1ea3n h\u00f3a vi\u1ec7c thi\u1ebft l\u1eadp v\u00e0 \u0111\u1ea3m b\u1ea3o c\u00e1c \u0111i\u1ec3m tham chi\u1ebfu \u0111o l\u01b0\u1eddng nh\u1ea5t qu\u00e1n.<\/p>","protected":false},"excerpt":{"rendered":"<ul>\n<li>C\u00f3 s\u1eb5n v\u1edbi l\u0103ng k\u00ednh m\u1ea1 \u0111\u1ed3ng ti\u00eau chu\u1ea9n ho\u1eb7c l\u0103ng k\u00ednh m\u1ea1 \u0111\u1ed3ng k\u00e9p hi\u1ec7u su\u1ea5t cao t\u00f9y ch\u1ecdn v\u1edbi l\u1edbp ph\u1ee7 m\u00e0u xanh lam \u0111\u1ec3 thu t\u00edn hi\u1ec7u t\u1ed1t h\u01a1n.<\/li>\n<li>Bao g\u1ed3m h\u1ed9p \u0111\u1ef1ng b\u1ea3o v\u1ec7 \u0111\u1ec3 c\u1ea5t gi\u1eef v\u00e0 v\u1eadn chuy\u1ec3n m\u1ed9t c\u00e1ch ti\u1ec7n l\u1ee3i v\u00e0 an to\u00e0n.<\/li>\n<\/ul>","protected":false},"featured_media":2727,"comment_status":"open","ping_status":"closed","template":"","meta":[],"product_brand":[],"product_cat":[72,103],"product_tag":[],"class_list":{"0":"post-2723","1":"product","2":"type-product","3":"status-publish","4":"has-post-thumbnail","6":"product_cat-reflective-target-prism","7":"product_cat-prism-assembly","9":"first","10":"instock","11":"shipping-taxable","12":"product-type-simple"},"_links":{"self":[{"href":"https:\/\/mountlaser.com\/vi\/wp-json\/wp\/v2\/product\/2723","targetHints":{"allow":["GET"]}}],"collection":[{"href":"https:\/\/mountlaser.com\/vi\/wp-json\/wp\/v2\/product"}],"about":[{"href":"https:\/\/mountlaser.com\/vi\/wp-json\/wp\/v2\/types\/product"}],"replies":[{"embeddable":true,"href":"https:\/\/mountlaser.com\/vi\/wp-json\/wp\/v2\/comments?post=2723"}],"wp:featuredmedia":[{"embeddable":true,"href":"https:\/\/mountlaser.com\/vi\/wp-json\/wp\/v2\/media\/2727"}],"wp:attachment":[{"href":"https:\/\/mountlaser.com\/vi\/wp-json\/wp\/v2\/media?parent=2723"}],"wp:term":[{"taxonomy":"product_brand","embeddable":true,"href":"https:\/\/mountlaser.com\/vi\/wp-json\/wp\/v2\/product_brand?post=2723"},{"taxonomy":"product_cat","embeddable":true,"href":"https:\/\/mountlaser.com\/vi\/wp-json\/wp\/v2\/product_cat?post=2723"},{"taxonomy":"product_tag","embeddable":true,"href":"https:\/\/mountlaser.com\/vi\/wp-json\/wp\/v2\/product_tag?post=2723"}],"curies":[{"name":"trang web","href":"https:\/\/api.w.org\/{rel}","templated":true}]}}