{"id":2714,"date":"2025-10-17T08:12:34","date_gmt":"2025-10-17T08:12:34","guid":{"rendered":"https:\/\/mountlaser.com\/?post_type=product&#038;p=2714"},"modified":"2025-11-28T06:31:36","modified_gmt":"2025-11-28T06:31:36","slug":"gph3-triple-prism-assembly","status":"publish","type":"product","link":"https:\/\/mountlaser.com\/vi\/san-pham\/gph3-triple-prism-assembly\/","title":{"rendered":"B\u1ed9 l\u1eafp r\u00e1p l\u0103ng k\u00ednh ba l\u1edbp GPH3"},"content":{"rendered":"<p>Tr\u1ea3i nghi\u1ec7m \u0111\u1ec9nh cao c\u1ee7a k\u1ef9 thu\u1eadt quang h\u1ecdc v\u1edbi... <a href=\"https:\/\/mountlaser.com\/vi\/\"><strong>B\u1ed9 l\u1eafp r\u00e1p l\u0103ng k\u00ednh ba l\u1edbp GPH3<\/strong><\/a>, m\u1ed9t kho\u1ea3n ph\u00ed b\u1ea3o hi\u1ec3m <a href=\"https:\/\/mountlaser.com\/vi\/about-us\/\"><strong>B\u1ed9 l\u1eafp r\u00e1p l\u0103ng k\u00ednh ba l\u1edbp ki\u1ec3u Th\u1ee5y S\u0129<\/strong> <\/a>N\u1ed5i ti\u1ebfng v\u1edbi \u0111\u1ed9 ch\u00ednh x\u00e1c v\u01b0\u1ee3t tr\u1ed9i v\u00e0 c\u1ea5u tr\u00fac ch\u1eafc ch\u1eafn.<\/p>\n<p><img fetchpriority=\"high\" decoding=\"async\" class=\"aligncenter wp-image-2716\" src=\"https:\/\/mountlaser.com\/wp-content\/uploads\/2025\/10\/GPH3-2.webp\" alt=\"Swiss-Style Triple Prism Assembly\" width=\"500\" height=\"500\" srcset=\"https:\/\/mountlaser.com\/wp-content\/uploads\/2025\/10\/GPH3-2.webp 1000w, https:\/\/mountlaser.com\/wp-content\/uploads\/2025\/10\/GPH3-2-300x300.webp 300w, https:\/\/mountlaser.com\/wp-content\/uploads\/2025\/10\/GPH3-2-400x400.webp 400w, https:\/\/mountlaser.com\/wp-content\/uploads\/2025\/10\/GPH3-2-800x800.webp 800w, https:\/\/mountlaser.com\/wp-content\/uploads\/2025\/10\/GPH3-2-600x600.webp 600w, https:\/\/mountlaser.com\/wp-content\/uploads\/2025\/10\/GPH3-2-150x150.webp 150w, https:\/\/mountlaser.com\/wp-content\/uploads\/2025\/10\/GPH3-2-768x768.webp 768w, https:\/\/mountlaser.com\/wp-content\/uploads\/2025\/10\/GPH3-2-12x12.webp 12w\" sizes=\"(max-width: 500px) 100vw, 500px\" \/><\/p>\n<p>T\u00f9y ch\u1ecdn \u0111\u1ed9 ch\u00ednh x\u00e1c v\u01b0\u1ee3t tr\u1ed9i: \u0110\u01b0\u1ee3c trang b\u1ecb ba l\u0103ng k\u00ednh 64mm \u0111\u1ed9 ch\u00ednh x\u00e1c cao, s\u1ea3n ph\u1ea9m mang \u0111\u1ebfn s\u1ef1 linh ho\u1ea1t ch\u01b0a t\u1eebng c\u00f3 v\u1edbi c\u00e1c t\u00f9y ch\u1ecdn \u0111\u1ed9 ch\u00ednh x\u00e1c 2, 3-4 ho\u1eb7c 5-8 gi\u00e2y \u0111\u1ec3 \u0111\u00e1p \u1ee9ng y\u00eau c\u1ea7u c\u1ee7a m\u1ecdi d\u1ef1 \u00e1n.<\/p>\n<p>Khung g\u1eafn b\u1ec1n ch\u1eafc v\u00e0 \u1ed5n \u0111\u1ecbnh: C\u00e1c l\u0103ng k\u00ednh \u0111\u01b0\u1ee3c g\u1eafn ch\u1eafc ch\u1eafn trong gi\u00e1 \u0111\u1ee1 b\u1eb1ng nylon ch\u1eafc ch\u1eafn, mang l\u1ea1i kh\u1ea3 n\u0103ng ch\u1ed1ng va \u0111\u1eadp tuy\u1ec7t v\u1eddi v\u00e0 \u0111\u1ed9 \u1ed5n \u0111\u1ecbnh l\u00e2u d\u00e0i.<\/p>\n<p>\u0110\u1ed9 l\u1ec7ch chu\u1ea9n Th\u1ee5y S\u0129 \u0111\u00edch th\u1ef1c: C\u00f3 \u0111\u1ed9 l\u1ec7ch kh\u00f4ng \u0111\u1ed5i 0mm (\u0111\u1ed9 l\u1ec7ch \u0111\u1eb7c tr\u01b0ng c\u1ee7a Th\u1ee5y S\u0129), gi\u00fap \u0111\u01a1n gi\u1ea3n h\u00f3a c\u00e1c ph\u00e9p t\u00ednh v\u00e0 t\u0103ng c\u01b0\u1eddng t\u00ednh nh\u1ea5t qu\u00e1n trong \u0111o l\u01b0\u1eddng.<\/p>\n<p>L\u1edbp ph\u1ee7 l\u0103ng k\u00ednh ti\u00ean ti\u1ebfn: Bao g\u1ed3m l\u0103ng k\u00ednh ph\u1ee7 \u0111\u1ed3ng ti\u00eau chu\u1ea9n, c\u00f9ng t\u00f9y ch\u1ecdn l\u0103ng k\u00ednh ph\u1ee7 \u0111\u1ed3ng k\u00e9p hi\u1ec7u su\u1ea5t cao v\u1edbi l\u1edbp ph\u1ee7 m\u00e0u xanh lam \u0111\u1ec3 t\u1ed1i \u01b0u h\u00f3a kh\u1ea3 n\u0103ng thu t\u00edn hi\u1ec7u trong nhi\u1ec1u \u0111i\u1ec1u ki\u1ec7n kh\u00e1c nhau.<\/p>\n<p>B\u1ea3o v\u1ec7 to\u00e0n di\u1ec7n: M\u1ed7i s\u1ea3n ph\u1ea9m \u0111\u1ec1u \u0111i k\u00e8m v\u1edbi h\u1ed9p \u0111\u1ef1ng b\u1ec1n ch\u1eafc, \u0111\u1ea3m b\u1ea3o kho\u1ea3n \u0111\u1ea7u t\u01b0 c\u1ee7a b\u1ea1n \u0111\u01b0\u1ee3c b\u1ea3o v\u1ec7 trong qu\u00e1 tr\u00ecnh v\u1eadn chuy\u1ec3n v\u00e0 l\u01b0u tr\u1eef.<\/p>","protected":false},"excerpt":{"rendered":"<ul>\n<li>GPH3 \u0111\u1ea1i di\u1ec7n cho ti\u00eau chu\u1ea9n v\u00e0ng c\u1ee7a c\u1ee5m l\u0103ng k\u00ednh ba l\u1edbp ki\u1ec3u Th\u1ee5y S\u0129, k\u1ebft h\u1ee3p \u0111\u1ed9 ch\u00ednh x\u00e1c v\u01b0\u1ee3t tr\u1ed9i.<\/li>\n<li>\u0110\u00e2y l\u00e0 s\u1ef1 l\u1ef1a ch\u1ecdn t\u1ed1i \u01b0u cho c\u00e1c d\u1ef1 \u00e1n kh\u1ea3o s\u00e1t \u0111\u1ecba h\u00ecnh c\u00f3 t\u00ednh r\u1ee7i ro cao.<\/li>\n<li>gi\u00e1m s\u00e1t bi\u1ebfn d\u1ea1ng v\u00e0 k\u1ef9 thu\u1eadt ch\u00ednh x\u00e1c, n\u01a1i \u0111\u1ed9 tin c\u1eady d\u1eef li\u1ec7u cao nh\u1ea5t l\u00e0 \u0111i\u1ec1u kh\u00f4ng th\u1ec3 thi\u1ebfu.<\/li>\n<\/ul>","protected":false},"featured_media":2715,"comment_status":"open","ping_status":"closed","template":"","meta":[],"product_brand":[],"product_cat":[72,103],"product_tag":[],"class_list":{"0":"post-2714","1":"product","2":"type-product","3":"status-publish","4":"has-post-thumbnail","6":"product_cat-reflective-target-prism","7":"product_cat-prism-assembly","9":"first","10":"instock","11":"shipping-taxable","12":"product-type-simple"},"_links":{"self":[{"href":"https:\/\/mountlaser.com\/vi\/wp-json\/wp\/v2\/product\/2714","targetHints":{"allow":["GET"]}}],"collection":[{"href":"https:\/\/mountlaser.com\/vi\/wp-json\/wp\/v2\/product"}],"about":[{"href":"https:\/\/mountlaser.com\/vi\/wp-json\/wp\/v2\/types\/product"}],"replies":[{"embeddable":true,"href":"https:\/\/mountlaser.com\/vi\/wp-json\/wp\/v2\/comments?post=2714"}],"wp:featuredmedia":[{"embeddable":true,"href":"https:\/\/mountlaser.com\/vi\/wp-json\/wp\/v2\/media\/2715"}],"wp:attachment":[{"href":"https:\/\/mountlaser.com\/vi\/wp-json\/wp\/v2\/media?parent=2714"}],"wp:term":[{"taxonomy":"product_brand","embeddable":true,"href":"https:\/\/mountlaser.com\/vi\/wp-json\/wp\/v2\/product_brand?post=2714"},{"taxonomy":"product_cat","embeddable":true,"href":"https:\/\/mountlaser.com\/vi\/wp-json\/wp\/v2\/product_cat?post=2714"},{"taxonomy":"product_tag","embeddable":true,"href":"https:\/\/mountlaser.com\/vi\/wp-json\/wp\/v2\/product_tag?post=2714"}],"curies":[{"name":"trang web","href":"https:\/\/api.w.org\/{rel}","templated":true}]}}