{"id":2706,"date":"2025-10-17T07:31:39","date_gmt":"2025-10-17T07:31:39","guid":{"rendered":"https:\/\/mountlaser.com\/?post_type=product&#038;p=2706"},"modified":"2025-11-28T06:32:37","modified_gmt":"2025-11-28T06:32:37","slug":"z14trb-american-style-prism-assembly","status":"publish","type":"product","link":"https:\/\/mountlaser.com\/vi\/san-pham\/z14trb-american-style-prism-assembly\/","title":{"rendered":"B\u1ed9 l\u1eafp r\u00e1p l\u0103ng k\u00ednh ki\u1ec3u M\u1ef9 Z14TRB"},"content":{"rendered":"<p><a href=\"https:\/\/mountlaser.com\/vi\/\"><strong>B\u1ed9 l\u1eafp r\u00e1p l\u0103ng k\u00ednh ki\u1ec3u M\u1ef9 Z14TRB<\/strong><\/a>: C\u00e1i <a href=\"https:\/\/mountlaser.com\/vi\/products\/\"><strong>L\u0103ng k\u00ednh m\u1ee5c ti\u00eau l\u1edbn \u0111\u1ed9 ch\u00ednh x\u00e1c cao<\/strong><\/a><\/p>\n<p>\u0110\u01b0\u1ee3c thi\u1ebft k\u1ebf d\u00e0nh cho c\u00e1c nh\u00e0 kh\u1ea3o s\u00e1t \u0111\u00f2i h\u1ecfi hi\u1ec7u su\u1ea5t v\u01b0\u1ee3t tr\u1ed9i, c\u1ee5m l\u0103ng k\u00ednh ki\u1ec3u M\u1ef9 Z14TRB l\u00e0 m\u1ed9t trong nh\u1eefng lo\u1ea1i l\u0103ng k\u00ednh m\u1ee5c ti\u00eau l\u1edbn c\u00f3 \u0111\u1ed9 ch\u00ednh x\u00e1c cao h\u00e0ng \u0111\u1ea7u.<br \/>\nChi\u1ebfc h\u1ed9p ho\u00e0n to\u00e0n b\u1eb1ng kim lo\u1ea1i n\u00e0y, \u0111\u01b0\u1ee3c gia c\u00f4ng ch\u00ednh x\u00e1c b\u1eb1ng m\u00e1y CNC \u0111\u1ec3 \u0111\u1ea3m b\u1ea3o c\u1ea5u tr\u00fac ho\u00e0n h\u1ea3o, \u0111\u01b0\u1ee3c ch\u1ebf t\u1ea1o \u0111\u1ec3 cung c\u1ea5p d\u1eef li\u1ec7u \u0111\u00e1ng tin c\u1eady trong nh\u1eefng \u0111i\u1ec1u ki\u1ec7n kh\u1eafc nghi\u1ec7t nh\u1ea5t.<\/p>\n<p><img fetchpriority=\"high\" decoding=\"async\" class=\"aligncenter wp-image-2708\" src=\"https:\/\/mountlaser.com\/wp-content\/uploads\/2025\/10\/Z14TRB-2.webp\" alt=\"High Accuracy Large Target Prism\" width=\"500\" height=\"500\" srcset=\"https:\/\/mountlaser.com\/wp-content\/uploads\/2025\/10\/Z14TRB-2.webp 1000w, https:\/\/mountlaser.com\/wp-content\/uploads\/2025\/10\/Z14TRB-2-300x300.webp 300w, https:\/\/mountlaser.com\/wp-content\/uploads\/2025\/10\/Z14TRB-2-400x400.webp 400w, https:\/\/mountlaser.com\/wp-content\/uploads\/2025\/10\/Z14TRB-2-800x800.webp 800w, https:\/\/mountlaser.com\/wp-content\/uploads\/2025\/10\/Z14TRB-2-600x600.webp 600w, https:\/\/mountlaser.com\/wp-content\/uploads\/2025\/10\/Z14TRB-2-150x150.webp 150w, https:\/\/mountlaser.com\/wp-content\/uploads\/2025\/10\/Z14TRB-2-768x768.webp 768w, https:\/\/mountlaser.com\/wp-content\/uploads\/2025\/10\/Z14TRB-2-12x12.webp 12w\" sizes=\"(max-width: 500px) 100vw, 500px\" \/><\/p>\n<p>S\u1ea3n ph\u1ea9m c\u00f3 l\u0103ng k\u00ednh l\u1edbn 48mm m\u1ea1 b\u1ea1c, cho kh\u1ea3 n\u0103ng ph\u1ea3n x\u1ea1 t\u00edn hi\u1ec7u v\u01b0\u1ee3t tr\u1ed9i v\u00e0 \u0111\u1ed9 ch\u00ednh x\u00e1c t\u00f9y ch\u1ecdn 2 ho\u1eb7c 3-4 gi\u00e2y.<\/p>\n<p>\u0110\u01b0\u1ee3c trang b\u1ecb b\u1ed9 chuy\u1ec3n \u0111\u1ed5i ren trong 5\/8\u2033-11 b\u1eb1ng th\u00e9p kh\u00f4ng g\u1ec9, \u0111\u1ea3m b\u1ea3o kh\u1edbp n\u1ed1i ch\u1eafc ch\u1eafn v\u1edbi b\u1ea5t k\u1ef3 tr\u1ee5 l\u0103ng k\u00ednh ho\u1eb7c b\u1ed9 chuy\u1ec3n \u0111\u1ed5i ti\u00eau chu\u1ea9n n\u00e0o.<\/p>\n<p>\u0110\u01b0\u1ee3c thi\u1ebft k\u1ebf v\u1edbi \u0111\u1ed9 l\u1ec7ch -35mm v\u00e0 chi\u1ec1u cao tr\u1ee5c nghi\u00eang 135mm \u0111\u1ec3 \u0111\u1ecbnh v\u1ecb linh ho\u1ea1t trong c\u00e1c t\u00ecnh hu\u1ed1ng kh\u1ea3o s\u00e1t ph\u1ee9c t\u1ea1p.<\/p>","protected":false},"excerpt":{"rendered":"<ul>\n<li>B\u1ed9 l\u0103ng k\u00ednh ki\u1ec3u M\u1ef9 Z14TRB c\u00f3 m\u1ee5c ti\u00eau l\u1edbn v\u00e0 l\u0103ng k\u00ednh ph\u1ee7 b\u1ea1c \u0111\u1ea3m b\u1ea3o c\u00e1c ph\u00e9p \u0111o nh\u1ea5t qu\u00e1n, ch\u1ea5t l\u01b0\u1ee3ng cao.<\/li>\n<li>Bao g\u1ed3m m\u1ed9t t\u00fai \u0111\u1ef1ng ti\u1ec7n d\u1ee5ng \u0111\u1ec3 v\u1eadn chuy\u1ec3n v\u00e0 b\u1ea3o qu\u1ea3n an to\u00e0n.<\/li>\n<\/ul>","protected":false},"featured_media":2711,"comment_status":"open","ping_status":"closed","template":"","meta":[],"product_brand":[],"product_cat":[72,103],"product_tag":[],"class_list":{"0":"post-2706","1":"product","2":"type-product","3":"status-publish","4":"has-post-thumbnail","6":"product_cat-reflective-target-prism","7":"product_cat-prism-assembly","9":"first","10":"instock","11":"shipping-taxable","12":"product-type-simple"},"_links":{"self":[{"href":"https:\/\/mountlaser.com\/vi\/wp-json\/wp\/v2\/product\/2706","targetHints":{"allow":["GET"]}}],"collection":[{"href":"https:\/\/mountlaser.com\/vi\/wp-json\/wp\/v2\/product"}],"about":[{"href":"https:\/\/mountlaser.com\/vi\/wp-json\/wp\/v2\/types\/product"}],"replies":[{"embeddable":true,"href":"https:\/\/mountlaser.com\/vi\/wp-json\/wp\/v2\/comments?post=2706"}],"wp:featuredmedia":[{"embeddable":true,"href":"https:\/\/mountlaser.com\/vi\/wp-json\/wp\/v2\/media\/2711"}],"wp:attachment":[{"href":"https:\/\/mountlaser.com\/vi\/wp-json\/wp\/v2\/media?parent=2706"}],"wp:term":[{"taxonomy":"product_brand","embeddable":true,"href":"https:\/\/mountlaser.com\/vi\/wp-json\/wp\/v2\/product_brand?post=2706"},{"taxonomy":"product_cat","embeddable":true,"href":"https:\/\/mountlaser.com\/vi\/wp-json\/wp\/v2\/product_cat?post=2706"},{"taxonomy":"product_tag","embeddable":true,"href":"https:\/\/mountlaser.com\/vi\/wp-json\/wp\/v2\/product_tag?post=2706"}],"curies":[{"name":"trang web","href":"https:\/\/api.w.org\/{rel}","templated":true}]}}