{"id":2699,"date":"2025-10-17T07:21:28","date_gmt":"2025-10-17T07:21:28","guid":{"rendered":"https:\/\/mountlaser.com\/?post_type=product&#038;p=2699"},"modified":"2025-11-28T06:38:19","modified_gmt":"2025-11-28T06:38:19","slug":"c34b-triple-prism-assembly","status":"publish","type":"product","link":"https:\/\/mountlaser.com\/vi\/san-pham\/c34b-triple-prism-assembly\/","title":{"rendered":"B\u1ed9 l\u1eafp r\u00e1p l\u0103ng k\u00ednh ba l\u1edbp C34B"},"content":{"rendered":"<p>Hai m\u00f4 h\u00ecnh \u0111\u01b0\u1ee3c m\u00e3 h\u00f3a m\u00e0u s\u1eafc ri\u00eang bi\u1ec7t \u0111\u1ec3 d\u1ec5 d\u00e0ng nh\u1eadn bi\u1ebft v\u00e0 qu\u1ea3n l\u00fd d\u1ef1 \u00e1n:<a href=\"https:\/\/mountlaser.com\/vi\/\"><strong> B\u1ed9 l\u1eafp r\u00e1p l\u0103ng k\u00ednh ba l\u1edbp C34B-YY<\/strong><\/a> (V\u00e0ng-V\u00e0ng) v\u00e0 c\u1ee5m l\u0103ng k\u00ednh ba l\u1edbp C34B-RR (\u0110\u1ecf-\u0110\u1ecf), \u0111\u1ea3m b\u1ea3o b\u1ea1n c\u00f3 c\u00f4ng c\u1ee5 ph\u00f9 h\u1ee3p v\u1edbi quy tr\u00ecnh l\u00e0m vi\u1ec7c v\u00e0 y\u00eau c\u1ea7u c\u1ee5 th\u1ec3 c\u1ee7a nh\u00f3m.<\/p>\n<p><a href=\"https:\/\/mountlaser.com\/vi\/products\/\"><strong>B\u1ed9 l\u1eafp r\u00e1p l\u0103ng k\u00ednh ba l\u1edbp C34B<\/strong><\/a> \u0110\u01b0\u1ee3c trang b\u1ecb ba l\u0103ng k\u00ednh 64mm ch\u1ea5t l\u01b0\u1ee3ng cao, b\u1ed9 ph\u1eadn n\u00e0y \u0111\u1ea3m b\u1ea3o t\u00edn hi\u1ec7u ph\u1ea3n h\u1ed3i \u0111\u00e1ng tin c\u1eady v\u00e0 \u0111\u1ed9 nh\u1ea5t qu\u00e1n \u0111o l\u01b0\u1eddng v\u01b0\u1ee3t tr\u1ed9i. N\u00f3 cung c\u1ea5p t\u00f9y ch\u1ecdn \u0111\u1ed9 ch\u00ednh x\u00e1c 2 ho\u1eb7c 3-4 gi\u00e2y, cho ph\u00e9p c\u00e1c chuy\u00ean gia l\u1ef1a ch\u1ecdn m\u00f4 h\u00ecnh l\u00fd t\u01b0\u1edfng d\u1ef1a tr\u00ean y\u00eau c\u1ea7u \u0111\u1ed9 ch\u00ednh x\u00e1c c\u1ee7a d\u1ef1 \u00e1n.<\/p>\n<p><img fetchpriority=\"high\" decoding=\"async\" class=\"wp-image-2704 aligncenter\" src=\"https:\/\/mountlaser.com\/wp-content\/uploads\/2025\/10\/C34B-RR-2.webp\" alt=\"C34B Triple Prism Assembly\" width=\"500\" height=\"500\" srcset=\"https:\/\/mountlaser.com\/wp-content\/uploads\/2025\/10\/C34B-RR-2.webp 1000w, https:\/\/mountlaser.com\/wp-content\/uploads\/2025\/10\/C34B-RR-2-300x300.webp 300w, https:\/\/mountlaser.com\/wp-content\/uploads\/2025\/10\/C34B-RR-2-400x400.webp 400w, https:\/\/mountlaser.com\/wp-content\/uploads\/2025\/10\/C34B-RR-2-800x800.webp 800w, https:\/\/mountlaser.com\/wp-content\/uploads\/2025\/10\/C34B-RR-2-600x600.webp 600w, https:\/\/mountlaser.com\/wp-content\/uploads\/2025\/10\/C34B-RR-2-150x150.webp 150w, https:\/\/mountlaser.com\/wp-content\/uploads\/2025\/10\/C34B-RR-2-768x768.webp 768w, https:\/\/mountlaser.com\/wp-content\/uploads\/2025\/10\/C34B-RR-2-12x12.webp 12w\" sizes=\"(max-width: 500px) 100vw, 500px\" \/><\/p>\n<p>Kh\u1ea3 n\u0103ng t\u01b0\u01a1ng th\u00edch ph\u1ed5 qu\u00e1t: B\u1ed9 chuy\u1ec3n \u0111\u1ed5i ren trong 5\/8\u2033-11 b\u1eb1ng th\u00e9p kh\u00f4ng g\u1ec9 t\u00edch h\u1ee3p \u0111\u1ea3m b\u1ea3o s\u1ef1 v\u1eeba kh\u00edt v\u00e0 ph\u1ed5 qu\u00e1t v\u1edbi b\u1ea5t k\u1ef3 c\u1ed9t l\u0103ng k\u00ednh ho\u1eb7c b\u1ed9 chuy\u1ec3n \u0111\u1ed5i 5\/8\u2033-11 ti\u00eau chu\u1ea9n n\u00e0o, mang l\u1ea1i s\u1ef1 t\u00edch h\u1ee3p li\u1ec1n m\u1ea1ch v\u1edbi thi\u1ebft b\u1ecb kh\u1ea3o s\u00e1t hi\u1ec7n c\u00f3 c\u1ee7a b\u1ea1n.<\/p>\n<p>C\u1ea5u h\u00ecnh linh ho\u1ea1t: V\u1edbi chi\u1ec1u cao tr\u1ee5c nghi\u00eang 100mm v\u00e0 t\u00f9y ch\u1ecdn \u0111\u1ed9 l\u1ec7ch 0mm ho\u1eb7c -30mm, c\u1ee5m l\u0103ng k\u00ednh ba l\u1edbp C34B mang \u0111\u1ebfn kh\u1ea3 n\u0103ng th\u00edch \u1ee9ng c\u1ea7n thi\u1ebft \u0111\u1ec3 gi\u1ea3i quy\u1ebft c\u00e1c nhi\u1ec7m v\u1ee5 kh\u1ea3o s\u00e1t ph\u1ee9c t\u1ea1p, t\u1eeb b\u1ed1 tr\u00ed c\u00f4ng tr\u00ecnh ph\u1ee9c t\u1ea1p \u0111\u1ebfn \u0111\u1ecbnh tuy\u1ebfn tr\u00ean cao.<\/p>","protected":false},"excerpt":{"rendered":"<ul>\n<li>\u0110\u01b0\u1ee3c ch\u1ebf t\u1ea1o \u0111\u1ec3 ch\u1ecbu \u0111\u01b0\u1ee3c s\u1ef1 kh\u1eafc nghi\u1ec7t c\u1ee7a vi\u1ec7c s\u1eed d\u1ee5ng h\u00e0ng ng\u00e0y t\u1ea1i c\u00e1c c\u00f4ng tr\u01b0\u1eddng, b\u1ed9 s\u1ea3n ph\u1ea9m \u0111i k\u00e8m v\u1edbi m\u1ed9t t\u00fai \u0111\u1ef1ng b\u1ea3o v\u1ec7.<\/li>\n<li>\u0110\u1ea3m b\u1ea3o v\u1eadn chuy\u1ec3n v\u00e0 l\u01b0u tr\u1eef an to\u00e0n cho kho\u1ea3n \u0111\u1ea7u t\u01b0 qu\u00fd gi\u00e1 c\u1ee7a b\u1ea1n.<\/li>\n<li>Cho d\u00f9 b\u1ea1n ch\u1ecdn c\u1ee5m l\u0103ng k\u00ednh ba l\u1edbp C34B-YY c\u00f3 \u0111\u1ed9 hi\u1ec3n th\u1ecb cao hay c\u1ee5m l\u0103ng k\u00ednh ba l\u1edbp C34B-RR.<\/li>\n<\/ul>","protected":false},"featured_media":2700,"comment_status":"open","ping_status":"closed","template":"","meta":[],"product_brand":[],"product_cat":[72,103],"product_tag":[],"class_list":{"0":"post-2699","1":"product","2":"type-product","3":"status-publish","4":"has-post-thumbnail","6":"product_cat-reflective-target-prism","7":"product_cat-prism-assembly","9":"first","10":"instock","11":"shipping-taxable","12":"product-type-simple"},"_links":{"self":[{"href":"https:\/\/mountlaser.com\/vi\/wp-json\/wp\/v2\/product\/2699","targetHints":{"allow":["GET"]}}],"collection":[{"href":"https:\/\/mountlaser.com\/vi\/wp-json\/wp\/v2\/product"}],"about":[{"href":"https:\/\/mountlaser.com\/vi\/wp-json\/wp\/v2\/types\/product"}],"replies":[{"embeddable":true,"href":"https:\/\/mountlaser.com\/vi\/wp-json\/wp\/v2\/comments?post=2699"}],"wp:featuredmedia":[{"embeddable":true,"href":"https:\/\/mountlaser.com\/vi\/wp-json\/wp\/v2\/media\/2700"}],"wp:attachment":[{"href":"https:\/\/mountlaser.com\/vi\/wp-json\/wp\/v2\/media?parent=2699"}],"wp:term":[{"taxonomy":"product_brand","embeddable":true,"href":"https:\/\/mountlaser.com\/vi\/wp-json\/wp\/v2\/product_brand?post=2699"},{"taxonomy":"product_cat","embeddable":true,"href":"https:\/\/mountlaser.com\/vi\/wp-json\/wp\/v2\/product_cat?post=2699"},{"taxonomy":"product_tag","embeddable":true,"href":"https:\/\/mountlaser.com\/vi\/wp-json\/wp\/v2\/product_tag?post=2699"}],"curies":[{"name":"trang web","href":"https:\/\/api.w.org\/{rel}","templated":true}]}}