{"id":2684,"date":"2025-10-16T09:19:22","date_gmt":"2025-10-16T09:19:22","guid":{"rendered":"https:\/\/mountlaser.com\/?post_type=product&#038;p=2684"},"modified":"2025-11-28T06:40:43","modified_gmt":"2025-11-28T06:40:43","slug":"z14ue-prism-assembly","status":"publish","type":"product","link":"https:\/\/mountlaser.com\/vi\/san-pham\/z14ue-prism-assembly\/","title":{"rendered":"B\u1ed9 l\u1eafp r\u00e1p l\u0103ng k\u00ednh Z14UE"},"content":{"rendered":"<p>Z14UE <a href=\"https:\/\/mountlaser.com\/vi\/\"><strong>C\u1ee5m l\u0103ng k\u00ednh m\u1edf r\u1ed9ng<\/strong><\/a>\u0110\u1ed9 \u1ed5n \u0111\u1ecbnh v\u01b0\u1ee3t tr\u1ed9i cho c\u00f4ng t\u00e1c kh\u1ea3o s\u00e1t ch\u00ednh x\u00e1c<\/p>\n<p>Tr\u1ea3i nghi\u1ec7m \u0111\u1ed9 \u1ed5n \u0111\u1ecbnh kh\u1ea3o s\u00e1t \u1edf c\u1ea5p \u0111\u1ed9 cao h\u01a1n v\u1edbi... <strong><a href=\"https:\/\/mountlaser.com\/vi\/products\/\">B\u1ed9 l\u1eafp r\u00e1p l\u0103ng k\u00ednh Z14UE<\/a>y<\/strong>, M\u1ed9t c\u1ee5m l\u0103ng k\u00ednh kim lo\u1ea1i m\u1edf r\u1ed9ng c\u1ee1 l\u1edbn \u0111\u1eb7c bi\u1ec7t \u0111\u01b0\u1ee3c thi\u1ebft k\u1ebf cho c\u00e1c \u0111i\u1ec1u ki\u1ec7n kh\u1eafc nghi\u1ec7t ngo\u00e0i hi\u1ec7n tr\u01b0\u1eddng.<\/p>\n<p>&nbsp;<\/p>\n<p><img fetchpriority=\"high\" decoding=\"async\" class=\"aligncenter wp-image-2688\" src=\"https:\/\/mountlaser.com\/wp-content\/uploads\/2025\/10\/Z14UE-BY-4.webp\" alt=\"Widened Prism Assembly \" width=\"500\" height=\"500\" srcset=\"https:\/\/mountlaser.com\/wp-content\/uploads\/2025\/10\/Z14UE-BY-4.webp 1000w, https:\/\/mountlaser.com\/wp-content\/uploads\/2025\/10\/Z14UE-BY-4-300x300.webp 300w, https:\/\/mountlaser.com\/wp-content\/uploads\/2025\/10\/Z14UE-BY-4-400x400.webp 400w, https:\/\/mountlaser.com\/wp-content\/uploads\/2025\/10\/Z14UE-BY-4-800x800.webp 800w, https:\/\/mountlaser.com\/wp-content\/uploads\/2025\/10\/Z14UE-BY-4-600x600.webp 600w, https:\/\/mountlaser.com\/wp-content\/uploads\/2025\/10\/Z14UE-BY-4-150x150.webp 150w, https:\/\/mountlaser.com\/wp-content\/uploads\/2025\/10\/Z14UE-BY-4-768x768.webp 768w, https:\/\/mountlaser.com\/wp-content\/uploads\/2025\/10\/Z14UE-BY-4-12x12.webp 12w\" sizes=\"(max-width: 500px) 100vw, 500px\" \/><\/p>\n<p>B\u1ed9 l\u0103ng k\u00ednh m\u1edf r\u1ed9ng ki\u1ec3u Nh\u1eadt B\u1ea3n n\u00e0y \u0111\u01b0\u1ee3c ch\u1ebf t\u1ea1o t\u1ec9 m\u1ec9 \u0111\u1ec3 mang l\u1ea1i hi\u1ec7u su\u1ea5t v\u01b0\u1ee3t tr\u1ed9i nh\u1edd thi\u1ebft k\u1ebf c\u1ea3i ti\u1ebfn. S\u1ea3n ph\u1ea9m c\u00f3 hai m\u1eabu m\u00e3 m\u00e0u s\u1eafc d\u1ec5 nh\u1eadn bi\u1ebft: B\u1ed9 l\u0103ng k\u00ednh Z14UE-BR (m\u00e0u \u0111\u1ecf l\u1edbn) v\u00e0 B\u1ed9 l\u0103ng k\u00ednh Z14UE-RY (m\u00e0u v\u00e0ng l\u1edbn), \u0111\u1ea3m b\u1ea3o d\u1ec5 d\u00e0ng nh\u1eadn di\u1ec7n v\u00e0 qu\u1ea3n l\u00fd quy tr\u00ecnh l\u00e0m vi\u1ec7c hi\u1ec7u qu\u1ea3 t\u1ea1i b\u1ea5t k\u1ef3 c\u00f4ng tr\u01b0\u1eddng n\u00e0o.<\/p>","protected":false},"excerpt":{"rendered":"<ul>\n<li>C\u1ea5u tr\u00fac n\u1ec1n t\u1ea3ng c\u1ee7a c\u1ee5m l\u0103ng k\u00ednh m\u1edf r\u1ed9ng n\u00e0y l\u00e0 ph\u1ea7n \u0111\u1ebf r\u1ed9ng \u0111\u01b0\u1ee3c thi\u1ebft k\u1ebf \u0111\u1ed9c \u0111\u00e1o c\u1ee7a n\u00f3.<\/li>\n<li>C\u1ee5m l\u0103ng k\u00ednh kim lo\u1ea1i m\u1edf r\u1ed9ng l\u1edbn n\u00e0y gi\u00fap gi\u1ea3m \u0111\u00e1ng k\u1ec3 \u0111\u1ed9 rung l\u1eafc v\u00e0 t\u0103ng c\u01b0\u1eddng \u0111\u1ed9 c\u1ee9ng t\u1ed5ng th\u1ec3, d\u1eabn \u0111\u1ebfn vi\u1ec7c thu th\u1eadp d\u1eef li\u1ec7u \u0111\u00e1ng tin c\u1eady h\u01a1n.<\/li>\n<li>C\u1ea5u tr\u00fac ch\u1eafc ch\u1eafn v\u00e0 c\u1ea5u h\u00ecnh linh ho\u1ea1t<\/li>\n<\/ul>","protected":false},"featured_media":2686,"comment_status":"open","ping_status":"closed","template":"","meta":[],"product_brand":[],"product_cat":[72,103],"product_tag":[],"class_list":{"0":"post-2684","1":"product","2":"type-product","3":"status-publish","4":"has-post-thumbnail","6":"product_cat-reflective-target-prism","7":"product_cat-prism-assembly","9":"first","10":"instock","11":"shipping-taxable","12":"product-type-simple"},"_links":{"self":[{"href":"https:\/\/mountlaser.com\/vi\/wp-json\/wp\/v2\/product\/2684","targetHints":{"allow":["GET"]}}],"collection":[{"href":"https:\/\/mountlaser.com\/vi\/wp-json\/wp\/v2\/product"}],"about":[{"href":"https:\/\/mountlaser.com\/vi\/wp-json\/wp\/v2\/types\/product"}],"replies":[{"embeddable":true,"href":"https:\/\/mountlaser.com\/vi\/wp-json\/wp\/v2\/comments?post=2684"}],"wp:featuredmedia":[{"embeddable":true,"href":"https:\/\/mountlaser.com\/vi\/wp-json\/wp\/v2\/media\/2686"}],"wp:attachment":[{"href":"https:\/\/mountlaser.com\/vi\/wp-json\/wp\/v2\/media?parent=2684"}],"wp:term":[{"taxonomy":"product_brand","embeddable":true,"href":"https:\/\/mountlaser.com\/vi\/wp-json\/wp\/v2\/product_brand?post=2684"},{"taxonomy":"product_cat","embeddable":true,"href":"https:\/\/mountlaser.com\/vi\/wp-json\/wp\/v2\/product_cat?post=2684"},{"taxonomy":"product_tag","embeddable":true,"href":"https:\/\/mountlaser.com\/vi\/wp-json\/wp\/v2\/product_tag?post=2684"}],"curies":[{"name":"trang web","href":"https:\/\/api.w.org\/{rel}","templated":true}]}}