{"id":2676,"date":"2025-10-16T09:09:21","date_gmt":"2025-10-16T09:09:21","guid":{"rendered":"https:\/\/mountlaser.com\/?post_type=product&#038;p=2676"},"modified":"2025-11-28T06:42:40","modified_gmt":"2025-11-28T06:42:40","slug":"z14sk-prism-assembly","status":"publish","type":"product","link":"https:\/\/mountlaser.com\/vi\/san-pham\/z14sk-prism-assembly\/","title":{"rendered":"B\u1ed9 l\u1eafp r\u00e1p l\u0103ng k\u00ednh Z14SK"},"content":{"rendered":"<p><a href=\"https:\/\/mountlaser.com\/vi\/about-us\/\"><strong>B\u1ed9 l\u0103ng k\u00ednh kim lo\u1ea1i m\u1edbi Z14SK<\/strong><\/a>\u0110\u1ed9 b\u1ec1n k\u1ebft h\u1ee3p v\u1edbi \u0111\u1ed9 ch\u00ednh x\u00e1c<\/p>\n<p>N\u00e2ng cao kh\u1ea3 n\u0103ng kh\u1ea3o s\u00e1t c\u1ee7a b\u1ea1n v\u1edbi<a href=\"https:\/\/mountlaser.com\/vi\/\"><strong> B\u1ed9 l\u1eafp r\u00e1p l\u0103ng k\u00ednh Z14SK<\/strong><\/a>, B\u1ed9 l\u0103ng k\u00ednh kim lo\u1ea1i ki\u1ec3u Nh\u1eadt B\u1ea3n ch\u1eafc ch\u1eafn, \u0111\u01b0\u1ee3c thi\u1ebft k\u1ebf \u0111\u1ec3 b\u1ec1n b\u1ec9 v\u00e0 ch\u00ednh x\u00e1c trong nh\u1eefng m\u00f4i tr\u01b0\u1eddng kh\u1eafc nghi\u1ec7t nh\u1ea5t. B\u1ed9 s\u1ea3n ph\u1ea9m n\u00e0y \u0111\u01b0\u1ee3c thi\u1ebft k\u1ebf \u0111\u1ec3 cung c\u1ea5p cho c\u00e1c nh\u00e0 kh\u1ea3o s\u00e1t m\u1ed9t c\u00f4ng c\u1ee5 \u0111\u00e1ng tin c\u1eady v\u00e0 l\u00e2u d\u00e0i, c\u00f3 hai t\u00f9y ch\u1ecdn m\u00e0u s\u1eafc n\u1ed5i b\u1eadt \u0111\u1ec3 d\u1ec5 nh\u1eadn bi\u1ebft: B\u1ed9 l\u0103ng k\u00ednh Z14SK-RR (\u0110\u1ecf-\u0110\u1ecf) v\u00e0 B\u1ed9 l\u0103ng k\u00ednh Z14SK-YY (V\u00e0ng-V\u00e0ng).<\/p>\n<p>&nbsp;<\/p>\n<p><img fetchpriority=\"high\" decoding=\"async\" class=\"wp-image-2681 aligncenter\" src=\"https:\/\/mountlaser.com\/wp-content\/uploads\/2025\/10\/Z14SK-RR-1.webp\" alt=\"New Metal Prism Set \" width=\"500\" height=\"500\" srcset=\"https:\/\/mountlaser.com\/wp-content\/uploads\/2025\/10\/Z14SK-RR-1.webp 1000w, https:\/\/mountlaser.com\/wp-content\/uploads\/2025\/10\/Z14SK-RR-1-300x300.webp 300w, https:\/\/mountlaser.com\/wp-content\/uploads\/2025\/10\/Z14SK-RR-1-400x400.webp 400w, https:\/\/mountlaser.com\/wp-content\/uploads\/2025\/10\/Z14SK-RR-1-800x800.webp 800w, https:\/\/mountlaser.com\/wp-content\/uploads\/2025\/10\/Z14SK-RR-1-600x600.webp 600w, https:\/\/mountlaser.com\/wp-content\/uploads\/2025\/10\/Z14SK-RR-1-150x150.webp 150w, https:\/\/mountlaser.com\/wp-content\/uploads\/2025\/10\/Z14SK-RR-1-768x768.webp 768w, https:\/\/mountlaser.com\/wp-content\/uploads\/2025\/10\/Z14SK-RR-1-12x12.webp 12w\" sizes=\"(max-width: 500px) 100vw, 500px\" \/><\/p>\n<p>L\u00e0 m\u1ed9t b\u1ed9 l\u0103ng k\u00ednh kim lo\u1ea1i cao c\u1ea5p m\u1edbi, Z14SK \u0111\u01b0\u1ee3c trang b\u1ecb l\u0103ng k\u00ednh ch\u00ednh x\u00e1c 64mm, cung c\u1ea5p nhi\u1ec1u t\u00f9y ch\u1ecdn \u0111\u1ed9 ch\u00ednh x\u00e1c\u20142\u2033, 3\u20134\u2033 ho\u1eb7c 5\u20138\u2033\u2014\u0111\u1ec3 \u0111\u00e1p \u1ee9ng c\u00e1c y\u00eau c\u1ea7u \u0111a d\u1ea1ng c\u1ee7a nhi\u1ec1u d\u1ef1 \u00e1n, t\u1eeb m\u1ea1ng l\u01b0\u1edbi \u0111i\u1ec1u khi\u1ec3n \u0111\u1ed9 ch\u00ednh x\u00e1c cao \u0111\u1ebfn b\u1ed1 tr\u00ed c\u00f4ng tr\u00ecnh t\u1ed5ng th\u1ec3. \u0110i\u1ec3m m\u1ea1nh c\u1ed1t l\u00f5i c\u1ee7a n\u00f3 n\u1eb1m \u1edf ren trong 5\/8\u2033-11 b\u1eb1ng th\u00e9p kh\u00f4ng g\u1ec9 t\u00edch h\u1ee3p, \u0111\u1ea3m b\u1ea3o kh\u1ea3 n\u0103ng t\u01b0\u01a1ng th\u00edch ho\u00e0n to\u00e0n v\u1edbi c\u00e1c c\u1ed9t v\u00e0 b\u1ed9 chuy\u1ec3n \u0111\u1ed5i l\u0103ng k\u00ednh ti\u00eau chu\u1ea9n \u0111\u1ed3ng th\u1eddi cung c\u1ea5p kh\u1ea3 n\u0103ng ch\u1ed1ng \u0103n m\u00f2n v\u00e0 m\u00e0i m\u00f2n v\u01b0\u1ee3t tr\u1ed9i.<\/p>","protected":false},"excerpt":{"rendered":"<ul>\n<li>Vi\u1ec7c s\u1eed d\u1ee5ng m\u00e3 m\u00e0u ri\u00eang bi\u1ec7t gi\u00fap tr\u00e1nh nh\u1ea7m l\u1eabn t\u1ea1i c\u00f4ng tr\u01b0\u1eddng, n\u00e2ng cao hi\u1ec7u qu\u1ea3 l\u00e0m vi\u1ec7c c\u1ee7a nh\u00f3m.<\/li>\n<li>B\u1ed9 l\u0103ng k\u00ednh kim lo\u1ea1i ho\u00e0n ch\u1ec9nh n\u00e0y \u0111\u01b0\u1ee3c giao k\u00e8m t\u00fai \u0111\u1ef1ng ti\u1ec7n d\u1ee5ng, \u0111\u01b0\u1ee3c trang b\u1ecb \u0111\u1ea7y \u0111\u1ee7 \u0111\u1ec3 v\u1eadn chuy\u1ec3n an to\u00e0n v\u00e0 c\u1ea5t gi\u1eef g\u1ecdn g\u00e0ng.<\/li>\n<li>\u0110\u1ea3m b\u1ea3o kho\u1ea3n \u0111\u1ea7u t\u01b0 c\u1ee7a b\u1ea1n \u0111\u01b0\u1ee3c b\u1ea3o v\u1ec7 v\u00e0 lu\u00f4n s\u1eb5n s\u00e0ng ho\u1ea1t \u0111\u1ed9ng.<\/li>\n<\/ul>","protected":false},"featured_media":2677,"comment_status":"open","ping_status":"closed","template":"","meta":[],"product_brand":[],"product_cat":[72,103],"product_tag":[],"class_list":{"0":"post-2676","1":"product","2":"type-product","3":"status-publish","4":"has-post-thumbnail","6":"product_cat-reflective-target-prism","7":"product_cat-prism-assembly","9":"first","10":"instock","11":"shipping-taxable","12":"product-type-simple"},"_links":{"self":[{"href":"https:\/\/mountlaser.com\/vi\/wp-json\/wp\/v2\/product\/2676","targetHints":{"allow":["GET"]}}],"collection":[{"href":"https:\/\/mountlaser.com\/vi\/wp-json\/wp\/v2\/product"}],"about":[{"href":"https:\/\/mountlaser.com\/vi\/wp-json\/wp\/v2\/types\/product"}],"replies":[{"embeddable":true,"href":"https:\/\/mountlaser.com\/vi\/wp-json\/wp\/v2\/comments?post=2676"}],"wp:featuredmedia":[{"embeddable":true,"href":"https:\/\/mountlaser.com\/vi\/wp-json\/wp\/v2\/media\/2677"}],"wp:attachment":[{"href":"https:\/\/mountlaser.com\/vi\/wp-json\/wp\/v2\/media?parent=2676"}],"wp:term":[{"taxonomy":"product_brand","embeddable":true,"href":"https:\/\/mountlaser.com\/vi\/wp-json\/wp\/v2\/product_brand?post=2676"},{"taxonomy":"product_cat","embeddable":true,"href":"https:\/\/mountlaser.com\/vi\/wp-json\/wp\/v2\/product_cat?post=2676"},{"taxonomy":"product_tag","embeddable":true,"href":"https:\/\/mountlaser.com\/vi\/wp-json\/wp\/v2\/product_tag?post=2676"}],"curies":[{"name":"trang web","href":"https:\/\/api.w.org\/{rel}","templated":true}]}}