{"id":2668,"date":"2025-10-16T08:59:36","date_gmt":"2025-10-16T08:59:36","guid":{"rendered":"https:\/\/mountlaser.com\/?post_type=product&#038;p=2668"},"modified":"2025-11-28T06:43:47","modified_gmt":"2025-11-28T06:43:47","slug":"z14pt-prism-assembly","status":"publish","type":"product","link":"https:\/\/mountlaser.com\/vi\/san-pham\/z14pt-prism-assembly\/","title":{"rendered":"B\u1ed9 l\u1eafp r\u00e1p l\u0103ng k\u00ednh Z14PT"},"content":{"rendered":"<p><a href=\"https:\/\/mountlaser.com\/vi\/\"><strong>B\u1ed9 l\u1eafp r\u00e1p l\u0103ng k\u00ednh Z14PT<\/strong><\/a>B\u1ed9 l\u1eafp r\u00e1p l\u0103ng k\u00ednh \u0111\u1ed9 ch\u00ednh x\u00e1c cao ho\u00e0n h\u1ea3o<\/p>\n<p>N\u00e2ng t\u1ea7m c\u00f4ng vi\u1ec7c kh\u1ea3o s\u00e1t c\u1ee7a b\u1ea1n v\u1edbi b\u1ed9 l\u0103ng k\u00ednh Z14PT, m\u1ed9t thi\u1ebft b\u1ecb cao c\u1ea5p theo phong c\u00e1ch Nh\u1eadt B\u1ea3n \u0111\u01b0\u1ee3c thi\u1ebft k\u1ebf cho c\u00e1c \u1ee9ng d\u1ee5ng m\u00e0 sai s\u1ed1 nh\u1ecf nh\u1ea5t c\u0169ng r\u1ea5t quan tr\u1ecdng. S\u1ea3n ph\u1ea9m n\u00e0y \u0111\u01b0\u1ee3c ch\u1ebf t\u1ea1o t\u1ec9 m\u1ec9 \u0111\u1ec3 tr\u1edf th\u00e0nh m\u1ed9t thi\u1ebft b\u1ecb ho\u00e0n h\u1ea3o. <a href=\"https:\/\/mountlaser.com\/vi\/about-us\/\"><strong>B\u1ed9 l\u1eafp r\u00e1p l\u0103ng k\u00ednh \u0111\u1ed9 ch\u00ednh x\u00e1c cao<\/strong><\/a>, S\u1ea3n ph\u1ea9m n\u00e0y mang l\u1ea1i \u0111\u1ed9 ch\u00ednh x\u00e1c v\u00e0 \u0111\u1ed9 tin c\u1eady v\u01b0\u1ee3t tr\u1ed9i cho c\u00e1c nhi\u1ec7m v\u1ee5 \u0111o l\u01b0\u1eddng quan tr\u1ecdng. \u0110\u00e2y l\u00e0 s\u1ef1 l\u1ef1a ch\u1ecdn l\u00fd t\u01b0\u1edfng cho c\u00e1c nh\u00e0 kh\u1ea3o s\u00e1t \u0111\u00f2i h\u1ecfi m\u1ee9c \u0111\u1ed9 to\u00e0n v\u1eb9n d\u1eef li\u1ec7u cao nh\u1ea5t t\u1eeb thi\u1ebft b\u1ecb c\u1ee7a h\u1ecd.<\/p>\n<p><img fetchpriority=\"high\" decoding=\"async\" class=\"aligncenter wp-image-2673\" src=\"https:\/\/mountlaser.com\/wp-content\/uploads\/2025\/10\/Z14PT-5.webp\" alt=\"High Precision Prism Assembly\" width=\"500\" height=\"500\" srcset=\"https:\/\/mountlaser.com\/wp-content\/uploads\/2025\/10\/Z14PT-5.webp 1000w, https:\/\/mountlaser.com\/wp-content\/uploads\/2025\/10\/Z14PT-5-300x300.webp 300w, https:\/\/mountlaser.com\/wp-content\/uploads\/2025\/10\/Z14PT-5-400x400.webp 400w, https:\/\/mountlaser.com\/wp-content\/uploads\/2025\/10\/Z14PT-5-800x800.webp 800w, https:\/\/mountlaser.com\/wp-content\/uploads\/2025\/10\/Z14PT-5-600x600.webp 600w, https:\/\/mountlaser.com\/wp-content\/uploads\/2025\/10\/Z14PT-5-150x150.webp 150w, https:\/\/mountlaser.com\/wp-content\/uploads\/2025\/10\/Z14PT-5-768x768.webp 768w, https:\/\/mountlaser.com\/wp-content\/uploads\/2025\/10\/Z14PT-5-12x12.webp 12w\" sizes=\"(max-width: 500px) 100vw, 500px\" \/><\/p>\n<p>C\u1ea5u tr\u00fac c\u01a1 b\u1ea3n c\u1ee7a b\u1ed9 d\u1ee5ng c\u1ee5 n\u00e0y l\u00e0 m\u1ed9t l\u0103ng k\u00ednh 64mm ch\u1ea5t l\u01b0\u1ee3ng cao, c\u00f3 th\u1ec3 l\u1ef1a ch\u1ecdn \u0111\u1ed9 ch\u00ednh x\u00e1c \u1edf c\u00e1c m\u1ee9c 2\u2033, 3-4\u2033 ho\u1eb7c 5-8\u2033. S\u1ef1 linh ho\u1ea1t n\u00e0y cho ph\u00e9p b\u1ea1n x\u00e1c \u0111\u1ecbnh ch\u00ednh x\u00e1c m\u1ee9c \u0111\u1ed9 ch\u00ednh x\u00e1c c\u1ea7n thi\u1ebft cho d\u1ef1 \u00e1n c\u1ee7a m\u00ecnh, t\u1eeb vi\u1ec7c thi\u1ebft l\u1eadp m\u1ea1ng l\u01b0\u1edbi ki\u1ec3m so\u00e1t ch\u00ednh \u0111\u1ebfn b\u1ed1 tr\u00ed k\u1ef9 thu\u1eadt ch\u00ednh x\u00e1c. \u0110\u01b0\u1ee3c thi\u1ebft k\u1ebf \u0111\u1ec3 ho\u1ea1t \u0111\u1ed9ng b\u1ec1n b\u1ec9, b\u1ed9 l\u0103ng k\u00ednh Z14PT c\u00f3 b\u1ed9 chuy\u1ec3n \u0111\u1ed5i b\u1eb1ng th\u00e9p kh\u00f4ng g\u1ec9 ch\u1eafc ch\u1eafn v\u1edbi ren c\u00e1i ti\u00eau chu\u1ea9n 5\/8\u2033-11, \u0111\u1ea3m b\u1ea3o kh\u1ea3 n\u0103ng t\u01b0\u01a1ng th\u00edch ph\u1ed5 qu\u00e1t v\u00e0 l\u1eafp \u0111\u1eb7t ch\u1eafc ch\u1eafn tr\u00ean t\u1ea5t c\u1ea3 c\u00e1c c\u1ed9t \u0111o \u0111\u1ea1c th\u00f4ng d\u1ee5ng.<\/p>","protected":false},"excerpt":{"rendered":"<ul>\n<li>V\u1edbi \u0111\u1ed9 l\u1ec7ch chu\u1ea9n 0mm, c\u1ee5m thi\u1ebft b\u1ecb n\u00e0y ho\u00e0n to\u00e0n ph\u00f9 h\u1ee3p cho nhi\u1ec1u \u1ee9ng d\u1ee5ng kh\u1ea3o s\u00e1t t\u1ed5ng qu\u00e1t v\u00e0 ch\u00ednh x\u00e1c.<\/li>\n<li>M\u1ed7i s\u1ea3n ph\u1ea9m \u0111\u1ec1u \u0111\u01b0\u1ee3c cung c\u1ea5p k\u00e8m theo m\u1ed9t t\u00fai \u0111\u1ef1ng b\u1ea3o v\u1ec7.<\/li>\n<li>\u0110\u1ea3m b\u1ea3o c\u1ee5m l\u0103ng k\u00ednh Z14PT \u0111\u01b0\u1ee3c an to\u00e0n kh\u1ecfi h\u01b0 h\u1ea1i trong qu\u00e1 tr\u00ecnh v\u1eadn chuy\u1ec3n v\u00e0 b\u1ea3o qu\u1ea3n, s\u1eb5n s\u00e0ng tri\u1ec3n khai b\u1ea5t c\u1ee9 l\u00fac n\u00e0o.<\/li>\n<\/ul>","protected":false},"featured_media":2672,"comment_status":"open","ping_status":"closed","template":"","meta":[],"product_brand":[],"product_cat":[72,103],"product_tag":[],"class_list":{"0":"post-2668","1":"product","2":"type-product","3":"status-publish","4":"has-post-thumbnail","6":"product_cat-reflective-target-prism","7":"product_cat-prism-assembly","9":"first","10":"instock","11":"shipping-taxable","12":"product-type-simple"},"_links":{"self":[{"href":"https:\/\/mountlaser.com\/vi\/wp-json\/wp\/v2\/product\/2668","targetHints":{"allow":["GET"]}}],"collection":[{"href":"https:\/\/mountlaser.com\/vi\/wp-json\/wp\/v2\/product"}],"about":[{"href":"https:\/\/mountlaser.com\/vi\/wp-json\/wp\/v2\/types\/product"}],"replies":[{"embeddable":true,"href":"https:\/\/mountlaser.com\/vi\/wp-json\/wp\/v2\/comments?post=2668"}],"wp:featuredmedia":[{"embeddable":true,"href":"https:\/\/mountlaser.com\/vi\/wp-json\/wp\/v2\/media\/2672"}],"wp:attachment":[{"href":"https:\/\/mountlaser.com\/vi\/wp-json\/wp\/v2\/media?parent=2668"}],"wp:term":[{"taxonomy":"product_brand","embeddable":true,"href":"https:\/\/mountlaser.com\/vi\/wp-json\/wp\/v2\/product_brand?post=2668"},{"taxonomy":"product_cat","embeddable":true,"href":"https:\/\/mountlaser.com\/vi\/wp-json\/wp\/v2\/product_cat?post=2668"},{"taxonomy":"product_tag","embeddable":true,"href":"https:\/\/mountlaser.com\/vi\/wp-json\/wp\/v2\/product_tag?post=2668"}],"curies":[{"name":"trang web","href":"https:\/\/api.w.org\/{rel}","templated":true}]}}