{"id":2661,"date":"2025-10-16T08:52:50","date_gmt":"2025-10-16T08:52:50","guid":{"rendered":"https:\/\/mountlaser.com\/?post_type=product&#038;p=2661"},"modified":"2025-11-28T06:44:48","modified_gmt":"2025-11-28T06:44:48","slug":"z14bs-prism-assembly","status":"publish","type":"product","link":"https:\/\/mountlaser.com\/vi\/san-pham\/z14bs-prism-assembly\/","title":{"rendered":"B\u1ed9 l\u1eafp r\u00e1p l\u0103ng k\u00ednh Z14BS"},"content":{"rendered":"<p><a href=\"https:\/\/mountlaser.com\/vi\/\"><strong>B\u1ed9 l\u1eafp r\u00e1p l\u0103ng k\u00ednh Z14BS -30mm<\/strong><\/a>\u0110\u1ed9 ch\u00ednh x\u00e1c k\u1ebft h\u1ee3p v\u1edbi s\u1ef1 b\u00f9 tr\u1eeb c\u00f3 ch\u1ee7 \u0111\u00edch<\/p>\n<p>\u0110\u01b0\u1ee3c thi\u1ebft k\u1ebf cho c\u00e1c nhi\u1ec7m v\u1ee5 kh\u1ea3o s\u00e1t \u0111\u00f2i h\u1ecfi kh\u1eaft khe, c\u1ee5m l\u0103ng k\u00ednh Z14BS l\u00e0 m\u1ed9t c\u1ee5m l\u0103ng k\u00ednh ki\u1ec3u Nh\u1eadt ch\u1ea5t l\u01b0\u1ee3ng cao -30mm, mang l\u1ea1i c\u1ea3 t\u00ednh linh ho\u1ea1t v\u00e0 \u0111\u1ed9 ch\u00ednh x\u00e1c tuy\u1ec7t \u0111\u1ed1i. C\u1ee5m l\u0103ng k\u00ednh n\u00e0y \u0111\u01b0\u1ee3c thi\u1ebft k\u1ebf \u0111\u1ec3 gi\u1ea3i quy\u1ebft c\u00e1c th\u00e1ch th\u1ee9c \u0111o l\u01b0\u1eddng m\u00e0 c\u00e1c thi\u1ebft b\u1ecb b\u00f9 tr\u1eeb ti\u00eau chu\u1ea9n kh\u00f4ng \u0111\u00e1p \u1ee9ng \u0111\u01b0\u1ee3c. N\u00f3 c\u00f3 hai m\u00e3 m\u00e0u d\u1ec5 nh\u1eadn bi\u1ebft: c\u1ee5m l\u0103ng k\u00ednh Z14BS-RG (\u0110\u1ecf-Xanh l\u00e1 c\u00e2y) v\u00e0...<a href=\"https:\/\/mountlaser.com\/vi\/products\/\"><strong> B\u1ed9 l\u1eafp r\u00e1p l\u0103ng k\u00ednh Z14BS-RR<\/strong><\/a> (\u0110\u1ecf-\u0110\u1ecf), gi\u00fap d\u1ec5 d\u00e0ng nh\u1eadn di\u1ec7n v\u00e0 qu\u1ea3n l\u00fd c\u00f4ng c\u1ee5 cho c\u00e1c \u0111\u1ed9i thi c\u00f4ng t\u1ea1i c\u00f4ng tr\u01b0\u1eddng.<\/p>\n<p><img fetchpriority=\"high\" decoding=\"async\" class=\"aligncenter wp-image-2664\" src=\"https:\/\/mountlaser.com\/wp-content\/uploads\/2025\/10\/Z14BS-RG-5.webp\" alt=\"-30mm Prism Assembly\" width=\"500\" height=\"500\" srcset=\"https:\/\/mountlaser.com\/wp-content\/uploads\/2025\/10\/Z14BS-RG-5.webp 1000w, https:\/\/mountlaser.com\/wp-content\/uploads\/2025\/10\/Z14BS-RG-5-300x300.webp 300w, https:\/\/mountlaser.com\/wp-content\/uploads\/2025\/10\/Z14BS-RG-5-400x400.webp 400w, https:\/\/mountlaser.com\/wp-content\/uploads\/2025\/10\/Z14BS-RG-5-800x800.webp 800w, https:\/\/mountlaser.com\/wp-content\/uploads\/2025\/10\/Z14BS-RG-5-600x600.webp 600w, https:\/\/mountlaser.com\/wp-content\/uploads\/2025\/10\/Z14BS-RG-5-150x150.webp 150w, https:\/\/mountlaser.com\/wp-content\/uploads\/2025\/10\/Z14BS-RG-5-768x768.webp 768w, https:\/\/mountlaser.com\/wp-content\/uploads\/2025\/10\/Z14BS-RG-5-12x12.webp 12w\" sizes=\"(max-width: 500px) 100vw, 500px\" \/><\/p>\n<p>C\u1ed1t l\u00f5i c\u1ee7a b\u1ed9 l\u1eafp r\u00e1p ch\u1eafc ch\u1eafn n\u00e0y l\u00e0 m\u1ed9t l\u0103ng k\u00ednh ch\u00ednh x\u00e1c 64mm, \u0111\u01b0\u1ee3c cung c\u1ea5p v\u1edbi c\u00e1c m\u1ee9c \u0111\u1ed9 ch\u00ednh x\u00e1c t\u00f9y ch\u1ecdn l\u00e0 2\u2033, 3-4\u2033 ho\u1eb7c 5-8\u2033. \u0110i\u1ec1u n\u00e0y cho ph\u00e9p b\u1ea1n ch\u1ecdn m\u1ee9c \u0111\u1ed9 ch\u00ednh x\u00e1c ho\u00e0n h\u1ea3o cho m\u1ecdi th\u1ee9, t\u1eeb c\u00e1c m\u1ea1ng l\u01b0\u1edbi \u0111\u01b0\u1ee3c ki\u1ec3m so\u00e1t ch\u1eb7t ch\u1ebd \u0111\u1ebfn c\u00e1c b\u1ed1 c\u1ee5c x\u00e2y d\u1ef1ng chung. \u0110\u01b0\u1ee3c ch\u1ebf t\u1ea1o \u0111\u1ec3 c\u00f3 tu\u1ed5i th\u1ecd v\u00e0 \u0111\u1ed9 tin c\u1eady cao, B\u1ed9 l\u1eafp r\u00e1p l\u0103ng k\u00ednh Z14BS c\u00f3 b\u1ed9 chuy\u1ec3n \u0111\u1ed5i ren trong 5\/8\u2033-11 b\u1eb1ng th\u00e9p kh\u00f4ng g\u1ec9 b\u1ec1n ch\u1eafc, \u0111\u1ea3m b\u1ea3o kh\u1ea3 n\u0103ng t\u01b0\u01a1ng th\u00edch li\u1ec1n m\u1ea1ch v\u1edbi t\u1ea5t c\u1ea3 c\u00e1c c\u1ed9t \u0111o \u0111\u1ea1c v\u00e0 ph\u1ee5 ki\u1ec7n ti\u00eau chu\u1ea9n.<\/p>","protected":false},"excerpt":{"rendered":"<ul>\n<li>\u0110\u01b0\u1ee3c ch\u1ebf t\u1ea1o t\u1eeb th\u00e9p kh\u00f4ng g\u1ec9 ch\u1ed1ng \u0103n m\u00f2n, b\u1ed9 chuy\u1ec3n \u0111\u1ed5i 5\/8\u2033-11 \u0111\u1ea3m b\u1ea3o k\u1ebft n\u1ed1i ch\u1eafc ch\u1eafn v\u1edbi b\u1ea5t k\u1ef3 c\u1ed9t ti\u00eau chu\u1ea9n n\u00e0o.<\/li>\n<li>Ch\u1ecbu \u0111\u1ef1ng \u0111\u01b0\u1ee3c nh\u1eefng kh\u00f3 kh\u0103n khi s\u1eed d\u1ee5ng h\u00e0ng ng\u00e0y ngo\u00e0i th\u1ef1c \u0111\u1ecba.<\/li>\n<li>Chi\u1ec1u cao tr\u1ee5c nghi\u00eang 100mm cung c\u1ea5p kh\u1ea3 n\u0103ng tham chi\u1ebfu g\u00f3c nh\u1ea5t qu\u00e1n v\u00e0 \u1ed5n \u0111\u1ecbnh, m\u1ed9t y\u1ebfu t\u1ed1 quan tr\u1ecdng \u0111\u1ec3 thu th\u1eadp d\u1eef li\u1ec7u \u0111\u00e1ng tin c\u1eady.<\/li>\n<\/ul>","protected":false},"featured_media":2667,"comment_status":"open","ping_status":"closed","template":"","meta":[],"product_brand":[],"product_cat":[72,103],"product_tag":[],"class_list":{"0":"post-2661","1":"product","2":"type-product","3":"status-publish","4":"has-post-thumbnail","6":"product_cat-reflective-target-prism","7":"product_cat-prism-assembly","9":"first","10":"instock","11":"shipping-taxable","12":"product-type-simple"},"_links":{"self":[{"href":"https:\/\/mountlaser.com\/vi\/wp-json\/wp\/v2\/product\/2661","targetHints":{"allow":["GET"]}}],"collection":[{"href":"https:\/\/mountlaser.com\/vi\/wp-json\/wp\/v2\/product"}],"about":[{"href":"https:\/\/mountlaser.com\/vi\/wp-json\/wp\/v2\/types\/product"}],"replies":[{"embeddable":true,"href":"https:\/\/mountlaser.com\/vi\/wp-json\/wp\/v2\/comments?post=2661"}],"wp:featuredmedia":[{"embeddable":true,"href":"https:\/\/mountlaser.com\/vi\/wp-json\/wp\/v2\/media\/2667"}],"wp:attachment":[{"href":"https:\/\/mountlaser.com\/vi\/wp-json\/wp\/v2\/media?parent=2661"}],"wp:term":[{"taxonomy":"product_brand","embeddable":true,"href":"https:\/\/mountlaser.com\/vi\/wp-json\/wp\/v2\/product_brand?post=2661"},{"taxonomy":"product_cat","embeddable":true,"href":"https:\/\/mountlaser.com\/vi\/wp-json\/wp\/v2\/product_cat?post=2661"},{"taxonomy":"product_tag","embeddable":true,"href":"https:\/\/mountlaser.com\/vi\/wp-json\/wp\/v2\/product_tag?post=2661"}],"curies":[{"name":"trang web","href":"https:\/\/api.w.org\/{rel}","templated":true}]}}