{"id":2654,"date":"2025-10-16T08:22:59","date_gmt":"2025-10-16T08:22:59","guid":{"rendered":"https:\/\/mountlaser.com\/?post_type=product&#038;p=2654"},"modified":"2025-11-28T06:46:17","modified_gmt":"2025-11-28T06:46:17","slug":"z14uc-prism-assembly","status":"publish","type":"product","link":"https:\/\/mountlaser.com\/vi\/san-pham\/z14uc-prism-assembly\/","title":{"rendered":"B\u1ed9 l\u1eafp r\u00e1p l\u0103ng k\u00ednh Z14UC"},"content":{"rendered":"<p><a href=\"https:\/\/mountlaser.com\/vi\/\"><strong>B\u1ed9 l\u1eafp r\u00e1p l\u0103ng k\u00ednh Z14UC<\/strong><\/a>: Ph\u1ea7n th\u01b0\u1edfng <a href=\"https:\/\/mountlaser.com\/vi\/products\/\"><strong>B\u1ed9 l\u0103ng k\u00ednh nghi\u00eang \u0111\u01a1n<\/strong><\/a> \u0111\u1ec3 \u0111\u1ea1t \u0111\u1ed9 ch\u00ednh x\u00e1c v\u01b0\u1ee3t tr\u1ed9i<\/p>\n<p>Gi\u1edbi thi\u1ec7u B\u1ed9 l\u0103ng k\u00ednh Z14UC, m\u1ed9t b\u1ed9 l\u0103ng k\u00ednh \u0111\u01a1n nghi\u00eang cao c\u1ea5p ki\u1ec3u Nh\u1eadt B\u1ea3n \u0111\u01b0\u1ee3c thi\u1ebft k\u1ebf d\u00e0nh cho c\u00e1c nh\u00e0 kh\u1ea3o s\u00e1t kh\u00f4ng mu\u1ed1n th\u1ecfa hi\u1ec7p v\u1ec1 \u0111\u1ed9 ch\u00ednh x\u00e1c ho\u1eb7c \u0111\u1ed9 b\u1ec1n. B\u1ed9 l\u0103ng k\u00ednh n\u00e0y \u0111\u01b0\u1ee3c cung c\u1ea5p v\u1edbi hai bi\u1ebfn th\u1ec3 m\u00e0u s\u1eafc d\u1ec5 nh\u1eadn bi\u1ebft: B\u1ed9 l\u0103ng k\u00ednh Z14UC-YG (Y) v\u00e0 B\u1ed9 l\u0103ng k\u00ednh Z14UC-YY (YY). M\u00e3 m\u00e0u ri\u00eang bi\u1ec7t c\u1ee7a B\u1ed9 l\u0103ng k\u00ednh Z14UC-YG v\u00e0 B\u1ed9 l\u0103ng k\u00ednh Z14UC-YY gi\u00fap \u0111\u01a1n gi\u1ea3n h\u00f3a quy tr\u00ecnh l\u00e0m vi\u1ec7c cho c\u00e1c nh\u00f3m s\u1eed d\u1ee5ng nhi\u1ec1u thi\u1ebft l\u1eadp kh\u00e1c nhau.<\/p>\n<p>\u0110i k\u00e8m v\u1edbi t\u00fai \u0111\u1ef1ng b\u1ea3o v\u1ec7, B\u1ed9 L\u0103ng K\u00ednh Nghi\u00eang \u0110\u01a1n n\u00e0y \u0111\u01b0\u1ee3c trang b\u1ecb ho\u00e0n h\u1ea3o cho c\u1ea3 vi\u1ec7c l\u01b0u tr\u1eef c\u00f3 t\u1ed5 ch\u1ee9c v\u00e0 v\u1eadn chuy\u1ec3n d\u1ec5 d\u00e0ng gi\u1eefa c\u00e1c c\u00f4ng tr\u01b0\u1eddng. B\u1ed9 L\u0103ng K\u00ednh Nghi\u00eang \u0110\u01a1n Z14UC-YY (V\u00e0ng-Xanh l\u00e1 c\u00e2y) v\u00e0 B\u1ed9 L\u0103ng K\u00ednh Nghi\u00eang Z14UC-YY (V\u00e0ng-V\u00e0ng), cho ph\u00e9p nh\u1eadn d\u1ea1ng v\u00e0 s\u1eafp x\u1ebfp d\u1ec5 d\u00e0ng t\u1ea1i b\u1ea5t k\u1ef3 c\u00f4ng tr\u01b0\u1eddng n\u00e0o.<\/p>\n<p><img fetchpriority=\"high\" decoding=\"async\" class=\"aligncenter wp-image-2658\" src=\"https:\/\/mountlaser.com\/wp-content\/uploads\/2025\/10\/Z14UC-YG-1.webp\" alt=\"Single Tilt Prism Set\" width=\"500\" height=\"500\" srcset=\"https:\/\/mountlaser.com\/wp-content\/uploads\/2025\/10\/Z14UC-YG-1.webp 1000w, https:\/\/mountlaser.com\/wp-content\/uploads\/2025\/10\/Z14UC-YG-1-300x300.webp 300w, https:\/\/mountlaser.com\/wp-content\/uploads\/2025\/10\/Z14UC-YG-1-400x400.webp 400w, https:\/\/mountlaser.com\/wp-content\/uploads\/2025\/10\/Z14UC-YG-1-800x800.webp 800w, https:\/\/mountlaser.com\/wp-content\/uploads\/2025\/10\/Z14UC-YG-1-600x600.webp 600w, https:\/\/mountlaser.com\/wp-content\/uploads\/2025\/10\/Z14UC-YG-1-150x150.webp 150w, https:\/\/mountlaser.com\/wp-content\/uploads\/2025\/10\/Z14UC-YG-1-768x768.webp 768w, https:\/\/mountlaser.com\/wp-content\/uploads\/2025\/10\/Z14UC-YG-1-12x12.webp 12w\" sizes=\"(max-width: 500px) 100vw, 500px\" \/><\/p>\n<p>\u0110\u01b0\u1ee3c thi\u1ebft k\u1ebf \u0111\u1ec3 \u0111\u1ea1t ch\u1ea5t l\u01b0\u1ee3ng t\u1ed1i \u01b0u, c\u1ed1t l\u00f5i c\u1ee7a b\u1ed9 d\u1ee5ng c\u1ee5 n\u00e0y l\u00e0 l\u0103ng k\u00ednh 64mm c\u00f3 \u0111\u1ed9 ch\u00ednh x\u00e1c cao. N\u00f3 cung c\u1ea5p c\u00e1c m\u1ee9c \u0111\u1ed9 ch\u00ednh x\u00e1c c\u00f3 th\u1ec3 l\u1ef1a ch\u1ecdn l\u00e0 2\u2033 ho\u1eb7c 3-4\u2033, \u0111\u00e1p \u1ee9ng c\u00e1c nhi\u1ec7m v\u1ee5 \u0111o l\u01b0\u1eddng kh\u1eaft khe nh\u1ea5t, n\u01a1i y\u00eau c\u1ea7u \u0111\u1ed9 ch\u00ednh x\u00e1c cao nh\u1ea5t. C\u1ea5u tr\u00fac ch\u1eafc ch\u1eafn bao g\u1ed3m b\u1ed9 chuy\u1ec3n \u0111\u1ed5i b\u1eb1ng th\u00e9p kh\u00f4ng g\u1ec9 v\u1edbi ren trong ti\u00eau chu\u1ea9n 5\/8\u2033-11, \u0111\u1ea3m b\u1ea3o kh\u1ea3 n\u0103ng ch\u1ed1ng \u0103n m\u00f2n v\u00e0 kh\u1edbp ho\u00e0n h\u1ea3o v\u1edbi h\u1ea7u h\u1ebft c\u00e1c c\u1ed9t \u0111o \u0111\u1ea1c th\u00f4ng d\u1ee5ng.<\/p>","protected":false},"excerpt":{"rendered":"<ul>\n<li>Vi\u1ec7c m\u00e3 h\u00f3a m\u00e0u s\u1eafc ri\u00eang bi\u1ec7t c\u1ee7a c\u1ee5m l\u0103ng k\u00ednh Z14UC-YG v\u00e0 c\u1ee5m l\u0103ng k\u00ednh Z14UC-YY gi\u00fap \u0111\u01a1n gi\u1ea3n h\u00f3a quy tr\u00ecnh l\u00e0m vi\u1ec7c cho c\u00e1c nh\u00f3m s\u1eed d\u1ee5ng nhi\u1ec1u c\u1ea5u h\u00ecnh kh\u00e1c nhau.<\/li>\n<li>\u0110i k\u00e8m v\u1edbi t\u00fai \u0111\u1ef1ng b\u1ea3o v\u1ec7.<\/li>\n<li>B\u1ed9 l\u0103ng k\u00ednh nghi\u00eang \u0111\u01a1n n\u00e0y \u0111\u01b0\u1ee3c trang b\u1ecb ho\u00e0n h\u1ea3o cho c\u1ea3 vi\u1ec7c l\u01b0u tr\u1eef c\u00f3 t\u1ed5 ch\u1ee9c v\u00e0 v\u1eadn chuy\u1ec3n d\u1ec5 d\u00e0ng gi\u1eefa c\u00e1c c\u00f4ng tr\u01b0\u1eddng.<\/li>\n<\/ul>","protected":false},"featured_media":2659,"comment_status":"open","ping_status":"closed","template":"","meta":[],"product_brand":[],"product_cat":[72,103],"product_tag":[],"class_list":{"0":"post-2654","1":"product","2":"type-product","3":"status-publish","4":"has-post-thumbnail","6":"product_cat-reflective-target-prism","7":"product_cat-prism-assembly","9":"first","10":"instock","11":"shipping-taxable","12":"product-type-simple"},"_links":{"self":[{"href":"https:\/\/mountlaser.com\/vi\/wp-json\/wp\/v2\/product\/2654","targetHints":{"allow":["GET"]}}],"collection":[{"href":"https:\/\/mountlaser.com\/vi\/wp-json\/wp\/v2\/product"}],"about":[{"href":"https:\/\/mountlaser.com\/vi\/wp-json\/wp\/v2\/types\/product"}],"replies":[{"embeddable":true,"href":"https:\/\/mountlaser.com\/vi\/wp-json\/wp\/v2\/comments?post=2654"}],"wp:featuredmedia":[{"embeddable":true,"href":"https:\/\/mountlaser.com\/vi\/wp-json\/wp\/v2\/media\/2659"}],"wp:attachment":[{"href":"https:\/\/mountlaser.com\/vi\/wp-json\/wp\/v2\/media?parent=2654"}],"wp:term":[{"taxonomy":"product_brand","embeddable":true,"href":"https:\/\/mountlaser.com\/vi\/wp-json\/wp\/v2\/product_brand?post=2654"},{"taxonomy":"product_cat","embeddable":true,"href":"https:\/\/mountlaser.com\/vi\/wp-json\/wp\/v2\/product_cat?post=2654"},{"taxonomy":"product_tag","embeddable":true,"href":"https:\/\/mountlaser.com\/vi\/wp-json\/wp\/v2\/product_tag?post=2654"}],"curies":[{"name":"trang web","href":"https:\/\/api.w.org\/{rel}","templated":true}]}}