{"id":2638,"date":"2025-10-16T08:05:14","date_gmt":"2025-10-16T08:05:14","guid":{"rendered":"https:\/\/mountlaser.com\/?post_type=product&#038;p=2638"},"modified":"2025-11-28T06:47:20","modified_gmt":"2025-11-28T06:47:20","slug":"z34b-prism-assembly","status":"publish","type":"product","link":"https:\/\/mountlaser.com\/vi\/san-pham\/z34b-prism-assembly\/","title":{"rendered":"B\u1ed9 l\u1eafp r\u00e1p l\u0103ng k\u00ednh Z34B"},"content":{"rendered":"<p>N\u00e2ng t\u1ea7m c\u00e1c d\u1ef1 \u00e1n kh\u1ea3o s\u00e1t c\u1ee7a b\u1ea1n v\u1edbi<a href=\"https:\/\/mountlaser.com\/vi\/\"><strong> B\u1ed9 l\u1eafp r\u00e1p l\u0103ng k\u00ednh Z34B<\/strong><\/a>, \u0110\u00e2y l\u00e0 h\u1ec7 th\u1ed1ng l\u0103ng k\u00ednh ba l\u1edbp ki\u1ec3u Nh\u1eadt B\u1ea3n c\u00f3 \u0111\u1ed9 ch\u00ednh x\u00e1c cao, \u0111\u01b0\u1ee3c thi\u1ebft k\u1ebf cho c\u00e1c \u1ee9ng d\u1ee5ng \u0111\u00f2i h\u1ecfi kh\u1eaft khe. H\u1ec7 th\u1ed1ng m\u1ea1nh m\u1ebd n\u00e0y \u0111\u01b0\u1ee3c thi\u1ebft k\u1ebf \u0111\u1ec3 mang l\u1ea1i \u0111\u1ed9 ch\u00ednh x\u00e1c v\u00e0 t\u00ednh linh ho\u1ea1t v\u01b0\u1ee3t tr\u1ed9i trong th\u1ef1c t\u1ebf.<\/p>\n<p><a href=\"https:\/\/mountlaser.com\/vi\/products\/\"><strong>B\u1ed9 l\u1eafp r\u00e1p l\u0103ng k\u00ednh ba chi\u1ec1u c\u00f3 th\u1ec3 nghi\u00eang<\/strong><\/a> S\u1ef1 k\u1ebft h\u1ee3p gi\u1eefa quang h\u1ecdc ch\u1ea5t l\u01b0\u1ee3ng cao, kh\u1ea3 n\u0103ng nghi\u00eang v\u00e0 d\u1ecbch chuy\u1ec3n linh ho\u1ea1t c\u00f9ng c\u1ea5u tr\u00fac ch\u1eafc ch\u1eafn \u0111\u00e3 bi\u1ebfn B\u1ed9 ba l\u0103ng k\u00ednh nghi\u00eang tr\u1edf th\u00e0nh c\u00f4ng c\u1ee5 kh\u00f4ng th\u1ec3 thi\u1ebfu cho c\u00e1c kh\u1ea3o s\u00e1t \u0111\u1ecba h\u00ecnh, b\u1ed1 tr\u00ed c\u00f4ng tr\u00ecnh v\u00e0 c\u00e1c nhi\u1ec7m v\u1ee5 \u0111o l\u01b0\u1eddng ch\u00ednh x\u00e1c kh\u00e1c.<\/p>\n<p><img fetchpriority=\"high\" decoding=\"async\" class=\"wp-image-2693 aligncenter\" src=\"https:\/\/mountlaser.com\/wp-content\/uploads\/2025\/10\/Z34B-YY-2.webp\" alt=\"Tilting Triple Prism Assembly\" width=\"500\" height=\"500\" srcset=\"https:\/\/mountlaser.com\/wp-content\/uploads\/2025\/10\/Z34B-YY-2.webp 1000w, https:\/\/mountlaser.com\/wp-content\/uploads\/2025\/10\/Z34B-YY-2-300x300.webp 300w, https:\/\/mountlaser.com\/wp-content\/uploads\/2025\/10\/Z34B-YY-2-400x400.webp 400w, https:\/\/mountlaser.com\/wp-content\/uploads\/2025\/10\/Z34B-YY-2-800x800.webp 800w, https:\/\/mountlaser.com\/wp-content\/uploads\/2025\/10\/Z34B-YY-2-600x600.webp 600w, https:\/\/mountlaser.com\/wp-content\/uploads\/2025\/10\/Z34B-YY-2-150x150.webp 150w, https:\/\/mountlaser.com\/wp-content\/uploads\/2025\/10\/Z34B-YY-2-768x768.webp 768w, https:\/\/mountlaser.com\/wp-content\/uploads\/2025\/10\/Z34B-YY-2-12x12.webp 12w\" sizes=\"(max-width: 500px) 100vw, 500px\" \/><\/p>\n<p>Mount Laser cung c\u1ea5p b\u1ed9 l\u1eafp r\u00e1p l\u0103ng k\u00ednh Z34B v\u1edbi hai m\u1eabu m\u00e3 m\u00e0u kh\u00e1c nhau \u0111\u1ec3 d\u1ec5 nh\u1eadn bi\u1ebft: <a href=\"https:\/\/mountlaser.com\/vi\/contact-us\/\">B\u1ed9 l\u1eafp r\u00e1p l\u0103ng k\u00ednh Z34B-YY<\/a> (V\u00e0ng-V\u00e0ng) v\u00e0 c\u1ee5m l\u0103ng k\u00ednh Z34B-YY (\u0110\u1ecf-V\u00e0ng), \u0111\u1ea3m b\u1ea3o b\u1ea1n c\u00f3 c\u00f4ng c\u1ee5 ph\u00f9 h\u1ee3p v\u1edbi y\u00eau c\u1ea7u quy tr\u00ecnh l\u00e0m vi\u1ec7c c\u1ee5 th\u1ec3 c\u1ee7a m\u00ecnh.<\/p>","protected":false},"excerpt":{"rendered":"<ul>\n<li>B\u1ed9 chuy\u1ec3n \u0111\u1ed5i ren trong 5\/8\u2033-11 b\u1eb1ng th\u00e9p kh\u00f4ng g\u1ec9 t\u00edch h\u1ee3p \u0111\u1ea3m b\u1ea3o kh\u1edbp n\u1ed1i ch\u1eafc ch\u1eafn v\u1edbi b\u1ea5t k\u1ef3 tr\u1ee5 l\u0103ng k\u00ednh ho\u1eb7c b\u1ed9 chuy\u1ec3n \u0111\u1ed5i ti\u00eau chu\u1ea9n 5\/8\u2033-11 n\u00e0o.<\/li>\n<li>\u0110\u1ea3m b\u1ea3o t\u00edch h\u1ee3p li\u1ec1n m\u1ea1ch v\u1edbi thi\u1ebft b\u1ecb hi\u1ec7n c\u00f3 c\u1ee7a b\u1ea1n.<\/li>\n<li>B\u1ed9 l\u1eafp r\u00e1p l\u0103ng k\u00ednh Z34B cung c\u1ea5p kh\u1ea3 n\u0103ng th\u00edch \u1ee9ng c\u1ea7n thi\u1ebft \u0111\u1ec3 gi\u1ea3i quy\u1ebft c\u00e1c nhi\u1ec7m v\u1ee5 kh\u1ea3o s\u00e1t ph\u1ee9c t\u1ea1p, t\u1eeb vi\u1ec7c c\u0103n ch\u1ec9nh tr\u00ean cao \u0111\u1ebfn c\u00e1c c\u00f4ng vi\u1ec7c b\u1ed1 tr\u00ed chi ti\u1ebft.<\/li>\n<\/ul>","protected":false},"featured_media":2698,"comment_status":"open","ping_status":"closed","template":"","meta":[],"product_brand":[],"product_cat":[72,103],"product_tag":[],"class_list":{"0":"post-2638","1":"product","2":"type-product","3":"status-publish","4":"has-post-thumbnail","6":"product_cat-reflective-target-prism","7":"product_cat-prism-assembly","9":"first","10":"instock","11":"shipping-taxable","12":"product-type-simple"},"_links":{"self":[{"href":"https:\/\/mountlaser.com\/vi\/wp-json\/wp\/v2\/product\/2638","targetHints":{"allow":["GET"]}}],"collection":[{"href":"https:\/\/mountlaser.com\/vi\/wp-json\/wp\/v2\/product"}],"about":[{"href":"https:\/\/mountlaser.com\/vi\/wp-json\/wp\/v2\/types\/product"}],"replies":[{"embeddable":true,"href":"https:\/\/mountlaser.com\/vi\/wp-json\/wp\/v2\/comments?post=2638"}],"wp:featuredmedia":[{"embeddable":true,"href":"https:\/\/mountlaser.com\/vi\/wp-json\/wp\/v2\/media\/2698"}],"wp:attachment":[{"href":"https:\/\/mountlaser.com\/vi\/wp-json\/wp\/v2\/media?parent=2638"}],"wp:term":[{"taxonomy":"product_brand","embeddable":true,"href":"https:\/\/mountlaser.com\/vi\/wp-json\/wp\/v2\/product_brand?post=2638"},{"taxonomy":"product_cat","embeddable":true,"href":"https:\/\/mountlaser.com\/vi\/wp-json\/wp\/v2\/product_cat?post=2638"},{"taxonomy":"product_tag","embeddable":true,"href":"https:\/\/mountlaser.com\/vi\/wp-json\/wp\/v2\/product_tag?post=2638"}],"curies":[{"name":"trang web","href":"https:\/\/api.w.org\/{rel}","templated":true}]}}