{"id":2629,"date":"2025-10-14T09:27:02","date_gmt":"2025-10-14T09:27:02","guid":{"rendered":"https:\/\/mountlaser.com\/?post_type=product&#038;p=2629"},"modified":"2025-11-28T06:48:18","modified_gmt":"2025-11-28T06:48:18","slug":"z14ub-prism-assembly","status":"publish","type":"product","link":"https:\/\/mountlaser.com\/vi\/san-pham\/z14ub-prism-assembly\/","title":{"rendered":"B\u1ed9 l\u1eafp r\u00e1p l\u0103ng k\u00ednh Z14UB"},"content":{"rendered":"<p><a href=\"https:\/\/mountlaser.com\/vi\/\">Z14UB <strong>L\u0103ng k\u00ednh nghi\u00eang \u0111\u01a1n ho\u00e0n to\u00e0n b\u1eb1ng kim lo\u1ea1i<\/strong> <\/a>| B\u1ed9 ph\u1eadn l\u1eafp r\u00e1p b\u1ec1n ch\u1eafc 64mm d\u00f9ng cho kh\u1ea3o s\u00e1t ch\u00ednh x\u00e1c<\/p>\n<p>C\u00e1i <a href=\"https:\/\/mountlaser.com\/vi\/products\/\"><strong>B\u1ed9 l\u1eafp r\u00e1p l\u0103ng k\u00ednh Z14UB<\/strong><\/a> \u0110\u00e2y l\u00e0 gi\u1ea3i ph\u00e1p ho\u00e0n to\u00e0n b\u1eb1ng kim lo\u1ea1i m\u1ea1nh m\u1ebd trong l\u0129nh v\u1ef1c kh\u1ea3o s\u00e1t ch\u00ednh x\u00e1c. L\u0103ng k\u00ednh \u0111\u01a1n nghi\u00eang ho\u00e0n to\u00e0n b\u1eb1ng kim lo\u1ea1i ch\u1ea5t l\u01b0\u1ee3ng cao n\u00e0y \u0111\u01b0\u1ee3c thi\u1ebft k\u1ebf \u0111\u1ec3 b\u1ec1n b\u1ec9 v\u00e0 ch\u00ednh x\u00e1c, v\u1edbi ki\u1ec3u d\u00e1ng ki\u1ec3u Nh\u1eadt B\u1ea3n \u0111\u01b0\u1ee3c ch\u1ebf t\u1ea1o \u0111\u1ec3 ch\u1ecbu \u0111\u01b0\u1ee3c \u0111i\u1ec1u ki\u1ec7n s\u1eed d\u1ee5ng kh\u1eafc nghi\u1ec7t ngo\u00e0i hi\u1ec7n tr\u01b0\u1eddng. S\u1ea3n ph\u1ea9m c\u00f3 hai m\u1eabu m\u00e3 m\u00e0u kh\u00e1c nhau \u0111\u1ec3 t\u1ed1i \u01b0u h\u00f3a s\u1ef1 ph\u1ed1i h\u1ee3p nh\u00f3m v\u00e0 d\u1ec5 d\u00e0ng nh\u1eadn bi\u1ebft: B\u1ed9 l\u0103ng k\u00ednh Z14UB-YY (V\u00e0ng-V\u00e0ng) v\u00e0 B\u1ed9 l\u0103ng k\u00ednh Z14UB-RO (\u0110\u1ecf-Cam). Cho d\u00f9 nh\u00f3m c\u1ee7a b\u1ea1n \u0111\u01b0\u1ee3c trang b\u1ecb B\u1ed9 l\u0103ng k\u00ednh Z14UB-YY d\u1ec5 nh\u1eadn bi\u1ebft hay B\u1ed9 l\u0103ng k\u00ednh Z14UB-RO, b\u1ea1n \u0111\u1ec1u \u0111\u01b0\u1ee3c \u0111\u1ea3m b\u1ea3o hi\u1ec7u su\u1ea5t nh\u1ea5t qu\u00e1n v\u00e0 \u0111\u00e1ng tin c\u1eady.<\/p>\n<p><img fetchpriority=\"high\" decoding=\"async\" class=\"aligncenter wp-image-2633\" src=\"https:\/\/mountlaser.com\/wp-content\/uploads\/2025\/10\/Z14UB-RO-2.webp\" alt=\"All-Metal Single Tilt Prism \" width=\"500\" height=\"500\" srcset=\"https:\/\/mountlaser.com\/wp-content\/uploads\/2025\/10\/Z14UB-RO-2.webp 1000w, https:\/\/mountlaser.com\/wp-content\/uploads\/2025\/10\/Z14UB-RO-2-300x300.webp 300w, https:\/\/mountlaser.com\/wp-content\/uploads\/2025\/10\/Z14UB-RO-2-400x400.webp 400w, https:\/\/mountlaser.com\/wp-content\/uploads\/2025\/10\/Z14UB-RO-2-800x800.webp 800w, https:\/\/mountlaser.com\/wp-content\/uploads\/2025\/10\/Z14UB-RO-2-600x600.webp 600w, https:\/\/mountlaser.com\/wp-content\/uploads\/2025\/10\/Z14UB-RO-2-150x150.webp 150w, https:\/\/mountlaser.com\/wp-content\/uploads\/2025\/10\/Z14UB-RO-2-768x768.webp 768w, https:\/\/mountlaser.com\/wp-content\/uploads\/2025\/10\/Z14UB-RO-2-12x12.webp 12w\" sizes=\"(max-width: 500px) 100vw, 500px\" \/><\/p>\n<p>\u0110\u01b0\u1ee3c thi\u1ebft k\u1ebf d\u1ef1a tr\u00ean <a href=\"https:\/\/mountlaser.com\/vi\/contact-us\/\">l\u0103ng k\u00ednh ch\u00ednh x\u00e1c 64mm<\/a>, C\u1ee5m th\u1ea5u k\u00ednh n\u00e0y mang l\u1ea1i hi\u1ec7u su\u1ea5t quang h\u1ecdc v\u01b0\u1ee3t tr\u1ed9i c\u1ea7n thi\u1ebft cho c\u00e1c nhi\u1ec7m v\u1ee5 \u0111o l\u01b0\u1eddng quan tr\u1ecdng, bi\u1ebfn n\u00f3 tr\u1edf th\u00e0nh c\u00f4ng c\u1ee5 kh\u00f4ng th\u1ec3 thi\u1ebfu trong x\u00e2y d\u1ef1ng, k\u1ef9 thu\u1eadt v\u00e0 kh\u1ea3o s\u00e1t \u0111\u1ecba h\u00ecnh.<\/p>","protected":false},"excerpt":{"rendered":"<ul>\n<li>Kh\u1ea3 n\u0103ng \u0111\u1ecbnh v\u1ecb linh ho\u1ea1t: H\u1ed7 tr\u1ee3 c\u1ea3 \u0111\u1ed9 l\u1ec7ch 0mm v\u00e0 -30mm, \u0111\u1ed3ng th\u1eddi \u0111\u01b0\u1ee3c trang b\u1ecb tr\u1ee5c nghi\u00eang cao 100mm gi\u00fap thi\u1ebft l\u1eadp linh ho\u1ea1t v\u00e0 ch\u00ednh x\u00e1c trong nhi\u1ec1u t\u00ecnh hu\u1ed1ng kh\u00e1c nhau.<\/li>\n<li>S\u1eb5n s\u00e0ng s\u1eed d\u1ee5ng ngay l\u1eadp t\u1ee9c: \u0110\u01b0\u1ee3c \u0111\u00f3ng g\u00f3i k\u00e8m h\u1ed9p \u0111\u1ef1ng ti\u1ec7n d\u1ee5ng \u0111\u1ec3 tri\u1ec3n khai ngay l\u1eadp t\u1ee9c v\u00e0 b\u1ea3o v\u1ec7 \u0111\u00e1ng tin c\u1eady trong qu\u00e1 tr\u00ecnh v\u1eadn chuy\u1ec3n v\u00e0 l\u01b0u tr\u1eef.<\/li>\n<\/ul>","protected":false},"featured_media":2630,"comment_status":"open","ping_status":"closed","template":"","meta":[],"product_brand":[],"product_cat":[103,72],"product_tag":[],"class_list":{"0":"post-2629","1":"product","2":"type-product","3":"status-publish","4":"has-post-thumbnail","6":"product_cat-prism-assembly","7":"product_cat-reflective-target-prism","9":"first","10":"instock","11":"shipping-taxable","12":"product-type-simple"},"_links":{"self":[{"href":"https:\/\/mountlaser.com\/vi\/wp-json\/wp\/v2\/product\/2629","targetHints":{"allow":["GET"]}}],"collection":[{"href":"https:\/\/mountlaser.com\/vi\/wp-json\/wp\/v2\/product"}],"about":[{"href":"https:\/\/mountlaser.com\/vi\/wp-json\/wp\/v2\/types\/product"}],"replies":[{"embeddable":true,"href":"https:\/\/mountlaser.com\/vi\/wp-json\/wp\/v2\/comments?post=2629"}],"wp:featuredmedia":[{"embeddable":true,"href":"https:\/\/mountlaser.com\/vi\/wp-json\/wp\/v2\/media\/2630"}],"wp:attachment":[{"href":"https:\/\/mountlaser.com\/vi\/wp-json\/wp\/v2\/media?parent=2629"}],"wp:term":[{"taxonomy":"product_brand","embeddable":true,"href":"https:\/\/mountlaser.com\/vi\/wp-json\/wp\/v2\/product_brand?post=2629"},{"taxonomy":"product_cat","embeddable":true,"href":"https:\/\/mountlaser.com\/vi\/wp-json\/wp\/v2\/product_cat?post=2629"},{"taxonomy":"product_tag","embeddable":true,"href":"https:\/\/mountlaser.com\/vi\/wp-json\/wp\/v2\/product_tag?post=2629"}],"curies":[{"name":"trang web","href":"https:\/\/api.w.org\/{rel}","templated":true}]}}