{"id":2622,"date":"2025-10-14T09:14:49","date_gmt":"2025-10-14T09:14:49","guid":{"rendered":"https:\/\/mountlaser.com\/?post_type=product&#038;p=2622"},"modified":"2025-11-28T06:49:44","modified_gmt":"2025-11-28T06:49:44","slug":"z14u-prism-assembly","status":"publish","type":"product","link":"https:\/\/mountlaser.com\/vi\/san-pham\/z14u-prism-assembly\/","title":{"rendered":"B\u1ed9 l\u1eafp r\u00e1p l\u0103ng k\u00ednh Z14U"},"content":{"rendered":"<p><a href=\"https:\/\/mountlaser.com\/vi\/\"><strong>B\u1ed9 l\u1eafp r\u00e1p l\u0103ng k\u00ednh Z14U<\/strong><\/a> | L\u0103ng k\u00ednh 64mm \u0111\u1ed9 ch\u00ednh x\u00e1c cao d\u00e0nh cho kh\u1ea3o s\u00e1t chuy\u00ean nghi\u1ec7p<\/p>\n<p>B\u1ed9 l\u0103ng k\u00ednh Z14U l\u00e0 m\u1ed9t ph\u1ee5 ki\u1ec7n kh\u1ea3o s\u00e1t hi\u1ec7u su\u1ea5t cao \u0111\u01b0\u1ee3c thi\u1ebft k\u1ebf d\u00e0nh cho c\u00e1c chuy\u00ean gia y\u00eau c\u1ea7u \u0111\u1ed9 ch\u00ednh x\u00e1c tuy\u1ec7t \u0111\u1ed1i v\u00e0 c\u1ea5u tr\u00fac ch\u1eafc ch\u1eafn. B\u1ed9 l\u0103ng k\u00ednh n\u00e0y \u0111\u01b0\u1ee3c cung c\u1ea5p v\u1edbi hai m\u1eabu m\u00e3 m\u00e0u kh\u00e1c nhau \u0111\u1ec3 \u0111\u01a1n gi\u1ea3n h\u00f3a vi\u1ec7c nh\u1eadn di\u1ec7n t\u1ea1i hi\u1ec7n tr\u01b0\u1eddng v\u00e0 quy tr\u00ecnh l\u00e0m vi\u1ec7c: B\u1ed9 l\u0103ng k\u00ednh Z14U-RO (\u0110\u1ecf-Cam) v\u00e0 B\u1ed9 l\u0103ng k\u00ednh Z14U-YY (V\u00e0ng-V\u00e0ng). Cho d\u00f9 b\u1ea1n ch\u1ecdn m\u1eabu c\u00f3 m\u00e0u s\u1eafc d\u1ec5 nh\u1eadn bi\u1ebft h\u01a1n, <a href=\"https:\/\/mountlaser.com\/vi\/products\/\"><strong>B\u1ed9 l\u1eafp r\u00e1p l\u0103ng k\u00ednh Z14U-RO<\/strong> <\/a>Ho\u1eb7c v\u1edbi c\u1ee5m l\u0103ng k\u00ednh Z14U-YY, b\u1ea1n \u0111\u01b0\u1ee3c \u0111\u1ea3m b\u1ea3o s\u1edf h\u1eefu m\u1ed9t c\u00f4ng c\u1ee5 \u0111\u01b0\u1ee3c ch\u1ebf t\u1ea1o theo ti\u00eau chu\u1ea9n cao nh\u1ea5t.<\/p>\n<p><img fetchpriority=\"high\" decoding=\"async\" class=\"aligncenter wp-image-2623\" src=\"https:\/\/mountlaser.com\/wp-content\/uploads\/2025\/10\/Z14U-YY-1.webp\" alt=\"Z14U Prism Assmbly\" width=\"500\" height=\"500\" srcset=\"https:\/\/mountlaser.com\/wp-content\/uploads\/2025\/10\/Z14U-YY-1.webp 1000w, https:\/\/mountlaser.com\/wp-content\/uploads\/2025\/10\/Z14U-YY-1-300x300.webp 300w, https:\/\/mountlaser.com\/wp-content\/uploads\/2025\/10\/Z14U-YY-1-400x400.webp 400w, https:\/\/mountlaser.com\/wp-content\/uploads\/2025\/10\/Z14U-YY-1-800x800.webp 800w, https:\/\/mountlaser.com\/wp-content\/uploads\/2025\/10\/Z14U-YY-1-600x600.webp 600w, https:\/\/mountlaser.com\/wp-content\/uploads\/2025\/10\/Z14U-YY-1-150x150.webp 150w, https:\/\/mountlaser.com\/wp-content\/uploads\/2025\/10\/Z14U-YY-1-768x768.webp 768w, https:\/\/mountlaser.com\/wp-content\/uploads\/2025\/10\/Z14U-YY-1-12x12.webp 12w\" sizes=\"(max-width: 500px) 100vw, 500px\" \/><\/p>\n<p>\u0110\u01b0\u1ee3c ch\u1ebf t\u1ea1o v\u1edbi l\u0103ng k\u00ednh ch\u00ednh x\u00e1c 64mm, b\u1ed9 ph\u1eadn n\u00e0y c\u00f3 kh\u1ea3 n\u0103ng x\u1eed l\u00fd c\u00e1c nhi\u1ec7m v\u1ee5 \u0111o \u0111\u1ea1c kh\u1eaft khe nh\u1ea5t, cung c\u1ea5p d\u1eef li\u1ec7u \u0111\u00e1ng tin c\u1eady t\u1ea1i nhi\u1ec1u \u0111\u1ecba \u0111i\u1ec3m kh\u1ea3o s\u00e1t \u0111\u1ecba h\u00ecnh v\u00e0 x\u00e2y d\u1ef1ng kh\u00e1c nhau. Thi\u1ebft k\u1ebf b\u1ec1n b\u1ec9 \u0111\u1ea3m b\u1ea3o hi\u1ec7u su\u1ea5t l\u00e2u d\u00e0i, bi\u1ebfn n\u00f3 tr\u1edf th\u00e0nh l\u1ef1a ch\u1ecdn \u0111\u00e1ng tin c\u1eady cho vi\u1ec7c s\u1eed d\u1ee5ng h\u00e0ng ng\u00e0y.<\/p>\n<p><img decoding=\"async\" class=\"aligncenter wp-image-2627\" src=\"https:\/\/mountlaser.com\/wp-content\/uploads\/2025\/10\/Z14U-RO-2.webp\" alt=\"Z14U Prism Assmbly\" width=\"500\" height=\"500\" srcset=\"https:\/\/mountlaser.com\/wp-content\/uploads\/2025\/10\/Z14U-RO-2.webp 800w, https:\/\/mountlaser.com\/wp-content\/uploads\/2025\/10\/Z14U-RO-2-300x300.webp 300w, https:\/\/mountlaser.com\/wp-content\/uploads\/2025\/10\/Z14U-RO-2-400x400.webp 400w, https:\/\/mountlaser.com\/wp-content\/uploads\/2025\/10\/Z14U-RO-2-600x600.webp 600w, https:\/\/mountlaser.com\/wp-content\/uploads\/2025\/10\/Z14U-RO-2-150x150.webp 150w, https:\/\/mountlaser.com\/wp-content\/uploads\/2025\/10\/Z14U-RO-2-768x768.webp 768w, https:\/\/mountlaser.com\/wp-content\/uploads\/2025\/10\/Z14U-RO-2-12x12.webp 12w\" sizes=\"(max-width: 500px) 100vw, 500px\" \/><\/p>","protected":false},"excerpt":{"rendered":"<ul>\n<li>S\u1ea3n ph\u1ea9m c\u00f3 t\u00ednh n\u0103ng \u0111i\u1ec1u ch\u1ec9nh \u0111\u1ed9 l\u1ec7ch l\u0103ng k\u00ednh 0mm ho\u1eb7c -30mm v\u00e0 chi\u1ec1u cao tr\u1ee5c nghi\u00eang 100mm, cho ph\u00e9p thi\u1ebft l\u1eadp linh ho\u1ea1t v\u00e0 nh\u1eafm m\u1ee5c ti\u00eau ch\u00ednh x\u00e1c.<\/li>\n<li>T\u00ednh di \u0111\u1ed9ng ho\u00e0n h\u1ea3o: Bao g\u1ed3m m\u1ed9t t\u00fai \u0111\u1ef1ng b\u1ec1n ch\u1eafc \u0111\u1ec3 b\u1ea3o v\u1ec7 t\u1ed1i \u01b0u v\u00e0 d\u1ec5 d\u00e0ng v\u1eadn chuy\u1ec3n thi\u1ebft b\u1ecb gi\u1eefa c\u00e1c c\u00f4ng tr\u01b0\u1eddng.<\/li>\n<\/ul>","protected":false},"featured_media":2625,"comment_status":"open","ping_status":"closed","template":"","meta":[],"product_brand":[],"product_cat":[103,72],"product_tag":[],"class_list":{"0":"post-2622","1":"product","2":"type-product","3":"status-publish","4":"has-post-thumbnail","6":"product_cat-prism-assembly","7":"product_cat-reflective-target-prism","9":"first","10":"instock","11":"shipping-taxable","12":"product-type-simple"},"_links":{"self":[{"href":"https:\/\/mountlaser.com\/vi\/wp-json\/wp\/v2\/product\/2622","targetHints":{"allow":["GET"]}}],"collection":[{"href":"https:\/\/mountlaser.com\/vi\/wp-json\/wp\/v2\/product"}],"about":[{"href":"https:\/\/mountlaser.com\/vi\/wp-json\/wp\/v2\/types\/product"}],"replies":[{"embeddable":true,"href":"https:\/\/mountlaser.com\/vi\/wp-json\/wp\/v2\/comments?post=2622"}],"wp:featuredmedia":[{"embeddable":true,"href":"https:\/\/mountlaser.com\/vi\/wp-json\/wp\/v2\/media\/2625"}],"wp:attachment":[{"href":"https:\/\/mountlaser.com\/vi\/wp-json\/wp\/v2\/media?parent=2622"}],"wp:term":[{"taxonomy":"product_brand","embeddable":true,"href":"https:\/\/mountlaser.com\/vi\/wp-json\/wp\/v2\/product_brand?post=2622"},{"taxonomy":"product_cat","embeddable":true,"href":"https:\/\/mountlaser.com\/vi\/wp-json\/wp\/v2\/product_cat?post=2622"},{"taxonomy":"product_tag","embeddable":true,"href":"https:\/\/mountlaser.com\/vi\/wp-json\/wp\/v2\/product_tag?post=2622"}],"curies":[{"name":"trang web","href":"https:\/\/api.w.org\/{rel}","templated":true}]}}