{"id":2615,"date":"2025-10-14T08:56:06","date_gmt":"2025-10-14T08:56:06","guid":{"rendered":"https:\/\/mountlaser.com\/?post_type=product&#038;p=2615"},"modified":"2025-11-28T06:50:47","modified_gmt":"2025-11-28T06:50:47","slug":"z14b-prism-assembly","status":"publish","type":"product","link":"https:\/\/mountlaser.com\/vi\/san-pham\/z14b-prism-assembly\/","title":{"rendered":"B\u1ed9 l\u1eafp r\u00e1p l\u0103ng k\u00ednh Z14B"},"content":{"rendered":"<p>C\u00e1i <a href=\"https:\/\/mountlaser.com\/vi\/about-us\/\"><strong>B\u1ed9 l\u1eafp r\u00e1p l\u0103ng k\u00ednh Z14B<\/strong><\/a> \u0110\u00e2y l\u00e0 c\u1ee5m l\u0103ng k\u00ednh ph\u1ea3n x\u1ea1 \u0111\u01b0\u1ee3c thi\u1ebft k\u1ebf ch\u00ednh x\u00e1c d\u00e0nh cho c\u00e1c nh\u00e0 kh\u1ea3o s\u00e1t kh\u00f4ng th\u1ec3 th\u1ecfa hi\u1ec7p v\u1ec1 \u0111\u1ed9 ch\u00ednh x\u00e1c ho\u1eb7c \u0111\u1ed9 b\u1ec1n. C\u1ee5m l\u0103ng k\u00ednh ph\u1ea3n x\u1ea1 ch\u1ea5t l\u01b0\u1ee3ng cao n\u00e0y \u0111\u01b0\u1ee3c ch\u1ebf t\u1ea1o d\u1ef1a tr\u00ean l\u0103ng k\u00ednh 64mm v\u01b0\u1ee3t tr\u1ed9i v\u00e0 c\u00f3 hai m\u1eabu kh\u00e1c nhau, \u0111\u01b0\u1ee3c m\u00e3 h\u00f3a m\u00e0u s\u1eafc \u0111\u1ec3 d\u1ec5 d\u00e0ng nh\u1eadn bi\u1ebft t\u1ea1i hi\u1ec7n tr\u01b0\u1eddng: C\u1ee5m l\u0103ng k\u00ednh Z14B-YY (V\u00e0ng-V\u00e0ng) v\u00e0 C\u1ee5m l\u0103ng k\u00ednh Z14B-YW (V\u00e0ng-Tr\u1eafng). M\u1ed9t t\u00ednh n\u0103ng quan tr\u1ecdng l\u00e0 thi\u1ebft k\u1ebf d\u1ec5 b\u1ea3o d\u01b0\u1ee1ng, cho ph\u00e9p d\u1ec5 d\u00e0ng thay th\u1ebf b\u1eb1ng l\u0103ng k\u00ednh C14B-YY, gi\u00fap k\u00e9o d\u00e0i tu\u1ed5i th\u1ecd s\u1ea3n ph\u1ea9m v\u00e0 gi\u1ea3m chi ph\u00ed d\u00e0i h\u1ea1n.<\/p>\n<p><img fetchpriority=\"high\" decoding=\"async\" class=\"aligncenter wp-image-2619\" src=\"https:\/\/mountlaser.com\/wp-content\/uploads\/2025\/10\/Z15UB-YY-2-1.webp\" alt=\"Reflector Prism Assembly\" width=\"500\" height=\"500\" srcset=\"https:\/\/mountlaser.com\/wp-content\/uploads\/2025\/10\/Z15UB-YY-2-1.webp 1000w, https:\/\/mountlaser.com\/wp-content\/uploads\/2025\/10\/Z15UB-YY-2-1-300x300.webp 300w, https:\/\/mountlaser.com\/wp-content\/uploads\/2025\/10\/Z15UB-YY-2-1-400x400.webp 400w, https:\/\/mountlaser.com\/wp-content\/uploads\/2025\/10\/Z15UB-YY-2-1-800x800.webp 800w, https:\/\/mountlaser.com\/wp-content\/uploads\/2025\/10\/Z15UB-YY-2-1-600x600.webp 600w, https:\/\/mountlaser.com\/wp-content\/uploads\/2025\/10\/Z15UB-YY-2-1-150x150.webp 150w, https:\/\/mountlaser.com\/wp-content\/uploads\/2025\/10\/Z15UB-YY-2-1-768x768.webp 768w, https:\/\/mountlaser.com\/wp-content\/uploads\/2025\/10\/Z15UB-YY-2-1-12x12.webp 12w\" sizes=\"(max-width: 500px) 100vw, 500px\" \/><\/p>\n<p>\u0110\u01b0\u1ee3c ch\u1ebf t\u1ea1o v\u1edbi ch\u00e2n \u0111\u1ebf ch\u1eafc ch\u1eafn theo phong c\u00e1ch Nh\u1eadt B\u1ea3n, s\u1ea3n ph\u1ea9m chuy\u00ean nghi\u1ec7p n\u00e0y <a href=\"https:\/\/mountlaser.com\/vi\/products\/\"><strong>B\u1ed9 l\u1eafp r\u00e1p l\u0103ng k\u00ednh ph\u1ea3n x\u1ea1<\/strong><\/a> \u0110\u01b0\u1ee3c thi\u1ebft k\u1ebf \u0111\u1ec3 mang l\u1ea1i hi\u1ec7u n\u0103ng \u0111\u00e1ng tin c\u1eady trong nh\u1eefng m\u00f4i tr\u01b0\u1eddng kh\u1eafc nghi\u1ec7t nh\u1ea5t, \u0111\u1ea3m b\u1ea3o t\u00ednh to\u00e0n v\u1eb9n d\u1eef li\u1ec7u c\u1ee7a b\u1ea1n t\u1eeb khi thi\u1ebft l\u1eadp \u0111\u1ebfn khi ho\u00e0n t\u1ea5t.<\/p>","protected":false},"excerpt":{"rendered":"<ul>\n<li>Cung c\u1ea5p c\u00e1c t\u00f9y ch\u1ecdn b\u00f9 tr\u1eeb 0mm ho\u1eb7c -30mm v\u00e0 chi\u1ec1u cao tr\u1ee5c nghi\u00eang 100mm \u0111\u1ec3 \u0111\u1ecbnh v\u1ecb linh ho\u1ea1t v\u00e0 tham chi\u1ebfu g\u00f3c ch\u00ednh x\u00e1c.<\/li>\n<li>C\u00f3 s\u1eb5n v\u1edbi l\u1ef1a ch\u1ecdn l\u0103ng k\u00ednh ph\u1ee7 \u0111\u1ed3ng ho\u1eb7c ph\u1ee7 b\u1ea1c \u0111\u1ec3 t\u1ed1i \u01b0u h\u00f3a hi\u1ec7u su\u1ea5t cho b\u01b0\u1edbc s\u00f3ng \u0111o v\u00e0 \u0111i\u1ec1u ki\u1ec7n m\u00f4i tr\u01b0\u1eddng c\u1ee5 th\u1ec3 c\u1ee7a b\u1ea1n.<\/li>\n<\/ul>","protected":false},"featured_media":2618,"comment_status":"open","ping_status":"closed","template":"","meta":[],"product_brand":[],"product_cat":[72,103],"product_tag":[],"class_list":{"0":"post-2615","1":"product","2":"type-product","3":"status-publish","4":"has-post-thumbnail","6":"product_cat-reflective-target-prism","7":"product_cat-prism-assembly","9":"first","10":"instock","11":"shipping-taxable","12":"product-type-simple"},"_links":{"self":[{"href":"https:\/\/mountlaser.com\/vi\/wp-json\/wp\/v2\/product\/2615","targetHints":{"allow":["GET"]}}],"collection":[{"href":"https:\/\/mountlaser.com\/vi\/wp-json\/wp\/v2\/product"}],"about":[{"href":"https:\/\/mountlaser.com\/vi\/wp-json\/wp\/v2\/types\/product"}],"replies":[{"embeddable":true,"href":"https:\/\/mountlaser.com\/vi\/wp-json\/wp\/v2\/comments?post=2615"}],"wp:featuredmedia":[{"embeddable":true,"href":"https:\/\/mountlaser.com\/vi\/wp-json\/wp\/v2\/media\/2618"}],"wp:attachment":[{"href":"https:\/\/mountlaser.com\/vi\/wp-json\/wp\/v2\/media?parent=2615"}],"wp:term":[{"taxonomy":"product_brand","embeddable":true,"href":"https:\/\/mountlaser.com\/vi\/wp-json\/wp\/v2\/product_brand?post=2615"},{"taxonomy":"product_cat","embeddable":true,"href":"https:\/\/mountlaser.com\/vi\/wp-json\/wp\/v2\/product_cat?post=2615"},{"taxonomy":"product_tag","embeddable":true,"href":"https:\/\/mountlaser.com\/vi\/wp-json\/wp\/v2\/product_tag?post=2615"}],"curies":[{"name":"trang web","href":"https:\/\/api.w.org\/{rel}","templated":true}]}}