{"id":2607,"date":"2025-10-14T08:14:59","date_gmt":"2025-10-14T08:14:59","guid":{"rendered":"https:\/\/mountlaser.com\/?post_type=product&#038;p=2607"},"modified":"2025-11-28T06:57:39","modified_gmt":"2025-11-28T06:57:39","slug":"z15ud-prism-assembly","status":"publish","type":"product","link":"https:\/\/mountlaser.com\/vi\/san-pham\/z15ud-prism-assembly\/","title":{"rendered":"B\u1ed9 l\u1eafp r\u00e1p l\u0103ng k\u00ednh Z15UD"},"content":{"rendered":"<p>C\u00e1i <a href=\"https:\/\/mountlaser.com\/vi\/products\/\"><strong>B\u1ed9 l\u1eafp r\u00e1p l\u0103ng k\u00ednh Z15UD<\/strong><\/a> \u0110\u01b0\u1ee3c s\u1ea3n xu\u1ea5t b\u1edfi m\u1ed9t nh\u00e0 s\u1ea3n xu\u1ea5t c\u1ee5m l\u0103ng k\u00ednh h\u00e0ng \u0111\u1ea7u.<\/p>\n<p>Z15UD th\u1ec3 hi\u1ec7n cam k\u1ebft v\u1ec1 ch\u1ea5t l\u01b0\u1ee3ng v\u00e0 \u0111\u1ed9 ch\u00ednh x\u00e1c t\u1eeb m\u1ed9t nh\u00e0 s\u1ea3n xu\u1ea5t c\u1ee5m l\u0103ng k\u00ednh \u0111\u00e1ng tin c\u1eady. \u0110\u01b0\u1ee3c thi\u1ebft k\u1ebf d\u00e0nh cho c\u00e1c chuy\u00ean gia kh\u1ea3o s\u00e1t y\u00eau c\u1ea7u hi\u1ec7u su\u1ea5t \u0111\u00e1ng tin c\u1eady trong th\u1ef1c \u0111\u1ecba, c\u1ee5m l\u0103ng k\u00ednh n\u00e0y k\u1ebft h\u1ee3p l\u0103ng k\u00ednh 64mm ch\u1ea5t l\u01b0\u1ee3ng cao v\u1edbi ch\u00e2n \u0111\u1ebf ch\u1eafc ch\u1eafn theo ki\u1ec3u Nh\u1eadt B\u1ea3n. L\u00e0 m\u1ed9t s\u1ea3n ph\u1ea9m Z15UD chuy\u00ean d\u1ee5ng, ch\u00fang t\u00f4i cung c\u1ea5p c\u00f4ng c\u1ee5 ch\u00ednh x\u00e1c n\u00e0y v\u1edbi hai m\u1eabu m\u00e3 m\u00e0u kh\u00e1c nhau \u0111\u1ec3 d\u1ec5 nh\u1eadn bi\u1ebft: C\u1ee5m l\u0103ng k\u00ednh Z15UD-RR (\u0110\u1ecf-\u0110\u1ecf) v\u00e0 C\u1ee5m l\u0103ng k\u00ednh Z15UD-YB (V\u00e0ng-\u0110en).<\/p>\n<p><img fetchpriority=\"high\" decoding=\"async\" class=\"aligncenter wp-image-2609\" src=\"https:\/\/mountlaser.com\/wp-content\/uploads\/2025\/10\/Z15UD-YB-2.webp\" alt=\"Prism Assembly Manufacturer\" width=\"500\" height=\"500\" srcset=\"https:\/\/mountlaser.com\/wp-content\/uploads\/2025\/10\/Z15UD-YB-2.webp 1000w, https:\/\/mountlaser.com\/wp-content\/uploads\/2025\/10\/Z15UD-YB-2-300x300.webp 300w, https:\/\/mountlaser.com\/wp-content\/uploads\/2025\/10\/Z15UD-YB-2-400x400.webp 400w, https:\/\/mountlaser.com\/wp-content\/uploads\/2025\/10\/Z15UD-YB-2-800x800.webp 800w, https:\/\/mountlaser.com\/wp-content\/uploads\/2025\/10\/Z15UD-YB-2-600x600.webp 600w, https:\/\/mountlaser.com\/wp-content\/uploads\/2025\/10\/Z15UD-YB-2-150x150.webp 150w, https:\/\/mountlaser.com\/wp-content\/uploads\/2025\/10\/Z15UD-YB-2-768x768.webp 768w, https:\/\/mountlaser.com\/wp-content\/uploads\/2025\/10\/Z15UD-YB-2-12x12.webp 12w\" sizes=\"(max-width: 500px) 100vw, 500px\" \/><\/p>\n<p>\u0110\u01b0\u1ee3c ch\u1ebf t\u1ea1o \u0111\u1ec3 ch\u1ecbu \u0111\u01b0\u1ee3c c\u00e1c \u0111i\u1ec1u ki\u1ec7n kh\u1eafc nghi\u1ec7t t\u1ea1i c\u00f4ng tr\u01b0\u1eddng, s\u1ea3n ph\u1ea9m n\u00e0y th\u1ec3 hi\u1ec7n \u0111\u1ed9 b\u1ec1n v\u00e0 s\u1ef1 ch\u00fa tr\u1ecdng \u0111\u1ebfn t\u1eebng chi ti\u1ebft m\u00e0 b\u1ea1n mong \u0111\u1ee3i t\u1eeb m\u1ed9t nh\u00e0 s\u1ea3n xu\u1ea5t chuy\u00ean nghi\u1ec7p. <a href=\"https:\/\/mountlaser.com\/vi\/about-us\/\"><strong>Nh\u00e0 s\u1ea3n xu\u1ea5t c\u1ee5m l\u0103ng k\u00ednh<\/strong><\/a>. \u0110\u00e2y l\u00e0 s\u1ef1 l\u1ef1a ch\u1ecdn l\u00fd t\u01b0\u1edfng cho nhi\u1ec1u \u1ee9ng d\u1ee5ng kh\u1ea3o s\u00e1t \u0111\u1ecba h\u00ecnh, x\u00e2y d\u1ef1ng v\u00e0 k\u1ef9 thu\u1eadt.<\/p>\n<p><img decoding=\"async\" class=\"aligncenter wp-image-2612\" src=\"https:\/\/mountlaser.com\/wp-content\/uploads\/2025\/10\/Z15UD-RR-2.webp\" alt=\"Prism Assembly Manufacturer\" width=\"500\" height=\"500\" srcset=\"https:\/\/mountlaser.com\/wp-content\/uploads\/2025\/10\/Z15UD-RR-2.webp 1000w, https:\/\/mountlaser.com\/wp-content\/uploads\/2025\/10\/Z15UD-RR-2-300x300.webp 300w, https:\/\/mountlaser.com\/wp-content\/uploads\/2025\/10\/Z15UD-RR-2-400x400.webp 400w, https:\/\/mountlaser.com\/wp-content\/uploads\/2025\/10\/Z15UD-RR-2-800x800.webp 800w, https:\/\/mountlaser.com\/wp-content\/uploads\/2025\/10\/Z15UD-RR-2-600x600.webp 600w, https:\/\/mountlaser.com\/wp-content\/uploads\/2025\/10\/Z15UD-RR-2-150x150.webp 150w, https:\/\/mountlaser.com\/wp-content\/uploads\/2025\/10\/Z15UD-RR-2-768x768.webp 768w, https:\/\/mountlaser.com\/wp-content\/uploads\/2025\/10\/Z15UD-RR-2-12x12.webp 12w\" sizes=\"(max-width: 500px) 100vw, 500px\" \/><\/p>","protected":false},"excerpt":{"rendered":"<ul>\n<li>Cung c\u1ea5p c\u00e1c t\u00f9y ch\u1ecdn b\u00f9 tr\u1eeb 0mm v\u00e0 -30mm, c\u00f9ng v\u1edbi chi\u1ec1u cao tr\u1ee5c nghi\u00eang 100mm \u0111\u1ec3 tham chi\u1ebfu g\u00f3c linh ho\u1ea1t v\u00e0 \u0111\u00e1ng tin c\u1eady.<\/li>\n<li>Ch\u00e2n \u0111\u1ebf ki\u1ec3u Nh\u1eadt \u0111\u1ea3m b\u1ea3o \u0111\u1ed9 \u1ed5n \u0111\u1ecbnh, trong khi t\u00fai \u0111\u1ef1ng \u0111i k\u00e8m gi\u00fap v\u1eadn chuy\u1ec3n an to\u00e0n v\u00e0 ti\u1ec7n l\u1ee3i.<\/li>\n<\/ul>","protected":false},"featured_media":2612,"comment_status":"open","ping_status":"closed","template":"","meta":[],"product_brand":[],"product_cat":[72,103],"product_tag":[],"class_list":{"0":"post-2607","1":"product","2":"type-product","3":"status-publish","4":"has-post-thumbnail","6":"product_cat-reflective-target-prism","7":"product_cat-prism-assembly","9":"first","10":"instock","11":"shipping-taxable","12":"product-type-simple"},"_links":{"self":[{"href":"https:\/\/mountlaser.com\/vi\/wp-json\/wp\/v2\/product\/2607","targetHints":{"allow":["GET"]}}],"collection":[{"href":"https:\/\/mountlaser.com\/vi\/wp-json\/wp\/v2\/product"}],"about":[{"href":"https:\/\/mountlaser.com\/vi\/wp-json\/wp\/v2\/types\/product"}],"replies":[{"embeddable":true,"href":"https:\/\/mountlaser.com\/vi\/wp-json\/wp\/v2\/comments?post=2607"}],"wp:featuredmedia":[{"embeddable":true,"href":"https:\/\/mountlaser.com\/vi\/wp-json\/wp\/v2\/media\/2612"}],"wp:attachment":[{"href":"https:\/\/mountlaser.com\/vi\/wp-json\/wp\/v2\/media?parent=2607"}],"wp:term":[{"taxonomy":"product_brand","embeddable":true,"href":"https:\/\/mountlaser.com\/vi\/wp-json\/wp\/v2\/product_brand?post=2607"},{"taxonomy":"product_cat","embeddable":true,"href":"https:\/\/mountlaser.com\/vi\/wp-json\/wp\/v2\/product_cat?post=2607"},{"taxonomy":"product_tag","embeddable":true,"href":"https:\/\/mountlaser.com\/vi\/wp-json\/wp\/v2\/product_tag?post=2607"}],"curies":[{"name":"trang web","href":"https:\/\/api.w.org\/{rel}","templated":true}]}}