{"id":2598,"date":"2025-10-14T07:24:18","date_gmt":"2025-10-14T07:24:18","guid":{"rendered":"https:\/\/mountlaser.com\/?post_type=product&#038;p=2598"},"modified":"2025-11-28T06:59:44","modified_gmt":"2025-11-28T06:59:44","slug":"z15ub-prism-assembly","status":"publish","type":"product","link":"https:\/\/mountlaser.com\/vi\/san-pham\/z15ub-prism-assembly\/","title":{"rendered":"B\u1ed9 l\u1eafp r\u00e1p l\u0103ng k\u00ednh Z15UB"},"content":{"rendered":"<p><a href=\"https:\/\/mountlaser.com\/vi\/about-us\/\"><strong>B\u1ed9 l\u1eafp r\u00e1p l\u0103ng k\u00ednh Z15UB<\/strong><\/a> | B\u1ed9 l\u0103ng k\u00ednh ph\u1ea3n x\u1ea1 l\u1edbn \u0111\u1ed9 ch\u00ednh x\u00e1c cao d\u00e0nh cho kh\u1ea3o s\u00e1t chuy\u00ean nghi\u1ec7p<\/p>\n<p>B\u1ed9 l\u0103ng k\u00ednh Z15UB l\u00e0 b\u1ed9 l\u0103ng k\u00ednh ph\u1ea3n x\u1ea1 l\u1edbn chuy\u00ean nghi\u1ec7p \u0111\u01b0\u1ee3c thi\u1ebft k\u1ebf d\u00e0nh cho c\u00e1c nh\u00e0 kh\u1ea3o s\u00e1t \u0111\u00f2i h\u1ecfi \u0111\u1ed9 tin c\u1eady v\u00e0 \u0111\u1ed9 ch\u00ednh x\u00e1c cao. H\u1ec7 th\u1ed1ng n\u00e0y \u0111\u01b0\u1ee3c x\u00e2y d\u1ef1ng d\u1ef1a tr\u00ean l\u0103ng k\u00ednh 64mm ch\u1ea5t l\u01b0\u1ee3ng cao, tr\u1edf th\u00e0nh l\u1ef1a ch\u1ecdn l\u00fd t\u01b0\u1edfng cho nhi\u1ec1u \u1ee9ng d\u1ee5ng \u0111\u00f2i h\u1ecfi kh\u1eaft khe. Ch\u00fang t\u00f4i t\u1ef1 h\u00e0o cung c\u1ea5p s\u1ea3n ph\u1ea9m tinh x\u1ea3o n\u00e0y. <a href=\"https:\/\/mountlaser.com\/vi\/products\/\"><strong>B\u1ed9 l\u0103ng k\u00ednh ph\u1ea3n x\u1ea1 l\u1edbn<\/strong><\/a> C\u00f3 ba m\u1eabu m\u00e3 m\u00e0u kh\u00e1c nhau \u0111\u1ec3 ph\u00f9 h\u1ee3p v\u1edbi nhu c\u1ea7u v\u00e0 s\u1edf th\u00edch c\u1ee7a nh\u00f3m b\u1ea1n: B\u1ed9 l\u1eafp r\u00e1p l\u0103ng k\u00ednh Z15UB-YY (V\u00e0ng-V\u00e0ng), B\u1ed9 l\u1eafp r\u00e1p l\u0103ng k\u00ednh Z15UB-RO (\u0110\u1ecf-Cam) v\u00e0 B\u1ed9 l\u1eafp r\u00e1p l\u0103ng k\u00ednh Z15UB-RR (\u0110\u1ecf-\u0110\u1ecf).<\/p>\n<p><img fetchpriority=\"high\" decoding=\"async\" class=\"wp-image-2603 aligncenter\" src=\"https:\/\/mountlaser.com\/wp-content\/uploads\/2025\/10\/Z15UB-RO-1.webp\" alt=\"Big Reflector Prism Assembly\" width=\"500\" height=\"500\" srcset=\"https:\/\/mountlaser.com\/wp-content\/uploads\/2025\/10\/Z15UB-RO-1.webp 1000w, https:\/\/mountlaser.com\/wp-content\/uploads\/2025\/10\/Z15UB-RO-1-300x300.webp 300w, https:\/\/mountlaser.com\/wp-content\/uploads\/2025\/10\/Z15UB-RO-1-400x400.webp 400w, https:\/\/mountlaser.com\/wp-content\/uploads\/2025\/10\/Z15UB-RO-1-800x800.webp 800w, https:\/\/mountlaser.com\/wp-content\/uploads\/2025\/10\/Z15UB-RO-1-600x600.webp 600w, https:\/\/mountlaser.com\/wp-content\/uploads\/2025\/10\/Z15UB-RO-1-150x150.webp 150w, https:\/\/mountlaser.com\/wp-content\/uploads\/2025\/10\/Z15UB-RO-1-768x768.webp 768w, https:\/\/mountlaser.com\/wp-content\/uploads\/2025\/10\/Z15UB-RO-1-12x12.webp 12w\" sizes=\"(max-width: 500px) 100vw, 500px\" \/><\/p>\n<p>\u0110\u01b0\u1ee3c ch\u1ebf t\u1ea1o v\u1edbi gi\u00e1 \u0111\u1ee1 l\u0103ng k\u00ednh ki\u1ec3u Nh\u1eadt B\u1ea3n b\u1ec1n ch\u1eafc, b\u1ed9 l\u0103ng k\u00ednh ph\u1ea3n x\u1ea1 l\u1edbn n\u00e0y \u0111\u1ea3m b\u1ea3o \u0111\u1ed9 \u1ed5n \u0111\u1ecbnh v\u00e0 tu\u1ed5i th\u1ecd v\u01b0\u1ee3t tr\u1ed9i t\u1ea1i c\u00f4ng tr\u01b0\u1eddng. C\u1ea5u tr\u00fac ch\u1eafc ch\u1eafn c\u1ee7a n\u00f3 \u0111\u01b0\u1ee3c thi\u1ebft k\u1ebf \u0111\u1ec3 ch\u1ecbu \u0111\u01b0\u1ee3c vi\u1ec7c s\u1eed d\u1ee5ng h\u00e0ng ng\u00e0y kh\u1eafc nghi\u1ec7t \u0111\u1ed3ng th\u1eddi mang l\u1ea1i c\u00e1c ph\u00e9p \u0111o ch\u00ednh x\u00e1c m\u1ed9t c\u00e1ch nh\u1ea5t qu\u00e1n.<\/p>\n<p><img decoding=\"async\" class=\"aligncenter wp-image-2601\" src=\"https:\/\/mountlaser.com\/wp-content\/uploads\/2025\/10\/Z15UB-YY-1.webp\" alt=\"Big Reflector Prism Assembly\" width=\"500\" height=\"500\" srcset=\"https:\/\/mountlaser.com\/wp-content\/uploads\/2025\/10\/Z15UB-YY-1.webp 1000w, https:\/\/mountlaser.com\/wp-content\/uploads\/2025\/10\/Z15UB-YY-1-300x300.webp 300w, https:\/\/mountlaser.com\/wp-content\/uploads\/2025\/10\/Z15UB-YY-1-400x400.webp 400w, https:\/\/mountlaser.com\/wp-content\/uploads\/2025\/10\/Z15UB-YY-1-800x800.webp 800w, https:\/\/mountlaser.com\/wp-content\/uploads\/2025\/10\/Z15UB-YY-1-600x600.webp 600w, https:\/\/mountlaser.com\/wp-content\/uploads\/2025\/10\/Z15UB-YY-1-150x150.webp 150w, https:\/\/mountlaser.com\/wp-content\/uploads\/2025\/10\/Z15UB-YY-1-768x768.webp 768w, https:\/\/mountlaser.com\/wp-content\/uploads\/2025\/10\/Z15UB-YY-1-12x12.webp 12w\" sizes=\"(max-width: 500px) 100vw, 500px\" \/><\/p>","protected":false},"excerpt":{"rendered":"<ul>\n<li>Thi\u1ebft k\u1ebf b\u1ec1n b\u1ec9 v\u00e0 ch\u1eafc ch\u1eafn: K\u1ebft c\u1ea5u ki\u1ec3u Nh\u1eadt B\u1ea3n \u0111\u1ea3m b\u1ea3o m\u1ed9t n\u1ec1n t\u1ea3ng v\u1eefng ch\u1eafc v\u00e0 \u0111\u00e1ng tin c\u1eady.<\/li>\n<li>S\u1ea3n ph\u1ea9m \u0111\u01b0\u1ee3c k\u00e8m theo t\u00fai \u0111\u1ef1ng b\u1ea3o v\u1ec7 \u0111\u1ec3 v\u1eadn chuy\u1ec3n v\u00e0 b\u1ea3o qu\u1ea3n an to\u00e0n.<\/li>\n<li>C\u00e1c m\u1eabu \u0111\u01b0\u1ee3c m\u00e3 h\u00f3a m\u00e0u: C\u00f3 ba s\u1ef1 k\u1ebft h\u1ee3p m\u00e0u s\u1eafc (YY, RO, RR), cho ph\u00e9p d\u1ec5 d\u00e0ng nh\u1eadn d\u1ea1ng v\u00e0 qu\u1ea3n l\u00fd nhi\u1ec1u thi\u1ebft b\u1ecb t\u1ea1i hi\u1ec7n tr\u01b0\u1eddng.<\/li>\n<\/ul>","protected":false},"featured_media":2603,"comment_status":"open","ping_status":"closed","template":"","meta":[],"product_brand":[],"product_cat":[72,103],"product_tag":[],"class_list":{"0":"post-2598","1":"product","2":"type-product","3":"status-publish","4":"has-post-thumbnail","6":"product_cat-reflective-target-prism","7":"product_cat-prism-assembly","9":"first","10":"instock","11":"shipping-taxable","12":"product-type-simple"},"_links":{"self":[{"href":"https:\/\/mountlaser.com\/vi\/wp-json\/wp\/v2\/product\/2598","targetHints":{"allow":["GET"]}}],"collection":[{"href":"https:\/\/mountlaser.com\/vi\/wp-json\/wp\/v2\/product"}],"about":[{"href":"https:\/\/mountlaser.com\/vi\/wp-json\/wp\/v2\/types\/product"}],"replies":[{"embeddable":true,"href":"https:\/\/mountlaser.com\/vi\/wp-json\/wp\/v2\/comments?post=2598"}],"wp:featuredmedia":[{"embeddable":true,"href":"https:\/\/mountlaser.com\/vi\/wp-json\/wp\/v2\/media\/2603"}],"wp:attachment":[{"href":"https:\/\/mountlaser.com\/vi\/wp-json\/wp\/v2\/media?parent=2598"}],"wp:term":[{"taxonomy":"product_brand","embeddable":true,"href":"https:\/\/mountlaser.com\/vi\/wp-json\/wp\/v2\/product_brand?post=2598"},{"taxonomy":"product_cat","embeddable":true,"href":"https:\/\/mountlaser.com\/vi\/wp-json\/wp\/v2\/product_cat?post=2598"},{"taxonomy":"product_tag","embeddable":true,"href":"https:\/\/mountlaser.com\/vi\/wp-json\/wp\/v2\/product_tag?post=2598"}],"curies":[{"name":"trang web","href":"https:\/\/api.w.org\/{rel}","templated":true}]}}