{"id":2591,"date":"2025-10-13T09:10:16","date_gmt":"2025-10-13T09:10:16","guid":{"rendered":"https:\/\/mountlaser.com\/?post_type=product&#038;p=2591"},"modified":"2025-11-28T07:01:27","modified_gmt":"2025-11-28T07:01:27","slug":"z15u-prism-assembly","status":"publish","type":"product","link":"https:\/\/mountlaser.com\/vi\/san-pham\/z15u-prism-assembly\/","title":{"rendered":"B\u1ed9 l\u1eafp r\u00e1p l\u0103ng k\u00ednh Z15U"},"content":{"rendered":"<p>N\u00e2ng cao \u0111\u1ed9 ch\u00ednh x\u00e1c kh\u1ea3o s\u00e1t c\u1ee7a b\u1ea1n v\u1edbi... <a href=\"https:\/\/mountlaser.com\/vi\/\"><strong>B\u1ed9 l\u1eafp r\u00e1p l\u0103ng k\u00ednh Z15U<\/strong><\/a>, \u0110\u00e2y l\u00e0 m\u1ed9t h\u1ec7 th\u1ed1ng l\u0103ng k\u00ednh \u0111\u1ed9 ch\u00ednh x\u00e1c cao th\u1ef1c s\u1ef1, \u0111\u01b0\u1ee3c ch\u1ebf t\u1ea1o theo ti\u00eau chu\u1ea9n kh\u1eaft khe c\u1ee7a gi\u00e1 \u0111\u1ee1 l\u0103ng k\u00ednh ki\u1ec3u Nh\u1eadt B\u1ea3n. H\u1ec7 th\u1ed1ng l\u0103ng k\u00ednh \u0111\u1ed9 ch\u00ednh x\u00e1c cao n\u00e0y \u0111\u01b0\u1ee3c thi\u1ebft k\u1ebf d\u00e0nh cho c\u00e1c chuy\u00ean gia kh\u00f4ng th\u1ec3 th\u1ecfa hi\u1ec7p v\u1ec1 \u0111\u1ed9 ch\u00ednh x\u00e1c, v\u1edbi l\u0103ng k\u00ednh 64mm v\u00e0 \u0111\u1ed9 ch\u00ednh x\u00e1c g\u00f3c t\u00f9y ch\u1ecdn 3-4\u2033 ho\u1eb7c 5-8\u2033. N\u00f3 \u0111\u01b0\u1ee3c thi\u1ebft k\u1ebf \u0111\u1ec3 s\u1eed d\u1ee5ng linh ho\u1ea1t trong th\u1ef1c \u0111\u1ecba, cung c\u1ea5p \u0111\u1ed9 l\u1ec7ch 0mm ho\u1eb7c -30mm v\u00e0 chi\u1ec1u cao tr\u1ee5c nghi\u00eang 100mm \u0111\u1ec3 \u0111\u1ecbnh v\u1ecb t\u1ed1i \u01b0u.<\/p>\n<p><img fetchpriority=\"high\" decoding=\"async\" class=\"aligncenter wp-image-2593\" src=\"https:\/\/mountlaser.com\/wp-content\/uploads\/2025\/10\/Z15U-YY-2.webp\" alt=\"high-precision prism system \" width=\"500\" height=\"500\" srcset=\"https:\/\/mountlaser.com\/wp-content\/uploads\/2025\/10\/Z15U-YY-2.webp 1000w, https:\/\/mountlaser.com\/wp-content\/uploads\/2025\/10\/Z15U-YY-2-300x300.webp 300w, https:\/\/mountlaser.com\/wp-content\/uploads\/2025\/10\/Z15U-YY-2-400x400.webp 400w, https:\/\/mountlaser.com\/wp-content\/uploads\/2025\/10\/Z15U-YY-2-800x800.webp 800w, https:\/\/mountlaser.com\/wp-content\/uploads\/2025\/10\/Z15U-YY-2-600x600.webp 600w, https:\/\/mountlaser.com\/wp-content\/uploads\/2025\/10\/Z15U-YY-2-150x150.webp 150w, https:\/\/mountlaser.com\/wp-content\/uploads\/2025\/10\/Z15U-YY-2-768x768.webp 768w, https:\/\/mountlaser.com\/wp-content\/uploads\/2025\/10\/Z15U-YY-2-12x12.webp 12w\" sizes=\"(max-width: 500px) 100vw, 500px\" \/><\/p>\n<p>B\u1ed9 ph\u1eadn l\u1eafp r\u00e1p \u0111\u1ea3m b\u1ea3o kh\u1ea3 n\u0103ng t\u01b0\u01a1ng th\u00edch ph\u1ed5 qu\u00e1t nh\u1edd b\u1ed9 chuy\u1ec3n \u0111\u1ed5i ren trong 5\/8\u2033-11 b\u1eb1ng nh\u00f4m t\u00edch h\u1ee3p, ph\u00f9 h\u1ee3p v\u1edbi t\u1ea5t c\u1ea3 c\u00e1c c\u1ed9t v\u00e0 ph\u1ee5 ki\u1ec7n ti\u00eau chu\u1ea9n. \u0110\u1ec3 \u0111\u01a1n gi\u1ea3n h\u00f3a vi\u1ec7c qu\u1ea3n l\u00fd d\u1ef1 \u00e1n v\u00e0 nh\u1eadn di\u1ec7n c\u00f4ng c\u1ee5, ch\u00fang t\u00f4i cung c\u1ea5p s\u1ea3n ph\u1ea9m \u0111\u00e1ng tin c\u1eady n\u00e0y. <a href=\"https:\/\/mountlaser.com\/vi\/products\/\"><strong>h\u1ec7 th\u1ed1ng l\u0103ng k\u00ednh \u0111\u1ed9 ch\u00ednh x\u00e1c cao<\/strong><\/a> g\u1ed3m hai m\u1eabu ri\u00eang bi\u1ec7t, \u0111\u01b0\u1ee3c m\u00e3 h\u00f3a m\u00e0u s\u1eafc: c\u1ee5m l\u0103ng k\u00ednh Z15U-RO (\u0110\u1ecf-Cam) v\u00e0... <a href=\"https:\/\/mountlaser.com\/vi\/contact-us\/\"><strong>B\u1ed9 l\u1eafp r\u00e1p l\u0103ng k\u00ednh Z15U-YY<\/strong><\/a> (M\u00e0u v\u00e0ng). C\u1ea3 c\u1ee5m l\u0103ng k\u00ednh Z15U-RO v\u00e0 c\u1ee5m l\u0103ng k\u00ednh Z15U-YY \u0111\u1ec1u \u0111i k\u00e8m v\u1edbi t\u00fai \u0111\u1ef1ng b\u1ec1n ch\u1eafc, \u0111\u1ea3m b\u1ea3o kho\u1ea3n \u0111\u1ea7u t\u01b0 c\u1ee7a b\u1ea1n \u0111\u01b0\u1ee3c b\u1ea3o v\u1ec7 trong qu\u00e1 tr\u00ecnh v\u1eadn chuy\u1ec3n v\u00e0 b\u1ea3o qu\u1ea3n.<\/p>\n<p><img decoding=\"async\" class=\"aligncenter wp-image-2597\" src=\"https:\/\/mountlaser.com\/wp-content\/uploads\/2025\/10\/Z15U-RO-4.webp\" alt=\"high-precision prism system \" width=\"500\" height=\"500\" srcset=\"https:\/\/mountlaser.com\/wp-content\/uploads\/2025\/10\/Z15U-RO-4.webp 1000w, https:\/\/mountlaser.com\/wp-content\/uploads\/2025\/10\/Z15U-RO-4-300x300.webp 300w, https:\/\/mountlaser.com\/wp-content\/uploads\/2025\/10\/Z15U-RO-4-400x400.webp 400w, https:\/\/mountlaser.com\/wp-content\/uploads\/2025\/10\/Z15U-RO-4-800x800.webp 800w, https:\/\/mountlaser.com\/wp-content\/uploads\/2025\/10\/Z15U-RO-4-600x600.webp 600w, https:\/\/mountlaser.com\/wp-content\/uploads\/2025\/10\/Z15U-RO-4-150x150.webp 150w, https:\/\/mountlaser.com\/wp-content\/uploads\/2025\/10\/Z15U-RO-4-768x768.webp 768w, https:\/\/mountlaser.com\/wp-content\/uploads\/2025\/10\/Z15U-RO-4-12x12.webp 12w\" sizes=\"(max-width: 500px) 100vw, 500px\" \/><\/p>","protected":false},"excerpt":{"rendered":"<ul>\n<li>Thi\u1ebft l\u1eadp c\u1ea5u h\u00ecnh linh ho\u1ea1t: Cung c\u1ea5p t\u00f9y ch\u1ecdn \u0111\u1ed9 l\u1ec7ch 0mm ho\u1eb7c -30mm v\u00e0 tr\u1ee5c nghi\u00eang 100mm \u0111\u1ec3 c\u1ea5u h\u00ecnh linh ho\u1ea1t t\u1ea1i hi\u1ec7n tr\u01b0\u1eddng.<\/li>\n<li>Kh\u1ea3 n\u0103ng t\u01b0\u01a1ng th\u00edch ph\u1ed5 qu\u00e1t: B\u1ed9 chuy\u1ec3n \u0111\u1ed5i ren trong 5\/8\u2033-11 t\u00edch h\u1ee3p \u0111\u1ea3m b\u1ea3o s\u1eed d\u1ee5ng li\u1ec1n m\u1ea1ch v\u1edbi c\u00e1c thi\u1ebft b\u1ecb \u0111o \u0111\u1ea1c ti\u00eau chu\u1ea9n.<\/li>\n<li>Nh\u1eadn d\u1ea1ng b\u1eb1ng m\u00e3 m\u00e0u: C\u00f3 s\u1eb5n c\u00e1c phi\u00ean b\u1ea3n Z15U-RO (\u0110\u1ecf-Cam) v\u00e0 Z15U-YY (V\u00e0ng) \u0111\u1ec3 d\u1ec5 d\u00e0ng ph\u00e2n bi\u1ec7t nh\u00f3m v\u00e0 d\u1ef1 \u00e1n.<\/li>\n<\/ul>","protected":false},"featured_media":2593,"comment_status":"open","ping_status":"closed","template":"","meta":[],"product_brand":[],"product_cat":[72,103],"product_tag":[],"class_list":{"0":"post-2591","1":"product","2":"type-product","3":"status-publish","4":"has-post-thumbnail","6":"product_cat-reflective-target-prism","7":"product_cat-prism-assembly","9":"first","10":"instock","11":"shipping-taxable","12":"product-type-simple"},"_links":{"self":[{"href":"https:\/\/mountlaser.com\/vi\/wp-json\/wp\/v2\/product\/2591","targetHints":{"allow":["GET"]}}],"collection":[{"href":"https:\/\/mountlaser.com\/vi\/wp-json\/wp\/v2\/product"}],"about":[{"href":"https:\/\/mountlaser.com\/vi\/wp-json\/wp\/v2\/types\/product"}],"replies":[{"embeddable":true,"href":"https:\/\/mountlaser.com\/vi\/wp-json\/wp\/v2\/comments?post=2591"}],"wp:featuredmedia":[{"embeddable":true,"href":"https:\/\/mountlaser.com\/vi\/wp-json\/wp\/v2\/media\/2593"}],"wp:attachment":[{"href":"https:\/\/mountlaser.com\/vi\/wp-json\/wp\/v2\/media?parent=2591"}],"wp:term":[{"taxonomy":"product_brand","embeddable":true,"href":"https:\/\/mountlaser.com\/vi\/wp-json\/wp\/v2\/product_brand?post=2591"},{"taxonomy":"product_cat","embeddable":true,"href":"https:\/\/mountlaser.com\/vi\/wp-json\/wp\/v2\/product_cat?post=2591"},{"taxonomy":"product_tag","embeddable":true,"href":"https:\/\/mountlaser.com\/vi\/wp-json\/wp\/v2\/product_tag?post=2591"}],"curies":[{"name":"trang web","href":"https:\/\/api.w.org\/{rel}","templated":true}]}}