{"id":2581,"date":"2025-10-13T06:18:32","date_gmt":"2025-10-13T06:18:32","guid":{"rendered":"https:\/\/mountlaser.com\/?post_type=product&#038;p=2581"},"modified":"2025-11-28T07:02:22","modified_gmt":"2025-11-28T07:02:22","slug":"z15b-prism-assembly","status":"publish","type":"product","link":"https:\/\/mountlaser.com\/vi\/san-pham\/z15b-prism-assembly\/","title":{"rendered":"B\u1ed9 l\u1eafp r\u00e1p l\u0103ng k\u00ednh Z15B"},"content":{"rendered":"<p>C\u00e1i <a href=\"https:\/\/mountlaser.com\/vi\/\"><strong>B\u1ed9 l\u1eafp r\u00e1p l\u0103ng k\u00ednh Z15B<\/strong><\/a> S\u1ea3n ph\u1ea9m n\u00e0y th\u1ec3 hi\u1ec7n \u0111\u1ed9 ch\u00ednh x\u00e1c v\u00e0 \u0111\u1ed9 tin c\u1eady c\u1ee7a gi\u00e1 \u0111\u1ee1 l\u0103ng k\u00ednh ki\u1ec3u Nh\u1eadt B\u1ea3n, cung c\u1ea5p gi\u1ea3i ph\u00e1p l\u1eafp r\u00e1p l\u0103ng k\u00ednh ch\u1ea5t l\u01b0\u1ee3ng cao cho c\u00e1c c\u00f4ng vi\u1ec7c kh\u1ea3o s\u00e1t \u0111\u00f2i h\u1ecfi kh\u1eaft khe. B\u1ed9 ph\u1eadn n\u00e0y \u0111\u01b0\u1ee3c thi\u1ebft k\u1ebf \u0111\u1ec3 ch\u1ee9a l\u0103ng k\u00ednh 64mm v\u1edbi \u0111\u1ed9 ch\u00ednh x\u00e1c t\u00f9y ch\u1ecdn 3-4 ho\u1eb7c 5-8 gi\u00e2y, \u0111\u1ea3m b\u1ea3o t\u00ednh to\u00e0n v\u1eb9n d\u1eef li\u1ec7u cho c\u00e1c d\u1ef1 \u00e1n quan tr\u1ecdng. N\u00f3 c\u00f3 b\u1ed9 chuy\u1ec3n \u0111\u1ed5i ren trong 5\/8\u2033-11 b\u1eb1ng nh\u00f4m t\u00edch h\u1ee3p b\u1ec1n ch\u1eafc, t\u01b0\u01a1ng th\u00edch v\u1edbi t\u1ea5t c\u1ea3 c\u00e1c c\u1ed9t v\u00e0 b\u1ed9 chuy\u1ec3n \u0111\u1ed5i l\u0103ng k\u00ednh ti\u00eau chu\u1ea9n. V\u1edbi c\u00e1c t\u00f9y ch\u1ecdn c\u1ea5u h\u00ecnh linh ho\u1ea1t bao g\u1ed3m \u0111\u1ed9 l\u1ec7ch 0mm ho\u1eb7c -30mm v\u00e0 chi\u1ec1u cao tr\u1ee5c nghi\u00eang \u1ed5n \u0111\u1ecbnh 100mm, n\u00f3 th\u00edch \u1ee9ng v\u1edbi nhi\u1ec1u \u0111i\u1ec1u ki\u1ec7n \u0111\u1ecba \u0111i\u1ec3m kh\u00e1c nhau.<\/p>\n<p><img fetchpriority=\"high\" decoding=\"async\" class=\"aligncenter wp-image-2586\" src=\"https:\/\/mountlaser.com\/wp-content\/uploads\/2025\/10\/Z15B-RY-4-1-300x300.webp\" alt=\"Quality Prism Assembly\" width=\"500\" height=\"500\" srcset=\"https:\/\/mountlaser.com\/wp-content\/uploads\/2025\/10\/Z15B-RY-4-1-300x300.webp 300w, https:\/\/mountlaser.com\/wp-content\/uploads\/2025\/10\/Z15B-RY-4-1-400x400.webp 400w, https:\/\/mountlaser.com\/wp-content\/uploads\/2025\/10\/Z15B-RY-4-1-800x800.webp 800w, https:\/\/mountlaser.com\/wp-content\/uploads\/2025\/10\/Z15B-RY-4-1-600x600.webp 600w, https:\/\/mountlaser.com\/wp-content\/uploads\/2025\/10\/Z15B-RY-4-1-150x150.webp 150w, https:\/\/mountlaser.com\/wp-content\/uploads\/2025\/10\/Z15B-RY-4-1-768x768.webp 768w, https:\/\/mountlaser.com\/wp-content\/uploads\/2025\/10\/Z15B-RY-4-1-12x12.webp 12w, https:\/\/mountlaser.com\/wp-content\/uploads\/2025\/10\/Z15B-RY-4-1.webp 1000w\" sizes=\"(max-width: 500px) 100vw, 500px\" \/><\/p>\n<p>\u0110\u1ec3 ph\u1ee5c v\u1ee5 t\u1ed1t h\u01a1n nhu c\u1ea7u t\u1ed5 ch\u1ee9c c\u1ee7a nh\u00f3m b\u1ea1n, c\u1ee5m l\u0103ng k\u00ednh Z15B c\u00f3 b\u1ed1n m\u1eabu m\u00e3 m\u00e0u kh\u00e1c nhau \u0111\u1ec3 d\u1ec5 d\u00e0ng nh\u1eadn bi\u1ebft tr\u1ef1c quan: c\u1ee5m l\u0103ng k\u00ednh Z15B-YY (V\u00e0ng), c\u1ee5m l\u0103ng k\u00ednh Z15B-YW (V\u00e0ng-Tr\u1eafng), c\u1ee5m l\u0103ng k\u00ednh Z15B-RW (\u0110\u1ecf-Tr\u1eafng) v\u00e0 c\u1ee5m l\u0103ng k\u00ednh Z15B-RY (\u0110\u1ecf-V\u00e0ng). S\u1ef1 \u0111a d\u1ea1ng v\u1ec1 m\u00e0u s\u1eafc n\u00e0y v\u01b0\u1ee3t tr\u1ed9i so v\u1edbi d\u00f2ng C15B ph\u1ed5 bi\u1ebfn c\u1ee7a ch\u00fang t\u00f4i, mang l\u1ea1i t\u00ednh linh ho\u1ea1t cao h\u01a1n n\u1eefa. M\u1ed7i <a href=\"https:\/\/mountlaser.com\/vi\/products\/\"><strong>B\u1ed9 l\u1eafp r\u00e1p l\u0103ng k\u00ednh ch\u1ea5t l\u01b0\u1ee3ng cao<\/strong> <\/a>S\u1ea3n ph\u1ea9m \u0111i k\u00e8m v\u1edbi t\u00fai \u0111\u1ef1ng b\u1ea3o v\u1ec7, \u0111\u1ea3m b\u1ea3o v\u1eadn chuy\u1ec3n v\u00e0 b\u1ea3o qu\u1ea3n thu\u1eadn ti\u1ec7n.<\/p>","protected":false},"excerpt":{"rendered":"<ul>\n<li>H\u1ed7 tr\u1ee3 \u0111\u1ed9 ch\u00ednh x\u00e1c cao: T\u01b0\u01a1ng th\u00edch v\u1edbi l\u0103ng k\u00ednh 64mm v\u1edbi \u0111\u1ed9 ch\u00ednh x\u00e1c c\u00f3 th\u1ec3 l\u1ef1a ch\u1ecdn t\u1eeb 3-4\/5-8 gi\u00e2y.<\/li>\n<li>Kh\u1ea3 n\u0103ng t\u01b0\u01a1ng th\u00edch ph\u1ed5 qu\u00e1t: B\u1ed9 chuy\u1ec3n \u0111\u1ed5i ren trong 5\/8\u2033-11 t\u00edch h\u1ee3p ph\u00f9 h\u1ee3p v\u1edbi t\u1ea5t c\u1ea3 c\u00e1c lo\u1ea1i c\u1ed9t \u0111o \u0111\u1ea1c v\u00e0 ph\u1ee5 ki\u1ec7n ti\u00eau chu\u1ea9n.<\/li>\n<li>T\u00ednh linh ho\u1ea1t trong v\u1eadn h\u00e0nh: Cung c\u1ea5p t\u00f9y ch\u1ecdn gi\u1eefa \u0111\u1ed9 l\u1ec7ch 0mm ho\u1eb7c -30mm v\u00e0 tr\u1ee5c nghi\u00eang 100mm \u0111\u1ec3 thi\u1ebft l\u1eadp \u0111a d\u1ea1ng.<\/li>\n<\/ul>","protected":false},"featured_media":2582,"comment_status":"open","ping_status":"closed","template":"","meta":[],"product_brand":[],"product_cat":[72,103],"product_tag":[],"class_list":{"0":"post-2581","1":"product","2":"type-product","3":"status-publish","4":"has-post-thumbnail","6":"product_cat-reflective-target-prism","7":"product_cat-prism-assembly","9":"first","10":"instock","11":"shipping-taxable","12":"product-type-simple"},"_links":{"self":[{"href":"https:\/\/mountlaser.com\/vi\/wp-json\/wp\/v2\/product\/2581","targetHints":{"allow":["GET"]}}],"collection":[{"href":"https:\/\/mountlaser.com\/vi\/wp-json\/wp\/v2\/product"}],"about":[{"href":"https:\/\/mountlaser.com\/vi\/wp-json\/wp\/v2\/types\/product"}],"replies":[{"embeddable":true,"href":"https:\/\/mountlaser.com\/vi\/wp-json\/wp\/v2\/comments?post=2581"}],"wp:featuredmedia":[{"embeddable":true,"href":"https:\/\/mountlaser.com\/vi\/wp-json\/wp\/v2\/media\/2582"}],"wp:attachment":[{"href":"https:\/\/mountlaser.com\/vi\/wp-json\/wp\/v2\/media?parent=2581"}],"wp:term":[{"taxonomy":"product_brand","embeddable":true,"href":"https:\/\/mountlaser.com\/vi\/wp-json\/wp\/v2\/product_brand?post=2581"},{"taxonomy":"product_cat","embeddable":true,"href":"https:\/\/mountlaser.com\/vi\/wp-json\/wp\/v2\/product_cat?post=2581"},{"taxonomy":"product_tag","embeddable":true,"href":"https:\/\/mountlaser.com\/vi\/wp-json\/wp\/v2\/product_tag?post=2581"}],"curies":[{"name":"trang web","href":"https:\/\/api.w.org\/{rel}","templated":true}]}}