{"id":2573,"date":"2025-10-13T05:57:19","date_gmt":"2025-10-13T05:57:19","guid":{"rendered":"https:\/\/mountlaser.com\/?post_type=product&#038;p=2573"},"modified":"2025-11-28T07:05:04","modified_gmt":"2025-11-28T07:05:04","slug":"c15b-prism-assembly","status":"publish","type":"product","link":"https:\/\/mountlaser.com\/vi\/san-pham\/c15b-prism-assembly\/","title":{"rendered":"B\u1ed9 l\u1eafp r\u00e1p l\u0103ng k\u00ednh C15B"},"content":{"rendered":"<p>C\u00e1i <a href=\"https:\/\/mountlaser.com\/vi\/products\/\"><strong>B\u1ed9 l\u1eafp r\u00e1p l\u0103ng k\u00ednh C15B<\/strong><\/a> \u0110\u00e2y l\u00e0 gi\u00e1 \u0111\u1ee1 l\u0103ng k\u00ednh ki\u1ec3u Nh\u1eadt B\u1ea3n \u0111\u1ed9 ch\u00ednh x\u00e1c cao, \u0111\u01b0\u1ee3c thi\u1ebft k\u1ebf d\u00e0nh cho c\u00e1c nh\u00e0 kh\u1ea3o s\u00e1t \u0111\u00f2i h\u1ecfi \u0111\u1ed9 tin c\u1eady v\u00e0 \u0111\u1ed9 ch\u00ednh x\u00e1c cao. \u0110\u01b0\u1ee3c thi\u1ebft k\u1ebf \u0111\u1ec3 ch\u1ee9a l\u0103ng k\u00ednh 64mm v\u1edbi t\u00f9y ch\u1ecdn \u0111\u1ed9 ch\u00ednh x\u00e1c 3-4 ho\u1eb7c 5-8 gi\u00e2y, b\u1ed9 ph\u1eadn n\u00e0y \u0111\u1ea3m b\u1ea3o c\u00e1c ph\u00e9p \u0111o c\u1ee7a b\u1ea1n \u0111\u00e1p \u1ee9ng c\u00e1c ti\u00eau chu\u1ea9n kh\u1eaft khe nh\u1ea5t. N\u00f3 \u0111\u01b0\u1ee3c trang b\u1ecb b\u1ed9 chuy\u1ec3n \u0111\u1ed5i ren trong 5\/8\u2033-11 b\u1eb1ng nh\u00f4m t\u00edch h\u1ee3p, cung c\u1ea5p kh\u1ea3 n\u0103ng t\u01b0\u01a1ng th\u00edch ph\u1ed5 qu\u00e1t v\u1edbi b\u1ea5t k\u1ef3 c\u1ed9t l\u0103ng k\u00ednh ho\u1eb7c ch\u00e2n m\u00e1y ti\u00eau chu\u1ea9n n\u00e0o.<\/p>\n<p><img fetchpriority=\"high\" decoding=\"async\" class=\"aligncenter wp-image-2575\" src=\"https:\/\/mountlaser.com\/wp-content\/uploads\/2025\/10\/C15B-RR-2.webp\" alt=\"C15B Prism Assembly\" width=\"500\" height=\"500\" srcset=\"https:\/\/mountlaser.com\/wp-content\/uploads\/2025\/10\/C15B-RR-2.webp 1000w, https:\/\/mountlaser.com\/wp-content\/uploads\/2025\/10\/C15B-RR-2-300x300.webp 300w, https:\/\/mountlaser.com\/wp-content\/uploads\/2025\/10\/C15B-RR-2-400x400.webp 400w, https:\/\/mountlaser.com\/wp-content\/uploads\/2025\/10\/C15B-RR-2-800x800.webp 800w, https:\/\/mountlaser.com\/wp-content\/uploads\/2025\/10\/C15B-RR-2-600x600.webp 600w, https:\/\/mountlaser.com\/wp-content\/uploads\/2025\/10\/C15B-RR-2-150x150.webp 150w, https:\/\/mountlaser.com\/wp-content\/uploads\/2025\/10\/C15B-RR-2-768x768.webp 768w, https:\/\/mountlaser.com\/wp-content\/uploads\/2025\/10\/C15B-RR-2-12x12.webp 12w\" sizes=\"(max-width: 500px) 100vw, 500px\" \/><\/p>\n<p>\u0110\u1ec3 \u0111\u00e1p \u1ee9ng c\u00e1c y\u00eau c\u1ea7u c\u1ee5 th\u1ec3 trong l\u0129nh v\u1ef1c c\u1ee7a b\u1ea1n, c\u1ee5m l\u0103ng k\u00ednh C15B cung c\u1ea5p c\u1ea3 hai t\u00f9y ch\u1ecdn \u0111\u1ed9 l\u1ec7ch 0mm v\u00e0 -30mm, v\u1edbi chi\u1ec1u cao tr\u1ee5c nghi\u00eang c\u1ed1 \u0111\u1ecbnh 100mm \u0111\u1ec3 thi\u1ebft l\u1eadp \u1ed5n \u0111\u1ecbnh. Ch\u00fang t\u00f4i cung c\u1ea5p m\u1eabu \u0111a n\u0103ng n\u00e0y v\u1edbi hai bi\u1ebfn th\u1ec3 m\u00e3 m\u00e0u kh\u00e1c nhau \u0111\u1ec3 d\u1ec5 nh\u1eadn bi\u1ebft v\u00e0 ph\u1ed1i h\u1ee3p nh\u00f3m: c\u1ee5m l\u0103ng k\u00ednh C15B-RR v\u00e0 c\u1ee5m l\u0103ng k\u00ednh C15B-YY. Cho d\u00f9 b\u1ea1n ch\u1ecdn c\u1ee5m l\u0103ng k\u00ednh C15B-RR hay... <a href=\"https:\/\/mountlaser.com\/vi\/contact-us\/\"><strong>B\u1ed9 l\u1eafp r\u00e1p l\u0103ng k\u00ednh C15B-YY<\/strong><\/a>, B\u1ea1n s\u1ebd nh\u1eadn \u0111\u01b0\u1ee3c s\u1ea3n ph\u1ea9m c\u00f3 k\u1ebft c\u1ea5u ch\u1eafc ch\u1eafn, k\u1ef9 thu\u1eadt ch\u00ednh x\u00e1c v\u00e0 bao b\u00ec ti\u1ec7n l\u1ee3i, bao g\u1ed3m c\u1ea3 th\u00f9ng carton b\u1ea3o v\u1ec7 \u0111\u1ec3 v\u1eadn chuy\u1ec3n v\u00e0 b\u1ea3o qu\u1ea3n.<\/p>\n<p><img decoding=\"async\" class=\"wp-image-2579 aligncenter\" src=\"https:\/\/mountlaser.com\/wp-content\/uploads\/2025\/10\/C15-YY-2.webp\" alt=\"C15B-YY Prism Assembly\" width=\"500\" height=\"500\" srcset=\"https:\/\/mountlaser.com\/wp-content\/uploads\/2025\/10\/C15-YY-2.webp 1000w, https:\/\/mountlaser.com\/wp-content\/uploads\/2025\/10\/C15-YY-2-300x300.webp 300w, https:\/\/mountlaser.com\/wp-content\/uploads\/2025\/10\/C15-YY-2-400x400.webp 400w, https:\/\/mountlaser.com\/wp-content\/uploads\/2025\/10\/C15-YY-2-800x800.webp 800w, https:\/\/mountlaser.com\/wp-content\/uploads\/2025\/10\/C15-YY-2-600x600.webp 600w, https:\/\/mountlaser.com\/wp-content\/uploads\/2025\/10\/C15-YY-2-150x150.webp 150w, https:\/\/mountlaser.com\/wp-content\/uploads\/2025\/10\/C15-YY-2-768x768.webp 768w, https:\/\/mountlaser.com\/wp-content\/uploads\/2025\/10\/C15-YY-2-12x12.webp 12w\" sizes=\"(max-width: 500px) 100vw, 500px\" \/><\/p>","protected":false},"excerpt":{"rendered":"<ul>\n<li>Tr\u1ee5c nghi\u00eang \u1ed5n \u0111\u1ecbnh: C\u00f3 chi\u1ec1u cao tr\u1ee5c nghi\u00eang 100mm gi\u00fap t\u0103ng c\u01b0\u1eddng \u0111\u1ed9 \u1ed5n \u0111\u1ecbnh trong qu\u00e1 tr\u00ecnh ho\u1ea1t \u0111\u1ed9ng.<\/li>\n<li>C\u00e1c m\u1eabu \u0111\u01b0\u1ee3c m\u00e3 h\u00f3a m\u00e0u: C\u00f3 s\u1eb5n c\u00e1c phi\u00ean b\u1ea3n C15B-RR v\u00e0 C15B-YY \u0111\u1ec3 d\u1ec5 d\u00e0ng nh\u1eadn di\u1ec7n nh\u00f3m v\u00e0 d\u1ef1 \u00e1n.<\/li>\n<\/ul>","protected":false},"featured_media":2574,"comment_status":"open","ping_status":"closed","template":"","meta":[],"product_brand":[],"product_cat":[72,103],"product_tag":[],"class_list":{"0":"post-2573","1":"product","2":"type-product","3":"status-publish","4":"has-post-thumbnail","6":"product_cat-reflective-target-prism","7":"product_cat-prism-assembly","9":"first","10":"instock","11":"shipping-taxable","12":"product-type-simple"},"_links":{"self":[{"href":"https:\/\/mountlaser.com\/vi\/wp-json\/wp\/v2\/product\/2573","targetHints":{"allow":["GET"]}}],"collection":[{"href":"https:\/\/mountlaser.com\/vi\/wp-json\/wp\/v2\/product"}],"about":[{"href":"https:\/\/mountlaser.com\/vi\/wp-json\/wp\/v2\/types\/product"}],"replies":[{"embeddable":true,"href":"https:\/\/mountlaser.com\/vi\/wp-json\/wp\/v2\/comments?post=2573"}],"wp:featuredmedia":[{"embeddable":true,"href":"https:\/\/mountlaser.com\/vi\/wp-json\/wp\/v2\/media\/2574"}],"wp:attachment":[{"href":"https:\/\/mountlaser.com\/vi\/wp-json\/wp\/v2\/media?parent=2573"}],"wp:term":[{"taxonomy":"product_brand","embeddable":true,"href":"https:\/\/mountlaser.com\/vi\/wp-json\/wp\/v2\/product_brand?post=2573"},{"taxonomy":"product_cat","embeddable":true,"href":"https:\/\/mountlaser.com\/vi\/wp-json\/wp\/v2\/product_cat?post=2573"},{"taxonomy":"product_tag","embeddable":true,"href":"https:\/\/mountlaser.com\/vi\/wp-json\/wp\/v2\/product_tag?post=2573"}],"curies":[{"name":"trang web","href":"https:\/\/api.w.org\/{rel}","templated":true}]}}