{"id":2560,"date":"2025-10-13T02:00:31","date_gmt":"2025-10-13T02:00:31","guid":{"rendered":"https:\/\/mountlaser.com\/?post_type=product&#038;p=2560"},"modified":"2025-11-28T07:08:15","modified_gmt":"2025-11-28T07:08:15","slug":"ad-c50-aluminum-adapter","status":"publish","type":"product","link":"https:\/\/mountlaser.com\/vi\/san-pham\/ad-c50-aluminum-adapter\/","title":{"rendered":"B\u1ed9 chuy\u1ec3n \u0111\u1ed5i nh\u00f4m AD-C50"},"content":{"rendered":"<p>C\u00e1i <a href=\"https:\/\/mountlaser.com\/vi\/\"><strong>B\u1ed9 chuy\u1ec3n \u0111\u1ed5i nh\u00f4m AD-C50<\/strong><\/a> \u0110\u00e2y l\u00e0 m\u1ed9t ph\u1ee5 ki\u1ec7n \u0111\u01b0\u1ee3c thi\u1ebft k\u1ebf ch\u00ednh x\u00e1c nh\u1eb1m t\u0103ng c\u01b0\u1eddng kh\u1ea3 n\u0103ng t\u01b0\u01a1ng th\u00edch trong c\u00e1c h\u1ec7 th\u1ed1ng \u0111o l\u01b0\u1eddng. Ph\u1ee5 ki\u1ec7n ch\u1eafc ch\u1eafn n\u00e0y <a href=\"https:\/\/mountlaser.com\/vi\/products\/\"><strong>B\u1ed9 chuy\u1ec3n \u0111\u1ed5i nh\u00f4m cao 50mm<\/strong><\/a> \u0110\u01b0\u1ee3c gia c\u00f4ng t\u1eeb nh\u00f4m ch\u1ea5t l\u01b0\u1ee3ng cao, mang l\u1ea1i s\u1ef1 c\u00e2n b\u1eb1ng t\u1ed1i \u01b0u gi\u1eefa \u0111\u1ed9 b\u1ec1n v\u00e0 tr\u1ecdng l\u01b0\u1ee3ng nh\u1eb9. N\u00f3 c\u00f3 ren k\u00e9p \u0111a n\u0103ng (M8 v\u00e0 5\/8\u2033-11) \u1edf hai \u0111\u1ea7u \u0111\u1ed1i di\u1ec7n, bi\u1ebfn n\u00f3 th\u00e0nh m\u1ed9t c\u00f4ng c\u1ee5 kh\u00f4ng th\u1ec3 thi\u1ebfu \u0111\u1ec3 k\u1ebft n\u1ed1i nhi\u1ec1u d\u1ee5ng c\u1ee5 v\u00e0 ph\u1ee5 ki\u1ec7n kh\u00e1c nhau m\u00e0 n\u1ebfu kh\u00f4ng s\u1ebd kh\u00f4ng t\u01b0\u01a1ng th\u00edch. V\u1edbi \u0111\u01b0\u1eddng k\u00ednh ngo\u00e0i 32mm, n\u00f3 \u0111\u1ea3m b\u1ea3o s\u1ef1 k\u1ebft n\u1ed1i ch\u1eafc ch\u1eafn v\u00e0 \u1ed5n \u0111\u1ecbnh.<\/p>\n<p><img fetchpriority=\"high\" decoding=\"async\" class=\"wp-image-2564 aligncenter\" src=\"https:\/\/mountlaser.com\/wp-content\/uploads\/2025\/10\/AD-C50-5.webp\" alt=\"Height 50mm Aluminum Adapter \" width=\"500\" height=\"500\" srcset=\"https:\/\/mountlaser.com\/wp-content\/uploads\/2025\/10\/AD-C50-5.webp 1000w, https:\/\/mountlaser.com\/wp-content\/uploads\/2025\/10\/AD-C50-5-300x300.webp 300w, https:\/\/mountlaser.com\/wp-content\/uploads\/2025\/10\/AD-C50-5-400x400.webp 400w, https:\/\/mountlaser.com\/wp-content\/uploads\/2025\/10\/AD-C50-5-800x800.webp 800w, https:\/\/mountlaser.com\/wp-content\/uploads\/2025\/10\/AD-C50-5-600x600.webp 600w, https:\/\/mountlaser.com\/wp-content\/uploads\/2025\/10\/AD-C50-5-150x150.webp 150w, https:\/\/mountlaser.com\/wp-content\/uploads\/2025\/10\/AD-C50-5-768x768.webp 768w, https:\/\/mountlaser.com\/wp-content\/uploads\/2025\/10\/AD-C50-5-12x12.webp 12w\" sizes=\"(max-width: 500px) 100vw, 500px\" \/><\/p>\n<p>Ch\u1ee9c n\u0103ng ch\u00ednh c\u1ee7a b\u1ed9 ph\u1eadn c\u1ee5 th\u1ec3 n\u00e0y <a href=\"https:\/\/mountlaser.com\/vi\/contact-us\/\">B\u1ed9 chuy\u1ec3n \u0111\u1ed5i nh\u00f4m cao 50mm<\/a> Ch\u1ee9c n\u0103ng ch\u00ednh c\u1ee7a n\u00f3 l\u00e0 ho\u1ea1t \u0111\u1ed9ng nh\u01b0 m\u1ed9t th\u00e0nh ph\u1ea7n trung gian \u0111\u00e1ng tin c\u1eady, gi\u00fap m\u1edf r\u1ed9ng ho\u1eb7c \u0111i\u1ec1u ch\u1ec9nh hi\u1ec7u qu\u1ea3 c\u00e1c k\u1ebft n\u1ed1i trong h\u1ec7 th\u1ed1ng c\u1ee7a b\u1ea1n. Chi\u1ec1u cao ti\u00eau chu\u1ea9n c\u1ee7a n\u00f3 cung c\u1ea5p kho\u1ea3ng tr\u1ed1ng v\u00e0 s\u1ef1 c\u0103n ch\u1ec9nh c\u1ea7n thi\u1ebft cho c\u00e1c ph\u00e9p \u0111o ch\u00ednh x\u00e1c. H\u00e3y ch\u1ecdn AD-C50, b\u1ed9 chuy\u1ec3n \u0111\u1ed5i nh\u00f4m cao 50mm thi\u1ebft y\u1ebfu, \u0111\u1ec3 c\u00f3 gi\u1ea3i ph\u00e1p t\u00edch h\u1ee3p li\u1ec1n m\u1ea1ch v\u00e0 chuy\u00ean nghi\u1ec7p trong c\u00e1c \u1ee9ng d\u1ee5ng \u0111o l\u01b0\u1eddng c\u1ee7a b\u1ea1n.<\/p>","protected":false},"excerpt":{"rendered":"<ul>\n<li>Kh\u1ea3 n\u0103ng th\u00edch \u1ee9ng k\u1ebft n\u1ed1i: Gi\u00fap k\u1ebft n\u1ed1i c\u00e1c thi\u1ebft b\u1ecb c\u00f3 ren M8 v\u00e0 5\/8\u2033-11.<\/li>\n<li>Kh\u1ea3 n\u0103ng t\u01b0\u01a1ng th\u00edch h\u1ec7 th\u1ed1ng: Cho ph\u00e9p s\u1eed d\u1ee5ng c\u00e1c d\u1ee5ng c\u1ee5 v\u00e0 ph\u1ee5 ki\u1ec7n c\u00f3 ti\u00eau chu\u1ea9n ren kh\u00e1c nhau.<\/li>\n<\/ul>","protected":false},"featured_media":2561,"comment_status":"open","ping_status":"closed","template":"","meta":[],"product_brand":[],"product_cat":[79,102],"product_tag":[],"class_list":{"0":"post-2560","1":"product","2":"type-product","3":"status-publish","4":"has-post-thumbnail","6":"product_cat-surveying-accessory","7":"product_cat-monitoring-adapter","9":"first","10":"instock","11":"shipping-taxable","12":"product-type-simple"},"_links":{"self":[{"href":"https:\/\/mountlaser.com\/vi\/wp-json\/wp\/v2\/product\/2560","targetHints":{"allow":["GET"]}}],"collection":[{"href":"https:\/\/mountlaser.com\/vi\/wp-json\/wp\/v2\/product"}],"about":[{"href":"https:\/\/mountlaser.com\/vi\/wp-json\/wp\/v2\/types\/product"}],"replies":[{"embeddable":true,"href":"https:\/\/mountlaser.com\/vi\/wp-json\/wp\/v2\/comments?post=2560"}],"wp:featuredmedia":[{"embeddable":true,"href":"https:\/\/mountlaser.com\/vi\/wp-json\/wp\/v2\/media\/2561"}],"wp:attachment":[{"href":"https:\/\/mountlaser.com\/vi\/wp-json\/wp\/v2\/media?parent=2560"}],"wp:term":[{"taxonomy":"product_brand","embeddable":true,"href":"https:\/\/mountlaser.com\/vi\/wp-json\/wp\/v2\/product_brand?post=2560"},{"taxonomy":"product_cat","embeddable":true,"href":"https:\/\/mountlaser.com\/vi\/wp-json\/wp\/v2\/product_cat?post=2560"},{"taxonomy":"product_tag","embeddable":true,"href":"https:\/\/mountlaser.com\/vi\/wp-json\/wp\/v2\/product_tag?post=2560"}],"curies":[{"name":"trang web","href":"https:\/\/api.w.org\/{rel}","templated":true}]}}