{"id":2550,"date":"2025-10-09T09:33:48","date_gmt":"2025-10-09T09:33:48","guid":{"rendered":"https:\/\/mountlaser.com\/?post_type=product&#038;p=2550"},"modified":"2025-11-28T07:09:24","modified_gmt":"2025-11-28T07:09:24","slug":"ad-e05-aluminum-gps-adapter","status":"publish","type":"product","link":"https:\/\/mountlaser.com\/vi\/san-pham\/ad-e05-aluminum-gps-adapter\/","title":{"rendered":"B\u1ed9 chuy\u1ec3n \u0111\u1ed5i GPS b\u1eb1ng nh\u00f4m AD-E05"},"content":{"rendered":"<p>C\u00e1i <a href=\"https:\/\/mountlaser.com\/vi\/\"><strong>Gi\u00e1 \u0111\u1ee1 laser AD-E05<\/strong><\/a> l\u00e0 m\u1ed9t s\u1ea3n ph\u1ea9m \u0111\u01b0\u1ee3c ch\u1ebf t\u1ea1o ch\u00ednh x\u00e1c. <a href=\"https:\/\/mountlaser.com\/vi\/products\/\"><strong>B\u1ed9 chuy\u1ec3n \u0111\u1ed5i GPS cao 24mm<\/strong><\/a> \u0110\u01b0\u1ee3c thi\u1ebft k\u1ebf \u0111\u1ec3 cung c\u1ea5p kh\u1ea3 n\u0103ng k\u1ebft n\u1ed1i \u0111\u00e1ng tin c\u1eady cho c\u00e1c h\u1ec7 th\u1ed1ng kh\u1ea3o s\u00e1t hi\u1ec7n \u0111\u1ea1i. \u0110\u01b0\u1ee3c ch\u1ebf t\u1ea1o t\u1eeb nh\u00f4m cao c\u1ea5p, b\u1ed9 chuy\u1ec3n \u0111\u1ed5i GPS ch\u1eafc ch\u1eafn cao 24mm n\u00e0y \u0111\u1ea3m b\u1ea3o hi\u1ec7u su\u1ea5t t\u1ed1i \u01b0u trong \u0111i\u1ec1u ki\u1ec7n hi\u1ec7n tr\u01b0\u1eddng kh\u1eafc nghi\u1ec7t trong khi v\u1eabn duy tr\u00ec tr\u1ecdng l\u01b0\u1ee3ng nh\u1eb9.<\/p>\n<p><img fetchpriority=\"high\" decoding=\"async\" class=\"aligncenter wp-image-2556\" src=\"https:\/\/mountlaser.com\/wp-content\/uploads\/2025\/10\/AD-E05-7.webp\" alt=\"Height 24mm GPS adapter\" width=\"500\" height=\"500\" srcset=\"https:\/\/mountlaser.com\/wp-content\/uploads\/2025\/10\/AD-E05-7.webp 1000w, https:\/\/mountlaser.com\/wp-content\/uploads\/2025\/10\/AD-E05-7-300x300.webp 300w, https:\/\/mountlaser.com\/wp-content\/uploads\/2025\/10\/AD-E05-7-400x400.webp 400w, https:\/\/mountlaser.com\/wp-content\/uploads\/2025\/10\/AD-E05-7-800x800.webp 800w, https:\/\/mountlaser.com\/wp-content\/uploads\/2025\/10\/AD-E05-7-600x600.webp 600w, https:\/\/mountlaser.com\/wp-content\/uploads\/2025\/10\/AD-E05-7-150x150.webp 150w, https:\/\/mountlaser.com\/wp-content\/uploads\/2025\/10\/AD-E05-7-768x768.webp 768w, https:\/\/mountlaser.com\/wp-content\/uploads\/2025\/10\/AD-E05-7-12x12.webp 12w\" sizes=\"(max-width: 500px) 100vw, 500px\" \/><\/p>\n<p>V\u1edbi hai ren 5\/8\u2033-11 v\u00e0 \u0111\u01b0\u1eddng k\u00ednh ti\u00eau chu\u1ea9n 25mm, s\u1ea3n ph\u1ea9m \u0111a n\u0103ng n\u00e0y c\u00f3 nhi\u1ec1u t\u00ednh n\u0103ng. <a href=\"https:\/\/mountlaser.com\/vi\/contact-us\/\">B\u1ed9 chuy\u1ec3n \u0111\u1ed5i GPS cao 24mm<\/a> N\u00f3 \u0111\u00f3ng vai tr\u00f2 l\u00e0 giao di\u1ec7n thi\u1ebft y\u1ebfu gi\u1eefa m\u00e1y thu GPS v\u00e0 c\u1ed9t \u0111o \u0111\u1ea1c, cung c\u1ea5p kh\u1ea3 n\u0103ng g\u1eafn k\u1ebft ch\u1eafc ch\u1eafn v\u1edbi kh\u1ea3 n\u0103ng ki\u1ec3m so\u00e1t \u0111\u1ed9 cao ch\u00ednh x\u00e1c.<\/p>","protected":false},"excerpt":{"rendered":"<p>The Mount Laser AD-E05 is a precision-engineered Height 24mm GPS Adapter designed to deliver reliable connectivity for modern surveying systems. Crafted from high-grade aluminum, this robust Height 24mm GPS Adapter ensures optimal performance in demanding field conditions while maintaining a lightweight profile. Featuring dual 5\/8&#8243;-11 threads and a standard 25mm diameter, this versatile Height 24mm [&hellip;]<\/p>\n","protected":false},"featured_media":2553,"comment_status":"open","ping_status":"closed","template":"","meta":[],"product_brand":[],"product_cat":[79,102],"product_tag":[],"class_list":{"0":"post-2550","1":"product","2":"type-product","3":"status-publish","4":"has-post-thumbnail","6":"product_cat-surveying-accessory","7":"product_cat-monitoring-adapter","9":"first","10":"instock","11":"shipping-taxable","12":"product-type-simple"},"_links":{"self":[{"href":"https:\/\/mountlaser.com\/vi\/wp-json\/wp\/v2\/product\/2550","targetHints":{"allow":["GET"]}}],"collection":[{"href":"https:\/\/mountlaser.com\/vi\/wp-json\/wp\/v2\/product"}],"about":[{"href":"https:\/\/mountlaser.com\/vi\/wp-json\/wp\/v2\/types\/product"}],"replies":[{"embeddable":true,"href":"https:\/\/mountlaser.com\/vi\/wp-json\/wp\/v2\/comments?post=2550"}],"wp:featuredmedia":[{"embeddable":true,"href":"https:\/\/mountlaser.com\/vi\/wp-json\/wp\/v2\/media\/2553"}],"wp:attachment":[{"href":"https:\/\/mountlaser.com\/vi\/wp-json\/wp\/v2\/media?parent=2550"}],"wp:term":[{"taxonomy":"product_brand","embeddable":true,"href":"https:\/\/mountlaser.com\/vi\/wp-json\/wp\/v2\/product_brand?post=2550"},{"taxonomy":"product_cat","embeddable":true,"href":"https:\/\/mountlaser.com\/vi\/wp-json\/wp\/v2\/product_cat?post=2550"},{"taxonomy":"product_tag","embeddable":true,"href":"https:\/\/mountlaser.com\/vi\/wp-json\/wp\/v2\/product_tag?post=2550"}],"curies":[{"name":"trang web","href":"https:\/\/api.w.org\/{rel}","templated":true}]}}