{"id":2543,"date":"2025-10-09T09:24:16","date_gmt":"2025-10-09T09:24:16","guid":{"rendered":"https:\/\/mountlaser.com\/?post_type=product&#038;p=2543"},"modified":"2025-11-28T07:11:35","modified_gmt":"2025-11-28T07:11:35","slug":"ad-e04-aluminum-gps-adapter","status":"publish","type":"product","link":"https:\/\/mountlaser.com\/vi\/san-pham\/ad-e04-aluminum-gps-adapter\/","title":{"rendered":"B\u1ed9 chuy\u1ec3n \u0111\u1ed5i GPS b\u1eb1ng nh\u00f4m AD-E04"},"content":{"rendered":"<p>Gi\u00e1 \u0111\u1ee1 ch\u00ednh x\u00e1c cho thi\u1ebft b\u1ecb \u0111\u1ecbnh v\u1ecb GPS Rover c\u1ee7a b\u1ea1n v\u1edbi <a href=\"https:\/\/mountlaser.com\/vi\/\"><strong>B\u1ed9 chuy\u1ec3n \u0111\u1ed5i GPS AD-E04<\/strong><\/a><\/p>\n<p>B\u1ed9 chuy\u1ec3n \u0111\u1ed5i GPS Mount Laser AD-E04 l\u00e0 m\u1ed9t thi\u1ebft b\u1ecb chuy\u00ean d\u1ee5ng c\u00f3 chi\u1ec1u cao 30mm, \u0111\u01b0\u1ee3c thi\u1ebft k\u1ebf chuy\u00ean nghi\u1ec7p \u0111\u1ec3 k\u1ebft n\u1ed1i gi\u1eefa m\u00e1y thu GPS v\u00e0 c\u00e1c c\u1ed9t \u0111o \u0111\u1ea1c. \u0110\u01b0\u1ee3c ch\u1ebf t\u1ea1o t\u1eeb nh\u00f4m cao c\u1ea5p, b\u1ed9 chuy\u1ec3n \u0111\u1ed5i GPS thi\u1ebft y\u1ebfu n\u00e0y mang l\u1ea1i s\u1ef1 c\u00e2n b\u1eb1ng ho\u00e0n h\u1ea3o gi\u1eefa tr\u1ecdng l\u01b0\u1ee3ng nh\u1eb9 v\u00e0 \u0111\u1ed9 b\u1ec1n ch\u1eafc ch\u1eafn cho vi\u1ec7c s\u1eed d\u1ee5ng h\u00e0ng ng\u00e0y ngo\u00e0i hi\u1ec7n tr\u01b0\u1eddng.<\/p>\n<p><img fetchpriority=\"high\" decoding=\"async\" class=\"aligncenter wp-image-2549\" src=\"https:\/\/mountlaser.com\/wp-content\/uploads\/2025\/10\/AD-E04-7.webp\" alt=\"Height 30mm GPS Adapter\" width=\"500\" height=\"500\" srcset=\"https:\/\/mountlaser.com\/wp-content\/uploads\/2025\/10\/AD-E04-7.webp 1000w, https:\/\/mountlaser.com\/wp-content\/uploads\/2025\/10\/AD-E04-7-300x300.webp 300w, https:\/\/mountlaser.com\/wp-content\/uploads\/2025\/10\/AD-E04-7-400x400.webp 400w, https:\/\/mountlaser.com\/wp-content\/uploads\/2025\/10\/AD-E04-7-800x800.webp 800w, https:\/\/mountlaser.com\/wp-content\/uploads\/2025\/10\/AD-E04-7-600x600.webp 600w, https:\/\/mountlaser.com\/wp-content\/uploads\/2025\/10\/AD-E04-7-150x150.webp 150w, https:\/\/mountlaser.com\/wp-content\/uploads\/2025\/10\/AD-E04-7-768x768.webp 768w, https:\/\/mountlaser.com\/wp-content\/uploads\/2025\/10\/AD-E04-7-12x12.webp 12w\" sizes=\"(max-width: 500px) 100vw, 500px\" \/><\/p>\n<p>Lo\u1ea1i linh ho\u1ea1t n\u00e0y <a href=\"https:\/\/mountlaser.com\/vi\/products\/\"><strong>B\u1ed9 chuy\u1ec3n \u0111\u1ed5i GPS cao 30mm<\/strong><\/a> S\u1ea3n ph\u1ea9m n\u00e0y c\u00f3 hai ren 5\/8\u2033-11, t\u1ea1o n\u00ean giao di\u1ec7n l\u00fd t\u01b0\u1edfng \u0111\u1ec3 g\u1eafn nhi\u1ec1u lo\u1ea1i m\u00e1y thu GPS kh\u00e1c nhau. \u0110\u1ed9 cao ch\u00ednh x\u00e1c 30mm m\u00e0 b\u1ed9 chuy\u1ec3n \u0111\u1ed5i GPS m\u1ea1nh m\u1ebd n\u00e0y cung c\u1ea5p \u0111\u1ea3m b\u1ea3o \u0111\u1ecbnh v\u1ecb t\u1ed1i \u01b0u v\u00e0 t\u0103ng c\u01b0\u1eddng kh\u1ea3 n\u0103ng thu t\u00edn hi\u1ec7u cho c\u00e1c thi\u1ebft b\u1ecb \u0111o \u0111\u1ea1c c\u1ee7a b\u1ea1n.<\/p>","protected":false},"excerpt":{"rendered":"<ul>\n<li>B\u1ed9 gi\u00e1 \u0111\u1ee1 GPS di \u0111\u1ed9ng: D\u00f9ng l\u00e0m \u0111i\u1ec3m k\u1ebft n\u1ed1i chuy\u00ean d\u1ee5ng \u0111\u1ec3 g\u1eafn ch\u1eafc ch\u1eafn c\u00e1c thi\u1ebft b\u1ecb GPS di \u0111\u1ed9ng l\u00ean c\u00e1c c\u1ed9t kh\u1ea3o s\u00e1t ti\u00eau chu\u1ea9n 5\/8\u2033-11.<\/li>\n<li>\u0110i\u1ec1u ch\u1ec9nh \u0111\u1ed9 cao t\u1ed1i \u01b0u: Chi\u1ec1u cao 30mm cung c\u1ea5p kho\u1ea3ng tr\u1ed1ng v\u00e0 \u0111\u1ed9 \u1ed5n \u0111\u1ecbnh c\u1ea7n thi\u1ebft cho thi\u1ebft b\u1ecb GPS c\u1ee7a b\u1ea1n.<\/li>\n<\/ul>","protected":false},"featured_media":2545,"comment_status":"open","ping_status":"closed","template":"","meta":[],"product_brand":[],"product_cat":[79,102],"product_tag":[],"class_list":{"0":"post-2543","1":"product","2":"type-product","3":"status-publish","4":"has-post-thumbnail","6":"product_cat-surveying-accessory","7":"product_cat-monitoring-adapter","9":"first","10":"instock","11":"shipping-taxable","12":"product-type-simple"},"_links":{"self":[{"href":"https:\/\/mountlaser.com\/vi\/wp-json\/wp\/v2\/product\/2543","targetHints":{"allow":["GET"]}}],"collection":[{"href":"https:\/\/mountlaser.com\/vi\/wp-json\/wp\/v2\/product"}],"about":[{"href":"https:\/\/mountlaser.com\/vi\/wp-json\/wp\/v2\/types\/product"}],"replies":[{"embeddable":true,"href":"https:\/\/mountlaser.com\/vi\/wp-json\/wp\/v2\/comments?post=2543"}],"wp:featuredmedia":[{"embeddable":true,"href":"https:\/\/mountlaser.com\/vi\/wp-json\/wp\/v2\/media\/2545"}],"wp:attachment":[{"href":"https:\/\/mountlaser.com\/vi\/wp-json\/wp\/v2\/media?parent=2543"}],"wp:term":[{"taxonomy":"product_brand","embeddable":true,"href":"https:\/\/mountlaser.com\/vi\/wp-json\/wp\/v2\/product_brand?post=2543"},{"taxonomy":"product_cat","embeddable":true,"href":"https:\/\/mountlaser.com\/vi\/wp-json\/wp\/v2\/product_cat?post=2543"},{"taxonomy":"product_tag","embeddable":true,"href":"https:\/\/mountlaser.com\/vi\/wp-json\/wp\/v2\/product_tag?post=2543"}],"curies":[{"name":"trang web","href":"https:\/\/api.w.org\/{rel}","templated":true}]}}