{"id":2536,"date":"2025-10-09T08:53:53","date_gmt":"2025-10-09T08:53:53","guid":{"rendered":"https:\/\/mountlaser.com\/?post_type=product&#038;p=2536"},"modified":"2025-11-28T07:12:33","modified_gmt":"2025-11-28T07:12:33","slug":"ad-e03-stainless-steel-adapter","status":"publish","type":"product","link":"https:\/\/mountlaser.com\/vi\/san-pham\/ad-e03-stainless-steel-adapter\/","title":{"rendered":"B\u1ed9 chuy\u1ec3n \u0111\u1ed5i b\u1eb1ng th\u00e9p kh\u00f4ng g\u1ec9 AD-E03"},"content":{"rendered":"<p>Tr\u1ea3i nghi\u1ec7m s\u1ee9c m\u1ea1nh v\u01b0\u1ee3t tr\u1ed9i v\u1edbi <a href=\"https:\/\/mountlaser.com\/vi\/\"><strong>B\u1ed9 chuy\u1ec3n \u0111\u1ed5i b\u1eb1ng th\u00e9p kh\u00f4ng g\u1ec9 AD-E03<\/strong><\/a><\/p>\n<p>B\u1ed9 chuy\u1ec3n \u0111\u1ed5i Mount Laser AD-E03 l\u00e0 m\u1ed9t b\u1ed9 chuy\u1ec3n \u0111\u1ed5i b\u1eb1ng th\u00e9p kh\u00f4ng g\u1ec9 cao 22mm ch\u1ecbu t\u1ea3i n\u1eb7ng, \u0111\u01b0\u1ee3c thi\u1ebft k\u1ebf d\u00e0nh cho c\u00e1c chuy\u00ean gia y\u00eau c\u1ea7u \u0111\u1ed9 b\u1ec1n t\u1ed1i \u0111a trong m\u00f4i tr\u01b0\u1eddng l\u00e0m vi\u1ec7c kh\u1eafc nghi\u1ec7t. Kh\u00f4ng gi\u1ed1ng nh\u01b0 c\u00e1c b\u1ed9 chuy\u1ec3n \u0111\u1ed5i b\u1eb1ng nh\u00f4m ti\u00eau chu\u1ea9n, m\u1eabu n\u00e0y \u0111\u01b0\u1ee3c gia c\u00f4ng ch\u00ednh x\u00e1c t\u1eeb th\u00e9p kh\u00f4ng g\u1ec9 cao c\u1ea5p, mang l\u1ea1i kh\u1ea3 n\u0103ng ch\u1ed1ng \u0103n m\u00f2n, va \u0111\u1eadp v\u00e0 m\u00e0i m\u00f2n v\u01b0\u1ee3t tr\u1ed9i.<\/p>\n<p><img fetchpriority=\"high\" decoding=\"async\" class=\"aligncenter wp-image-2541\" src=\"https:\/\/mountlaser.com\/wp-content\/uploads\/2025\/10\/AD-E03-6.webp\" alt=\"Height 22mm Stainless steel adapter \" width=\"500\" height=\"500\" srcset=\"https:\/\/mountlaser.com\/wp-content\/uploads\/2025\/10\/AD-E03-6.webp 1000w, https:\/\/mountlaser.com\/wp-content\/uploads\/2025\/10\/AD-E03-6-300x300.webp 300w, https:\/\/mountlaser.com\/wp-content\/uploads\/2025\/10\/AD-E03-6-400x400.webp 400w, https:\/\/mountlaser.com\/wp-content\/uploads\/2025\/10\/AD-E03-6-800x800.webp 800w, https:\/\/mountlaser.com\/wp-content\/uploads\/2025\/10\/AD-E03-6-600x600.webp 600w, https:\/\/mountlaser.com\/wp-content\/uploads\/2025\/10\/AD-E03-6-150x150.webp 150w, https:\/\/mountlaser.com\/wp-content\/uploads\/2025\/10\/AD-E03-6-768x768.webp 768w, https:\/\/mountlaser.com\/wp-content\/uploads\/2025\/10\/AD-E03-6-12x12.webp 12w\" sizes=\"(max-width: 500px) 100vw, 500px\" \/><\/p>\n<p>\u0110i\u1ec1u n\u00e0y r\u1ea5t m\u1ea1nh m\u1ebd <a href=\"https:\/\/mountlaser.com\/vi\/products\/\"><strong>B\u1ed9 chuy\u1ec3n \u0111\u1ed5i b\u1eb1ng th\u00e9p kh\u00f4ng g\u1ec9, chi\u1ec1u cao 22mm.<\/strong><\/a> S\u1ea3n ph\u1ea9m n\u00e0y c\u00f3 hai ren 5\/8\u2033-11 (ren \u0111\u1ef1c v\u00e0 ren c\u00e1i), \u0111\u00f3ng vai tr\u00f2 l\u00e0 b\u1ed9 ph\u1eadn m\u1edf r\u1ed9ng quan tr\u1ecdng cho c\u00e1c c\u1ed9t v\u00e0 gi\u00e1 \u0111\u1ee1 \u0111o \u0111\u1ea1c c\u1ee7a b\u1ea1n. \u0110\u1ed9 b\u1ec1n ch\u1eafc c\u1ee7a b\u1ed9 chuy\u1ec3n \u0111\u1ed5i b\u1eb1ng th\u00e9p kh\u00f4ng g\u1ec9 cao 22mm n\u00e0y \u0111\u1ea3m b\u1ea3o c\u00e1c d\u1ee5ng c\u1ee5 \u0111o ch\u00ednh x\u00e1c c\u1ee7a b\u1ea1n lu\u00f4n \u1ed5n \u0111\u1ecbnh v\u00e0 \u0111\u01b0\u1ee3c \u0111\u1ecbnh v\u1ecb ch\u00ednh x\u00e1c, ngay c\u1ea3 khi s\u1eed d\u1ee5ng nhi\u1ec1u h\u00e0ng ng\u00e0y.<\/p>","protected":false},"excerpt":{"rendered":"<ul>\n<li>Kh\u1ea3 n\u0103ng t\u01b0\u01a1ng th\u00edch ph\u1ed5 qu\u00e1t: C\u00f3 hai ren 5\/8\u2033-11 \u0111\u1ec3 k\u1ebft n\u1ed1i v\u1edbi nhi\u1ec1u lo\u1ea1i d\u1ee5ng c\u1ee5 v\u00e0 ph\u1ee5 ki\u1ec7n \u0111o \u0111\u1ea1c t\u01b0\u01a1ng th\u00edch.<\/li>\n<li>K\u1ebft n\u1ed1i an to\u00e0n: \u0110\u1ea3m b\u1ea3o li\u00ean k\u1ebft ch\u1eafc ch\u1eafn v\u00e0 \u0111\u00e1ng tin c\u1eady, gi\u1ea3m thi\u1ec3u rung \u0111\u1ed9ng v\u00e0 chuy\u1ec3n \u0111\u1ed9ng, b\u1ea3o v\u1ec7 \u0111\u1ed9 ch\u00ednh x\u00e1c c\u1ee7a c\u00e1c ph\u00e9p \u0111o.<\/li>\n<\/ul>","protected":false},"featured_media":2538,"comment_status":"open","ping_status":"closed","template":"","meta":[],"product_brand":[],"product_cat":[79,102],"product_tag":[],"class_list":{"0":"post-2536","1":"product","2":"type-product","3":"status-publish","4":"has-post-thumbnail","6":"product_cat-surveying-accessory","7":"product_cat-monitoring-adapter","9":"first","10":"instock","11":"shipping-taxable","12":"product-type-simple"},"_links":{"self":[{"href":"https:\/\/mountlaser.com\/vi\/wp-json\/wp\/v2\/product\/2536","targetHints":{"allow":["GET"]}}],"collection":[{"href":"https:\/\/mountlaser.com\/vi\/wp-json\/wp\/v2\/product"}],"about":[{"href":"https:\/\/mountlaser.com\/vi\/wp-json\/wp\/v2\/types\/product"}],"replies":[{"embeddable":true,"href":"https:\/\/mountlaser.com\/vi\/wp-json\/wp\/v2\/comments?post=2536"}],"wp:featuredmedia":[{"embeddable":true,"href":"https:\/\/mountlaser.com\/vi\/wp-json\/wp\/v2\/media\/2538"}],"wp:attachment":[{"href":"https:\/\/mountlaser.com\/vi\/wp-json\/wp\/v2\/media?parent=2536"}],"wp:term":[{"taxonomy":"product_brand","embeddable":true,"href":"https:\/\/mountlaser.com\/vi\/wp-json\/wp\/v2\/product_brand?post=2536"},{"taxonomy":"product_cat","embeddable":true,"href":"https:\/\/mountlaser.com\/vi\/wp-json\/wp\/v2\/product_cat?post=2536"},{"taxonomy":"product_tag","embeddable":true,"href":"https:\/\/mountlaser.com\/vi\/wp-json\/wp\/v2\/product_tag?post=2536"}],"curies":[{"name":"trang web","href":"https:\/\/api.w.org\/{rel}","templated":true}]}}