{"id":2529,"date":"2025-10-09T08:45:48","date_gmt":"2025-10-09T08:45:48","guid":{"rendered":"https:\/\/mountlaser.com\/?post_type=product&#038;p=2529"},"modified":"2025-11-28T07:13:32","modified_gmt":"2025-11-28T07:13:32","slug":"ad-e02-aluminum-adapter","status":"publish","type":"product","link":"https:\/\/mountlaser.com\/vi\/san-pham\/ad-e02-aluminum-adapter\/","title":{"rendered":"B\u1ed9 chuy\u1ec3n \u0111\u1ed5i nh\u00f4m AD-E02"},"content":{"rendered":"<p>\u0110\u1ea3m b\u1ea3o k\u1ebft n\u1ed1i \u1ed5n \u0111\u1ecbnh v\u1edbi <a href=\"https:\/\/mountlaser.com\/vi\/\"><strong>B\u1ed9 chuy\u1ec3n \u0111\u1ed5i nh\u00f4m AD-E02<\/strong><\/a><\/p>\n<p>Gi\u00e1 \u0111\u1ee1 Laser AD-E02 l\u00e0 m\u1ed9t s\u1ea3n ph\u1ea9m \u0111\u01b0\u1ee3c gia c\u00f4ng ch\u00ednh x\u00e1c.<a href=\"https:\/\/mountlaser.com\/vi\/products\/\"><strong> B\u1ed9 chuy\u1ec3n \u0111\u1ed5i nh\u00f4m cao 20mm<\/strong><\/a> \u0110\u01b0\u1ee3c thi\u1ebft k\u1ebf \u0111\u1ec3 cung c\u1ea5p m\u1ed9t li\u00ean k\u1ebft m\u1edf r\u1ed9ng m\u1ea1nh m\u1ebd v\u00e0 \u0111\u00e1ng tin c\u1eady cho thi\u1ebft b\u1ecb kh\u1ea3o s\u00e1t c\u1ee7a b\u1ea1n. \u0110\u01b0\u1ee3c ch\u1ebf t\u1ea1o t\u1eeb h\u1ee3p kim nh\u00f4m c\u01b0\u1eddng \u0111\u1ed9 cao, b\u1ed9 chuy\u1ec3n \u0111\u1ed5i n\u00e0y \u0111\u01b0\u1ee3c thi\u1ebft k\u1ebf \u0111\u1ec3 mang l\u1ea1i \u0111\u1ed9 b\u1ec1n cao trong khi v\u1eabn duy tr\u00ec tr\u1ecdng l\u01b0\u1ee3ng nh\u1eb9, d\u1ec5 d\u00e0ng s\u1eed d\u1ee5ng ngo\u00e0i hi\u1ec7n tr\u01b0\u1eddng.<\/p>\n<p><img fetchpriority=\"high\" decoding=\"async\" class=\"aligncenter wp-image-2534\" src=\"https:\/\/mountlaser.com\/wp-content\/uploads\/2025\/10\/AD-E02-6.webp\" alt=\"Height 20mm Aluminum adapter\" width=\"500\" height=\"500\" srcset=\"https:\/\/mountlaser.com\/wp-content\/uploads\/2025\/10\/AD-E02-6.webp 1000w, https:\/\/mountlaser.com\/wp-content\/uploads\/2025\/10\/AD-E02-6-300x300.webp 300w, https:\/\/mountlaser.com\/wp-content\/uploads\/2025\/10\/AD-E02-6-400x400.webp 400w, https:\/\/mountlaser.com\/wp-content\/uploads\/2025\/10\/AD-E02-6-800x800.webp 800w, https:\/\/mountlaser.com\/wp-content\/uploads\/2025\/10\/AD-E02-6-600x600.webp 600w, https:\/\/mountlaser.com\/wp-content\/uploads\/2025\/10\/AD-E02-6-150x150.webp 150w, https:\/\/mountlaser.com\/wp-content\/uploads\/2025\/10\/AD-E02-6-768x768.webp 768w, https:\/\/mountlaser.com\/wp-content\/uploads\/2025\/10\/AD-E02-6-12x12.webp 12w\" sizes=\"(max-width: 500px) 100vw, 500px\" \/><\/p>\n<p>V\u1edbi t\u01b0 c\u00e1ch l\u00e0 m\u1ed9t ng\u01b0\u1eddi t\u1eadn t\u00e2m <a href=\"https:\/\/mountlaser.com\/vi\/contact-us\/\">B\u1ed9 chuy\u1ec3n \u0111\u1ed5i nh\u00f4m cao 20mm<\/a>, S\u1ea3n ph\u1ea9m n\u00e0y c\u00f3 hai ren 5\/8\u2033-11 (m\u1ed9t ren \u0111\u1ef1c, m\u1ed9t ren c\u00e1i), l\u00e0 c\u00f4ng c\u1ee5 ho\u00e0n h\u1ea3o \u0111\u1ec3 k\u00e9o d\u00e0i chi\u1ec1u cao c\u1ee7a c\u1ed9t l\u0103ng k\u00ednh ho\u1eb7c k\u1ebft n\u1ed1i c\u00e1c ph\u1ee5 ki\u1ec7n t\u01b0\u01a1ng th\u00edch. B\u1ed9 chuy\u1ec3n \u0111\u1ed5i chi\u1ec1u cao 20mm b\u1eb1ng nh\u00f4m nh\u1ecf g\u1ecdn v\u00e0 ch\u1eafc ch\u1eafn \u0111\u1ea3m b\u1ea3o thi\u1ebft l\u1eadp c\u1ee7a b\u1ea1n lu\u00f4n \u1ed5n \u0111\u1ecbnh v\u00e0 ch\u00ednh x\u00e1c.<\/p>","protected":false},"excerpt":{"rendered":"<ul>\n<li>Ch\u1ee7 y\u1ebfu \u0111\u01b0\u1ee3c s\u1eed d\u1ee5ng \u0111\u1ec3 th\u00eam ph\u1ea7n m\u1edf r\u1ed9ng ch\u00ednh x\u00e1c 20mm v\u00e0o c\u00e1c thanh \u0111\u1ee1 l\u0103ng k\u00ednh v\u00e0 c\u00e1c h\u1ec7 th\u1ed1ng gi\u00e1 \u0111\u1ee1 kh\u00e1c.<\/li>\n<li>C\u00f3 hai ren 5\/8\u2033-11 gi\u00fap k\u1ebft n\u1ed1i li\u1ec1n m\u1ea1ch gi\u1eefa c\u00e1c d\u1ee5ng c\u1ee5 v\u00e0 ph\u1ee5 ki\u1ec7n t\u01b0\u01a1ng th\u00edch.<\/li>\n<\/ul>","protected":false},"featured_media":2531,"comment_status":"open","ping_status":"closed","template":"","meta":[],"product_brand":[],"product_cat":[79,102],"product_tag":[],"class_list":{"0":"post-2529","1":"product","2":"type-product","3":"status-publish","4":"has-post-thumbnail","6":"product_cat-surveying-accessory","7":"product_cat-monitoring-adapter","9":"first","10":"instock","11":"shipping-taxable","12":"product-type-simple"},"_links":{"self":[{"href":"https:\/\/mountlaser.com\/vi\/wp-json\/wp\/v2\/product\/2529","targetHints":{"allow":["GET"]}}],"collection":[{"href":"https:\/\/mountlaser.com\/vi\/wp-json\/wp\/v2\/product"}],"about":[{"href":"https:\/\/mountlaser.com\/vi\/wp-json\/wp\/v2\/types\/product"}],"replies":[{"embeddable":true,"href":"https:\/\/mountlaser.com\/vi\/wp-json\/wp\/v2\/comments?post=2529"}],"wp:featuredmedia":[{"embeddable":true,"href":"https:\/\/mountlaser.com\/vi\/wp-json\/wp\/v2\/media\/2531"}],"wp:attachment":[{"href":"https:\/\/mountlaser.com\/vi\/wp-json\/wp\/v2\/media?parent=2529"}],"wp:term":[{"taxonomy":"product_brand","embeddable":true,"href":"https:\/\/mountlaser.com\/vi\/wp-json\/wp\/v2\/product_brand?post=2529"},{"taxonomy":"product_cat","embeddable":true,"href":"https:\/\/mountlaser.com\/vi\/wp-json\/wp\/v2\/product_cat?post=2529"},{"taxonomy":"product_tag","embeddable":true,"href":"https:\/\/mountlaser.com\/vi\/wp-json\/wp\/v2\/product_tag?post=2529"}],"curies":[{"name":"trang web","href":"https:\/\/api.w.org\/{rel}","templated":true}]}}