{"id":2522,"date":"2025-10-09T08:38:59","date_gmt":"2025-10-09T08:38:59","guid":{"rendered":"https:\/\/mountlaser.com\/?post_type=product&#038;p=2522"},"modified":"2025-11-28T07:16:18","modified_gmt":"2025-11-28T07:16:18","slug":"ad-e01-aluminum-adapter","status":"publish","type":"product","link":"https:\/\/mountlaser.com\/vi\/san-pham\/ad-e01-aluminum-adapter\/","title":{"rendered":"B\u1ed9 chuy\u1ec3n \u0111\u1ed5i nh\u00f4m AD-E01"},"content":{"rendered":"<p>N\u00e2ng c\u1ea5p h\u1ec7 th\u1ed1ng gi\u00e1 \u0111\u1ee1 c\u1ee7a b\u1ea1n v\u1edbi <a href=\"https:\/\/mountlaser.com\/vi\/\"><strong>B\u1ed9 chuy\u1ec3n \u0111\u1ed5i nh\u00f4m AD-E01<\/strong><\/a><\/p>\n<p>C\u00e1i <a href=\"https:\/\/mountlaser.com\/vi\/products\/\"><strong>Gi\u00e1 \u0111\u1ee1 Laser AD-E01<\/strong><\/a> \u0110\u00e2y l\u00e0 b\u1ed9 chuy\u1ec3n \u0111\u1ed5i t\u1eeb \u0111\u1ea7u c\u00e1i sang \u0111\u1ea7u \u0111\u1ef1c \u0111\u01b0\u1ee3c thi\u1ebft k\u1ebf ch\u00ednh x\u00e1c, nh\u1eb1m cung c\u1ea5p k\u1ebft n\u1ed1i li\u1ec1n m\u1ea1ch v\u00e0 \u0111\u00e1ng tin c\u1eady gi\u1eefa c\u00e1c thi\u1ebft b\u1ecb \u0111o \u0111\u1ea1c v\u00e0 ph\u1ee5 ki\u1ec7n c\u1ee7a b\u1ea1n. B\u1ed9 chuy\u1ec3n \u0111\u1ed5i b\u1eb1ng nh\u00f4m \u0111a n\u0103ng cao 18,5mm n\u00e0y \u0111\u01b0\u1ee3c ch\u1ebf t\u1ea1o t\u1eeb nh\u00f4m ch\u1ea5t l\u01b0\u1ee3ng cao, mang l\u1ea1i s\u1ef1 c\u00e2n b\u1eb1ng t\u1ed1i \u01b0u gi\u1eefa thi\u1ebft k\u1ebf nh\u1eb9 v\u00e0 \u0111\u1ed9 b\u1ec1n v\u01b0\u1ee3t tr\u1ed9i \u0111\u1ec3 ch\u1ecbu \u0111\u01b0\u1ee3c vi\u1ec7c s\u1eed d\u1ee5ng h\u00e0ng ng\u00e0y ngo\u00e0i hi\u1ec7n tr\u01b0\u1eddng.<\/p>\n<p><img fetchpriority=\"high\" decoding=\"async\" class=\"aligncenter wp-image-2525\" src=\"https:\/\/mountlaser.com\/wp-content\/uploads\/2025\/10\/AD-E01-4.webp\" alt=\"Female to Male Adapter\" width=\"500\" height=\"500\" srcset=\"https:\/\/mountlaser.com\/wp-content\/uploads\/2025\/10\/AD-E01-4.webp 1000w, https:\/\/mountlaser.com\/wp-content\/uploads\/2025\/10\/AD-E01-4-300x300.webp 300w, https:\/\/mountlaser.com\/wp-content\/uploads\/2025\/10\/AD-E01-4-400x400.webp 400w, https:\/\/mountlaser.com\/wp-content\/uploads\/2025\/10\/AD-E01-4-800x800.webp 800w, https:\/\/mountlaser.com\/wp-content\/uploads\/2025\/10\/AD-E01-4-600x600.webp 600w, https:\/\/mountlaser.com\/wp-content\/uploads\/2025\/10\/AD-E01-4-150x150.webp 150w, https:\/\/mountlaser.com\/wp-content\/uploads\/2025\/10\/AD-E01-4-768x768.webp 768w, https:\/\/mountlaser.com\/wp-content\/uploads\/2025\/10\/AD-E01-4-12x12.webp 12w\" sizes=\"(max-width: 500px) 100vw, 500px\" \/><\/p>\n<p>L\u00e0 m\u1ed9t y\u1ebfu t\u1ed1 quan tr\u1ecdng <strong>B\u1ed9 chuy\u1ec3n \u0111\u1ed5i t\u1eeb \u0111\u1ea7u c\u00e1i sang \u0111\u1ea7u \u0111\u1ef1c<\/strong>, N\u00f3 gi\u00fap k\u1ebft n\u1ed1i hi\u1ec7u qu\u1ea3 c\u00e1c thi\u1ebft b\u1ecb c\u00f3 ti\u00eau chu\u1ea9n ren kh\u00e1c nhau, \u0111\u1ea3m b\u1ea3o kh\u1ea3 n\u0103ng t\u01b0\u01a1ng th\u00edch tr\u00ean nhi\u1ec1u lo\u1ea1i d\u1ee5ng c\u1ee5.<\/p>","protected":false},"excerpt":{"rendered":"<ul>\n<li>B\u1ed9 chuy\u1ec3n \u0111\u1ed5i ren ch\u00ednh x\u00e1c: D\u1ec5 d\u00e0ng chuy\u1ec3n \u0111\u1ed5i t\u1eeb ren trong 5\/8\u2033-11 sang ren ngo\u00e0i 1\/4\u2033-20.<\/li>\n<li>C\u1ea5u tr\u00fac nh\u00f4m ch\u1eafc ch\u1eafn: \u0110\u01b0\u1ee3c l\u00e0m t\u1eeb nh\u00f4m cao c\u1ea5p cho hi\u1ec7u su\u1ea5t l\u00e2u d\u00e0i m\u00e0 kh\u00f4ng l\u00e0m t\u0103ng tr\u1ecdng l\u01b0\u1ee3ng \u0111\u00e1ng k\u1ec3.<\/li>\n<li>K\u00edch th\u01b0\u1edbc t\u1ed1i \u01b0u: C\u00f3 \u0111\u01b0\u1eddng k\u00ednh ngo\u00e0i 25mm v\u00e0 chi\u1ec1u cao ch\u00ednh x\u00e1c 18,5mm.<\/li>\n<li>B\u1ed9 chuy\u1ec3n \u0111\u1ed5i nh\u00f4m n\u00e0y l\u00e0 m\u1ed9t gi\u1ea3i ph\u00e1p nh\u1ecf g\u1ecdn v\u00e0 hi\u1ec7u qu\u1ea3 cho h\u1ec7 th\u1ed1ng c\u1ee7a b\u1ea1n.<\/li>\n<\/ul>","protected":false},"featured_media":2523,"comment_status":"open","ping_status":"closed","template":"","meta":[],"product_brand":[],"product_cat":[79,102],"product_tag":[],"class_list":{"0":"post-2522","1":"product","2":"type-product","3":"status-publish","4":"has-post-thumbnail","6":"product_cat-surveying-accessory","7":"product_cat-monitoring-adapter","9":"first","10":"instock","11":"shipping-taxable","12":"product-type-simple"},"_links":{"self":[{"href":"https:\/\/mountlaser.com\/vi\/wp-json\/wp\/v2\/product\/2522","targetHints":{"allow":["GET"]}}],"collection":[{"href":"https:\/\/mountlaser.com\/vi\/wp-json\/wp\/v2\/product"}],"about":[{"href":"https:\/\/mountlaser.com\/vi\/wp-json\/wp\/v2\/types\/product"}],"replies":[{"embeddable":true,"href":"https:\/\/mountlaser.com\/vi\/wp-json\/wp\/v2\/comments?post=2522"}],"wp:featuredmedia":[{"embeddable":true,"href":"https:\/\/mountlaser.com\/vi\/wp-json\/wp\/v2\/media\/2523"}],"wp:attachment":[{"href":"https:\/\/mountlaser.com\/vi\/wp-json\/wp\/v2\/media?parent=2522"}],"wp:term":[{"taxonomy":"product_brand","embeddable":true,"href":"https:\/\/mountlaser.com\/vi\/wp-json\/wp\/v2\/product_brand?post=2522"},{"taxonomy":"product_cat","embeddable":true,"href":"https:\/\/mountlaser.com\/vi\/wp-json\/wp\/v2\/product_cat?post=2522"},{"taxonomy":"product_tag","embeddable":true,"href":"https:\/\/mountlaser.com\/vi\/wp-json\/wp\/v2\/product_tag?post=2522"}],"curies":[{"name":"trang web","href":"https:\/\/api.w.org\/{rel}","templated":true}]}}