{"id":2476,"date":"2025-09-30T08:57:38","date_gmt":"2025-09-30T08:57:38","guid":{"rendered":"https:\/\/mountlaser.com\/?post_type=product&#038;p=2476"},"modified":"2025-11-28T07:19:48","modified_gmt":"2025-11-28T07:19:48","slug":"ad-l09-stainless-steel-adapter","status":"publish","type":"product","link":"https:\/\/mountlaser.com\/vi\/san-pham\/ad-l09-stainless-steel-adapter\/","title":{"rendered":"B\u1ed9 chuy\u1ec3n \u0111\u1ed5i b\u1eb1ng th\u00e9p kh\u00f4ng g\u1ec9 AD-L09"},"content":{"rendered":"<p>N\u00e2ng cao \u0111\u1ed9 b\u1ec1n c\u1ee7a thi\u1ebft b\u1ecb v\u1edbi... <a href=\"https:\/\/mountlaser.com\/vi\/\"><strong>B\u1ed9 chuy\u1ec3n \u0111\u1ed5i b\u1eb1ng th\u00e9p kh\u00f4ng g\u1ec9 Mount Laser AD-L09<\/strong><\/a>. \u0110\u01b0\u1ee3c thi\u1ebft k\u1ebf cho nh\u1eefng \u0111i\u1ec1u ki\u1ec7n c\u00f4ng tr\u01b0\u1eddng kh\u1eafc nghi\u1ec7t nh\u1ea5t, b\u1ed9 chuy\u1ec3n \u0111\u1ed5i th\u00e9p kh\u00f4ng g\u1ec9 cao c\u1ea5p AD-L09 n\u00e0y \u0111\u01b0\u1ee3c gia c\u00f4ng t\u1eeb th\u00e9p kh\u00f4ng g\u1ec9 ch\u1ea5t l\u01b0\u1ee3ng cao, mang l\u1ea1i kh\u1ea3 n\u0103ng ch\u1ed1ng \u0103n m\u00f2n, va \u0111\u1eadp v\u00e0 m\u00e0i m\u00f2n v\u01b0\u1ee3t tr\u1ed9i. N\u00f3 c\u00f3 \u0111\u1ea7u c\u1eafm Th\u1ee5y S\u0129 25mm ch\u00ednh x\u00e1c v\u00e0 ren c\u00e1i \u0111a n\u0103ng 5\/8\u2033-11, \u0111\u1ea3m b\u1ea3o k\u1ebft n\u1ed1i ho\u00e0n h\u1ea3o, an to\u00e0n v\u00e0 l\u00e2u d\u00e0i cho c\u00e1c thi\u1ebft b\u1ecb \u0111o \u0111\u1ea1c c\u1ee7a b\u1ea1n.<\/p>\n<p><img fetchpriority=\"high\" decoding=\"async\" class=\"aligncenter wp-image-2479\" src=\"https:\/\/mountlaser.com\/wp-content\/uploads\/2025\/09\/AD-L09-7.webp\" alt=\"AD-L09 Stainless steel Adapter\" width=\"500\" height=\"500\" srcset=\"https:\/\/mountlaser.com\/wp-content\/uploads\/2025\/09\/AD-L09-7.webp 1000w, https:\/\/mountlaser.com\/wp-content\/uploads\/2025\/09\/AD-L09-7-300x300.webp 300w, https:\/\/mountlaser.com\/wp-content\/uploads\/2025\/09\/AD-L09-7-400x400.webp 400w, https:\/\/mountlaser.com\/wp-content\/uploads\/2025\/09\/AD-L09-7-800x800.webp 800w, https:\/\/mountlaser.com\/wp-content\/uploads\/2025\/09\/AD-L09-7-600x600.webp 600w, https:\/\/mountlaser.com\/wp-content\/uploads\/2025\/09\/AD-L09-7-150x150.webp 150w, https:\/\/mountlaser.com\/wp-content\/uploads\/2025\/09\/AD-L09-7-768x768.webp 768w, https:\/\/mountlaser.com\/wp-content\/uploads\/2025\/09\/AD-L09-7-12x12.webp 12w\" sizes=\"(max-width: 500px) 100vw, 500px\" \/><\/p>\n<p>\u0110\u01b0\u1ee3c ch\u1ebf t\u1ea1o \u0111\u1ec3 ch\u1ecbu \u0111\u01b0\u1ee3c vi\u1ec7c s\u1eed d\u1ee5ng li\u00ean t\u1ee5c trong m\u00f4i tr\u01b0\u1eddng kh\u1eafc nghi\u1ec7t, k\u1ebft c\u1ea5u ch\u1eafc ch\u1eafn c\u1ee7a... <a href=\"https:\/\/mountlaser.com\/vi\/products\/\"><strong>B\u1ed9 chuy\u1ec3n \u0111\u1ed5i b\u1eb1ng th\u00e9p kh\u00f4ng g\u1ec9 AD-L09<\/strong><\/a> \u0110\u1ea3m b\u1ea3o thi\u1ebft l\u1eadp c\u1ee7a b\u1ea1n lu\u00f4n \u1ed5n \u0111\u1ecbnh v\u00e0 ch\u00ednh x\u00e1c, h\u1ebft d\u1ef1 \u00e1n n\u00e0y \u0111\u1ebfn d\u1ef1 \u00e1n kh\u00e1c. \u0110\u1ed9 b\u1ec1n v\u01b0\u1ee3t tr\u1ed9i c\u1ee7a n\u00f3 b\u1ea3o v\u1ec7 thi\u1ebft b\u1ecb qu\u00fd gi\u00e1 c\u1ee7a b\u1ea1n kh\u1ecfi h\u01b0 h\u1ecfng v\u00e0 tu\u1ed9t ren. \u0110\u1ed1i v\u1edbi c\u00e1c chuy\u00ean gia kh\u00f4ng mu\u1ed1n th\u1ecfa hi\u1ec7p v\u1ec1 ch\u1ea5t l\u01b0\u1ee3ng v\u00e0 \u0111\u1ed9 b\u1ec1n, AD-L09 l\u00e0 s\u1ef1 l\u1ef1a ch\u1ecdn t\u1ed1i \u01b0u cho m\u1ed9t b\u1ed9 chuy\u1ec3n \u0111\u1ed5i \u0111\u00e1ng tin c\u1eady v\u00e0 kh\u00f4ng c\u1ea7n b\u1ea3o tr\u00ec.<\/p>","protected":false},"excerpt":{"rendered":"<ul>\n<li>Cung c\u1ea5p \u0111\u1ed9 b\u1ec1n t\u1ed1i \u0111a, kh\u1ea3 n\u0103ng ch\u1ed1ng \u0103n m\u00f2n v\u00e0 \u0111\u1ed9 b\u1ec1n l\u00e2u d\u00e0i trong m\u1ecdi m\u00f4i tr\u01b0\u1eddng.<\/li>\n<li>S\u1ea3n ph\u1ea9m c\u00f3 \u0111\u1ea7u c\u1eafm \u0111\u01b0\u1eddng k\u00ednh 25mm \u0111\u1ed9 ch\u00ednh x\u00e1c cao, \u0111\u1ea3m b\u1ea3o s\u1ef1 v\u1eeba kh\u00edt ho\u00e0n h\u1ea3o v\u1edbi c\u00e1c d\u1ee5ng c\u1ee5 c\u1ee7a b\u1ea1n.<\/li>\n<li>\u0110\u1ea3m b\u1ea3o kh\u1ea3 n\u0103ng t\u01b0\u01a1ng th\u00edch r\u1ed9ng r\u00e3i v\u1edbi c\u00e1c lo\u1ea1i ch\u00e2n m\u00e1y, c\u1ed9t v\u00e0 ph\u1ee5 ki\u1ec7n \u0111o \u0111\u1ea1c ti\u00eau chu\u1ea9n.<\/li>\n<\/ul>","protected":false},"featured_media":2477,"comment_status":"open","ping_status":"closed","template":"","meta":[],"product_brand":[],"product_cat":[79,102],"product_tag":[],"class_list":{"0":"post-2476","1":"product","2":"type-product","3":"status-publish","4":"has-post-thumbnail","6":"product_cat-surveying-accessory","7":"product_cat-monitoring-adapter","9":"first","10":"instock","11":"shipping-taxable","12":"product-type-simple"},"_links":{"self":[{"href":"https:\/\/mountlaser.com\/vi\/wp-json\/wp\/v2\/product\/2476","targetHints":{"allow":["GET"]}}],"collection":[{"href":"https:\/\/mountlaser.com\/vi\/wp-json\/wp\/v2\/product"}],"about":[{"href":"https:\/\/mountlaser.com\/vi\/wp-json\/wp\/v2\/types\/product"}],"replies":[{"embeddable":true,"href":"https:\/\/mountlaser.com\/vi\/wp-json\/wp\/v2\/comments?post=2476"}],"wp:featuredmedia":[{"embeddable":true,"href":"https:\/\/mountlaser.com\/vi\/wp-json\/wp\/v2\/media\/2477"}],"wp:attachment":[{"href":"https:\/\/mountlaser.com\/vi\/wp-json\/wp\/v2\/media?parent=2476"}],"wp:term":[{"taxonomy":"product_brand","embeddable":true,"href":"https:\/\/mountlaser.com\/vi\/wp-json\/wp\/v2\/product_brand?post=2476"},{"taxonomy":"product_cat","embeddable":true,"href":"https:\/\/mountlaser.com\/vi\/wp-json\/wp\/v2\/product_cat?post=2476"},{"taxonomy":"product_tag","embeddable":true,"href":"https:\/\/mountlaser.com\/vi\/wp-json\/wp\/v2\/product_tag?post=2476"}],"curies":[{"name":"trang web","href":"https:\/\/api.w.org\/{rel}","templated":true}]}}