{"id":2471,"date":"2025-09-30T08:54:19","date_gmt":"2025-09-30T08:54:19","guid":{"rendered":"https:\/\/mountlaser.com\/?post_type=product&#038;p=2471"},"modified":"2025-11-28T07:26:59","modified_gmt":"2025-11-28T07:26:59","slug":"ad-l08-aluminum-adapter","status":"publish","type":"product","link":"https:\/\/mountlaser.com\/vi\/san-pham\/ad-l08-aluminum-adapter\/","title":{"rendered":"B\u1ed9 chuy\u1ec3n \u0111\u1ed5i nh\u00f4m AD-L08"},"content":{"rendered":"<p>Gi\u1edbi thi\u1ec7u Mount Laser <a href=\"https:\/\/mountlaser.com\/vi\/products\/\"><strong>B\u1ed9 chuy\u1ec3n \u0111\u1ed5i nh\u00f4m AD-L08<\/strong><\/a>, \u0110\u00e2y l\u00e0 gi\u1ea3i ph\u00e1p nh\u1eb9 v\u00e0 b\u1ec1n b\u1ec9 cho nhu c\u1ea7u k\u1ebft n\u1ed1i ch\u00ednh x\u00e1c c\u1ee7a b\u1ea1n. B\u1ed9 chuy\u1ec3n \u0111\u1ed5i ch\u1ea5t l\u01b0\u1ee3ng cao n\u00e0y c\u00f3 ph\u00edch c\u1eafm Th\u1ee5y S\u0129 ch\u1eafc ch\u1eafn v\u1edbi \u0111\u01b0\u1eddng k\u00ednh 25mm v\u00e0 \u0111\u01b0\u1ee3c gia c\u00f4ng t\u1eeb nh\u00f4m nguy\u00ean kh\u1ed1i, mang l\u1ea1i s\u1ef1 c\u00e2n b\u1eb1ng l\u00fd t\u01b0\u1edfng gi\u1eefa \u0111\u1ed9 b\u1ec1n v\u00e0 tr\u1ecdng l\u01b0\u1ee3ng t\u1ed1i thi\u1ec3u. T\u00ednh n\u0103ng ch\u00ednh c\u1ee7a n\u00f3 l\u00e0 b\u1ed9 chuy\u1ec3n \u0111\u1ed5i ren c\u00e1i 5\/8-11 \u0111\u01b0\u1ee3c thi\u1ebft k\u1ebf ch\u00ednh x\u00e1c, nh\u1eb1m t\u01b0\u01a1ng th\u00edch ph\u1ed5 bi\u1ebfn v\u1edbi nhi\u1ec1u lo\u1ea1i thi\u1ebft b\u1ecb kh\u1ea3o s\u00e1t, bao g\u1ed3m c\u1ea3 ch\u00e2n m\u00e1y v\u00e0 c\u1ed9t.<\/p>\n<p><img fetchpriority=\"high\" decoding=\"async\" class=\"aligncenter wp-image-2474\" src=\"https:\/\/mountlaser.com\/wp-content\/uploads\/2025\/09\/AD-L08-6.webp\" alt=\"Female 5\/8&quot;-11 thread Adapter\" width=\"500\" height=\"500\" srcset=\"https:\/\/mountlaser.com\/wp-content\/uploads\/2025\/09\/AD-L08-6.webp 1000w, https:\/\/mountlaser.com\/wp-content\/uploads\/2025\/09\/AD-L08-6-300x300.webp 300w, https:\/\/mountlaser.com\/wp-content\/uploads\/2025\/09\/AD-L08-6-400x400.webp 400w, https:\/\/mountlaser.com\/wp-content\/uploads\/2025\/09\/AD-L08-6-800x800.webp 800w, https:\/\/mountlaser.com\/wp-content\/uploads\/2025\/09\/AD-L08-6-600x600.webp 600w, https:\/\/mountlaser.com\/wp-content\/uploads\/2025\/09\/AD-L08-6-150x150.webp 150w, https:\/\/mountlaser.com\/wp-content\/uploads\/2025\/09\/AD-L08-6-768x768.webp 768w, https:\/\/mountlaser.com\/wp-content\/uploads\/2025\/09\/AD-L08-6-12x12.webp 12w\" sizes=\"(max-width: 500px) 100vw, 500px\" \/><\/p>\n<p>AD-L08 \u0111\u01b0\u1ee3c thi\u1ebft k\u1ebf \u0111\u1eb7c bi\u1ec7t \u0111\u1ec3 \u0111\u00e1p \u1ee9ng \u0111\u1ed9 tin c\u1eady cao.<a href=\"https:\/\/mountlaser.com\/vi\/about-us\/\"> <strong>B\u1ed9 chuy\u1ec3n \u0111\u1ed5i ren c\u00e1i 5\/8-11<\/strong> <\/a>\u0110i\u1ec1u n\u00e0y \u0111\u1ea3m b\u1ea3o k\u1ebft n\u1ed1i an to\u00e0n, ch\u00ednh x\u00e1c v\u00e0 kh\u00f4ng tr\u01b0\u1ee3t m\u1ecdi l\u00fac. C\u1ea5u tr\u00fac b\u1eb1ng nh\u00f4m nh\u1eb9 gi\u00fap gi\u1ea3m m\u1ec7t m\u1ecfi khi s\u1eed d\u1ee5ng m\u00e0 kh\u00f4ng \u1ea3nh h\u01b0\u1edfng \u0111\u1ebfn \u0111\u1ed9 b\u1ec1n, khi\u1ebfn b\u1ed9 chuy\u1ec3n \u0111\u1ed5i ren c\u00e1i 5\/8-11 n\u00e0y tr\u1edf n\u00ean ho\u00e0n h\u1ea3o cho nh\u1eefng ng\u01b0\u1eddi kh\u1ea3o s\u00e1t th\u01b0\u1eddng xuy\u00ean di chuy\u1ec3n. N\u00e2ng c\u1ea5p b\u1ed9 d\u1ee5ng c\u1ee5 c\u1ee7a b\u1ea1n v\u1edbi AD-L08 \u0111\u1ec3 thi\u1ebft l\u1eadp li\u1ec1n m\u1ea1ch v\u00e0 hi\u1ec7u qu\u1ea3.<\/p>","protected":false},"excerpt":{"rendered":"<ul>\n<li>Nh\u00f4m nh\u1eb9: \u0110\u01b0\u1ee3c ch\u1ebf t\u1ea1o t\u1eeb nh\u00f4m nguy\u00ean kh\u1ed1i cho t\u1ef7 l\u1ec7 \u0111\u1ed9 b\u1ec1n tr\u00ean tr\u1ecdng l\u01b0\u1ee3ng tuy\u1ec7t v\u1eddi, gi\u1ea3m m\u1ec7t m\u1ecfi cho ng\u01b0\u1eddi s\u1eed d\u1ee5ng.<\/li>\n<li>Ph\u00edch c\u1eafm Th\u1ee5y S\u0129 ch\u00ednh x\u00e1c: S\u1edf h\u1eefu ph\u00edch c\u1eafm Th\u1ee5y S\u0129 ch\u1ea5t l\u01b0\u1ee3ng cao \u0111\u01b0\u1eddng k\u00ednh 25mm cho c\u1ea3m gi\u00e1c v\u1eeba v\u1eb7n ch\u1eafc ch\u1eafn v\u00e0 ch\u00ednh x\u00e1c.<\/li>\n<li>Ren ngo\u00e0i \u0111a n\u0103ng 5\/8\u2033-11: \u0110\u1ea3m b\u1ea3o kh\u1ea3 n\u0103ng t\u01b0\u01a1ng th\u00edch r\u1ed9ng r\u00e3i v\u1edbi c\u00e1c lo\u1ea1i ch\u00e2n m\u00e1y, c\u1ed9t v\u00e0 ph\u1ee5 ki\u1ec7n \u0111o \u0111\u1ea1c ti\u00eau chu\u1ea9n.<\/li>\n<\/ul>","protected":false},"featured_media":2472,"comment_status":"open","ping_status":"closed","template":"","meta":[],"product_brand":[],"product_cat":[79,102],"product_tag":[],"class_list":{"0":"post-2471","1":"product","2":"type-product","3":"status-publish","4":"has-post-thumbnail","6":"product_cat-surveying-accessory","7":"product_cat-monitoring-adapter","9":"first","10":"instock","11":"shipping-taxable","12":"product-type-simple"},"_links":{"self":[{"href":"https:\/\/mountlaser.com\/vi\/wp-json\/wp\/v2\/product\/2471","targetHints":{"allow":["GET"]}}],"collection":[{"href":"https:\/\/mountlaser.com\/vi\/wp-json\/wp\/v2\/product"}],"about":[{"href":"https:\/\/mountlaser.com\/vi\/wp-json\/wp\/v2\/types\/product"}],"replies":[{"embeddable":true,"href":"https:\/\/mountlaser.com\/vi\/wp-json\/wp\/v2\/comments?post=2471"}],"wp:featuredmedia":[{"embeddable":true,"href":"https:\/\/mountlaser.com\/vi\/wp-json\/wp\/v2\/media\/2472"}],"wp:attachment":[{"href":"https:\/\/mountlaser.com\/vi\/wp-json\/wp\/v2\/media?parent=2471"}],"wp:term":[{"taxonomy":"product_brand","embeddable":true,"href":"https:\/\/mountlaser.com\/vi\/wp-json\/wp\/v2\/product_brand?post=2471"},{"taxonomy":"product_cat","embeddable":true,"href":"https:\/\/mountlaser.com\/vi\/wp-json\/wp\/v2\/product_cat?post=2471"},{"taxonomy":"product_tag","embeddable":true,"href":"https:\/\/mountlaser.com\/vi\/wp-json\/wp\/v2\/product_tag?post=2471"}],"curies":[{"name":"trang web","href":"https:\/\/api.w.org\/{rel}","templated":true}]}}