{"id":2466,"date":"2025-09-30T08:36:09","date_gmt":"2025-09-30T08:36:09","guid":{"rendered":"https:\/\/mountlaser.com\/?post_type=product&#038;p=2466"},"modified":"2025-11-28T08:02:02","modified_gmt":"2025-11-28T08:02:02","slug":"ad-l07-copper-adapter","status":"publish","type":"product","link":"https:\/\/mountlaser.com\/vi\/san-pham\/ad-l07-copper-adapter\/","title":{"rendered":"B\u1ed9 chuy\u1ec3n \u0111\u1ed5i \u0111\u1ed3ng AD-L07"},"content":{"rendered":"<p>Tr\u1ea3i nghi\u1ec7m hi\u1ec7u n\u0103ng v\u00e0 \u0111\u1ed9 b\u1ec1n v\u01b0\u1ee3t tr\u1ed9i v\u1edbi Mount Laser. <a href=\"https:\/\/mountlaser.com\/vi\/\"><strong>B\u1ed9 chuy\u1ec3n \u0111\u1ed5i \u0111\u1ed3ng AD-L07<\/strong><\/a>. \u0110\u01b0\u1ee3c thi\u1ebft k\u1ebf ch\u00ednh x\u00e1c d\u00e0nh cho nh\u1eefng ng\u01b0\u1eddi kh\u1ea3o s\u00e1t \u0111\u00f2i h\u1ecfi ch\u1ea5t l\u01b0\u1ee3ng t\u1ed1t nh\u1ea5t, b\u1ed9 chuy\u1ec3n \u0111\u1ed5i n\u00e0y k\u1ebft h\u1ee3p kh\u1ea3 n\u0103ng ch\u1ed1ng m\u00e0i m\u00f2n tuy\u1ec7t v\u1eddi v\u00e0 \u0111\u1eb7c t\u00ednh b\u00f4i tr\u01a1n t\u1ef1 nhi\u00ean c\u1ee7a \u0111\u1ed3ng v\u1edbi ren M8 ph\u1ed5 th\u00f4ng v\u00e0 thi\u1ebft k\u1ebf ki\u1ec3u Th\u1ee5y S\u0129. B\u1ed9 chuy\u1ec3n \u0111\u1ed5i \u0111\u1ed3ng AD-L07 \u0111\u1ea3m b\u1ea3o k\u1ebft n\u1ed1i ch\u1eafc ch\u1eafn, ch\u1ed1ng k\u1eb9t, ch\u1ecbu \u0111\u01b0\u1ee3c vi\u1ec7c s\u1eed d\u1ee5ng h\u00e0ng ng\u00e0y kh\u1eafc nghi\u1ec7t, b\u1ea3o v\u1ec7 c\u00e1c d\u1ee5ng c\u1ee5 qu\u00fd gi\u00e1 c\u1ee7a b\u1ea1n kh\u1ecfi b\u1ecb m\u00e0i m\u00f2n v\u00e0 h\u01b0 h\u1ecfng ren.<\/p>\n<p>L\u00fd t\u01b0\u1edfng cho c\u00e1c nhi\u1ec7m v\u1ee5 kh\u1ea3o s\u00e1t \u0111\u1ed9 ch\u00ednh x\u00e1c cao, k\u1ebft c\u1ea5u ch\u1eafc ch\u1eafn c\u1ee7a thi\u1ebft b\u1ecb n\u00e0y...<a href=\"https:\/\/mountlaser.com\/vi\/about-us\/\"><strong> AD-L07<\/strong> <\/a>B\u1ed9 chuy\u1ec3n \u0111\u1ed5i b\u1eb1ng \u0111\u1ed3ng \u0111\u1ea3m b\u1ea3o \u0111\u1ed9 tin c\u1eady l\u00e2u d\u00e0i v\u00e0 hi\u1ec7u su\u1ea5t \u1ed5n \u0111\u1ecbnh trong th\u1ef1c t\u1ebf. B\u1eb1ng c\u00e1ch gi\u1ea3m ma s\u00e1t v\u00e0 m\u00e0i m\u00f2n tr\u00ean c\u1ea3 b\u1ed9 chuy\u1ec3n \u0111\u1ed5i v\u00e0 thi\u1ebft b\u1ecb, n\u00f3 k\u00e9o d\u00e0i tu\u1ed5i th\u1ecd thi\u1ebft b\u1ecb v\u00e0 gi\u1ea3m thi\u1ec3u th\u1eddi gian ng\u1eebng ho\u1ea1t \u0111\u1ed9ng. H\u00e3y ch\u1ecdn AD-L07 \u0111\u1ec3 c\u00f3 s\u1ef1 k\u1ebft h\u1ee3p ho\u00e0n h\u1ea3o gi\u1eefa ch\u1ea5t l\u01b0\u1ee3ng, ch\u1ee9c n\u0103ng v\u00e0 kh\u1ea3 n\u0103ng b\u1ea3o v\u1ec7.<\/p>\n<p><img fetchpriority=\"high\" decoding=\"async\" class=\"aligncenter wp-image-2469\" src=\"https:\/\/mountlaser.com\/wp-content\/uploads\/2025\/09\/AD-L07-6.webp\" alt=\"AD-L07 Copper Adapter \" width=\"500\" height=\"500\" srcset=\"https:\/\/mountlaser.com\/wp-content\/uploads\/2025\/09\/AD-L07-6.webp 1000w, https:\/\/mountlaser.com\/wp-content\/uploads\/2025\/09\/AD-L07-6-300x300.webp 300w, https:\/\/mountlaser.com\/wp-content\/uploads\/2025\/09\/AD-L07-6-400x400.webp 400w, https:\/\/mountlaser.com\/wp-content\/uploads\/2025\/09\/AD-L07-6-800x800.webp 800w, https:\/\/mountlaser.com\/wp-content\/uploads\/2025\/09\/AD-L07-6-600x600.webp 600w, https:\/\/mountlaser.com\/wp-content\/uploads\/2025\/09\/AD-L07-6-150x150.webp 150w, https:\/\/mountlaser.com\/wp-content\/uploads\/2025\/09\/AD-L07-6-768x768.webp 768w, https:\/\/mountlaser.com\/wp-content\/uploads\/2025\/09\/AD-L07-6-12x12.webp 12w\" sizes=\"(max-width: 500px) 100vw, 500px\" \/><\/p>\n<p><strong>S\u1eed d\u1ee5ng v\u1edbi b\u1ed9 chuy\u1ec3n \u0111\u1ed5i \u0111\u1ed3ng AD-L07.<\/strong><\/p>\n<p><img decoding=\"async\" class=\"aligncenter wp-image-2220 size-full\" src=\"https:\/\/mountlaser.com\/wp-content\/uploads\/2025\/09\/1-5.webp\" alt=\"\" width=\"614\" height=\"759\" srcset=\"https:\/\/mountlaser.com\/wp-content\/uploads\/2025\/09\/1-5.webp 614w, https:\/\/mountlaser.com\/wp-content\/uploads\/2025\/09\/1-5-600x742.webp 600w, https:\/\/mountlaser.com\/wp-content\/uploads\/2025\/09\/1-5-243x300.webp 243w, https:\/\/mountlaser.com\/wp-content\/uploads\/2025\/09\/1-5-10x12.webp 10w\" sizes=\"(max-width: 614px) 100vw, 614px\" \/><\/p>","protected":false},"excerpt":{"rendered":"<ul>\n<li>C\u1ea5u t\u1ea1o b\u1eb1ng \u0111\u1ed3ng cao c\u1ea5p: Mang l\u1ea1i kh\u1ea3 n\u0103ng ch\u1ed1ng m\u00e0i m\u00f2n tuy\u1ec7t v\u1eddi, kh\u1ea3 n\u0103ng b\u00f4i tr\u01a1n t\u1ef1 nhi\u00ean v\u00e0 \u0111\u1eb7c t\u00ednh ch\u1ed1ng k\u1eb9t.<\/li>\n<li>Ren M8 ch\u00ednh x\u00e1c: \u0110\u1ea3m b\u1ea3o k\u1ebft n\u1ed1i ph\u1ed5 qu\u00e1t, an to\u00e0n v\u00e0 ch\u00ednh x\u00e1c v\u1edbi c\u00e1c thi\u1ebft b\u1ecb \u0111o \u0111\u1ea1c c\u1ee7a b\u1ea1n.<\/li>\n<li>Thi\u1ebft k\u1ebf theo phong c\u00e1ch Th\u1ee5y S\u0129: \u0110\u1ea3m b\u1ea3o ti\u00eau chu\u1ea9n s\u1ea3n xu\u1ea5t cao cho kh\u1ea3 n\u0103ng t\u01b0\u01a1ng th\u00edch ho\u00e0n h\u1ea3o v\u00e0 hi\u1ec7u su\u1ea5t \u0111\u00e1ng tin c\u1eady.<\/li>\n<\/ul>","protected":false},"featured_media":2467,"comment_status":"open","ping_status":"closed","template":"","meta":[],"product_brand":[],"product_cat":[79,102],"product_tag":[],"class_list":{"0":"post-2466","1":"product","2":"type-product","3":"status-publish","4":"has-post-thumbnail","6":"product_cat-surveying-accessory","7":"product_cat-monitoring-adapter","9":"first","10":"instock","11":"shipping-taxable","12":"product-type-simple"},"_links":{"self":[{"href":"https:\/\/mountlaser.com\/vi\/wp-json\/wp\/v2\/product\/2466","targetHints":{"allow":["GET"]}}],"collection":[{"href":"https:\/\/mountlaser.com\/vi\/wp-json\/wp\/v2\/product"}],"about":[{"href":"https:\/\/mountlaser.com\/vi\/wp-json\/wp\/v2\/types\/product"}],"replies":[{"embeddable":true,"href":"https:\/\/mountlaser.com\/vi\/wp-json\/wp\/v2\/comments?post=2466"}],"wp:featuredmedia":[{"embeddable":true,"href":"https:\/\/mountlaser.com\/vi\/wp-json\/wp\/v2\/media\/2467"}],"wp:attachment":[{"href":"https:\/\/mountlaser.com\/vi\/wp-json\/wp\/v2\/media?parent=2466"}],"wp:term":[{"taxonomy":"product_brand","embeddable":true,"href":"https:\/\/mountlaser.com\/vi\/wp-json\/wp\/v2\/product_brand?post=2466"},{"taxonomy":"product_cat","embeddable":true,"href":"https:\/\/mountlaser.com\/vi\/wp-json\/wp\/v2\/product_cat?post=2466"},{"taxonomy":"product_tag","embeddable":true,"href":"https:\/\/mountlaser.com\/vi\/wp-json\/wp\/v2\/product_tag?post=2466"}],"curies":[{"name":"trang web","href":"https:\/\/api.w.org\/{rel}","templated":true}]}}