{"id":2402,"date":"2025-09-30T08:16:47","date_gmt":"2025-09-30T08:16:47","guid":{"rendered":"https:\/\/mountlaser.com\/?post_type=product&#038;p=2402"},"modified":"2025-11-28T08:03:24","modified_gmt":"2025-11-28T08:03:24","slug":"ad-l06-stainless-steel-adapter","status":"publish","type":"product","link":"https:\/\/mountlaser.com\/vi\/san-pham\/ad-l06-stainless-steel-adapter\/","title":{"rendered":"B\u1ed9 chuy\u1ec3n \u0111\u1ed5i b\u1eb1ng th\u00e9p kh\u00f4ng g\u1ec9 AD-L06"},"content":{"rendered":"<p>N\u00e2ng c\u1ea5p quy tr\u00ecnh \u0111o l\u01b0\u1eddng c\u1ee7a b\u1ea1n v\u1edbi <a href=\"https:\/\/mountlaser.com\/vi\/products\/\"><strong>B\u1ed9 chuy\u1ec3n \u0111\u1ed5i b\u1eb1ng th\u00e9p kh\u00f4ng g\u1ec9 Mount Laser AD-L06<\/strong><\/a>. \u0110\u01b0\u1ee3c thi\u1ebft k\u1ebf v\u1edbi \u0111\u1ed9 ch\u00ednh x\u00e1c v\u00e0 \u0111\u1ed9 b\u1ec1n cao, b\u1ed9 chuy\u1ec3n \u0111\u1ed5i ch\u1ea5t l\u01b0\u1ee3ng cao n\u00e0y c\u00f3 ph\u00edch c\u1eafm ki\u1ec3u Th\u1ee5y S\u0129 v\u00e0 ren M8 ph\u1ed5 th\u00f4ng, \u0111\u1ea3m b\u1ea3o k\u1ebft n\u1ed1i ho\u00e0n h\u1ea3o v\u00e0 an to\u00e0n v\u1edbi c\u00e1c thi\u1ebft b\u1ecb c\u1ee7a b\u1ea1n.<\/p>\n<p>C\u00e1i <a href=\"https:\/\/mountlaser.com\/vi\/contact-us\/\"><strong>AD-L06<\/strong><\/a> \u0110\u01b0\u1ee3c thi\u1ebft k\u1ebf nh\u01b0 m\u1ed9t b\u1ed9 chuy\u1ec3n \u0111\u1ed5i th\u00e1o l\u1eafp nhanh \u0111a n\u0103ng, cho ph\u00e9p thay \u0111\u1ed5i d\u1ee5ng c\u1ee5 nhanh ch\u00f3ng v\u00e0 gi\u1ea3m \u0111\u00e1ng k\u1ec3 th\u1eddi gian thi\u1ebft l\u1eadp t\u1ea1i c\u00f4ng tr\u01b0\u1eddng. \u0110\u01b0\u1ee3c ch\u1ebf t\u1ea1o t\u1eeb th\u00e9p kh\u00f4ng g\u1ec9 ch\u1eafc ch\u1eafn, n\u00f3 ch\u1ecbu \u0111\u01b0\u1ee3c c\u00e1c \u0111i\u1ec1u ki\u1ec7n kh\u1eafc nghi\u1ec7t ngo\u00e0i hi\u1ec7n tr\u01b0\u1eddng, ch\u1ed1ng \u0103n m\u00f2n v\u00e0 m\u00e0i m\u00f2n. \u0110\u1ed9 tin c\u1eady n\u00e0y l\u00e0m cho b\u1ed9 chuy\u1ec3n \u0111\u1ed5i th\u00e1o l\u1eafp nhanh c\u1ee7a ch\u00fang t\u00f4i tr\u1edf th\u00e0nh m\u1ed9t c\u00f4ng c\u1ee5 kh\u00f4ng th\u1ec3 thi\u1ebfu \u0111\u1ed1i v\u1edbi c\u00e1c nh\u00e0 kh\u1ea3o s\u00e1t v\u00e0 c\u00e1c chuy\u00ean gia x\u00e2y d\u1ef1ng, nh\u1eefng ng\u01b0\u1eddi \u0111\u00f2i h\u1ecfi c\u1ea3 t\u1ed1c \u0111\u1ed9 v\u00e0 \u0111\u1ed9 ch\u00ednh x\u00e1c. T\u00edch h\u1ee3p b\u1ed9 chuy\u1ec3n \u0111\u1ed5i th\u00e1o l\u1eafp nhanh AD-L06 v\u00e0o b\u1ed9 d\u1ee5ng c\u1ee5 c\u1ee7a b\u1ea1n \u0111\u1ec3 c\u00f3 tr\u1ea3i nghi\u1ec7m kh\u1ea3o s\u00e1t li\u1ec1n m\u1ea1ch v\u00e0 hi\u1ec7u qu\u1ea3.<\/p>\n<p><img fetchpriority=\"high\" decoding=\"async\" class=\"wp-image-2463 aligncenter\" src=\"https:\/\/mountlaser.com\/wp-content\/uploads\/2025\/09\/AD-L06-5.webp\" alt=\"AD-L06 Stainless Steel Adapter\" width=\"500\" height=\"500\" srcset=\"https:\/\/mountlaser.com\/wp-content\/uploads\/2025\/09\/AD-L06-5.webp 1000w, https:\/\/mountlaser.com\/wp-content\/uploads\/2025\/09\/AD-L06-5-300x300.webp 300w, https:\/\/mountlaser.com\/wp-content\/uploads\/2025\/09\/AD-L06-5-400x400.webp 400w, https:\/\/mountlaser.com\/wp-content\/uploads\/2025\/09\/AD-L06-5-800x800.webp 800w, https:\/\/mountlaser.com\/wp-content\/uploads\/2025\/09\/AD-L06-5-600x600.webp 600w, https:\/\/mountlaser.com\/wp-content\/uploads\/2025\/09\/AD-L06-5-150x150.webp 150w, https:\/\/mountlaser.com\/wp-content\/uploads\/2025\/09\/AD-L06-5-768x768.webp 768w, https:\/\/mountlaser.com\/wp-content\/uploads\/2025\/09\/AD-L06-5-12x12.webp 12w\" sizes=\"(max-width: 500px) 100vw, 500px\" \/><\/p>\n<p><strong>S\u1eed d\u1ee5ng v\u1edbi b\u1ed9 chuy\u1ec3n \u0111\u1ed5i b\u1eb1ng th\u00e9p kh\u00f4ng g\u1ec9 AD-L06.<\/strong><\/p>\n<p><img decoding=\"async\" class=\"aligncenter wp-image-2220 size-full\" src=\"https:\/\/mountlaser.com\/wp-content\/uploads\/2025\/09\/1-5.webp\" alt=\"\" width=\"614\" height=\"759\" srcset=\"https:\/\/mountlaser.com\/wp-content\/uploads\/2025\/09\/1-5.webp 614w, https:\/\/mountlaser.com\/wp-content\/uploads\/2025\/09\/1-5-600x742.webp 600w, https:\/\/mountlaser.com\/wp-content\/uploads\/2025\/09\/1-5-243x300.webp 243w, https:\/\/mountlaser.com\/wp-content\/uploads\/2025\/09\/1-5-10x12.webp 10w\" sizes=\"(max-width: 614px) 100vw, 614px\" \/><\/p>","protected":false},"excerpt":{"rendered":"<ul>\n<li>Ch\u1ea5t li\u1ec7u cao c\u1ea5p: \u0110\u01b0\u1ee3c ch\u1ebf t\u1ea1o t\u1eeb th\u00e9p kh\u00f4ng g\u1ec9 ch\u1ea5t l\u01b0\u1ee3ng cao, \u0111\u1ea3m b\u1ea3o \u0111\u1ed9 b\u1ec1n v\u01b0\u1ee3t tr\u1ed9i v\u00e0 kh\u1ea3 n\u0103ng ch\u1ed1ng \u0103n m\u00f2n.<\/li>\n<li>Ren ch\u00ednh x\u00e1c: C\u00f3 \u0111\u1ea7u c\u1eafm ki\u1ec3u Th\u1ee5y S\u0129 v\u00e0 ren M8 ti\u00eau chu\u1ea9n, \u0111\u1ea3m b\u1ea3o s\u1ef1 v\u1eeba v\u1eb7n an to\u00e0n v\u00e0 ch\u00ednh x\u00e1c cho m\u1ecdi lo\u1ea1i xe.<\/li>\n<\/ul>","protected":false},"featured_media":2462,"comment_status":"open","ping_status":"closed","template":"","meta":[],"product_brand":[],"product_cat":[79,102],"product_tag":[],"class_list":{"0":"post-2402","1":"product","2":"type-product","3":"status-publish","4":"has-post-thumbnail","6":"product_cat-surveying-accessory","7":"product_cat-monitoring-adapter","9":"first","10":"instock","11":"shipping-taxable","12":"product-type-simple"},"_links":{"self":[{"href":"https:\/\/mountlaser.com\/vi\/wp-json\/wp\/v2\/product\/2402","targetHints":{"allow":["GET"]}}],"collection":[{"href":"https:\/\/mountlaser.com\/vi\/wp-json\/wp\/v2\/product"}],"about":[{"href":"https:\/\/mountlaser.com\/vi\/wp-json\/wp\/v2\/types\/product"}],"replies":[{"embeddable":true,"href":"https:\/\/mountlaser.com\/vi\/wp-json\/wp\/v2\/comments?post=2402"}],"wp:featuredmedia":[{"embeddable":true,"href":"https:\/\/mountlaser.com\/vi\/wp-json\/wp\/v2\/media\/2462"}],"wp:attachment":[{"href":"https:\/\/mountlaser.com\/vi\/wp-json\/wp\/v2\/media?parent=2402"}],"wp:term":[{"taxonomy":"product_brand","embeddable":true,"href":"https:\/\/mountlaser.com\/vi\/wp-json\/wp\/v2\/product_brand?post=2402"},{"taxonomy":"product_cat","embeddable":true,"href":"https:\/\/mountlaser.com\/vi\/wp-json\/wp\/v2\/product_cat?post=2402"},{"taxonomy":"product_tag","embeddable":true,"href":"https:\/\/mountlaser.com\/vi\/wp-json\/wp\/v2\/product_tag?post=2402"}],"curies":[{"name":"trang web","href":"https:\/\/api.w.org\/{rel}","templated":true}]}}