{"id":2396,"date":"2025-09-29T08:50:48","date_gmt":"2025-09-29T08:50:48","guid":{"rendered":"https:\/\/mountlaser.com\/?post_type=product&#038;p=2396"},"modified":"2025-11-28T08:06:37","modified_gmt":"2025-11-28T08:06:37","slug":"ad-l02-stainless-steel-adapter","status":"publish","type":"product","link":"https:\/\/mountlaser.com\/vi\/san-pham\/ad-l02-stainless-steel-adapter\/","title":{"rendered":"B\u1ed9 chuy\u1ec3n \u0111\u1ed5i b\u1eb1ng th\u00e9p kh\u00f4ng g\u1ec9 AD-L02"},"content":{"rendered":"<p>Gi\u1edbi thi\u1ec7u <a href=\"https:\/\/mountlaser.com\/vi\/\"><strong>B\u1ed9 chuy\u1ec3n \u0111\u1ed5i b\u1eb1ng th\u00e9p kh\u00f4ng g\u1ec9 AD-L02<\/strong><\/a>, m\u1ed9t kho\u1ea3n ph\u00ed b\u1ea3o hi\u1ec3m <a href=\"https:\/\/mountlaser.com\/vi\/about-us\/\"><strong>B\u1ed9 chuy\u1ec3n \u0111\u1ed5i th\u00e1o nhanh<\/strong><\/a> \u0110\u01b0\u1ee3c thi\u1ebft k\u1ebf d\u00e0nh cho c\u00e1c k\u1ef9 s\u01b0 kh\u1ea3o s\u00e1t \u0111\u00f2i h\u1ecfi c\u1ea3 t\u1ed1c \u0111\u1ed9 v\u00e0 \u0111\u1ed9 ch\u00ednh x\u00e1c tuy\u1ec7t \u0111\u1ed1i. \u0110\u01b0\u1ee3c ch\u1ebf t\u1ea1o t\u1eeb th\u00e9p kh\u00f4ng g\u1ec9 cao c\u1ea5p, ph\u1ee5 ki\u1ec7n ch\u1eafc ch\u1eafn n\u00e0y \u0111\u01b0\u1ee3c thi\u1ebft k\u1ebf \u0111\u1ec3 ch\u1ecbu \u0111\u01b0\u1ee3c c\u00e1c \u0111i\u1ec1u ki\u1ec7n kh\u1eafc nghi\u1ec7t t\u1ea1i c\u00f4ng tr\u01b0\u1eddng \u0111\u1ed3ng th\u1eddi cung c\u1ea5p k\u1ebft n\u1ed1i an to\u00e0n \u0111\u00e1ng tin c\u1eady.<\/p>\n<p><img fetchpriority=\"high\" decoding=\"async\" class=\"aligncenter wp-image-2399\" src=\"https:\/\/mountlaser.com\/wp-content\/uploads\/2025\/09\/10-7.webp\" alt=\"Quick Release Adapter\" width=\"500\" height=\"500\" srcset=\"https:\/\/mountlaser.com\/wp-content\/uploads\/2025\/09\/10-7.webp 1000w, https:\/\/mountlaser.com\/wp-content\/uploads\/2025\/09\/10-7-300x300.webp 300w, https:\/\/mountlaser.com\/wp-content\/uploads\/2025\/09\/10-7-400x400.webp 400w, https:\/\/mountlaser.com\/wp-content\/uploads\/2025\/09\/10-7-800x800.webp 800w, https:\/\/mountlaser.com\/wp-content\/uploads\/2025\/09\/10-7-600x600.webp 600w, https:\/\/mountlaser.com\/wp-content\/uploads\/2025\/09\/10-7-150x150.webp 150w, https:\/\/mountlaser.com\/wp-content\/uploads\/2025\/09\/10-7-768x768.webp 768w, https:\/\/mountlaser.com\/wp-content\/uploads\/2025\/09\/10-7-12x12.webp 12w\" sizes=\"(max-width: 500px) 100vw, 500px\" \/><br \/>\nC\u00e1i <a href=\"https:\/\/mountlaser.com\/vi\/contact-us\/\">AD-L02<\/a> S\u1ea3n ph\u1ea9m ho\u1ea1t \u0111\u1ed9ng nh\u01b0 m\u1ed9t b\u1ed9 chuy\u1ec3n \u0111\u1ed5i th\u00e1o l\u1eafp nhanh ki\u1ec3u Th\u1ee5y S\u0129, v\u1edbi c\u01a1 ch\u1ebf hi\u1ec7u qu\u1ea3 cho ph\u00e9p thay \u0111\u1ed5i d\u1ee5ng c\u1ee5 nhanh ch\u00f3ng m\u00e0 kh\u00f4ng l\u00e0m gi\u1ea3m \u0111\u1ed9 ch\u00ednh x\u00e1c. V\u1edbi ren ti\u00eau chu\u1ea9n 1\/4\u2033-20 (M\u00e3 s\u1ea3n ph\u1ea9m: 6601-01), n\u00f3 mang l\u1ea1i t\u00ednh linh ho\u1ea1t v\u01b0\u1ee3t tr\u1ed9i \u0111\u1ec3 g\u1eafn nhi\u1ec1u lo\u1ea1i d\u1ee5ng c\u1ee5 kh\u00e1c nhau. \u0110\u1ed1i v\u1edbi c\u00e1c chuy\u00ean gia \u0111ang t\u00ecm ki\u1ebfm m\u1ed9t gi\u1ea3i ph\u00e1p b\u1ec1n b\u1ec9 v\u00e0 ti\u1ebft ki\u1ec7m th\u1eddi gian, b\u1ed9 chuy\u1ec3n \u0111\u1ed5i th\u00e1o l\u1eafp nhanh hi\u1ec7u su\u1ea5t cao n\u00e0y l\u00e0 m\u1ed9t b\u1ed5 sung thi\u1ebft y\u1ebfu cho b\u1ed9 d\u1ee5ng c\u1ee5 \u0111o l\u01b0\u1eddng c\u1ee7a b\u1ea1n.<\/p>\n<table width=\"587\">\n<tbody>\n<tr>\n<td width=\"72\">Ng\u01b0\u1eddi m\u1eabu<\/td>\n<td width=\"254\">H\u00ecnh \u1ea3nh<\/td>\n<td width=\"261\">Th\u00f4ng s\u1ed1<\/td>\n<\/tr>\n<tr>\n<td>AD-L01<\/td>\n<td>\u00a0 \u00a0 \u00a0 \u00a0 \u00a0 \u00a0 \u00a0 \u00a0 \u00a0 \u00a0<img decoding=\"async\" class=\"alignnone size-full wp-image-2403\" src=\"https:\/\/mountlaser.com\/wp-content\/uploads\/2025\/09\/5d0d6e9b-010a-4c65-b3da-5a849a3fff64.webp\" alt=\"\" width=\"99\" height=\"184\" srcset=\"https:\/\/mountlaser.com\/wp-content\/uploads\/2025\/09\/5d0d6e9b-010a-4c65-b3da-5a849a3fff64.webp 99w, https:\/\/mountlaser.com\/wp-content\/uploads\/2025\/09\/5d0d6e9b-010a-4c65-b3da-5a849a3fff64-6x12.webp 6w\" sizes=\"(max-width: 99px) 100vw, 99px\" \/><\/td>\n<td>Ren M10<\/td>\n<\/tr>\n<tr>\n<td>AD-L02<\/td>\n<td><img decoding=\"async\" class=\"alignnone size-medium wp-image-2400\" src=\"https:\/\/mountlaser.com\/wp-content\/uploads\/2025\/09\/AD-L02-2-300x300.webp\" alt=\"\" width=\"300\" height=\"300\" srcset=\"https:\/\/mountlaser.com\/wp-content\/uploads\/2025\/09\/AD-L02-2-300x300.webp 300w, https:\/\/mountlaser.com\/wp-content\/uploads\/2025\/09\/AD-L02-2-400x400.webp 400w, https:\/\/mountlaser.com\/wp-content\/uploads\/2025\/09\/AD-L02-2-800x800.webp 800w, https:\/\/mountlaser.com\/wp-content\/uploads\/2025\/09\/AD-L02-2-600x600.webp 600w, https:\/\/mountlaser.com\/wp-content\/uploads\/2025\/09\/AD-L02-2-150x150.webp 150w, https:\/\/mountlaser.com\/wp-content\/uploads\/2025\/09\/AD-L02-2-768x768.webp 768w, https:\/\/mountlaser.com\/wp-content\/uploads\/2025\/09\/AD-L02-2-12x12.webp 12w, https:\/\/mountlaser.com\/wp-content\/uploads\/2025\/09\/AD-L02-2.webp 1000w\" sizes=\"(max-width: 300px) 100vw, 300px\" \/><\/td>\n<td>Ren 1\/4\u2033-20 (M\u00e3 s\u1ea3n ph\u1ea9m: 6601-01)<\/td>\n<\/tr>\n<tr>\n<td>AD-L03<\/td>\n<td><img loading=\"lazy\" decoding=\"async\" class=\"alignnone size-medium wp-image-2405\" src=\"https:\/\/mountlaser.com\/wp-content\/uploads\/2025\/09\/AD-L03-1-300x300.webp\" alt=\"\" width=\"300\" height=\"300\" srcset=\"https:\/\/mountlaser.com\/wp-content\/uploads\/2025\/09\/AD-L03-1-300x300.webp 300w, https:\/\/mountlaser.com\/wp-content\/uploads\/2025\/09\/AD-L03-1-400x400.webp 400w, https:\/\/mountlaser.com\/wp-content\/uploads\/2025\/09\/AD-L03-1-800x800.webp 800w, https:\/\/mountlaser.com\/wp-content\/uploads\/2025\/09\/AD-L03-1-600x600.webp 600w, https:\/\/mountlaser.com\/wp-content\/uploads\/2025\/09\/AD-L03-1-150x150.webp 150w, https:\/\/mountlaser.com\/wp-content\/uploads\/2025\/09\/AD-L03-1-768x768.webp 768w, https:\/\/mountlaser.com\/wp-content\/uploads\/2025\/09\/AD-L03-1-12x12.webp 12w, https:\/\/mountlaser.com\/wp-content\/uploads\/2025\/09\/AD-L03-1.webp 1000w\" sizes=\"(max-width: 300px) 100vw, 300px\" \/><\/td>\n<td>Ren M8 (M\u00e3 s\u1ea3n ph\u1ea9m: 6601-03)<\/td>\n<\/tr>\n<tr>\n<td>AD-L04<\/td>\n<td><img loading=\"lazy\" decoding=\"async\" class=\"alignnone wp-image-2406\" src=\"https:\/\/mountlaser.com\/wp-content\/uploads\/2025\/09\/AD-L04-2-300x300.webp\" alt=\"\" width=\"210\" height=\"210\" srcset=\"https:\/\/mountlaser.com\/wp-content\/uploads\/2025\/09\/AD-L04-2-300x300.webp 300w, https:\/\/mountlaser.com\/wp-content\/uploads\/2025\/09\/AD-L04-2-400x400.webp 400w, https:\/\/mountlaser.com\/wp-content\/uploads\/2025\/09\/AD-L04-2-800x800.webp 800w, https:\/\/mountlaser.com\/wp-content\/uploads\/2025\/09\/AD-L04-2-600x600.webp 600w, https:\/\/mountlaser.com\/wp-content\/uploads\/2025\/09\/AD-L04-2-150x150.webp 150w, https:\/\/mountlaser.com\/wp-content\/uploads\/2025\/09\/AD-L04-2-768x768.webp 768w, https:\/\/mountlaser.com\/wp-content\/uploads\/2025\/09\/AD-L04-2-12x12.webp 12w, https:\/\/mountlaser.com\/wp-content\/uploads\/2025\/09\/AD-L04-2.webp 1000w\" sizes=\"(max-width: 210px) 100vw, 210px\" \/><\/td>\n<td>Ren 3\/8\u2033-24<\/td>\n<\/tr>\n<tr>\n<td>AD-L05<\/td>\n<td><img loading=\"lazy\" decoding=\"async\" class=\"alignnone size-medium wp-image-2407\" src=\"https:\/\/mountlaser.com\/wp-content\/uploads\/2025\/09\/AD-L05-5-300x300.webp\" alt=\"\" width=\"300\" height=\"300\" srcset=\"https:\/\/mountlaser.com\/wp-content\/uploads\/2025\/09\/AD-L05-5-300x300.webp 300w, https:\/\/mountlaser.com\/wp-content\/uploads\/2025\/09\/AD-L05-5-400x400.webp 400w, https:\/\/mountlaser.com\/wp-content\/uploads\/2025\/09\/AD-L05-5-800x800.webp 800w, https:\/\/mountlaser.com\/wp-content\/uploads\/2025\/09\/AD-L05-5-600x600.webp 600w, https:\/\/mountlaser.com\/wp-content\/uploads\/2025\/09\/AD-L05-5-150x150.webp 150w, https:\/\/mountlaser.com\/wp-content\/uploads\/2025\/09\/AD-L05-5-768x768.webp 768w, https:\/\/mountlaser.com\/wp-content\/uploads\/2025\/09\/AD-L05-5-12x12.webp 12w, https:\/\/mountlaser.com\/wp-content\/uploads\/2025\/09\/AD-L05-5.webp 1000w\" sizes=\"(max-width: 300px) 100vw, 300px\" \/><\/td>\n<td>Ren 5\/8\u2033-11 (M\u00e3 s\u1ea3n ph\u1ea9m: 5113-012)<\/td>\n<\/tr>\n<tr>\n<td>AD-L10<\/td>\n<td><img loading=\"lazy\" decoding=\"async\" class=\"alignnone size-medium wp-image-2408\" src=\"https:\/\/mountlaser.com\/wp-content\/uploads\/2025\/09\/AD-L10-5-300x300.webp\" alt=\"\" width=\"300\" height=\"300\" srcset=\"https:\/\/mountlaser.com\/wp-content\/uploads\/2025\/09\/AD-L10-5-300x300.webp 300w, https:\/\/mountlaser.com\/wp-content\/uploads\/2025\/09\/AD-L10-5-400x400.webp 400w, https:\/\/mountlaser.com\/wp-content\/uploads\/2025\/09\/AD-L10-5-800x800.webp 800w, https:\/\/mountlaser.com\/wp-content\/uploads\/2025\/09\/AD-L10-5-600x600.webp 600w, https:\/\/mountlaser.com\/wp-content\/uploads\/2025\/09\/AD-L10-5-150x150.webp 150w, https:\/\/mountlaser.com\/wp-content\/uploads\/2025\/09\/AD-L10-5-768x768.webp 768w, https:\/\/mountlaser.com\/wp-content\/uploads\/2025\/09\/AD-L10-5-12x12.webp 12w, https:\/\/mountlaser.com\/wp-content\/uploads\/2025\/09\/AD-L10-5.webp 1000w\" sizes=\"(max-width: 300px) 100vw, 300px\" \/><\/td>\n<td>Ren M8<\/td>\n<\/tr>\n<\/tbody>\n<\/table>","protected":false},"excerpt":{"rendered":"<ul>\n<li>K\u1ebft n\u1ed1i\/Ng\u1eaft k\u1ebft n\u1ed1i nhanh: C\u01a1 ch\u1ebf th\u00e1o l\u1eafp nhanh<\/li>\n<li>Cho ph\u00e9p l\u1eafp \u0111\u1eb7t v\u00e0 th\u00e1o d\u1ee1 thi\u1ebft b\u1ecb m\u1ed9t c\u00e1ch nhanh ch\u00f3ng v\u00e0 d\u1ec5 d\u00e0ng.<\/li>\n<li>Kh\u00f3a ch\u1eafc ch\u1eafn: \u0110\u1ea3m b\u1ea3o k\u1ebft n\u1ed1i \u1ed5n \u0111\u1ecbnh v\u00e0 kh\u00f4ng rung l\u1eafc \u0111\u1ec3 duy tr\u00ec \u0111\u1ed9 ch\u00ednh x\u00e1c c\u1ee7a ph\u00e9p \u0111o.<\/li>\n<\/ul>","protected":false},"featured_media":2400,"comment_status":"open","ping_status":"closed","template":"","meta":[],"product_brand":[],"product_cat":[79,102],"product_tag":[],"class_list":{"0":"post-2396","1":"product","2":"type-product","3":"status-publish","4":"has-post-thumbnail","6":"product_cat-surveying-accessory","7":"product_cat-monitoring-adapter","9":"first","10":"instock","11":"shipping-taxable","12":"product-type-simple"},"_links":{"self":[{"href":"https:\/\/mountlaser.com\/vi\/wp-json\/wp\/v2\/product\/2396","targetHints":{"allow":["GET"]}}],"collection":[{"href":"https:\/\/mountlaser.com\/vi\/wp-json\/wp\/v2\/product"}],"about":[{"href":"https:\/\/mountlaser.com\/vi\/wp-json\/wp\/v2\/types\/product"}],"replies":[{"embeddable":true,"href":"https:\/\/mountlaser.com\/vi\/wp-json\/wp\/v2\/comments?post=2396"}],"wp:featuredmedia":[{"embeddable":true,"href":"https:\/\/mountlaser.com\/vi\/wp-json\/wp\/v2\/media\/2400"}],"wp:attachment":[{"href":"https:\/\/mountlaser.com\/vi\/wp-json\/wp\/v2\/media?parent=2396"}],"wp:term":[{"taxonomy":"product_brand","embeddable":true,"href":"https:\/\/mountlaser.com\/vi\/wp-json\/wp\/v2\/product_brand?post=2396"},{"taxonomy":"product_cat","embeddable":true,"href":"https:\/\/mountlaser.com\/vi\/wp-json\/wp\/v2\/product_cat?post=2396"},{"taxonomy":"product_tag","embeddable":true,"href":"https:\/\/mountlaser.com\/vi\/wp-json\/wp\/v2\/product_tag?post=2396"}],"curies":[{"name":"trang web","href":"https:\/\/api.w.org\/{rel}","templated":true}]}}