{"id":2349,"date":"2025-09-29T07:59:48","date_gmt":"2025-09-29T07:59:48","guid":{"rendered":"https:\/\/mountlaser.com\/?post_type=product&#038;p=2349"},"modified":"2025-11-28T08:08:23","modified_gmt":"2025-11-28T08:08:23","slug":"gad31-swiss-screw-to-stub-adapter","status":"publish","type":"product","link":"https:\/\/mountlaser.com\/vi\/san-pham\/gad31-swiss-screw-to-stub-adapter\/","title":{"rendered":"B\u1ed9 chuy\u1ec3n \u0111\u1ed5i v\u00edt Th\u1ee5y S\u0129 GAD31 sang \u0111\u1ea7u n\u1ed1i ng\u1eafn"},"content":{"rendered":"<p>C\u00e1i <a href=\"https:\/\/mountlaser.com\/vi\/\"><strong>C\u1ea7n b\u00e1n b\u1ed9 chuy\u1ec3n \u0111\u1ed5i t\u1eeb v\u00edt sang \u0111\u1ea7u n\u1ed1i ng\u1eafn.<\/strong><\/a> T\u1eeb d\u00f2ng s\u1ea3n ph\u1ea9m ch\u00ednh x\u00e1c c\u1ee7a ch\u00fang t\u00f4i l\u00e0 <a href=\"https:\/\/mountlaser.com\/vi\/products\/\"><strong>B\u1ed9 chuy\u1ec3n \u0111\u1ed5i v\u00edt Th\u1ee5y S\u0129 GAD31 sang \u0111\u1ea7u n\u1ed1i ng\u1eafn<\/strong><\/a>. C\u00f4ng c\u1ee5 \u0111\u01b0\u1ee3c ch\u1ebf t\u1ea1o chuy\u00ean nghi\u1ec7p n\u00e0y r\u1ea5t c\u1ea7n thi\u1ebft cho c\u00e1c k\u1ef9 s\u01b0 tr\u1eafc \u0111\u1ecba c\u1ea7n k\u1ebft n\u1ed1i c\u00e1c thi\u1ebft b\u1ecb c\u00f3 ren trong ti\u00eau chu\u1ea9n 5\/8\u2033-11 v\u1edbi ren ngo\u00e0i ng\u1eafn, th\u01b0\u1eddng th\u1ea5y tr\u00ean m\u00e1y laser x\u00e2y d\u1ef1ng v\u00e0 c\u00e1c h\u1ec7 th\u1ed1ng l\u1eafp \u0111\u1eb7t chuy\u00ean d\u1ee5ng. \u0110\u01b0\u1ee3c thi\u1ebft k\u1ebf v\u1edbi \u0111\u1ed9 ch\u00ednh x\u00e1c n\u1ed5i ti\u1ebfng c\u1ee7a Th\u1ee5y S\u0129, b\u1ed9 chuy\u1ec3n \u0111\u1ed5i ren trong sang ren ngo\u00e0i ng\u1eafn GAD31 n\u00e0y \u0111\u1ea3m b\u1ea3o s\u1ef1 k\u1ebft n\u1ed1i ho\u00e0n h\u1ea3o, ch\u1eafc ch\u1eafn v\u00e0 \u0111\u00e1ng tin c\u1eady, lo\u1ea1i b\u1ecf \u0111\u1ed9 r\u01a1 v\u00e0 \u0111\u1ea3m b\u1ea3o \u0111\u1ed9 ch\u00ednh x\u00e1c \u0111o l\u01b0\u1eddng.<\/p>\n<p><img fetchpriority=\"high\" decoding=\"async\" class=\"wp-image-2384 aligncenter\" src=\"https:\/\/mountlaser.com\/wp-content\/uploads\/2025\/09\/GAD314.webp\" alt=\"Screw-to-Stub Adapter for sale\" width=\"500\" height=\"500\" srcset=\"https:\/\/mountlaser.com\/wp-content\/uploads\/2025\/09\/GAD314.webp 800w, https:\/\/mountlaser.com\/wp-content\/uploads\/2025\/09\/GAD314-300x300.webp 300w, https:\/\/mountlaser.com\/wp-content\/uploads\/2025\/09\/GAD314-400x400.webp 400w, https:\/\/mountlaser.com\/wp-content\/uploads\/2025\/09\/GAD314-600x600.webp 600w, https:\/\/mountlaser.com\/wp-content\/uploads\/2025\/09\/GAD314-150x150.webp 150w, https:\/\/mountlaser.com\/wp-content\/uploads\/2025\/09\/GAD314-768x768.webp 768w, https:\/\/mountlaser.com\/wp-content\/uploads\/2025\/09\/GAD314-12x12.webp 12w\" sizes=\"(max-width: 500px) 100vw, 500px\" \/><\/p>\n<p>N\u1ebfu b\u1ea1n \u0111ang t\u00ecm ki\u1ebfm m\u1ed9t b\u1ed9 chuy\u1ec3n \u0111\u1ed5i t\u1eeb v\u00edt sang \u0111\u1ea7u n\u1ed1i ng\u1eafn b\u1ec1n b\u1ec9 v\u00e0 \u0111a n\u0103ng, th\u00ec \u0111\u00e2y l\u00e0 s\u1ea3n ph\u1ea9m d\u00e0nh cho b\u1ea1n.<a href=\"https:\/\/mountlaser.com\/vi\/contact-us\/\"> GAD31<\/a> (M\u00e3 s\u1ea3n ph\u1ea9m: 667217) l\u00e0 gi\u1ea3i ph\u00e1p l\u00fd t\u01b0\u1edfng cho vi\u1ec7c t\u00edch h\u1ee3p li\u1ec1n m\u1ea1ch t\u1ea1i hi\u1ec7n tr\u01b0\u1eddng. B\u1ed9 chuy\u1ec3n \u0111\u1ed5i t\u1eeb v\u00edt sang \u0111\u1ea7u n\u1ed1i ng\u1eafn ch\u1ea5t l\u01b0\u1ee3ng cao n\u00e0y l\u00e0 s\u1ea3n ph\u1ea9m kh\u00f4ng th\u1ec3 thi\u1ebfu \u0111\u1ed1i v\u1edbi c\u00e1c chuy\u00ean gia coi tr\u1ecdng kh\u1ea3 n\u0103ng t\u01b0\u01a1ng th\u00edch v\u00e0 hi\u1ec7u su\u1ea5t.<\/p>","protected":false},"excerpt":{"rendered":"<ul>\n<li>S\u1ea3n xu\u1ea5t b\u1ec1n b\u1ec9 theo ti\u00eau chu\u1ea9n Th\u1ee5y S\u0129: \u0110\u01b0\u1ee3c ch\u1ebf t\u1ea1o theo nh\u1eefng ti\u00eau chu\u1ea9n kh\u1eaft khe nh\u1ea5t \u0111\u1ec3 \u0111\u1ea3m b\u1ea3o \u0111\u1ed9 b\u1ec1n t\u1ed1i \u0111a v\u00e0 s\u1ef1 v\u1eeba v\u1eb7n ho\u00e0n h\u1ea3o.<\/li>\n<li>Ren ti\u00eau chu\u1ea9n 5\/8\u2033-11: C\u00f3 k\u00edch th\u01b0\u1edbc ren th\u00f4ng d\u1ee5ng, t\u01b0\u01a1ng th\u00edch r\u1ed9ng r\u00e3i v\u1edbi nhi\u1ec1u thi\u1ebft b\u1ecb \u0111o \u0111\u1ea1c kh\u00e1c nhau.<\/li>\n<li>Thi\u1ebft k\u1ebf \u0111\u1ea7u n\u1ed1i ng\u1eafn: Chuy\u1ec3n \u0111\u1ed5i hi\u1ec7u qu\u1ea3 ren trong 5\/8\u2033-11 th\u00e0nh ren ng\u1eafn \u0111\u1ef1c \u0111\u1ec3 s\u1eed d\u1ee5ng cho c\u00e1c d\u1ee5ng c\u1ee5 chuy\u00ean d\u1ee5ng.<\/li>\n<\/ul>","protected":false},"featured_media":2381,"comment_status":"open","ping_status":"closed","template":"","meta":[],"product_brand":[],"product_cat":[79,102],"product_tag":[],"class_list":{"0":"post-2349","1":"product","2":"type-product","3":"status-publish","4":"has-post-thumbnail","6":"product_cat-surveying-accessory","7":"product_cat-monitoring-adapter","9":"first","10":"instock","11":"shipping-taxable","12":"product-type-simple"},"_links":{"self":[{"href":"https:\/\/mountlaser.com\/vi\/wp-json\/wp\/v2\/product\/2349","targetHints":{"allow":["GET"]}}],"collection":[{"href":"https:\/\/mountlaser.com\/vi\/wp-json\/wp\/v2\/product"}],"about":[{"href":"https:\/\/mountlaser.com\/vi\/wp-json\/wp\/v2\/types\/product"}],"replies":[{"embeddable":true,"href":"https:\/\/mountlaser.com\/vi\/wp-json\/wp\/v2\/comments?post=2349"}],"wp:featuredmedia":[{"embeddable":true,"href":"https:\/\/mountlaser.com\/vi\/wp-json\/wp\/v2\/media\/2381"}],"wp:attachment":[{"href":"https:\/\/mountlaser.com\/vi\/wp-json\/wp\/v2\/media?parent=2349"}],"wp:term":[{"taxonomy":"product_brand","embeddable":true,"href":"https:\/\/mountlaser.com\/vi\/wp-json\/wp\/v2\/product_brand?post=2349"},{"taxonomy":"product_cat","embeddable":true,"href":"https:\/\/mountlaser.com\/vi\/wp-json\/wp\/v2\/product_cat?post=2349"},{"taxonomy":"product_tag","embeddable":true,"href":"https:\/\/mountlaser.com\/vi\/wp-json\/wp\/v2\/product_tag?post=2349"}],"curies":[{"name":"trang web","href":"https:\/\/api.w.org\/{rel}","templated":true}]}}