{"id":2333,"date":"2025-09-29T07:28:36","date_gmt":"2025-09-29T07:28:36","guid":{"rendered":"https:\/\/mountlaser.com\/?post_type=product&#038;p=2333"},"modified":"2025-11-28T08:10:09","modified_gmt":"2025-11-28T08:10:09","slug":"gad105-swiss-style-mini-prism-adapter","status":"publish","type":"product","link":"https:\/\/mountlaser.com\/vi\/san-pham\/gad105-swiss-style-mini-prism-adapter\/","title":{"rendered":"B\u1ed9 chuy\u1ec3n \u0111\u1ed5i l\u0103ng k\u00ednh mini ki\u1ec3u Th\u1ee5y S\u0129 GAD105"},"content":{"rendered":"<p>C\u00e1i <a href=\"https:\/\/mountlaser.com\/vi\/\"><strong>B\u1ed9 chuy\u1ec3n \u0111\u1ed5i l\u0103ng k\u00ednh mini GAD105 ki\u1ec3u Th\u1ee5y S\u0129<\/strong><\/a> \u0110\u00e2y l\u00e0 m\u1ed9t ph\u1ee5 ki\u1ec7n \u0111\u01b0\u1ee3c thi\u1ebft k\u1ebf ch\u00ednh x\u00e1c d\u00e0nh cho c\u00e1c nh\u00e0 kh\u1ea3o s\u00e1t v\u00e0 chuy\u00ean gia \u0111o l\u01b0\u1eddng, nh\u1eefng ng\u01b0\u1eddi \u0111\u00f2i h\u1ecfi \u0111\u1ed9 ch\u00ednh x\u00e1c cao nh\u1ea5t. B\u1ed9 chuy\u1ec3n \u0111\u1ed5i nh\u1ecf g\u1ecdn v\u00e0 ch\u1eafc ch\u1eafn n\u00e0y \u0111\u01b0\u1ee3c ch\u1ebf t\u1ea1o \u0111\u1eb7c bi\u1ec7t \u0111\u1ec3 g\u1eafn c\u00e1c l\u0103ng k\u00ednh mini m\u1ed9t c\u00e1ch an to\u00e0n v\u00e0o nhi\u1ec1u lo\u1ea1i d\u1ee5ng c\u1ee5 kh\u1ea3o s\u00e1t kh\u00e1c nhau.<\/p>\n<p>&nbsp;<\/p>\n<p><img fetchpriority=\"high\" decoding=\"async\" class=\"wp-image-2345 aligncenter\" src=\"https:\/\/mountlaser.com\/wp-content\/uploads\/2025\/09\/GAD1058.webp\" alt=\"Swiss Style GAD105 Mini Prism Adapter\" width=\"500\" height=\"500\" srcset=\"https:\/\/mountlaser.com\/wp-content\/uploads\/2025\/09\/GAD1058.webp 1000w, https:\/\/mountlaser.com\/wp-content\/uploads\/2025\/09\/GAD1058-300x300.webp 300w, https:\/\/mountlaser.com\/wp-content\/uploads\/2025\/09\/GAD1058-400x400.webp 400w, https:\/\/mountlaser.com\/wp-content\/uploads\/2025\/09\/GAD1058-800x800.webp 800w, https:\/\/mountlaser.com\/wp-content\/uploads\/2025\/09\/GAD1058-600x600.webp 600w, https:\/\/mountlaser.com\/wp-content\/uploads\/2025\/09\/GAD1058-150x150.webp 150w, https:\/\/mountlaser.com\/wp-content\/uploads\/2025\/09\/GAD1058-768x768.webp 768w, https:\/\/mountlaser.com\/wp-content\/uploads\/2025\/09\/GAD1058-12x12.webp 12w\" sizes=\"(max-width: 500px) 100vw, 500px\" \/><\/p>\n<p>\u0110\u01b0\u1ee3c ch\u1ebf t\u00e1c v\u1edbi ch\u1ea5t l\u01b0\u1ee3ng thi\u1ebft k\u1ebf n\u1ed5i ti\u1ebfng c\u1ee7a Th\u1ee5y S\u0129, <a href=\"https:\/\/mountlaser.com\/vi\/products\/\"><strong>B\u1ed9 chuy\u1ec3n \u0111\u1ed5i l\u0103ng k\u00ednh mini GAD105 Th\u1ee5y S\u0129<\/strong> <\/a>\u0110\u1ea3m b\u1ea3o s\u1ef1 kh\u1edbp n\u1ed1i ho\u00e0n h\u1ea3o v\u00e0 \u1ed5n \u0111\u1ecbnh m\u1ecdi l\u00fac. V\u1edbi ren ti\u00eau chu\u1ea9n 1\/4\u2033-20 (M\u00e3 s\u1ea3n ph\u1ea9m: 743503), b\u1ed9 chuy\u1ec3n \u0111\u1ed5i \u0111a n\u0103ng n\u00e0y \u0111\u1ea3m b\u1ea3o kh\u1ea3 n\u0103ng t\u01b0\u01a1ng th\u00edch r\u1ed9ng r\u00e3i v\u1edbi nhi\u1ec1u c\u1ea5u h\u00ecnh thi\u1ebft b\u1ecb kh\u00e1c nhau. Khi b\u1ea1n c\u1ea7n hi\u1ec7u su\u1ea5t \u0111\u00e1ng tin c\u1eady trong th\u1ef1c \u0111\u1ecba, B\u1ed9 chuy\u1ec3n \u0111\u1ed5i l\u0103ng k\u00ednh mini ki\u1ec3u Th\u1ee5y S\u0129 GAD105 l\u00e0 m\u1eaft x\u00edch thi\u1ebft y\u1ebfu cho c\u00e1c nhi\u1ec7m v\u1ee5 \u0111o l\u01b0\u1eddng ch\u00ednh x\u00e1c c\u1ee7a b\u1ea1n.<\/p>","protected":false},"excerpt":{"rendered":"<ul>\n<li>Thi\u1ebft k\u1ebf Th\u1ee5y S\u0129 ch\u00ednh x\u00e1c: \u0110\u01b0\u1ee3c s\u1ea3n xu\u1ea5t theo ti\u00eau chu\u1ea9n kh\u1eaft khe \u0111\u1ec3 \u0111\u1ea3m b\u1ea3o k\u1ebft n\u1ed1i ch\u1eafc ch\u1eafn, kh\u00f4ng rung l\u1eafc.<\/li>\n<li>Ren 1\/4\u2033-20: K\u00edch th\u01b0\u1edbc ren ti\u00eau chu\u1ea9n, t\u01b0\u01a1ng th\u00edch ph\u1ed5 bi\u1ebfn v\u1edbi nhi\u1ec1u d\u1ee5ng c\u1ee5 v\u00e0 ph\u1ee5 ki\u1ec7n \u0111o \u0111\u1ea1c.<\/li>\n<\/ul>","protected":false},"featured_media":2342,"comment_status":"open","ping_status":"closed","template":"","meta":[],"product_brand":[],"product_cat":[79,102],"product_tag":[],"class_list":{"0":"post-2333","1":"product","2":"type-product","3":"status-publish","4":"has-post-thumbnail","6":"product_cat-surveying-accessory","7":"product_cat-monitoring-adapter","9":"first","10":"instock","11":"shipping-taxable","12":"product-type-simple"},"_links":{"self":[{"href":"https:\/\/mountlaser.com\/vi\/wp-json\/wp\/v2\/product\/2333","targetHints":{"allow":["GET"]}}],"collection":[{"href":"https:\/\/mountlaser.com\/vi\/wp-json\/wp\/v2\/product"}],"about":[{"href":"https:\/\/mountlaser.com\/vi\/wp-json\/wp\/v2\/types\/product"}],"replies":[{"embeddable":true,"href":"https:\/\/mountlaser.com\/vi\/wp-json\/wp\/v2\/comments?post=2333"}],"wp:featuredmedia":[{"embeddable":true,"href":"https:\/\/mountlaser.com\/vi\/wp-json\/wp\/v2\/media\/2342"}],"wp:attachment":[{"href":"https:\/\/mountlaser.com\/vi\/wp-json\/wp\/v2\/media?parent=2333"}],"wp:term":[{"taxonomy":"product_brand","embeddable":true,"href":"https:\/\/mountlaser.com\/vi\/wp-json\/wp\/v2\/product_brand?post=2333"},{"taxonomy":"product_cat","embeddable":true,"href":"https:\/\/mountlaser.com\/vi\/wp-json\/wp\/v2\/product_cat?post=2333"},{"taxonomy":"product_tag","embeddable":true,"href":"https:\/\/mountlaser.com\/vi\/wp-json\/wp\/v2\/product_tag?post=2333"}],"curies":[{"name":"trang web","href":"https:\/\/api.w.org\/{rel}","templated":true}]}}