{"id":2301,"date":"2025-09-28T09:30:06","date_gmt":"2025-09-28T09:30:06","guid":{"rendered":"https:\/\/mountlaser.com\/?post_type=product&#038;p=2301"},"modified":"2025-11-28T08:11:42","modified_gmt":"2025-11-28T08:11:42","slug":"gad103-swiss-mini-prism-adapter","status":"publish","type":"product","link":"https:\/\/mountlaser.com\/vi\/san-pham\/gad103-swiss-mini-prism-adapter\/","title":{"rendered":"B\u1ed9 chuy\u1ec3n \u0111\u1ed5i l\u0103ng k\u00ednh mini GAD103 Th\u1ee5y S\u0129"},"content":{"rendered":"<p>C\u00e1i <a href=\"https:\/\/mountlaser.com\/vi\/about-us\/\"><strong>B\u1ed9 chuy\u1ec3n \u0111\u1ed5i l\u0103ng k\u00ednh mini GAD103 Th\u1ee5y S\u0129<\/strong><\/a> l\u00e0 m\u1ed9t s\u1ea3n ph\u1ea9m \u0111\u01b0\u1ee3c ch\u1ebf t\u1ea1o ch\u00ednh x\u00e1c. <a href=\"https:\/\/mountlaser.com\/vi\/products\/\"><strong>B\u1ed9 chuy\u1ec3n \u0111\u1ed5i l\u0103ng k\u00ednh mini Th\u1ee5y S\u0129<\/strong><\/a> \u0110\u01b0\u1ee3c thi\u1ebft k\u1ebf \u0111\u1eb7c bi\u1ec7t cho l\u0103ng k\u00ednh GRZ101, mang \u0111\u1ebfn s\u1ef1 t\u00edch h\u1ee3p li\u1ec1n m\u1ea1ch v\u00e0 hi\u1ec7u su\u1ea5t v\u01b0\u1ee3t tr\u1ed9i.<\/p>\n<p>B\u1ed9 chuy\u1ec3n \u0111\u1ed5i l\u0103ng k\u00ednh mini chuy\u00ean d\u1ee5ng c\u1ee7a Th\u1ee5y S\u0129 n\u00e0y \u0111\u1ea3m b\u1ea3o s\u1ef1 v\u1eeba kh\u00edt ho\u00e0n h\u1ea3o v\u00e0 \u0111\u1ed9 \u1ed5n \u0111\u1ecbnh t\u1ed1i \u01b0u cho h\u1ec7 th\u1ed1ng l\u0103ng k\u00ednh mini c\u1ee7a b\u1ea1n, duy tr\u00ec \u0111\u1ed9 ch\u00ednh x\u00e1c cao c\u1ea7n thi\u1ebft cho c\u00f4ng vi\u1ec7c \u0111o l\u01b0\u1eddng ch\u00ednh x\u00e1c.<\/p>\n<p><img fetchpriority=\"high\" decoding=\"async\" class=\"wp-image-2306 aligncenter\" src=\"https:\/\/mountlaser.com\/wp-content\/uploads\/2025\/09\/GAD1037.webp\" alt=\"Swiss Mini Prism Adapter\" width=\"500\" height=\"500\" srcset=\"https:\/\/mountlaser.com\/wp-content\/uploads\/2025\/09\/GAD1037.webp 1000w, https:\/\/mountlaser.com\/wp-content\/uploads\/2025\/09\/GAD1037-300x300.webp 300w, https:\/\/mountlaser.com\/wp-content\/uploads\/2025\/09\/GAD1037-400x400.webp 400w, https:\/\/mountlaser.com\/wp-content\/uploads\/2025\/09\/GAD1037-800x800.webp 800w, https:\/\/mountlaser.com\/wp-content\/uploads\/2025\/09\/GAD1037-600x600.webp 600w, https:\/\/mountlaser.com\/wp-content\/uploads\/2025\/09\/GAD1037-150x150.webp 150w, https:\/\/mountlaser.com\/wp-content\/uploads\/2025\/09\/GAD1037-768x768.webp 768w, https:\/\/mountlaser.com\/wp-content\/uploads\/2025\/09\/GAD1037-12x12.webp 12w\" sizes=\"(max-width: 500px) 100vw, 500px\" \/><\/p>\n<p>\u0110\u01b0\u1ee3c ch\u1ebf t\u00e1c v\u1edbi s\u1ef1 t\u1ec9 m\u1ec9 \u0111\u1ebfn t\u1eebng chi ti\u1ebft, s\u1ea3n ph\u1ea9m ch\u1eafc ch\u1eafn n\u00e0y <a href=\"https:\/\/mountlaser.com\/vi\/contact-us\/\">B\u1ed9 chuy\u1ec3n \u0111\u1ed5i l\u0103ng k\u00ednh mini Th\u1ee5y S\u0129<\/a> Cung c\u1ea5p \u0111i\u1ec3m k\u1ebft n\u1ed1i \u0111\u00e1ng tin c\u1eady, t\u0103ng c\u01b0\u1eddng t\u00ednh linh ho\u1ea1t cho thi\u1ebft b\u1ecb kh\u1ea3o s\u00e1t c\u1ee7a b\u1ea1n. \u0110\u1ed1i v\u1edbi c\u00e1c chuy\u00ean gia \u0111ang t\u00ecm ki\u1ebfm gi\u1ea3i ph\u00e1p l\u1eafp \u0111\u1eb7t chuy\u00ean d\u1ee5ng, b\u1ed9 chuy\u1ec3n \u0111\u1ed5i n\u00e0y l\u00e0 l\u1ef1a ch\u1ecdn l\u00fd t\u01b0\u1edfng \u0111\u1ec3 t\u1ed1i \u0111a h\u00f3a ch\u1ee9c n\u0103ng c\u1ee7a l\u0103ng k\u00ednh mini trong nhi\u1ec1u \u1ee9ng d\u1ee5ng th\u1ef1c \u0111\u1ecba kh\u00e1c nhau.<\/p>","protected":false},"excerpt":{"rendered":"<ul>\n<li>\u0110\u01b0\u1ee3c thi\u1ebft k\u1ebf \u0111\u1eb7c bi\u1ec7t cho GRZ101 Swiss Mini Prism.<\/li>\n<li>Gia c\u00f4ng ch\u00ednh x\u00e1c \u0111\u1ec3 \u0111\u1ea3m b\u1ea3o \u0111\u1ed9 v\u1eeba kh\u00edt v\u00e0 c\u0103n ch\u1ec9nh ho\u00e0n h\u1ea3o.<\/li>\n<li>C\u1ea5u tr\u00fac nh\u1eb9 nh\u01b0ng b\u1ec1n ch\u1eafc<\/li>\n<li>D\u1ec5 d\u00e0ng l\u1eafp \u0111\u1eb7t v\u00e0 th\u00e1o g\u1ee1<\/li>\n<\/ul>","protected":false},"featured_media":2302,"comment_status":"open","ping_status":"closed","template":"","meta":[],"product_brand":[],"product_cat":[79,102],"product_tag":[],"class_list":{"0":"post-2301","1":"product","2":"type-product","3":"status-publish","4":"has-post-thumbnail","6":"product_cat-surveying-accessory","7":"product_cat-monitoring-adapter","9":"first","10":"instock","11":"shipping-taxable","12":"product-type-simple"},"_links":{"self":[{"href":"https:\/\/mountlaser.com\/vi\/wp-json\/wp\/v2\/product\/2301","targetHints":{"allow":["GET"]}}],"collection":[{"href":"https:\/\/mountlaser.com\/vi\/wp-json\/wp\/v2\/product"}],"about":[{"href":"https:\/\/mountlaser.com\/vi\/wp-json\/wp\/v2\/types\/product"}],"replies":[{"embeddable":true,"href":"https:\/\/mountlaser.com\/vi\/wp-json\/wp\/v2\/comments?post=2301"}],"wp:featuredmedia":[{"embeddable":true,"href":"https:\/\/mountlaser.com\/vi\/wp-json\/wp\/v2\/media\/2302"}],"wp:attachment":[{"href":"https:\/\/mountlaser.com\/vi\/wp-json\/wp\/v2\/media?parent=2301"}],"wp:term":[{"taxonomy":"product_brand","embeddable":true,"href":"https:\/\/mountlaser.com\/vi\/wp-json\/wp\/v2\/product_brand?post=2301"},{"taxonomy":"product_cat","embeddable":true,"href":"https:\/\/mountlaser.com\/vi\/wp-json\/wp\/v2\/product_cat?post=2301"},{"taxonomy":"product_tag","embeddable":true,"href":"https:\/\/mountlaser.com\/vi\/wp-json\/wp\/v2\/product_tag?post=2301"}],"curies":[{"name":"trang web","href":"https:\/\/api.w.org\/{rel}","templated":true}]}}