{"id":2296,"date":"2025-09-28T09:22:29","date_gmt":"2025-09-28T09:22:29","guid":{"rendered":"https:\/\/mountlaser.com\/?post_type=product&#038;p=2296"},"modified":"2025-11-28T08:13:38","modified_gmt":"2025-11-28T08:13:38","slug":"ad-s07-5-8-11-female-male-adapter","status":"publish","type":"product","link":"https:\/\/mountlaser.com\/vi\/san-pham\/ad-s07-5-8-11-female-male-adapter\/","title":{"rendered":"B\u1ed9 chuy\u1ec3n \u0111\u1ed5i AD-S07 5\/8\u2033-11 c\u00e1i\/\u0111\u1ef1c"},"content":{"rendered":"<p><a href=\"https:\/\/mountlaser.com\/vi\/\"><strong>G\u1eafn laser<\/strong> <\/a>Gi\u1edbi thi\u1ec7u AD-S07, m\u1ed9t b\u1ed9 chuy\u1ec3n \u0111\u1ed5i 90 \u0111\u1ed9 \u0111\u01b0\u1ee3c thi\u1ebft k\u1ebf ch\u00ednh x\u00e1c nh\u1eb1m kh\u1eafc ph\u1ee5c nh\u1eefng th\u00e1ch th\u1ee9c v\u1ec1 kh\u00f4ng gian trong c\u00e1c thi\u1ebft l\u1eadp \u0111o l\u01b0\u1eddng.<\/p>\n<p>S\u00e1ng t\u1ea1o n\u00e0y <a href=\"https:\/\/mountlaser.com\/vi\/products\/\"><strong>B\u1ed9 chuy\u1ec3n \u0111\u1ed5i 90 \u0111\u1ed9<\/strong><\/a> S\u1ea3n ph\u1ea9m c\u00f3 c\u1ea5u h\u00ecnh ren ngo\u00e0i 5\/8\u2033-11 b\u1ec1n ch\u1eafc, \u0111\u01b0\u1ee3c ch\u1ebf t\u1ea1o \u0111\u1ec3 cung c\u1ea5p gi\u1ea3i ph\u00e1p g\u00f3c vu\u00f4ng ho\u00e0n h\u1ea3o cho c\u00e1c l\u1eafp \u0111\u1eb7t ph\u1ee9c t\u1ea1p.<\/p>\n<p><img fetchpriority=\"high\" decoding=\"async\" class=\"wp-image-2299 aligncenter\" src=\"https:\/\/mountlaser.com\/wp-content\/uploads\/2025\/09\/IMG_5036_\u526f\u672c.webp\" alt=\"90 Degree Adapter\" width=\"500\" height=\"500\" srcset=\"https:\/\/mountlaser.com\/wp-content\/uploads\/2025\/09\/IMG_5036_\u526f\u672c.webp 800w, https:\/\/mountlaser.com\/wp-content\/uploads\/2025\/09\/IMG_5036_\u526f\u672c-300x300.webp 300w, https:\/\/mountlaser.com\/wp-content\/uploads\/2025\/09\/IMG_5036_\u526f\u672c-400x400.webp 400w, https:\/\/mountlaser.com\/wp-content\/uploads\/2025\/09\/IMG_5036_\u526f\u672c-600x600.webp 600w, https:\/\/mountlaser.com\/wp-content\/uploads\/2025\/09\/IMG_5036_\u526f\u672c-150x150.webp 150w, https:\/\/mountlaser.com\/wp-content\/uploads\/2025\/09\/IMG_5036_\u526f\u672c-768x768.webp 768w, https:\/\/mountlaser.com\/wp-content\/uploads\/2025\/09\/IMG_5036_\u526f\u672c-12x12.webp 12w\" sizes=\"(max-width: 500px) 100vw, 500px\" \/><\/p>\n<p>\u0110\u01b0\u1ee3c thi\u1ebft k\u1ebf \u0111\u1eb7c bi\u1ec7t nh\u01b0 m\u1ed9t b\u1ed9 chuy\u1ec3n \u0111\u1ed5i l\u00fd t\u01b0\u1edfng cho k\u1ebft c\u1ea5u th\u00e9p, n\u00f3 cho ph\u00e9p l\u1eafp \u0111\u1eb7t thi\u1ebft b\u1ecb trong kh\u00f4ng gian ch\u1eadt h\u1eb9p m\u00e0 c\u00e1c b\u1ed9 chuy\u1ec3n \u0111\u1ed5i truy\u1ec1n th\u1ed1ng kh\u00f4ng th\u1ec3 l\u1eafp v\u1eeba. C\u1ea5u tr\u00fac ch\u1eafc ch\u1eafn \u0111\u1ea3m b\u1ea3o hi\u1ec7u su\u1ea5t \u0111\u00e1ng tin c\u1eady, khi\u1ebfn s\u1ea3n ph\u1ea9m n\u00e0y tr\u1edf n\u00ean v\u00f4 c\u00f9ng h\u1eefu \u00edch. <a href=\"https:\/\/mountlaser.com\/vi\/contact-us\/\">B\u1ed9 chuy\u1ec3n \u0111\u1ed5i 90 \u0111\u1ed9<\/a> M\u1ed9t c\u00f4ng c\u1ee5 thi\u1ebft y\u1ebfu cho c\u00e1c nh\u00e0 kh\u1ea3o s\u00e1t v\u00e0 k\u1ef9 s\u01b0 l\u00e0m vi\u1ec7c v\u1edbi khung k\u1ebft c\u1ea5u v\u00e0 c\u00e1c \u1ee9ng d\u1ee5ng c\u00f3 kh\u00f4ng gian h\u1ea1n ch\u1ebf.<\/p>","protected":false},"excerpt":{"rendered":"<ul>\n<li>Thi\u1ebft k\u1ebf g\u00f3c vu\u00f4ng 90 \u0111\u1ed9 d\u00e0nh cho kh\u00f4ng gian h\u1ea1n h\u1eb9p<\/li>\n<li>T\u01b0\u01a1ng th\u00edch ren t\u1eeb c\u00e1i sang \u0111\u1ef1c 5\/8\u2033-11<\/li>\n<li>K\u1ebft c\u1ea5u ch\u1ecbu l\u1ef1c cao d\u00f9ng cho c\u00e1c \u1ee9ng d\u1ee5ng x\u00e2y d\u1ef1ng.<\/li>\n<\/ul>","protected":false},"featured_media":2298,"comment_status":"open","ping_status":"closed","template":"","meta":[],"product_brand":[],"product_cat":[79,102],"product_tag":[],"class_list":{"0":"post-2296","1":"product","2":"type-product","3":"status-publish","4":"has-post-thumbnail","6":"product_cat-surveying-accessory","7":"product_cat-monitoring-adapter","9":"first","10":"instock","11":"shipping-taxable","12":"product-type-simple"},"_links":{"self":[{"href":"https:\/\/mountlaser.com\/vi\/wp-json\/wp\/v2\/product\/2296","targetHints":{"allow":["GET"]}}],"collection":[{"href":"https:\/\/mountlaser.com\/vi\/wp-json\/wp\/v2\/product"}],"about":[{"href":"https:\/\/mountlaser.com\/vi\/wp-json\/wp\/v2\/types\/product"}],"replies":[{"embeddable":true,"href":"https:\/\/mountlaser.com\/vi\/wp-json\/wp\/v2\/comments?post=2296"}],"wp:featuredmedia":[{"embeddable":true,"href":"https:\/\/mountlaser.com\/vi\/wp-json\/wp\/v2\/media\/2298"}],"wp:attachment":[{"href":"https:\/\/mountlaser.com\/vi\/wp-json\/wp\/v2\/media?parent=2296"}],"wp:term":[{"taxonomy":"product_brand","embeddable":true,"href":"https:\/\/mountlaser.com\/vi\/wp-json\/wp\/v2\/product_brand?post=2296"},{"taxonomy":"product_cat","embeddable":true,"href":"https:\/\/mountlaser.com\/vi\/wp-json\/wp\/v2\/product_cat?post=2296"},{"taxonomy":"product_tag","embeddable":true,"href":"https:\/\/mountlaser.com\/vi\/wp-json\/wp\/v2\/product_tag?post=2296"}],"curies":[{"name":"trang web","href":"https:\/\/api.w.org\/{rel}","templated":true}]}}