{"id":2289,"date":"2025-09-28T08:45:00","date_gmt":"2025-09-28T08:45:00","guid":{"rendered":"https:\/\/mountlaser.com\/?post_type=product&#038;p=2289"},"modified":"2025-11-28T08:14:35","modified_gmt":"2025-11-28T08:14:35","slug":"ad-s05-copper-adapter","status":"publish","type":"product","link":"https:\/\/mountlaser.com\/vi\/san-pham\/ad-s05-copper-adapter\/","title":{"rendered":"B\u1ed9 chuy\u1ec3n \u0111\u1ed5i \u0111\u1ed3ng AD-S05"},"content":{"rendered":"<p>Kh\u00e1m ph\u00e1 nh\u1eefng \u01b0u \u0111i\u1ec3m \u0111\u1ed9c \u0111\u00e1o c\u1ee7a Mount Laser. <a href=\"https:\/\/mountlaser.com\/vi\/\"><strong>B\u00e1n b\u1ed9 chuy\u1ec3n \u0111\u1ed5i \u0111\u1ed3ng.<\/strong><\/a>, b\u1eaft \u0111\u1ea7u v\u1edbi thi\u1ebft k\u1ebf ch\u00ednh x\u00e1c<a href=\"https:\/\/mountlaser.com\/vi\/products\/\"><strong> B\u1ed9 chuy\u1ec3n \u0111\u1ed5i \u0111\u1ed3ng AD-S05<\/strong><\/a>.<\/p>\n<p>B\u1ed9 chuy\u1ec3n \u0111\u1ed5i chuy\u00ean d\u1ee5ng n\u00e0y c\u00f3 kh\u1ea3 n\u0103ng t\u01b0\u01a1ng th\u00edch ren t\u1eeb 5\/8\u2033-11 \u0111\u1ebfn M8, \u0111\u01b0\u1ee3c ch\u1ebf t\u1ea1o t\u1eeb \u0111\u1ed3ng ch\u1ea5t l\u01b0\u1ee3ng cao \u0111\u1ec3 mang l\u1ea1i hi\u1ec7u su\u1ea5t v\u01b0\u1ee3t tr\u1ed9i trong c\u00e1c \u1ee9ng d\u1ee5ng \u0111o l\u01b0\u1eddng c\u1ee5 th\u1ec3. Ch\u00fang t\u00f4i t\u1ef1 h\u00e0o cung c\u1ea5p c\u00e1c b\u1ed9 chuy\u1ec3n \u0111\u1ed5i b\u1eb1ng \u0111\u1ed3ng cao c\u1ea5p n\u00e0y cho c\u00e1c chuy\u00ean gia y\u00eau c\u1ea7u c\u00e1c \u0111\u1eb7c t\u00ednh v\u1eadt li\u1ec7u v\u01b0\u1ee3t tr\u1ed9i.<\/p>\n<p>B\u1ed9 chuy\u1ec3n \u0111\u1ed5i AD-S05 \u0111\u1ea3m b\u1ea3o k\u1ebft n\u1ed1i \u0111\u00e1ng tin c\u1eady, ch\u1ed1ng m\u00e0i m\u00f2n, l\u00e0 l\u1ef1a ch\u1ecdn tuy\u1ec7t v\u1eddi cho c\u00e1c thi\u1ebft b\u1ecb \u0111o l\u01b0\u1eddng tinh t\u1ebf. Kh\u00e1m ph\u00e1 d\u00f2ng s\u1ea3n ph\u1ea9m b\u1ed9 chuy\u1ec3n \u0111\u1ed5i \u0111\u1ed3ng hi\u1ec7u su\u1ea5t cao c\u1ee7a ch\u00fang t\u00f4i v\u00e0 tr\u1ea3i nghi\u1ec7m s\u1ef1 kh\u00e1c bi\u1ec7t v\u1ec1 ch\u1ea5t l\u01b0\u1ee3ng v\u00e0 \u0111\u1ed9 ch\u00ednh x\u00e1c c\u1ee7a Mount Laser.<\/p>\n<p>&nbsp;<\/p>\n<p><img fetchpriority=\"high\" decoding=\"async\" class=\"aligncenter wp-image-2290\" src=\"https:\/\/mountlaser.com\/wp-content\/uploads\/2025\/09\/AD-S05-1.webp\" alt=\"Copper Adapters for sale\" width=\"500\" height=\"500\" srcset=\"https:\/\/mountlaser.com\/wp-content\/uploads\/2025\/09\/AD-S05-1.webp 1000w, https:\/\/mountlaser.com\/wp-content\/uploads\/2025\/09\/AD-S05-1-300x300.webp 300w, https:\/\/mountlaser.com\/wp-content\/uploads\/2025\/09\/AD-S05-1-400x400.webp 400w, https:\/\/mountlaser.com\/wp-content\/uploads\/2025\/09\/AD-S05-1-800x800.webp 800w, https:\/\/mountlaser.com\/wp-content\/uploads\/2025\/09\/AD-S05-1-600x600.webp 600w, https:\/\/mountlaser.com\/wp-content\/uploads\/2025\/09\/AD-S05-1-150x150.webp 150w, https:\/\/mountlaser.com\/wp-content\/uploads\/2025\/09\/AD-S05-1-768x768.webp 768w, https:\/\/mountlaser.com\/wp-content\/uploads\/2025\/09\/AD-S05-1-12x12.webp 12w\" sizes=\"(max-width: 500px) 100vw, 500px\" \/><\/p>\n<p><strong>S\u1eed d\u1ee5ng v\u1edbi b\u1ed9 chuy\u1ec3n \u0111\u1ed5i \u0111\u1ed3ng AD-S05.<\/strong><\/p>\n<p><img decoding=\"async\" class=\"wp-image-2220 size-full aligncenter\" src=\"https:\/\/mountlaser.com\/wp-content\/uploads\/2025\/09\/1-5.webp\" alt=\"\" width=\"614\" height=\"759\" srcset=\"https:\/\/mountlaser.com\/wp-content\/uploads\/2025\/09\/1-5.webp 614w, https:\/\/mountlaser.com\/wp-content\/uploads\/2025\/09\/1-5-600x742.webp 600w, https:\/\/mountlaser.com\/wp-content\/uploads\/2025\/09\/1-5-243x300.webp 243w, https:\/\/mountlaser.com\/wp-content\/uploads\/2025\/09\/1-5-10x12.webp 10w\" sizes=\"(max-width: 614px) 100vw, 614px\" \/><\/p>","protected":false},"excerpt":{"rendered":"<p>Discover the unique advantages of Mount Laser&#8217;s Copper Adapters for sale, starting with the precision-engineered AD-S05 Copper Adapter. This specialized adapter features 5\/8&#8243;-11 to M8 thread compatibility, crafted from high-quality copper to offer superior performance in specific measurement applications. We are proud to provide these premium Copper Adapters for sale to professionals who require exceptional [&hellip;]<\/p>\n","protected":false},"featured_media":2292,"comment_status":"open","ping_status":"closed","template":"","meta":[],"product_brand":[],"product_cat":[79,102],"product_tag":[],"class_list":{"0":"post-2289","1":"product","2":"type-product","3":"status-publish","4":"has-post-thumbnail","6":"product_cat-surveying-accessory","7":"product_cat-monitoring-adapter","9":"first","10":"instock","11":"shipping-taxable","12":"product-type-simple"},"_links":{"self":[{"href":"https:\/\/mountlaser.com\/vi\/wp-json\/wp\/v2\/product\/2289","targetHints":{"allow":["GET"]}}],"collection":[{"href":"https:\/\/mountlaser.com\/vi\/wp-json\/wp\/v2\/product"}],"about":[{"href":"https:\/\/mountlaser.com\/vi\/wp-json\/wp\/v2\/types\/product"}],"replies":[{"embeddable":true,"href":"https:\/\/mountlaser.com\/vi\/wp-json\/wp\/v2\/comments?post=2289"}],"wp:featuredmedia":[{"embeddable":true,"href":"https:\/\/mountlaser.com\/vi\/wp-json\/wp\/v2\/media\/2292"}],"wp:attachment":[{"href":"https:\/\/mountlaser.com\/vi\/wp-json\/wp\/v2\/media?parent=2289"}],"wp:term":[{"taxonomy":"product_brand","embeddable":true,"href":"https:\/\/mountlaser.com\/vi\/wp-json\/wp\/v2\/product_brand?post=2289"},{"taxonomy":"product_cat","embeddable":true,"href":"https:\/\/mountlaser.com\/vi\/wp-json\/wp\/v2\/product_cat?post=2289"},{"taxonomy":"product_tag","embeddable":true,"href":"https:\/\/mountlaser.com\/vi\/wp-json\/wp\/v2\/product_tag?post=2289"}],"curies":[{"name":"trang web","href":"https:\/\/api.w.org\/{rel}","templated":true}]}}