{"id":2284,"date":"2025-09-28T08:24:08","date_gmt":"2025-09-28T08:24:08","guid":{"rendered":"https:\/\/mountlaser.com\/?post_type=product&#038;p=2284"},"modified":"2025-11-28T08:15:40","modified_gmt":"2025-11-28T08:15:40","slug":"ad-s04-stainless-steel-adapter","status":"publish","type":"product","link":"https:\/\/mountlaser.com\/vi\/san-pham\/ad-s04-stainless-steel-adapter\/","title":{"rendered":"B\u1ed9 chuy\u1ec3n \u0111\u1ed5i b\u1eb1ng th\u00e9p kh\u00f4ng g\u1ec9 AD-S04"},"content":{"rendered":"<p>C\u00e1i <a href=\"https:\/\/mountlaser.com\/vi\/\"><strong>Gi\u00e1 \u0111\u1ee1 laser AD-S04<\/strong><\/a> l\u00e0 lo\u1ea1i cao c\u1ea5p <a href=\"https:\/\/mountlaser.com\/vi\/products\/\"><strong>B\u1ed9 chuy\u1ec3n \u0111\u1ed5i ren M8<\/strong><\/a> \u0110\u01b0\u1ee3c thi\u1ebft k\u1ebf d\u00e0nh cho c\u00e1c chuy\u00ean gia y\u00eau c\u1ea7u kh\u1ea3 n\u0103ng t\u01b0\u01a1ng th\u00edch m\u1ea1nh m\u1ebd v\u00e0 \u0111\u1ed9 b\u1ec1n v\u1eefng ch\u1eafc trong c\u00e1c thi\u1ebft l\u1eadp \u0111o l\u01b0\u1eddng c\u1ee7a h\u1ecd. B\u1ed9 chuy\u1ec3n \u0111\u1ed5i thi\u1ebft y\u1ebfu n\u00e0y k\u1ebft n\u1ed1i li\u1ec1n m\u1ea1ch gi\u1eefa ren ti\u00eau chu\u1ea9n c\u00f4ng nghi\u1ec7p 5\/8\u2033-11 v\u00e0 ren M8 \u0111a n\u0103ng, bi\u1ebfn n\u00f3 th\u00e0nh b\u1ed9 chuy\u1ec3n \u0111\u1ed5i ren M8 kh\u00f4ng th\u1ec3 thi\u1ebfu \u0111\u1ec3 t\u00edch h\u1ee3p nhi\u1ec1u lo\u1ea1i d\u1ee5ng c\u1ee5 v\u00e0 ph\u1ee5 ki\u1ec7n.<\/p>\n<p>\u0110\u01b0\u1ee3c gia c\u00f4ng ho\u00e0n to\u00e0n t\u1eeb th\u00e9p kh\u00f4ng g\u1ec9 ch\u1ea5t l\u01b0\u1ee3ng cao, s\u1ea3n ph\u1ea9m ch\u1eafc ch\u1eafn n\u00e0y <a href=\"https:\/\/mountlaser.com\/vi\/contact-us\/\">B\u1ed9 chuy\u1ec3n \u0111\u1ed5i ren M8<\/a> \u0110\u01b0\u1ee3c ch\u1ebf t\u1ea1o \u0111\u1ec3 ch\u1ed1ng \u0103n m\u00f2n, m\u00e0i m\u00f2n v\u00e0 va \u0111\u1eadp, \u0111\u1ea3m b\u1ea3o hi\u1ec7u su\u1ea5t \u0111\u00e1ng tin c\u1eady trong nh\u1eefng \u0111i\u1ec1u ki\u1ec7n kh\u1eafc nghi\u1ec7t nh\u1ea5t ngo\u00e0i th\u1ef1c \u0111\u1ecba. \u0110\u00e2y l\u00e0 gi\u1ea3i ph\u00e1p ho\u00e0n h\u1ea3o \u0111\u1ec3 \u0111\u1ea1t \u0111\u01b0\u1ee3c k\u1ebft n\u1ed1i an to\u00e0n v\u00e0 ch\u00ednh x\u00e1c trong c\u00e1c c\u1ea5u h\u00ecnh ti\u00eau chu\u1ea9n h\u1ed7n h\u1ee3p.<\/p>\n<p>&nbsp;<\/p>\n<p><img fetchpriority=\"high\" decoding=\"async\" class=\"wp-image-2286 aligncenter\" src=\"https:\/\/mountlaser.com\/wp-content\/uploads\/2025\/09\/IMG_0262_\u526f\u672c.webp\" alt=\"M8 thread Adapter\" width=\"500\" height=\"500\" srcset=\"https:\/\/mountlaser.com\/wp-content\/uploads\/2025\/09\/IMG_0262_\u526f\u672c.webp 800w, https:\/\/mountlaser.com\/wp-content\/uploads\/2025\/09\/IMG_0262_\u526f\u672c-300x300.webp 300w, https:\/\/mountlaser.com\/wp-content\/uploads\/2025\/09\/IMG_0262_\u526f\u672c-400x400.webp 400w, https:\/\/mountlaser.com\/wp-content\/uploads\/2025\/09\/IMG_0262_\u526f\u672c-600x600.webp 600w, https:\/\/mountlaser.com\/wp-content\/uploads\/2025\/09\/IMG_0262_\u526f\u672c-150x150.webp 150w, https:\/\/mountlaser.com\/wp-content\/uploads\/2025\/09\/IMG_0262_\u526f\u672c-768x768.webp 768w, https:\/\/mountlaser.com\/wp-content\/uploads\/2025\/09\/IMG_0262_\u526f\u672c-12x12.webp 12w\" sizes=\"(max-width: 500px) 100vw, 500px\" \/><\/p>\n<p>&nbsp;<\/p>\n<p><strong>S\u1eed d\u1ee5ng v\u1edbi b\u1ed9 chuy\u1ec3n \u0111\u1ed5i b\u1eb1ng th\u00e9p kh\u00f4ng g\u1ec9 AD-S04.<\/strong><\/p>\n<p><img decoding=\"async\" class=\"wp-image-2220 size-full aligncenter\" src=\"https:\/\/mountlaser.com\/wp-content\/uploads\/2025\/09\/1-5.webp\" alt=\"\" width=\"614\" height=\"759\" srcset=\"https:\/\/mountlaser.com\/wp-content\/uploads\/2025\/09\/1-5.webp 614w, https:\/\/mountlaser.com\/wp-content\/uploads\/2025\/09\/1-5-600x742.webp 600w, https:\/\/mountlaser.com\/wp-content\/uploads\/2025\/09\/1-5-243x300.webp 243w, https:\/\/mountlaser.com\/wp-content\/uploads\/2025\/09\/1-5-10x12.webp 10w\" sizes=\"(max-width: 614px) 100vw, 614px\" \/><\/p>","protected":false},"excerpt":{"rendered":"<ul>\n<li>Kh\u1ea3 n\u0103ng t\u01b0\u01a1ng th\u00edch v\u1edbi nhi\u1ec1u lo\u1ea1i ren kh\u00e1c nhau: C\u00f3 ren 5\/8\u2033-11 \u1edf m\u1ed9t \u0111\u1ea7u v\u00e0 M8 \u1edf \u0111\u1ea7u kia \u0111\u1ec3 k\u1ebft n\u1ed1i v\u1edbi c\u00e1c ti\u00eau chu\u1ea9n ren kh\u00e1c nhau.<\/li>\n<li>C\u1ea5u t\u1ea1o b\u1eb1ng th\u00e9p kh\u00f4ng g\u1ec9: Mang l\u1ea1i \u0111\u1ed9 b\u1ec1n v\u01b0\u1ee3t tr\u1ed9i v\u00e0 kh\u1ea3 n\u0103ng ch\u1ed1ng g\u1ec9 v\u00e0 \u0103n m\u00f2n tuy\u1ec7t v\u1eddi.<\/li>\n<\/ul>\n<p>&nbsp;<\/p>","protected":false},"featured_media":2288,"comment_status":"open","ping_status":"closed","template":"","meta":[],"product_brand":[],"product_cat":[79,102],"product_tag":[],"class_list":{"0":"post-2284","1":"product","2":"type-product","3":"status-publish","4":"has-post-thumbnail","6":"product_cat-surveying-accessory","7":"product_cat-monitoring-adapter","9":"first","10":"instock","11":"shipping-taxable","12":"product-type-simple"},"_links":{"self":[{"href":"https:\/\/mountlaser.com\/vi\/wp-json\/wp\/v2\/product\/2284","targetHints":{"allow":["GET"]}}],"collection":[{"href":"https:\/\/mountlaser.com\/vi\/wp-json\/wp\/v2\/product"}],"about":[{"href":"https:\/\/mountlaser.com\/vi\/wp-json\/wp\/v2\/types\/product"}],"replies":[{"embeddable":true,"href":"https:\/\/mountlaser.com\/vi\/wp-json\/wp\/v2\/comments?post=2284"}],"wp:featuredmedia":[{"embeddable":true,"href":"https:\/\/mountlaser.com\/vi\/wp-json\/wp\/v2\/media\/2288"}],"wp:attachment":[{"href":"https:\/\/mountlaser.com\/vi\/wp-json\/wp\/v2\/media?parent=2284"}],"wp:term":[{"taxonomy":"product_brand","embeddable":true,"href":"https:\/\/mountlaser.com\/vi\/wp-json\/wp\/v2\/product_brand?post=2284"},{"taxonomy":"product_cat","embeddable":true,"href":"https:\/\/mountlaser.com\/vi\/wp-json\/wp\/v2\/product_cat?post=2284"},{"taxonomy":"product_tag","embeddable":true,"href":"https:\/\/mountlaser.com\/vi\/wp-json\/wp\/v2\/product_tag?post=2284"}],"curies":[{"name":"trang web","href":"https:\/\/api.w.org\/{rel}","templated":true}]}}