{"id":2277,"date":"2025-09-28T07:46:49","date_gmt":"2025-09-28T07:46:49","guid":{"rendered":"https:\/\/mountlaser.com\/?post_type=product&#038;p=2277"},"modified":"2025-11-28T08:17:32","modified_gmt":"2025-11-28T08:17:32","slug":"ad-s02-stainless-steel-adapter","status":"publish","type":"product","link":"https:\/\/mountlaser.com\/vi\/san-pham\/ad-s02-stainless-steel-adapter\/","title":{"rendered":"B\u1ed9 chuy\u1ec3n \u0111\u1ed5i b\u1eb1ng th\u00e9p kh\u00f4ng g\u1ec9 AD-S02"},"content":{"rendered":"<p>C\u00e1i <a href=\"https:\/\/mountlaser.com\/vi\/\"><strong>B\u1ed9 chuy\u1ec3n \u0111\u1ed5i b\u1eb1ng th\u00e9p kh\u00f4ng g\u1ec9 AD-S02<\/strong><\/a> T\u1eeb Mount Laser, \u0111\u00e2y l\u00e0 b\u1ed9 chuy\u1ec3n \u0111\u1ed5i ren 5\/8\u2033-11 cao c\u1ea5p \u0111\u01b0\u1ee3c ch\u1ebf t\u1ea1o \u0111\u1ec3 \u0111\u1ea3m b\u1ea3o \u0111\u1ed9 b\u1ec1n v\u00e0 \u0111\u1ed9 ch\u00ednh x\u00e1c trong m\u00f4i tr\u01b0\u1eddng \u0111o l\u01b0\u1eddng kh\u1eaft khe. \u0110\u01b0\u1ee3c ch\u1ebf t\u1ea1o ho\u00e0n to\u00e0n t\u1eeb th\u00e9p kh\u00f4ng g\u1ec9, s\u1ea3n ph\u1ea9m ch\u1eafc ch\u1eafn n\u00e0y <a href=\"https:\/\/mountlaser.com\/vi\/products\/\"><strong>B\u1ed9 chuy\u1ec3n \u0111\u1ed5i ren 5\/8\u2033-11<\/strong> <\/a>S\u1ea3n ph\u1ea9m n\u00e0y c\u00f3 kh\u1ea3 n\u0103ng ch\u1ed1ng \u0103n m\u00f2n, m\u00e0i m\u00f2n v\u00e0 va \u0111\u1eadp v\u01b0\u1ee3t tr\u1ed9i so v\u1edbi c\u00e1c m\u1eabu nh\u00f4m ti\u00eau chu\u1ea9n.<\/p>\n<p><img fetchpriority=\"high\" decoding=\"async\" class=\"wp-image-2281 aligncenter\" src=\"https:\/\/mountlaser.com\/wp-content\/uploads\/2025\/09\/AD-S02-5.webp\" alt=\"5\/8&quot;-11 thread Adapter\" width=\"500\" height=\"500\" srcset=\"https:\/\/mountlaser.com\/wp-content\/uploads\/2025\/09\/AD-S02-5.webp 1000w, https:\/\/mountlaser.com\/wp-content\/uploads\/2025\/09\/AD-S02-5-300x300.webp 300w, https:\/\/mountlaser.com\/wp-content\/uploads\/2025\/09\/AD-S02-5-400x400.webp 400w, https:\/\/mountlaser.com\/wp-content\/uploads\/2025\/09\/AD-S02-5-800x800.webp 800w, https:\/\/mountlaser.com\/wp-content\/uploads\/2025\/09\/AD-S02-5-600x600.webp 600w, https:\/\/mountlaser.com\/wp-content\/uploads\/2025\/09\/AD-S02-5-150x150.webp 150w, https:\/\/mountlaser.com\/wp-content\/uploads\/2025\/09\/AD-S02-5-768x768.webp 768w, https:\/\/mountlaser.com\/wp-content\/uploads\/2025\/09\/AD-S02-5-12x12.webp 12w\" sizes=\"(max-width: 500px) 100vw, 500px\" \/><br \/>\nS\u1ea3n ph\u1ea9m \u0111\u01b0\u1ee3c thi\u1ebft k\u1ebf \u0111\u1ec3 cung c\u1ea5p k\u1ebft n\u1ed1i an to\u00e0n v\u00e0 \u0111\u00e1ng tin c\u1eady cho thi\u1ebft b\u1ecb kh\u1ea3o s\u00e1t v\u00e0 \u0111o l\u01b0\u1eddng c\u1ee7a b\u1ea1n, \u0111\u1ea3m b\u1ea3o \u0111\u1ed9 ch\u00ednh x\u00e1c l\u00e2u d\u00e0i. Khi c\u00e1c d\u1ef1 \u00e1n c\u1ee7a b\u1ea1n y\u00eau c\u1ea7u hi\u1ec7u su\u1ea5t \u1ed5n \u0111\u1ecbnh trong \u0111i\u1ec1u ki\u1ec7n kh\u1eafc nghi\u1ec7t, b\u1ed9 chuy\u1ec3n \u0111\u1ed5i ren 5\/8\u2033-11 v\u00e0 M8 b\u1eb1ng th\u00e9p kh\u00f4ng g\u1ec9 n\u00e0y l\u00e0 s\u1ef1 l\u1ef1a ch\u1ecdn t\u1ed1i \u01b0u d\u00e0nh cho c\u00e1c chuy\u00ean gia kh\u00f4ng th\u1ecfa hi\u1ec7p v\u1ec1 ch\u1ea5t l\u01b0\u1ee3ng.<\/p>\n<p>&nbsp;<\/p>\n<p><strong>S\u1eed d\u1ee5ng v\u1edbi b\u1ed9 chuy\u1ec3n \u0111\u1ed5i b\u1eb1ng th\u00e9p kh\u00f4ng g\u1ec9 AD-S02.<\/strong><\/p>\n<p><img decoding=\"async\" class=\"wp-image-2220 size-full aligncenter\" src=\"https:\/\/mountlaser.com\/wp-content\/uploads\/2025\/09\/1-5.webp\" alt=\"\" width=\"614\" height=\"759\" srcset=\"https:\/\/mountlaser.com\/wp-content\/uploads\/2025\/09\/1-5.webp 614w, https:\/\/mountlaser.com\/wp-content\/uploads\/2025\/09\/1-5-600x742.webp 600w, https:\/\/mountlaser.com\/wp-content\/uploads\/2025\/09\/1-5-243x300.webp 243w, https:\/\/mountlaser.com\/wp-content\/uploads\/2025\/09\/1-5-10x12.webp 10w\" sizes=\"(max-width: 614px) 100vw, 614px\" \/><\/p>\n<p>&nbsp;<\/p>","protected":false},"excerpt":{"rendered":"<ul>\n<li>Ch\u1ea5t li\u1ec7u cao c\u1ea5p: \u0110\u01b0\u1ee3c ch\u1ebf t\u1ea1o t\u1eeb th\u00e9p kh\u00f4ng g\u1ec9 ch\u1ea5t l\u01b0\u1ee3ng cao \u0111\u1ec3 \u0111\u1ea3m b\u1ea3o \u0111\u1ed9 b\u1ec1n t\u1ed1i \u0111a.<\/li>\n<li>Ren ch\u00ednh x\u00e1c: C\u00f3 ren ti\u00eau chu\u1ea9n 5\/8\u2033-11, t\u01b0\u01a1ng th\u00edch v\u1edbi h\u1ea7u h\u1ebft c\u00e1c lo\u1ea1i ch\u00e2n m\u00e1y v\u00e0 d\u1ee5ng c\u1ee5.<\/li>\n<li>Kh\u1ea3 n\u0103ng ch\u1ed1ng \u0103n m\u00f2n: L\u00fd t\u01b0\u1edfng \u0111\u1ec3 s\u1eed d\u1ee5ng trong m\u00f4i tr\u01b0\u1eddng kh\u1eafc nghi\u1ec7t ho\u1eb7c ngo\u00e0i tr\u1eddi, n\u01a1i \u0111\u1ed9 \u1ea9m l\u00e0 m\u1ed9t v\u1ea5n \u0111\u1ec1 c\u1ea7n quan t\u00e2m.<\/li>\n<\/ul>","protected":false},"featured_media":2280,"comment_status":"open","ping_status":"closed","template":"","meta":[],"product_brand":[],"product_cat":[79,102],"product_tag":[],"class_list":{"0":"post-2277","1":"product","2":"type-product","3":"status-publish","4":"has-post-thumbnail","6":"product_cat-surveying-accessory","7":"product_cat-monitoring-adapter","9":"first","10":"instock","11":"shipping-taxable","12":"product-type-simple"},"_links":{"self":[{"href":"https:\/\/mountlaser.com\/vi\/wp-json\/wp\/v2\/product\/2277","targetHints":{"allow":["GET"]}}],"collection":[{"href":"https:\/\/mountlaser.com\/vi\/wp-json\/wp\/v2\/product"}],"about":[{"href":"https:\/\/mountlaser.com\/vi\/wp-json\/wp\/v2\/types\/product"}],"replies":[{"embeddable":true,"href":"https:\/\/mountlaser.com\/vi\/wp-json\/wp\/v2\/comments?post=2277"}],"wp:featuredmedia":[{"embeddable":true,"href":"https:\/\/mountlaser.com\/vi\/wp-json\/wp\/v2\/media\/2280"}],"wp:attachment":[{"href":"https:\/\/mountlaser.com\/vi\/wp-json\/wp\/v2\/media?parent=2277"}],"wp:term":[{"taxonomy":"product_brand","embeddable":true,"href":"https:\/\/mountlaser.com\/vi\/wp-json\/wp\/v2\/product_brand?post=2277"},{"taxonomy":"product_cat","embeddable":true,"href":"https:\/\/mountlaser.com\/vi\/wp-json\/wp\/v2\/product_cat?post=2277"},{"taxonomy":"product_tag","embeddable":true,"href":"https:\/\/mountlaser.com\/vi\/wp-json\/wp\/v2\/product_tag?post=2277"}],"curies":[{"name":"trang web","href":"https:\/\/api.w.org\/{rel}","templated":true}]}}