{"id":2272,"date":"2025-09-28T07:09:01","date_gmt":"2025-09-28T07:09:01","guid":{"rendered":"https:\/\/mountlaser.com\/?post_type=product&#038;p=2272"},"modified":"2025-11-28T08:25:31","modified_gmt":"2025-11-28T08:25:31","slug":"ad-s01-adapter","status":"publish","type":"product","link":"https:\/\/mountlaser.com\/vi\/san-pham\/ad-s01-adapter\/","title":{"rendered":"B\u1ed9 chuy\u1ec3n \u0111\u1ed5i AD-S01"},"content":{"rendered":"<p>C\u00e1i <a href=\"https:\/\/mountlaser.com\/vi\/products\/\"><strong>B\u1ed9 chuy\u1ec3n \u0111\u1ed5i AD-S01<\/strong><\/a> \u0110\u00e2y l\u00e0 ph\u1ee5 ki\u1ec7n gi\u00e1m s\u00e1t \u0111\u01b0\u1ee3c thi\u1ebft k\u1ebf ch\u00ednh x\u00e1c d\u00e0nh cho c\u00e1c \u1ee9ng d\u1ee5ng kh\u1ea3o s\u00e1t v\u00e0 gi\u00e1m s\u00e1t k\u1ebft c\u1ea5u chuy\u00ean nghi\u1ec7p. \u0110\u01b0\u1ee3c ch\u1ebf t\u1ea1o v\u1edbi c\u1ea5u h\u00ecnh b\u1ed9 chuy\u1ec3n \u0111\u1ed5i \u0111\u1ef1c k\u00e9p 5\/8\u2033-11 ch\u1eafc ch\u1eafn, b\u1ed9 chuy\u1ec3n \u0111\u1ed5i AD-S01 \u0111\u1ea3m b\u1ea3o l\u1eafp \u0111\u1eb7t an to\u00e0n, \u1ed5n \u0111\u1ecbnh v\u00e0 c\u00f3 kh\u1ea3 n\u0103ng t\u01b0\u01a1ng th\u00edch cao gi\u1eefa c\u00e1c l\u0103ng k\u00ednh, gi\u00e1 \u0111\u1ee1, c\u1ed9t v\u00e0 thi\u1ebft b\u1ecb gi\u00e1m s\u00e1t. Thi\u1ebft k\u1ebf ren k\u00e9p c\u1ee7a n\u00f3 t\u0103ng c\u01b0\u1eddng t\u00ednh linh ho\u1ea1t, cho ph\u00e9p t\u00edch h\u1ee3p tr\u01a1n tru v\u1edbi nhi\u1ec1u lo\u1ea1i thi\u1ebft b\u1ecb hi\u1ec7n tr\u01b0\u1eddng.<\/p>\n<p><img fetchpriority=\"high\" decoding=\"async\" class=\"aligncenter wp-image-2276\" src=\"https:\/\/mountlaser.com\/wp-content\/uploads\/2025\/09\/AD-S01-4-1.webp\" alt=\"Double 5\/8&quot;-11 Male Adapter\" width=\"500\" height=\"500\" srcset=\"https:\/\/mountlaser.com\/wp-content\/uploads\/2025\/09\/AD-S01-4-1.webp 1000w, https:\/\/mountlaser.com\/wp-content\/uploads\/2025\/09\/AD-S01-4-1-300x300.webp 300w, https:\/\/mountlaser.com\/wp-content\/uploads\/2025\/09\/AD-S01-4-1-400x400.webp 400w, https:\/\/mountlaser.com\/wp-content\/uploads\/2025\/09\/AD-S01-4-1-800x800.webp 800w, https:\/\/mountlaser.com\/wp-content\/uploads\/2025\/09\/AD-S01-4-1-600x600.webp 600w, https:\/\/mountlaser.com\/wp-content\/uploads\/2025\/09\/AD-S01-4-1-150x150.webp 150w, https:\/\/mountlaser.com\/wp-content\/uploads\/2025\/09\/AD-S01-4-1-768x768.webp 768w, https:\/\/mountlaser.com\/wp-content\/uploads\/2025\/09\/AD-S01-4-1-12x12.webp 12w\" sizes=\"(max-width: 500px) 100vw, 500px\" \/><\/p>\n<p>V\u1edbi k\u1ebft c\u1ea5u kim lo\u1ea1i ch\u1eafc ch\u1eafn v\u00e0 l\u1edbp ho\u00e0n thi\u1ec7n ch\u1ed1ng \u0103n m\u00f2n, b\u1ed9 chuy\u1ec3n \u0111\u1ed5i k\u00e9p 5\/8\u2033-11 \u0111\u1ef1c mang l\u1ea1i \u0111\u1ed9 tin c\u1eady l\u00e2u d\u00e0i ngay c\u1ea3 trong m\u00f4i tr\u01b0\u1eddng ngo\u00e0i tr\u1eddi kh\u1eafc nghi\u1ec7t. Cho d\u00f9 \u0111\u01b0\u1ee3c s\u1eed d\u1ee5ng cho c\u00e1c c\u00e0i \u0111\u1eb7t c\u1ed1 \u0111\u1ecbnh hay thi\u1ebft l\u1eadp gi\u00e1m s\u00e1t di \u0111\u1ed9ng, s\u1ea3n ph\u1ea9m n\u00e0y \u0111\u1ec1u \u0111\u00e1p \u1ee9ng \u0111\u01b0\u1ee3c nhu c\u1ea7u. <a href=\"https:\/\/mountlaser.com\/vi\/contact-us\/\">B\u1ed9 chuy\u1ec3n \u0111\u1ed5i ren ngo\u00e0i k\u00e9p 5\/8\u2033-11<\/a> B\u1ed9 chuy\u1ec3n \u0111\u1ed5i AD-S01 cung c\u1ea5p \u0111\u1ed9 ch\u00ednh x\u00e1c c\u0103n ch\u1ec9nh nh\u1ea5t qu\u00e1n v\u00e0 \u0111\u1ed9 b\u1ec1n c\u01a1 h\u1ecdc \u0111\u00e1ng tin c\u1eady. \u0110\u00e2y l\u00e0 m\u1ed9t th\u00e0nh ph\u1ea7n thi\u1ebft y\u1ebfu d\u00e0nh cho c\u00e1c nh\u00e0 kh\u1ea3o s\u00e1t \u0111ang t\u00ecm ki\u1ebfm \u0111\u1ed9 b\u1ec1n, kh\u1ea3 n\u0103ng t\u01b0\u01a1ng th\u00edch v\u00e0 t\u00edch h\u1ee3p h\u1ec7 th\u1ed1ng ch\u00ednh x\u00e1c trong c\u00e1c \u1ee9ng d\u1ee5ng gi\u00e1m s\u00e1t.<\/p>","protected":false},"excerpt":{"rendered":"<ul>\n<li>K\u1ebft n\u1ed1i k\u00e9p ren ngo\u00e0i: C\u00f3 hai ren ngo\u00e0i 5\/8\u2033-11 \u0111\u1ec3 k\u1ebft n\u1ed1i c\u00e1c linh ki\u1ec7n c\u00f3 ren trong.<\/li>\n<li>Ren ch\u00ednh x\u00e1c: \u0110\u01b0\u1ee3c thi\u1ebft k\u1ebf v\u1edbi dung sai cao \u0111\u1ec3 \u0111\u1ea3m b\u1ea3o k\u1ebft n\u1ed1i ch\u1eafc ch\u1eafn, kh\u00f4ng b\u1ecb l\u1ec7ch ren.<\/li>\n<\/ul>","protected":false},"featured_media":2273,"comment_status":"open","ping_status":"closed","template":"","meta":[],"product_brand":[],"product_cat":[79,102],"product_tag":[],"class_list":{"0":"post-2272","1":"product","2":"type-product","3":"status-publish","4":"has-post-thumbnail","6":"product_cat-surveying-accessory","7":"product_cat-monitoring-adapter","9":"first","10":"instock","11":"shipping-taxable","12":"product-type-simple"},"_links":{"self":[{"href":"https:\/\/mountlaser.com\/vi\/wp-json\/wp\/v2\/product\/2272","targetHints":{"allow":["GET"]}}],"collection":[{"href":"https:\/\/mountlaser.com\/vi\/wp-json\/wp\/v2\/product"}],"about":[{"href":"https:\/\/mountlaser.com\/vi\/wp-json\/wp\/v2\/types\/product"}],"replies":[{"embeddable":true,"href":"https:\/\/mountlaser.com\/vi\/wp-json\/wp\/v2\/comments?post=2272"}],"wp:featuredmedia":[{"embeddable":true,"href":"https:\/\/mountlaser.com\/vi\/wp-json\/wp\/v2\/media\/2273"}],"wp:attachment":[{"href":"https:\/\/mountlaser.com\/vi\/wp-json\/wp\/v2\/media?parent=2272"}],"wp:term":[{"taxonomy":"product_brand","embeddable":true,"href":"https:\/\/mountlaser.com\/vi\/wp-json\/wp\/v2\/product_brand?post=2272"},{"taxonomy":"product_cat","embeddable":true,"href":"https:\/\/mountlaser.com\/vi\/wp-json\/wp\/v2\/product_cat?post=2272"},{"taxonomy":"product_tag","embeddable":true,"href":"https:\/\/mountlaser.com\/vi\/wp-json\/wp\/v2\/product_tag?post=2272"}],"curies":[{"name":"trang web","href":"https:\/\/api.w.org\/{rel}","templated":true}]}}