{"id":2267,"date":"2025-09-28T03:31:47","date_gmt":"2025-09-28T03:31:47","guid":{"rendered":"https:\/\/mountlaser.com\/?post_type=product&#038;p=2267"},"modified":"2025-11-28T08:28:58","modified_gmt":"2025-11-28T08:28:58","slug":"ad-f01-double-female-adapter","status":"publish","type":"product","link":"https:\/\/mountlaser.com\/vi\/san-pham\/ad-f01-double-female-adapter\/","title":{"rendered":"B\u1ed9 chuy\u1ec3n \u0111\u1ed5i k\u00e9p c\u00e1i AD-F01"},"content":{"rendered":"<p>C\u00e1i <a href=\"https:\/\/mountlaser.com\/vi\/products\/\"><strong>B\u1ed9 chuy\u1ec3n \u0111\u1ed5i k\u00e9p Mountlaser 5\/8\u2033-11 Female Adapter<\/strong><\/a> (M\u00e3 s\u1ea3n ph\u1ea9m: 5181-00) l\u00e0 gi\u1ea3i ph\u00e1p k\u1ebft n\u1ed1i thi\u1ebft y\u1ebfu cho c\u00e1c h\u1ec7 th\u1ed1ng \u0111o l\u01b0\u1eddng ch\u00ednh x\u00e1c. B\u1ed9 chuy\u1ec3n \u0111\u1ed5i \u0111a n\u0103ng n\u00e0y c\u00f3 ren trong \u1edf c\u1ea3 hai \u0111\u1ea7u, \u0111\u01b0\u1ee3c thi\u1ebft k\u1ebf chuy\u00ean nghi\u1ec7p \u0111\u1ec3 k\u1ebft n\u1ed1i hai b\u1ed9 ph\u1eadn c\u00f3 ren ngo\u00e0i, ch\u1eb3ng h\u1ea1n nh\u01b0 ch\u00e2n m\u00e1y v\u00e0 nhi\u1ec1u lo\u1ea1i d\u1ee5ng c\u1ee5 kh\u00e1c nhau.<\/p>\n<p><img fetchpriority=\"high\" decoding=\"async\" class=\"wp-image-2270 aligncenter\" src=\"https:\/\/mountlaser.com\/wp-content\/uploads\/2025\/09\/IMG_5059_\u526f\u672c.webp\" alt=\"Double Female Adapter\" width=\"500\" height=\"500\" srcset=\"https:\/\/mountlaser.com\/wp-content\/uploads\/2025\/09\/IMG_5059_\u526f\u672c.webp 800w, https:\/\/mountlaser.com\/wp-content\/uploads\/2025\/09\/IMG_5059_\u526f\u672c-300x300.webp 300w, https:\/\/mountlaser.com\/wp-content\/uploads\/2025\/09\/IMG_5059_\u526f\u672c-400x400.webp 400w, https:\/\/mountlaser.com\/wp-content\/uploads\/2025\/09\/IMG_5059_\u526f\u672c-600x600.webp 600w, https:\/\/mountlaser.com\/wp-content\/uploads\/2025\/09\/IMG_5059_\u526f\u672c-150x150.webp 150w, https:\/\/mountlaser.com\/wp-content\/uploads\/2025\/09\/IMG_5059_\u526f\u672c-768x768.webp 768w, https:\/\/mountlaser.com\/wp-content\/uploads\/2025\/09\/IMG_5059_\u526f\u672c-12x12.webp 12w\" sizes=\"(max-width: 500px) 100vw, 500px\" \/><br \/>\nV\u1edbi k\u1ebft c\u1ea5u ch\u1eafc ch\u1eafn v\u00e0 chi\u1ec1u cao nh\u1ecf g\u1ecdn ch\u1ec9 38mm, s\u1ea3n ph\u1ea9m n\u00e0y <a href=\"https:\/\/mountlaser.com\/vi\/contact-us\/\"><strong>B\u1ed9 chuy\u1ec3n \u0111\u1ed5i k\u00e9p c\u00e1i<\/strong><\/a> \u0110\u1ea3m b\u1ea3o k\u1ebft n\u1ed1i an to\u00e0n v\u00e0 \u1ed5n \u0111\u1ecbnh, m\u1edf r\u1ed9ng hi\u1ec7u qu\u1ea3 ph\u1ea1m vi thi\u1ebft l\u1eadp m\u00e0 kh\u00f4ng \u1ea3nh h\u01b0\u1edfng \u0111\u1ebfn \u0111\u1ed9 ch\u00ednh x\u00e1c. \u0110\u1ed1i v\u1edbi c\u00e1c chuy\u00ean gia \u0111ang t\u00ecm ki\u1ebfm ph\u1ee5 ki\u1ec7n \u0111o l\u01b0\u1eddng \u0111\u00e1ng tin c\u1eady v\u00e0 ch\u1ea5t l\u01b0\u1ee3ng cao, b\u1ed9 chuy\u1ec3n \u0111\u1ed5i Mountlaser Double 5\/8\u2033-11 Female Adapter l\u00e0 l\u1ef1a ch\u1ecdn l\u00fd t\u01b0\u1edfng cho c\u00e1c c\u1ea5u h\u00ecnh ph\u1ee9c t\u1ea1p.<\/p>","protected":false},"excerpt":{"rendered":"<ul>\n<li>\u0110\u1ea7u n\u1ed1i k\u00e9p ren c\u00e1i: C\u00f3 hai ren c\u00e1i 5\/8\u2033-11 \u0111\u1ec3 k\u1ebft n\u1ed1i c\u00e1c b\u1ed9 ph\u1eadn c\u00f3 ren \u0111\u1ef1c.<\/li>\n<li>Thi\u1ebft k\u1ebf nh\u1ecf g\u1ecdn: V\u1edbi chi\u1ec1u cao 38mm, n\u00f3 mang l\u1ea1i m\u1ed9t thi\u1ebft k\u1ebf m\u1edf r\u1ed9ng m\u1ecfng g\u1ecdn.<\/li>\n<\/ul>","protected":false},"featured_media":2268,"comment_status":"open","ping_status":"closed","template":"","meta":[],"product_brand":[],"product_cat":[79,102],"product_tag":[],"class_list":{"0":"post-2267","1":"product","2":"type-product","3":"status-publish","4":"has-post-thumbnail","6":"product_cat-surveying-accessory","7":"product_cat-monitoring-adapter","9":"first","10":"instock","11":"shipping-taxable","12":"product-type-simple"},"_links":{"self":[{"href":"https:\/\/mountlaser.com\/vi\/wp-json\/wp\/v2\/product\/2267","targetHints":{"allow":["GET"]}}],"collection":[{"href":"https:\/\/mountlaser.com\/vi\/wp-json\/wp\/v2\/product"}],"about":[{"href":"https:\/\/mountlaser.com\/vi\/wp-json\/wp\/v2\/types\/product"}],"replies":[{"embeddable":true,"href":"https:\/\/mountlaser.com\/vi\/wp-json\/wp\/v2\/comments?post=2267"}],"wp:featuredmedia":[{"embeddable":true,"href":"https:\/\/mountlaser.com\/vi\/wp-json\/wp\/v2\/media\/2268"}],"wp:attachment":[{"href":"https:\/\/mountlaser.com\/vi\/wp-json\/wp\/v2\/media?parent=2267"}],"wp:term":[{"taxonomy":"product_brand","embeddable":true,"href":"https:\/\/mountlaser.com\/vi\/wp-json\/wp\/v2\/product_brand?post=2267"},{"taxonomy":"product_cat","embeddable":true,"href":"https:\/\/mountlaser.com\/vi\/wp-json\/wp\/v2\/product_cat?post=2267"},{"taxonomy":"product_tag","embeddable":true,"href":"https:\/\/mountlaser.com\/vi\/wp-json\/wp\/v2\/product_tag?post=2267"}],"curies":[{"name":"trang web","href":"https:\/\/api.w.org\/{rel}","templated":true}]}}