{"id":2260,"date":"2025-09-28T03:03:30","date_gmt":"2025-09-28T03:03:30","guid":{"rendered":"https:\/\/mountlaser.com\/?post_type=product&#038;p=2260"},"modified":"2025-11-28T08:45:23","modified_gmt":"2025-11-28T08:45:23","slug":"ad-a30-adapter","status":"publish","type":"product","link":"https:\/\/mountlaser.com\/vi\/san-pham\/ad-a30-adapter\/","title":{"rendered":"B\u1ed9 chuy\u1ec3n \u0111\u1ed5i AD-A30"},"content":{"rendered":"<p>C\u00e1i <strong><a href=\"https:\/\/mountlaser.com\/vi\/products\/\">B\u1ed9 chuy\u1ec3n \u0111\u1ed5i nh\u00f4m AD-A30<\/a><\/strong> \u0110\u00e2y l\u00e0 b\u1ed9 chuy\u1ec3n \u0111\u1ed5i t\u1eeb \u0111\u1ea7u c\u00e1i sang \u0111\u1ea7u \u0111\u1ef1c ch\u1ea5t l\u01b0\u1ee3ng cao, \u0111\u01b0\u1ee3c thi\u1ebft k\u1ebf cho c\u00e1c \u1ee9ng d\u1ee5ng \u0111o l\u01b0\u1eddng ch\u00ednh x\u00e1c. \u0110\u01b0\u1ee3c ch\u1ebf t\u1ea1o t\u1eeb nh\u00f4m b\u1ec1n ch\u1eafc v\u1edbi ren 5\/8\u2033-11, b\u1ed9 chuy\u1ec3n \u0111\u1ed5i \u0111\u01b0\u1eddng k\u00ednh 22mm n\u00e0y \u0111\u1ea3m b\u1ea3o k\u1ebft n\u1ed1i v\u00e0 kh\u1ea3 n\u0103ng t\u01b0\u01a1ng th\u00edch \u0111\u00e1ng tin c\u1eady.<\/p>\n<p><img fetchpriority=\"high\" decoding=\"async\" class=\"wp-image-2265 aligncenter\" src=\"https:\/\/mountlaser.com\/wp-content\/uploads\/2025\/09\/AD-A30-6.webp\" alt=\"AD-A30 Aluminium Adapter\" width=\"500\" height=\"500\" srcset=\"https:\/\/mountlaser.com\/wp-content\/uploads\/2025\/09\/AD-A30-6.webp 1000w, https:\/\/mountlaser.com\/wp-content\/uploads\/2025\/09\/AD-A30-6-300x300.webp 300w, https:\/\/mountlaser.com\/wp-content\/uploads\/2025\/09\/AD-A30-6-400x400.webp 400w, https:\/\/mountlaser.com\/wp-content\/uploads\/2025\/09\/AD-A30-6-800x800.webp 800w, https:\/\/mountlaser.com\/wp-content\/uploads\/2025\/09\/AD-A30-6-600x600.webp 600w, https:\/\/mountlaser.com\/wp-content\/uploads\/2025\/09\/AD-A30-6-150x150.webp 150w, https:\/\/mountlaser.com\/wp-content\/uploads\/2025\/09\/AD-A30-6-768x768.webp 768w, https:\/\/mountlaser.com\/wp-content\/uploads\/2025\/09\/AD-A30-6-12x12.webp 12w\" sizes=\"(max-width: 500px) 100vw, 500px\" \/><br \/>\nL\u00e0 m\u1ed9t ph\u1ea7n trong c\u00e1c ph\u1ee5 ki\u1ec7n \u0111o l\u01b0\u1eddng c\u1ee7a Mount Laser, b\u1ed9 chuy\u1ec3n \u0111\u1ed5i nh\u00f4m AD-A30 c\u00f3 chi\u1ec1u cao 30mm, l\u00fd t\u01b0\u1edfng cho nhi\u1ec1u c\u1ea5u h\u00ecnh kh\u00e1c nhau. D\u00f2ng b\u1ed9 chuy\u1ec3n \u0111\u1ed5i \u0111\u01b0\u1eddng k\u00ednh 22mm bao g\u1ed3m nhi\u1ec1u t\u00f9y ch\u1ecdn chi\u1ec1u cao, ch\u1eb3ng h\u1ea1n nh\u01b0 35mm v\u00e0 50mm, nh\u01b0ng m\u1eabu AD-A30 n\u1ed5i b\u1eadt nh\u1edd thi\u1ebft k\u1ebf nh\u1ecf g\u1ecdn. T\u00ednh linh ho\u1ea1t cao, <a href=\"https:\/\/mountlaser.com\/vi\/contact-us\/\"><strong>B\u1ed9 chuy\u1ec3n \u0111\u1ed5i \u0111\u01b0\u1eddng k\u00ednh 22mm<\/strong><\/a> \u0110\u01b0\u1ee3c thi\u1ebft k\u1ebf \u0111\u1ec3 n\u00e2ng cao \u0111\u1ed9 ch\u00ednh x\u00e1c v\u00e0 t\u00ednh d\u1ec5 s\u1eed d\u1ee5ng trong m\u00f4i tr\u01b0\u1eddng chuy\u00ean nghi\u1ec7p.<\/p>","protected":false},"excerpt":{"rendered":"<ul>\n<li>Thi\u1ebft k\u1ebf \u0111\u1ea7u n\u1ed1i t\u1eeb c\u00e1i sang \u0111\u1ef1c gi\u00fap k\u1ebft n\u1ed1i li\u1ec1n m\u1ea1ch.<\/li>\n<li>\u0110\u01b0\u1ee3c ch\u1ebf t\u1ea1o t\u1eeb nh\u00f4m v\u1edbi ren ngo\u00e0i\/trong 5\/8\u2033-11.<\/li>\n<li>\u0110\u01b0\u1eddng k\u00ednh 22mm, t\u01b0\u01a1ng th\u00edch v\u1edbi c\u00e1c ti\u00eau chu\u1ea9n th\u00f4ng th\u01b0\u1eddng.<\/li>\n<\/ul>","protected":false},"featured_media":2262,"comment_status":"open","ping_status":"closed","template":"","meta":[],"product_brand":[],"product_cat":[79,102],"product_tag":[],"class_list":{"0":"post-2260","1":"product","2":"type-product","3":"status-publish","4":"has-post-thumbnail","6":"product_cat-surveying-accessory","7":"product_cat-monitoring-adapter","9":"first","10":"instock","11":"shipping-taxable","12":"product-type-simple"},"_links":{"self":[{"href":"https:\/\/mountlaser.com\/vi\/wp-json\/wp\/v2\/product\/2260","targetHints":{"allow":["GET"]}}],"collection":[{"href":"https:\/\/mountlaser.com\/vi\/wp-json\/wp\/v2\/product"}],"about":[{"href":"https:\/\/mountlaser.com\/vi\/wp-json\/wp\/v2\/types\/product"}],"replies":[{"embeddable":true,"href":"https:\/\/mountlaser.com\/vi\/wp-json\/wp\/v2\/comments?post=2260"}],"wp:featuredmedia":[{"embeddable":true,"href":"https:\/\/mountlaser.com\/vi\/wp-json\/wp\/v2\/media\/2262"}],"wp:attachment":[{"href":"https:\/\/mountlaser.com\/vi\/wp-json\/wp\/v2\/media?parent=2260"}],"wp:term":[{"taxonomy":"product_brand","embeddable":true,"href":"https:\/\/mountlaser.com\/vi\/wp-json\/wp\/v2\/product_brand?post=2260"},{"taxonomy":"product_cat","embeddable":true,"href":"https:\/\/mountlaser.com\/vi\/wp-json\/wp\/v2\/product_cat?post=2260"},{"taxonomy":"product_tag","embeddable":true,"href":"https:\/\/mountlaser.com\/vi\/wp-json\/wp\/v2\/product_tag?post=2260"}],"curies":[{"name":"trang web","href":"https:\/\/api.w.org\/{rel}","templated":true}]}}