{"id":2250,"date":"2025-09-26T09:25:24","date_gmt":"2025-09-26T09:25:24","guid":{"rendered":"https:\/\/mountlaser.com\/?post_type=product&#038;p=2250"},"modified":"2025-11-28T08:50:32","modified_gmt":"2025-11-28T08:50:32","slug":"bc02-23-galvanised-steel-beam-clamp","status":"publish","type":"product","link":"https:\/\/mountlaser.com\/vi\/san-pham\/bc02-23-galvanised-steel-beam-clamp\/","title":{"rendered":"K\u1eb9p d\u1ea7m th\u00e9p m\u1ea1 k\u1ebdm BC02-23"},"content":{"rendered":"<p>Kh\u1ea3 n\u0103ng l\u1eafp \u0111\u1eb7t linh ho\u1ea1t v\u00e0 ch\u1eafc ch\u1eafn v\u1edbi k\u1eb9p d\u1ea7m \u0111a n\u0103ng BC02-23.<\/p>\n<p>C\u00e1i <a href=\"https:\/\/mountlaser.com\/vi\/\"><strong>K\u1eb9p d\u1ea7m th\u00e9p m\u1ea1 k\u1ebdm BC02-23<\/strong><\/a> \u0110\u00e2y l\u00e0 c\u00f4ng c\u1ee5 thi\u1ebft y\u1ebfu d\u00e0nh cho c\u00e1c nh\u00e0 kh\u1ea3o s\u00e1t v\u00e0 k\u1ef9 s\u01b0 c\u1ea7n m\u1ed9t gi\u1ea3i ph\u00e1p l\u1eafp \u0111\u1eb7t ch\u1eafc ch\u1eafn v\u00e0 c\u00f3 th\u1ec3 \u0111i\u1ec1u ch\u1ec9nh tr\u00ean c\u00e1c d\u1ea7m th\u00e9p k\u1ebft c\u1ea5u. S\u1ea3n ph\u1ea9m n\u00e0y l\u00e0 m\u1ed9t v\u00ed d\u1ee5 \u0111i\u1ec3n h\u00ecnh v\u1ec1 c\u00e1c k\u00edch th\u01b0\u1edbc k\u1eb9p d\u1ea7m th\u00e9p m\u1ea1 k\u1ebdm th\u1ef1c t\u1ebf hi\u1ec7n c\u00f3, \u0111\u01b0\u1ee3c thi\u1ebft k\u1ebf \u0111\u1eb7c bi\u1ec7t cho c\u00e1c d\u1ea7m c\u00f3 chi\u1ec1u r\u1ed9ng m\u1eb7t b\u00edch t\u1eeb 0-23mm. Thi\u1ebft k\u1ebf s\u00e1ng t\u1ea1o c\u1ee7a n\u00f3 l\u00e0m cho n\u00f3 tr\u1edf th\u00e0nh m\u1ed9t lo\u1ea1i k\u1eb9p d\u1ea7m \u0111a n\u0103ng th\u1ef1c s\u1ef1, mang l\u1ea1i t\u00ednh linh ho\u1ea1t v\u01b0\u1ee3t tr\u1ed9i t\u1ea1i nhi\u1ec1u c\u00f4ng tr\u01b0\u1eddng kh\u00e1c nhau.<\/p>\n<p>Ho\u1ea1t \u0111\u1ed9ng nh\u01b0 m\u1ed9t \u0111\u01a1n v\u1ecb c\u00f3 kh\u1ea3 n\u0103ng th\u00edch \u1ee9ng cao <a href=\"https:\/\/mountlaser.com\/vi\/products\/\"><strong>K\u1eb9p d\u1ea7m \u0111a n\u0103ng<\/strong><\/a>, BC02-23 c\u00f3 th\u1ec3 \u0111\u01b0\u1ee3c l\u1eafp \u0111\u1eb7t nhanh ch\u00f3ng m\u00e0 kh\u00f4ng c\u1ea7n khoan hay h\u00e0n, gi\u1eef nguy\u00ean t\u00ednh to\u00e0n v\u1eb9n c\u1ee7a d\u1ea7m. N\u00f3 c\u00f3 l\u1ed7 ren M8 ti\u00eau chu\u1ea9n, cho ph\u00e9p d\u1ec5 d\u00e0ng g\u1eafn c\u00e1c ph\u1ee5 ki\u1ec7n kh\u1ea3o s\u00e1t kh\u00e1c nhau nh\u01b0 l\u0103ng k\u00ednh, \u0103ng-ten ho\u1eb7c c\u1ea3m bi\u1ebfn.<\/p>\n<p>&nbsp;<\/p>\n<p><img fetchpriority=\"high\" decoding=\"async\" class=\"wp-image-2252 aligncenter\" src=\"https:\/\/mountlaser.com\/wp-content\/uploads\/2025\/09\/IMG_6836_\u526f\u672c.webp\" alt=\"Universal Beam Clamp\" width=\"500\" height=\"500\" srcset=\"https:\/\/mountlaser.com\/wp-content\/uploads\/2025\/09\/IMG_6836_\u526f\u672c.webp 800w, https:\/\/mountlaser.com\/wp-content\/uploads\/2025\/09\/IMG_6836_\u526f\u672c-300x300.webp 300w, https:\/\/mountlaser.com\/wp-content\/uploads\/2025\/09\/IMG_6836_\u526f\u672c-400x400.webp 400w, https:\/\/mountlaser.com\/wp-content\/uploads\/2025\/09\/IMG_6836_\u526f\u672c-600x600.webp 600w, https:\/\/mountlaser.com\/wp-content\/uploads\/2025\/09\/IMG_6836_\u526f\u672c-150x150.webp 150w, https:\/\/mountlaser.com\/wp-content\/uploads\/2025\/09\/IMG_6836_\u526f\u672c-768x768.webp 768w, https:\/\/mountlaser.com\/wp-content\/uploads\/2025\/09\/IMG_6836_\u526f\u672c-12x12.webp 12w\" sizes=\"(max-width: 500px) 100vw, 500px\" \/><\/p>\n<p>K\u1eb9p \u0111\u01b0\u1ee3c ch\u1ebf t\u1ea1o t\u1eeb th\u00e9p c\u01b0\u1eddng \u0111\u1ed9 cao v\u00e0 \u0111\u01b0\u1ee3c ph\u1ee7 l\u1edbp m\u1ea1 k\u1ebdm nh\u00fang n\u00f3ng, mang l\u1ea1i kh\u1ea3 n\u0103ng ch\u1ed1ng g\u1ec9 v\u00e0 \u0103n m\u00f2n v\u01b0\u1ee3t tr\u1ed9i, \u0111i\u1ec1u n\u00e0y r\u1ea5t quan tr\u1ecdng \u0111\u1ed1i v\u1edbi c\u00e1c \u1ee9ng d\u1ee5ng ngo\u00e0i tr\u1eddi ho\u1eb7c c\u00f4ng nghi\u1ec7p l\u00e2u d\u00e0i. Khi l\u1ef1a ch\u1ecdn gi\u1eefa c\u00e1c k\u00edch th\u01b0\u1edbc k\u1eb9p d\u1ea7m th\u00e9p m\u1ea1 k\u1ebdm kh\u00e1c nhau, <a href=\"https:\/\/mountlaser.com\/vi\/contact-us\/\">BC02-23<\/a> \u0110\u00e2y l\u00e0 s\u1ef1 l\u1ef1a ch\u1ecdn l\u00fd t\u01b0\u1edfng cho c\u00e1c \u1ee9ng d\u1ee5ng t\u1ea3i nh\u1eb9 \u0111\u1ebfn trung b\u00ecnh tr\u00ean c\u00e1c d\u1ea7m c\u00f3 k\u00edch th\u01b0\u1edbc ti\u00eau chu\u1ea9n.<\/p>\n<p><strong>S\u1eed d\u1ee5ng v\u1edbi k\u1eb9p d\u1ea7m th\u00e9p m\u1ea1 k\u1ebdm BC02-23.<\/strong><\/p>\n<p><img decoding=\"async\" class=\"wp-image-2220 size-full aligncenter\" src=\"https:\/\/mountlaser.com\/wp-content\/uploads\/2025\/09\/1-5.webp\" alt=\"\" width=\"614\" height=\"759\" srcset=\"https:\/\/mountlaser.com\/wp-content\/uploads\/2025\/09\/1-5.webp 614w, https:\/\/mountlaser.com\/wp-content\/uploads\/2025\/09\/1-5-600x742.webp 600w, https:\/\/mountlaser.com\/wp-content\/uploads\/2025\/09\/1-5-243x300.webp 243w, https:\/\/mountlaser.com\/wp-content\/uploads\/2025\/09\/1-5-10x12.webp 10w\" sizes=\"(max-width: 614px) 100vw, 614px\" \/><\/p>","protected":false},"excerpt":{"rendered":"<ul>\n<li>Kh\u1ea3 n\u0103ng l\u1eafp \u0111\u1eb7t \u0111a n\u0103ng: Cung c\u1ea5p \u0111i\u1ec3m l\u1eafp \u0111\u1eb7t ch\u1eafc ch\u1eafn, kh\u00f4ng x\u00e2m l\u1ea5n tr\u00ean d\u1ea7m th\u00e9p c\u00f3 chi\u1ec1u r\u1ed9ng m\u1eb7t b\u00edch l\u00ean \u0111\u1ebfn 23mm.<\/li>\n<li>Kh\u1ea3 n\u0103ng t\u01b0\u01a1ng th\u00edch ren M8: Ren M8 t\u00edch h\u1ee3p cung c\u1ea5p k\u1ebft n\u1ed1i ti\u00eau chu\u1ea9n cho nhi\u1ec1u lo\u1ea1i d\u1ee5ng c\u1ee5 v\u00e0 ph\u1ee5 ki\u1ec7n \u0111o \u0111\u1ea1c.<\/li>\n<\/ul>","protected":false},"featured_media":2251,"comment_status":"open","ping_status":"closed","template":"","meta":[],"product_brand":[],"product_cat":[79,102],"product_tag":[],"class_list":{"0":"post-2250","1":"product","2":"type-product","3":"status-publish","4":"has-post-thumbnail","6":"product_cat-surveying-accessory","7":"product_cat-monitoring-adapter","9":"first","10":"instock","11":"shipping-taxable","12":"product-type-simple"},"_links":{"self":[{"href":"https:\/\/mountlaser.com\/vi\/wp-json\/wp\/v2\/product\/2250","targetHints":{"allow":["GET"]}}],"collection":[{"href":"https:\/\/mountlaser.com\/vi\/wp-json\/wp\/v2\/product"}],"about":[{"href":"https:\/\/mountlaser.com\/vi\/wp-json\/wp\/v2\/types\/product"}],"replies":[{"embeddable":true,"href":"https:\/\/mountlaser.com\/vi\/wp-json\/wp\/v2\/comments?post=2250"}],"wp:featuredmedia":[{"embeddable":true,"href":"https:\/\/mountlaser.com\/vi\/wp-json\/wp\/v2\/media\/2251"}],"wp:attachment":[{"href":"https:\/\/mountlaser.com\/vi\/wp-json\/wp\/v2\/media?parent=2250"}],"wp:term":[{"taxonomy":"product_brand","embeddable":true,"href":"https:\/\/mountlaser.com\/vi\/wp-json\/wp\/v2\/product_brand?post=2250"},{"taxonomy":"product_cat","embeddable":true,"href":"https:\/\/mountlaser.com\/vi\/wp-json\/wp\/v2\/product_cat?post=2250"},{"taxonomy":"product_tag","embeddable":true,"href":"https:\/\/mountlaser.com\/vi\/wp-json\/wp\/v2\/product_tag?post=2250"}],"curies":[{"name":"trang web","href":"https:\/\/api.w.org\/{rel}","templated":true}]}}