{"id":2243,"date":"2025-09-26T09:14:59","date_gmt":"2025-09-26T09:14:59","guid":{"rendered":"https:\/\/mountlaser.com\/?post_type=product&#038;p=2243"},"modified":"2025-12-01T01:17:53","modified_gmt":"2025-12-01T01:17:53","slug":"wa30-40-wall-anchor","status":"publish","type":"product","link":"https:\/\/mountlaser.com\/vi\/san-pham\/wa30-40-wall-anchor\/","title":{"rendered":"Neo t\u01b0\u1eddng WA30\/40"},"content":{"rendered":"<p>C\u00e1i <a href=\"https:\/\/mountlaser.com\/vi\/danh-muc-san-pham\/surveying-accessory\/\"><strong>Neo t\u01b0\u1eddng WA30\/40<\/strong><\/a> Cung c\u1ea5p \u0111i\u1ec3m l\u1eafp \u0111\u1eb7t ch\u1eafc ch\u1eafn v\u00e0 b\u1ec1n v\u1eefng cho nhi\u1ec1u lo\u1ea1i ph\u1ee5 ki\u1ec7n \u0111o \u0111\u1ea1c tr\u00ean b\u1ec1 m\u1eb7t b\u00ea t\u00f4ng, g\u1ea1ch v\u00e0 c\u00e1c b\u1ec1 m\u1eb7t c\u1ee9ng kh\u00e1c. \u0110\u00e2y l\u00e0 m\u1ed9t ph\u1ee5 ki\u1ec7n thi\u1ebft y\u1ebfu. <a href=\"https:\/\/mountlaser.com\/vi\/\"><strong>b\u1ed9 d\u1ee5ng c\u1ee5 neo t\u01b0\u1eddng<\/strong><\/a> Bao g\u1ed3m hai neo ch\u1eafc ch\u1eafn, neo t\u01b0\u1eddng WA-30 ren M8 v\u00e0 neo t\u01b0\u1eddng WA-40 ren M8, mang l\u1ea1i s\u1ef1 linh ho\u1ea1t cho c\u00e1c y\u00eau c\u1ea7u \u0111\u1ed9 s\u00e2u l\u1eafp \u0111\u1eb7t kh\u00e1c nhau.<\/p>\n<p>C\u1ea3 hai neo trong b\u1ed9 d\u1ee5ng c\u1ee5 n\u00e0y \u0111\u1ec1u c\u00f3 ren trong M8 ti\u00eau chu\u1ea9n, \u0111\u1ea3m b\u1ea3o kh\u1ea3 n\u0103ng t\u01b0\u01a1ng th\u00edch v\u1edbi nhi\u1ec1u lo\u1ea1i gi\u00e1 \u0111\u1ee1, c\u1ed9t v\u00e0 b\u1ed9 chuy\u1ec3n \u0111\u1ed5i kh\u00e1c nhau.<\/p>\n<p>\u0110i\u1ec3m kh\u00e1c bi\u1ec7t ch\u00ednh c\u1ee7a b\u1ed9 d\u1ee5ng c\u1ee5 neo t\u01b0\u1eddng n\u1eb1m \u1edf chi\u1ec1u cao t\u1ed5ng th\u1ec3 c\u1ee7a ch\u00fang: <a href=\"https:\/\/mountlaser.com\/vi\/contact-us\/\">Neo t\u01b0\u1eddng WA-30<\/a> Ren M8 c\u00f3 chi\u1ec1u cao 30mm, trong khi neo t\u01b0\u1eddng WA-40 ren M8 c\u00f3 chi\u1ec1u cao 40mm, ph\u00f9 h\u1ee3p v\u1edbi nh\u1eefng tr\u01b0\u1eddng h\u1ee3p c\u1ea7n \u0111\u1ed9 s\u00e2u ch\u00f4n s\u00e2u h\u01a1n \u0111\u1ec3 t\u0103ng c\u01b0\u1eddng \u0111\u1ed9 \u1ed5n \u0111\u1ecbnh. \u0110\u01b0\u1ee3c ch\u1ebf t\u1ea1o t\u1eeb v\u1eadt li\u1ec7u c\u00f3 \u0111\u1ed9 b\u1ec1n cao, c\u00e1c lo\u1ea1i neo n\u00e0y \u0111\u01b0\u1ee3c thi\u1ebft k\u1ebf \u0111\u1ec3 c\u00f3 \u0111\u1ed9 b\u1ec1n v\u00e0 hi\u1ec7u su\u1ea5t l\u00e2u d\u00e0i trong m\u00f4i tr\u01b0\u1eddng ngo\u00e0i tr\u1eddi.<\/p>\n<p><img fetchpriority=\"high\" decoding=\"async\" class=\"aligncenter wp-image-2245\" src=\"https:\/\/mountlaser.com\/wp-content\/uploads\/2025\/09\/WA-40-3.webp\" alt=\"wall anchor kit\" width=\"500\" height=\"500\" srcset=\"https:\/\/mountlaser.com\/wp-content\/uploads\/2025\/09\/WA-40-3.webp 1000w, https:\/\/mountlaser.com\/wp-content\/uploads\/2025\/09\/WA-40-3-300x300.webp 300w, https:\/\/mountlaser.com\/wp-content\/uploads\/2025\/09\/WA-40-3-400x400.webp 400w, https:\/\/mountlaser.com\/wp-content\/uploads\/2025\/09\/WA-40-3-800x800.webp 800w, https:\/\/mountlaser.com\/wp-content\/uploads\/2025\/09\/WA-40-3-600x600.webp 600w, https:\/\/mountlaser.com\/wp-content\/uploads\/2025\/09\/WA-40-3-150x150.webp 150w, https:\/\/mountlaser.com\/wp-content\/uploads\/2025\/09\/WA-40-3-768x768.webp 768w, https:\/\/mountlaser.com\/wp-content\/uploads\/2025\/09\/WA-40-3-12x12.webp 12w\" sizes=\"(max-width: 500px) 100vw, 500px\" \/><\/p>\n<p>&nbsp;<\/p>\n<p><strong>S\u1eed d\u1ee5ng v\u1edbi neo t\u01b0\u1eddng WA30\/40<\/strong><\/p>\n<p><img decoding=\"async\" class=\"wp-image-2220 size-full aligncenter\" src=\"https:\/\/mountlaser.com\/wp-content\/uploads\/2025\/09\/1-5.webp\" alt=\"\" width=\"614\" height=\"759\" srcset=\"https:\/\/mountlaser.com\/wp-content\/uploads\/2025\/09\/1-5.webp 614w, https:\/\/mountlaser.com\/wp-content\/uploads\/2025\/09\/1-5-600x742.webp 600w, https:\/\/mountlaser.com\/wp-content\/uploads\/2025\/09\/1-5-243x300.webp 243w, https:\/\/mountlaser.com\/wp-content\/uploads\/2025\/09\/1-5-10x12.webp 10w\" sizes=\"(max-width: 614px) 100vw, 614px\" \/><\/p>","protected":false},"excerpt":{"rendered":"<ul>\n<li>\u0110\u01b0\u1ee3c thi\u1ebft k\u1ebf \u0111\u1ec3 t\u1ea1o \u0111i\u1ec3m g\u1eafn ch\u1eafc ch\u1eafn v\u00e0 kh\u00f4ng d\u1ecbch chuy\u1ec3n tr\u00ean c\u00e1c b\u1ee9c t\u01b0\u1eddng ho\u1eb7c c\u1ea5u tr\u00fac v\u1eefng ch\u1eafc cho thi\u1ebft b\u1ecb kh\u1ea3o s\u00e1t.<\/li>\n<li>B\u1ed9 s\u1ea3n ph\u1ea9m cung c\u1ea5p c\u1ea3 hai t\u00f9y ch\u1ecdn chi\u1ec1u cao 30mm v\u00e0 40mm (WA-30 v\u00e0 WA-40) \u0111\u1ec3 ph\u00f9 h\u1ee3p v\u1edbi c\u00e1c \u0111i\u1ec1u ki\u1ec7n b\u1ec1 m\u1eb7t v\u00e0 nhu c\u1ea7u \u1ed5n \u0111\u1ecbnh kh\u00e1c nhau.<\/li>\n<li>Ren M8 ti\u00eau chu\u1ea9n cho ph\u00e9p d\u1ec5 d\u00e0ng g\u1eafn nhi\u1ec1u ph\u1ee5 ki\u1ec7n v\u00e0 thi\u1ebft b\u1ecb \u0111o \u0111\u1ea1c kh\u00e1c nhau.<\/li>\n<\/ul>","protected":false},"featured_media":2244,"comment_status":"open","ping_status":"closed","template":"","meta":[],"product_brand":[],"product_cat":[79,102],"product_tag":[],"class_list":{"0":"post-2243","1":"product","2":"type-product","3":"status-publish","4":"has-post-thumbnail","6":"product_cat-surveying-accessory","7":"product_cat-monitoring-adapter","9":"first","10":"instock","11":"shipping-taxable","12":"product-type-simple"},"_links":{"self":[{"href":"https:\/\/mountlaser.com\/vi\/wp-json\/wp\/v2\/product\/2243","targetHints":{"allow":["GET"]}}],"collection":[{"href":"https:\/\/mountlaser.com\/vi\/wp-json\/wp\/v2\/product"}],"about":[{"href":"https:\/\/mountlaser.com\/vi\/wp-json\/wp\/v2\/types\/product"}],"replies":[{"embeddable":true,"href":"https:\/\/mountlaser.com\/vi\/wp-json\/wp\/v2\/comments?post=2243"}],"wp:featuredmedia":[{"embeddable":true,"href":"https:\/\/mountlaser.com\/vi\/wp-json\/wp\/v2\/media\/2244"}],"wp:attachment":[{"href":"https:\/\/mountlaser.com\/vi\/wp-json\/wp\/v2\/media?parent=2243"}],"wp:term":[{"taxonomy":"product_brand","embeddable":true,"href":"https:\/\/mountlaser.com\/vi\/wp-json\/wp\/v2\/product_brand?post=2243"},{"taxonomy":"product_cat","embeddable":true,"href":"https:\/\/mountlaser.com\/vi\/wp-json\/wp\/v2\/product_cat?post=2243"},{"taxonomy":"product_tag","embeddable":true,"href":"https:\/\/mountlaser.com\/vi\/wp-json\/wp\/v2\/product_tag?post=2243"}],"curies":[{"name":"trang web","href":"https:\/\/api.w.org\/{rel}","templated":true}]}}