{"id":2237,"date":"2025-09-26T08:59:09","date_gmt":"2025-09-26T08:59:09","guid":{"rendered":"https:\/\/mountlaser.com\/?post_type=product&#038;p=2237"},"modified":"2025-12-01T01:19:55","modified_gmt":"2025-12-01T01:19:55","slug":"mpa03-mini-prism-adapter","status":"publish","type":"product","link":"https:\/\/mountlaser.com\/vi\/san-pham\/mpa03-mini-prism-adapter\/","title":{"rendered":"B\u1ed9 chuy\u1ec3n \u0111\u1ed5i l\u0103ng k\u00ednh mini MPA03"},"content":{"rendered":"<p>C\u1ed1 \u0111\u1ecbnh ch\u1eafc ch\u1eafn \u0111\u1ea7u v\u00edt M8 nh\u1ecdn v\u1edbi MPA03<strong> <a href=\"https:\/\/mountlaser.com\/vi\/danh-muc-san-pham\/surveying-accessory\/\">B\u1ed9 chuy\u1ec3n \u0111\u1ed5i b\u1eb1ng nylon v\u1edbi ren M8<\/a><\/strong><\/p>\n<p>C\u00e1i <a href=\"https:\/\/mountlaser.com\/vi\/\"><strong>B\u1ed9 chuy\u1ec3n \u0111\u1ed5i l\u0103ng k\u00ednh mini MPA03<\/strong><\/a> \u0110\u00e2y l\u00e0 gi\u1ea3i ph\u00e1p chuy\u00ean d\u1ee5ng \u0111\u01b0\u1ee3c thi\u1ebft k\u1ebf cho c\u00e1c \u1ee9ng d\u1ee5ng y\u00eau c\u1ea7u k\u1ebft n\u1ed1i ren M8 ch\u1eafc ch\u1eafn. B\u1ed9 chuy\u1ec3n \u0111\u1ed5i nylon ti\u1ec7n d\u1ee5ng v\u1edbi ren M8 n\u00e0y \u0111\u01b0\u1ee3c thi\u1ebft k\u1ebf \u0111\u1ec3 k\u1ebft n\u1ed1i c\u00e1c l\u0103ng k\u00ednh mini c\u00f3 \u0111\u1ea7u n\u1ed1i ki\u1ec3u Th\u1ee5y S\u0129 v\u1edbi thi\u1ebft b\u1ecb c\u00f3 \u0111i\u1ec3m l\u1eafp \u0111\u1eb7t M8 ti\u00eau chu\u1ea9n, \u0111\u1ea3m b\u1ea3o thi\u1ebft l\u1eadp linh ho\u1ea1t v\u00e0 ch\u1eafc ch\u1eafn.<\/p>\n<p><img fetchpriority=\"high\" decoding=\"async\" class=\"wp-image-2240 aligncenter\" src=\"https:\/\/mountlaser.com\/wp-content\/uploads\/2025\/09\/10-6.webp\" alt=\"Nylon Adapter with M8 thread\" width=\"500\" height=\"500\" srcset=\"https:\/\/mountlaser.com\/wp-content\/uploads\/2025\/09\/10-6.webp 1000w, https:\/\/mountlaser.com\/wp-content\/uploads\/2025\/09\/10-6-300x300.webp 300w, https:\/\/mountlaser.com\/wp-content\/uploads\/2025\/09\/10-6-400x400.webp 400w, https:\/\/mountlaser.com\/wp-content\/uploads\/2025\/09\/10-6-800x800.webp 800w, https:\/\/mountlaser.com\/wp-content\/uploads\/2025\/09\/10-6-600x600.webp 600w, https:\/\/mountlaser.com\/wp-content\/uploads\/2025\/09\/10-6-150x150.webp 150w, https:\/\/mountlaser.com\/wp-content\/uploads\/2025\/09\/10-6-768x768.webp 768w, https:\/\/mountlaser.com\/wp-content\/uploads\/2025\/09\/10-6-12x12.webp 12w\" sizes=\"(max-width: 500px) 100vw, 500px\" \/><\/p>\n<p>M\u1ed9t \u0111i\u1ec3m kh\u00e1c bi\u1ec7t quan tr\u1ecdng c\u1ee7a b\u1ed9 chuy\u1ec3n \u0111\u1ed5i n\u00e0y l\u00e0 c\u01a1 ch\u1ebf kh\u00f3a t\u00edch h\u1ee3p. <a href=\"https:\/\/mountlaser.com\/vi\/contact-us\/\">B\u1ed9 chuy\u1ec3n \u0111\u1ed5i nylon MPA03 v\u1edbi ren M8<\/a> S\u1ea3n ph\u1ea9m \u0111\u01b0\u1ee3c trang b\u1ecb v\u00edt t\u1ef1 ren \u0111\u1ea7u nh\u1ecdn, cho ph\u00e9p g\u1eafn ch\u1eafc ch\u1eafn v\u00e0 \u1ed5n \u0111\u1ecbnh v\u00e0o c\u00e1c l\u1ed7 M8 t\u01b0\u01a1ng th\u00edch, ng\u0103n ng\u1eeba hi\u1ec7n t\u01b0\u1ee3ng l\u1ecfng l\u1ebbo theo th\u1eddi gian. \u0110\u01b0\u1ee3c s\u1ea3n xu\u1ea5t t\u1eeb nylon b\u1ec1n b\u1ec9, b\u1ed9 chuy\u1ec3n \u0111\u1ed5i n\u00e0y ch\u1ecbu \u0111\u01b0\u1ee3c c\u00e1c \u0111i\u1ec1u ki\u1ec7n kh\u1eafc nghi\u1ec7t ngo\u00e0i tr\u1eddi \u0111\u1ed3ng th\u1eddi cung c\u1ea5p kh\u1ea3 n\u0103ng c\u00e1ch \u0111i\u1ec7n tuy\u1ec7t v\u1eddi. \u0110\u1ec3 d\u1ec5 nh\u1eadn bi\u1ebft, s\u1ea3n ph\u1ea9m c\u00f3 hai phi\u00ean b\u1ea3n m\u00e3 m\u00e0u: MPA03YS (V\u00e0ng) v\u00e0 MPA03WS (Tr\u1eafng).<\/p>\n<p><strong>S\u1eed d\u1ee5ng v\u1edbi b\u1ed9 chuy\u1ec3n \u0111\u1ed5i nylon c\u00f3 ren M8.<\/strong><\/p>\n<p><img decoding=\"async\" class=\"wp-image-2220 size-full aligncenter\" src=\"https:\/\/mountlaser.com\/wp-content\/uploads\/2025\/09\/1-5.webp\" alt=\"Nylon Adapter with M8 thread\" width=\"614\" height=\"759\" srcset=\"https:\/\/mountlaser.com\/wp-content\/uploads\/2025\/09\/1-5.webp 614w, https:\/\/mountlaser.com\/wp-content\/uploads\/2025\/09\/1-5-600x742.webp 600w, https:\/\/mountlaser.com\/wp-content\/uploads\/2025\/09\/1-5-243x300.webp 243w, https:\/\/mountlaser.com\/wp-content\/uploads\/2025\/09\/1-5-10x12.webp 10w\" sizes=\"(max-width: 614px) 100vw, 614px\" \/><\/p>","protected":false},"excerpt":{"rendered":"<ul>\n<li>K\u1ebft n\u1ed1i ren M8: Cung c\u1ea5p giao di\u1ec7n ch\u1eafc ch\u1eafn \u0111\u1ec3 g\u1eafn l\u0103ng k\u00ednh mini l\u00ean b\u1ea5t k\u1ef3 \u0111i\u1ec3m ren M8 ti\u00eau chu\u1ea9n n\u00e0o, m\u1edf r\u1ed9ng kh\u1ea3 n\u0103ng t\u01b0\u01a1ng th\u00edch.<\/li>\n<li>V\u00edt t\u1ef1 ren t\u00edch h\u1ee3p: V\u00edt t\u1ef1 ren M8 \u0111\u1ea7u nh\u1ecdn \u0111\u1ea3m b\u1ea3o \u0111\u1ed9 b\u00e1m ch\u1eafc ch\u1eafn, ch\u1ed1ng rung, t\u0103ng c\u01b0\u1eddng \u0111\u1ed9 \u1ed5n \u0111\u1ecbnh trong qu\u00e1 tr\u00ecnh \u0111o.<\/li>\n<li>B\u1ec1n b\u1ec9 &amp; Nh\u1eb9: C\u1ea5u tr\u00fac nylon mang l\u1ea1i s\u1ef1 c\u00e2n b\u1eb1ng ho\u00e0n h\u1ea3o gi\u1eefa \u0111\u1ed9 b\u1ec1n, \u0111\u1ed9 ch\u1eafc ch\u1eafn v\u00e0 tr\u1ecdng l\u01b0\u1ee3ng nh\u1eb9, ch\u1ed1ng \u0103n m\u00f2n v\u00e0 va \u0111\u1eadp.<\/li>\n<\/ul>","protected":false},"featured_media":2241,"comment_status":"open","ping_status":"closed","template":"","meta":[],"product_brand":[],"product_cat":[79,102],"product_tag":[],"class_list":{"0":"post-2237","1":"product","2":"type-product","3":"status-publish","4":"has-post-thumbnail","6":"product_cat-surveying-accessory","7":"product_cat-monitoring-adapter","9":"first","10":"instock","11":"shipping-taxable","12":"product-type-simple"},"_links":{"self":[{"href":"https:\/\/mountlaser.com\/vi\/wp-json\/wp\/v2\/product\/2237","targetHints":{"allow":["GET"]}}],"collection":[{"href":"https:\/\/mountlaser.com\/vi\/wp-json\/wp\/v2\/product"}],"about":[{"href":"https:\/\/mountlaser.com\/vi\/wp-json\/wp\/v2\/types\/product"}],"replies":[{"embeddable":true,"href":"https:\/\/mountlaser.com\/vi\/wp-json\/wp\/v2\/comments?post=2237"}],"wp:featuredmedia":[{"embeddable":true,"href":"https:\/\/mountlaser.com\/vi\/wp-json\/wp\/v2\/media\/2241"}],"wp:attachment":[{"href":"https:\/\/mountlaser.com\/vi\/wp-json\/wp\/v2\/media?parent=2237"}],"wp:term":[{"taxonomy":"product_brand","embeddable":true,"href":"https:\/\/mountlaser.com\/vi\/wp-json\/wp\/v2\/product_brand?post=2237"},{"taxonomy":"product_cat","embeddable":true,"href":"https:\/\/mountlaser.com\/vi\/wp-json\/wp\/v2\/product_cat?post=2237"},{"taxonomy":"product_tag","embeddable":true,"href":"https:\/\/mountlaser.com\/vi\/wp-json\/wp\/v2\/product_tag?post=2237"}],"curies":[{"name":"trang web","href":"https:\/\/api.w.org\/{rel}","templated":true}]}}