{"id":2229,"date":"2025-09-26T08:52:32","date_gmt":"2025-09-26T08:52:32","guid":{"rendered":"https:\/\/mountlaser.com\/?post_type=product&#038;p=2229"},"modified":"2025-12-01T01:21:15","modified_gmt":"2025-12-01T01:21:15","slug":"mpa02-mini-prism-adapter","status":"publish","type":"product","link":"https:\/\/mountlaser.com\/vi\/san-pham\/mpa02-mini-prism-adapter\/","title":{"rendered":"B\u1ed9 chuy\u1ec3n \u0111\u1ed5i l\u0103ng k\u00ednh mini MPA02"},"content":{"rendered":"<p>C\u00e1i <a href=\"https:\/\/mountlaser.com\/vi\/products\/\"><strong>B\u1ed9 chuy\u1ec3n \u0111\u1ed5i l\u0103ng k\u00ednh mini MPA02<\/strong><\/a> \u0110\u00e2y l\u00e0 m\u1ed9t th\u00e0nh ph\u1ea7n quan tr\u1ecdng \u0111\u01b0\u1ee3c thi\u1ebft k\u1ebf \u0111\u1ec3 cung c\u1ea5p giao di\u1ec7n \u0111\u00e1ng tin c\u1eady v\u00e0 an to\u00e0n cho l\u0103ng k\u00ednh mini c\u1ee7a b\u1ea1n. Th\u00e0nh ph\u1ea7n c\u1ee5 th\u1ec3 n\u00e0y <a href=\"https:\/\/mountlaser.com\/vi\/about-us\/\"><strong>B\u1ed9 chuy\u1ec3n \u0111\u1ed5i nylon k\u1ebft n\u1ed1i l\u0103ng k\u00ednh mini<\/strong><\/a> \u0110\u01b0\u1ee3c thi\u1ebft k\u1ebf \u0111\u1ec3 k\u1ebft n\u1ed1i c\u00e1c thi\u1ebft b\u1ecb c\u00f3 ren 3\/8\u2033-19 v\u1edbi l\u0103ng k\u00ednh mini c\u00f3 \u0111\u1ea7u n\u1ed1i ki\u1ec3u Th\u1ee5y S\u0129, \u0111\u1ea3m b\u1ea3o \u0111\u1ed9 ch\u00ednh x\u00e1c trong nhi\u1ec1u thi\u1ebft l\u1eadp \u0111o l\u01b0\u1eddng kh\u00e1c nhau.<\/p>\n<p>\u0110\u01b0\u1ee3c ch\u1ebf t\u1ea1o t\u1eeb nylon c\u01b0\u1eddng \u0111\u1ed9 cao, b\u1ed9 chuy\u1ec3n \u0111\u1ed5i nylon k\u1ebft n\u1ed1i n\u00e0y c\u00f3 \u0111\u1ed9 b\u1ec1n tuy\u1ec7t v\u1eddi v\u00e0 kh\u1ea3 n\u0103ng ch\u1ed1ng ch\u1ecbu c\u00e1c y\u1ebfu t\u1ed1 m\u00f4i tr\u01b0\u1eddng, ph\u00f9 h\u1ee3p v\u1edbi c\u00e1c \u0111i\u1ec1u ki\u1ec7n l\u00e0m vi\u1ec7c kh\u1eafc nghi\u1ec7t ngo\u00e0i hi\u1ec7n tr\u01b0\u1eddng. \u0110\u1ec3 d\u1ec5 d\u00e0ng nh\u1eadn bi\u1ebft v\u00e0 qu\u1ea3n l\u00fd h\u00e0ng t\u1ed3n kho, MPA02 c\u00f3 hai phi\u00ean b\u1ea3n m\u00e0u kh\u00e1c nhau: MPA02Y (V\u00e0ng) v\u00e0 MPA02W (Tr\u1eafng).<\/p>\n<p>&nbsp;<\/p>\n<p><img fetchpriority=\"high\" decoding=\"async\" class=\"wp-image-2232 aligncenter\" src=\"https:\/\/mountlaser.com\/wp-content\/uploads\/2025\/09\/9-7.webp\" alt=\"Mini Prism Connection Nylon Adapter\" width=\"500\" height=\"500\" srcset=\"https:\/\/mountlaser.com\/wp-content\/uploads\/2025\/09\/9-7.webp 1000w, https:\/\/mountlaser.com\/wp-content\/uploads\/2025\/09\/9-7-300x300.webp 300w, https:\/\/mountlaser.com\/wp-content\/uploads\/2025\/09\/9-7-400x400.webp 400w, https:\/\/mountlaser.com\/wp-content\/uploads\/2025\/09\/9-7-800x800.webp 800w, https:\/\/mountlaser.com\/wp-content\/uploads\/2025\/09\/9-7-600x600.webp 600w, https:\/\/mountlaser.com\/wp-content\/uploads\/2025\/09\/9-7-150x150.webp 150w, https:\/\/mountlaser.com\/wp-content\/uploads\/2025\/09\/9-7-768x768.webp 768w, https:\/\/mountlaser.com\/wp-content\/uploads\/2025\/09\/9-7-12x12.webp 12w\" sizes=\"(max-width: 500px) 100vw, 500px\" \/><\/p>\n<p>Ph\u01b0\u01a1ng ph\u00e1p \u0111\u01a1n gi\u1ea3n nh\u01b0ng hi\u1ec7u qu\u1ea3 n\u00e0y r\u1ea5t h\u1eefu \u00edch. <a href=\"https:\/\/mountlaser.com\/vi\/contact-us\/\">B\u1ed9 chuy\u1ec3n \u0111\u1ed5i nylon k\u1ebft n\u1ed1i l\u0103ng k\u00ednh mini<\/a> \u0110\u1ea3m b\u1ea3o r\u1eb1ng l\u0103ng k\u00ednh c\u1ee7a b\u1ea1n \u0111\u01b0\u1ee3c g\u1eafn ch\u1eafc ch\u1eafn, \u0111i\u1ec1u n\u00e0y r\u1ea5t quan tr\u1ecdng \u0111\u1ec3 thu \u0111\u01b0\u1ee3c d\u1eef li\u1ec7u ch\u00ednh x\u00e1c v\u00e0 nh\u1ea5t qu\u00e1n.<\/p>\n<p><strong>S\u1eed d\u1ee5ng v\u1edbi b\u1ed9 chuy\u1ec3n \u0111\u1ed5i l\u0103ng k\u00ednh mini MPA02.<\/strong><\/p>\n<p><img decoding=\"async\" class=\"wp-image-2220 size-full aligncenter\" src=\"https:\/\/mountlaser.com\/wp-content\/uploads\/2025\/09\/1-5.webp\" alt=\"Mini Prism Connection Nylon Adapter\" width=\"614\" height=\"759\" srcset=\"https:\/\/mountlaser.com\/wp-content\/uploads\/2025\/09\/1-5.webp 614w, https:\/\/mountlaser.com\/wp-content\/uploads\/2025\/09\/1-5-600x742.webp 600w, https:\/\/mountlaser.com\/wp-content\/uploads\/2025\/09\/1-5-243x300.webp 243w, https:\/\/mountlaser.com\/wp-content\/uploads\/2025\/09\/1-5-10x12.webp 10w\" sizes=\"(max-width: 614px) 100vw, 614px\" \/><\/p>","protected":false},"excerpt":{"rendered":"<ul>\n<li>K\u1ebft n\u1ed1i ch\u1eafc ch\u1eafn 3\/8\u2033: C\u00f3 ren 3\/8\u2033-19, cung c\u1ea5p \u0111i\u1ec3m k\u1ebft n\u1ed1i ti\u00eau chu\u1ea9n v\u00e0 b\u1ec1n v\u1eefng.<\/li>\n<li>Cung c\u1ea5p nhi\u1ec1u lo\u1ea1i d\u1ee5ng c\u1ee5 v\u00e0 ph\u1ee5 ki\u1ec7n \u0111o \u0111\u1ea1c.<\/li>\n<li>Th\u00e2n m\u00e1y b\u1eb1ng nylon mang l\u1ea1i c\u1ea5u tr\u00fac nh\u1eb9 nh\u01b0ng ch\u1eafc ch\u1eafn, c\u00f3 kh\u1ea3 n\u0103ng ch\u1ed1ng \u0103n m\u00f2n, va \u0111\u1eadp v\u00e0 th\u1eddi ti\u1ebft kh\u1eafc nghi\u1ec7t.<\/li>\n<\/ul>","protected":false},"featured_media":2233,"comment_status":"open","ping_status":"closed","template":"","meta":[],"product_brand":[],"product_cat":[79,102],"product_tag":[],"class_list":{"0":"post-2229","1":"product","2":"type-product","3":"status-publish","4":"has-post-thumbnail","6":"product_cat-surveying-accessory","7":"product_cat-monitoring-adapter","9":"first","10":"instock","11":"shipping-taxable","12":"product-type-simple"},"_links":{"self":[{"href":"https:\/\/mountlaser.com\/vi\/wp-json\/wp\/v2\/product\/2229","targetHints":{"allow":["GET"]}}],"collection":[{"href":"https:\/\/mountlaser.com\/vi\/wp-json\/wp\/v2\/product"}],"about":[{"href":"https:\/\/mountlaser.com\/vi\/wp-json\/wp\/v2\/types\/product"}],"replies":[{"embeddable":true,"href":"https:\/\/mountlaser.com\/vi\/wp-json\/wp\/v2\/comments?post=2229"}],"wp:featuredmedia":[{"embeddable":true,"href":"https:\/\/mountlaser.com\/vi\/wp-json\/wp\/v2\/media\/2233"}],"wp:attachment":[{"href":"https:\/\/mountlaser.com\/vi\/wp-json\/wp\/v2\/media?parent=2229"}],"wp:term":[{"taxonomy":"product_brand","embeddable":true,"href":"https:\/\/mountlaser.com\/vi\/wp-json\/wp\/v2\/product_brand?post=2229"},{"taxonomy":"product_cat","embeddable":true,"href":"https:\/\/mountlaser.com\/vi\/wp-json\/wp\/v2\/product_cat?post=2229"},{"taxonomy":"product_tag","embeddable":true,"href":"https:\/\/mountlaser.com\/vi\/wp-json\/wp\/v2\/product_tag?post=2229"}],"curies":[{"name":"trang web","href":"https:\/\/api.w.org\/{rel}","templated":true}]}}