{"id":2222,"date":"2025-09-26T08:27:25","date_gmt":"2025-09-26T08:27:25","guid":{"rendered":"https:\/\/mountlaser.com\/?post_type=product&#038;p=2222"},"modified":"2025-12-01T01:22:55","modified_gmt":"2025-12-01T01:22:55","slug":"mpa01-mini-prism-adapter","status":"publish","type":"product","link":"https:\/\/mountlaser.com\/vi\/san-pham\/mpa01-mini-prism-adapter\/","title":{"rendered":"B\u1ed9 chuy\u1ec3n \u0111\u1ed5i l\u0103ng k\u00ednh mini MPA01"},"content":{"rendered":"<p>C\u00e1i <a href=\"https:\/\/mountlaser.com\/vi\/danh-muc-san-pham\/surveying-accessory\/\"><strong>B\u1ed9 chuy\u1ec3n \u0111\u1ed5i l\u0103ng k\u00ednh mini MPA01<\/strong><\/a> \u0110\u00e2y l\u00e0 gi\u1ea3i ph\u00e1p k\u1ebft n\u1ed1i \u0111a n\u0103ng v\u00e0 thi\u1ebft y\u1ebfu \u0111\u01b0\u1ee3c thi\u1ebft k\u1ebf \u0111\u1ec3 k\u1ebft n\u1ed1i l\u0103ng k\u00ednh mini c\u1ee7a b\u1ea1n v\u1edbi nhi\u1ec1u h\u1ec7 th\u1ed1ng gi\u00e1 \u0111\u1ee1 kh\u00e1c nhau. B\u1ed9 chuy\u1ec3n \u0111\u1ed5i nylon l\u0103ng k\u00ednh mini ch\u1eafc ch\u1eafn n\u00e0y \u0111\u1ea3m b\u1ea3o k\u1ebft n\u1ed1i an to\u00e0n v\u00e0 ch\u00ednh x\u00e1c, \u0111i\u1ec1u r\u1ea5t quan tr\u1ecdng \u0111\u1ec3 thu \u0111\u01b0\u1ee3c d\u1eef li\u1ec7u \u0111o ch\u00ednh x\u00e1c trong c\u00e1c \u1ee9ng d\u1ee5ng kh\u1ea3o s\u00e1t \u0111a d\u1ea1ng.<\/p>\n<p>&nbsp;<\/p>\n<p>M\u1ed9t t\u00ednh n\u0103ng quan tr\u1ecdng c\u1ee7a b\u1ed9 chuy\u1ec3n \u0111\u1ed5i n\u00e0y l\u00e0 kh\u1ea3 n\u0103ng t\u01b0\u01a1ng th\u00edch v\u1edbi hai lo\u1ea1i ren. B\u1ed9 chuy\u1ec3n \u0111\u1ed5i l\u0103ng k\u00ednh mini MPA01 \u0111i k\u00e8m v\u1edbi ren ti\u00eau chu\u1ea9n 5\/8\u2033-11, cho ph\u00e9p g\u1eafn l\u00ean nhi\u1ec1u lo\u1ea1i ch\u00e2n m\u00e1y v\u00e0 c\u1ed9t kh\u00e1c nhau, trong khi kh\u1edbp n\u1ed1i ki\u1ec3u Th\u1ee5y S\u0129 t\u00edch h\u1ee3p \u0111\u1ea3m b\u1ea3o s\u1ef1 v\u1eeba kh\u00edt ho\u00e0n h\u1ea3o v\u1edbi c\u00e1c l\u0103ng k\u00ednh mini t\u01b0\u01a1ng th\u00edch. \u0110\u01b0\u1ee3c ch\u1ebf t\u1ea1o t\u1eeb nylon ch\u1ea5t l\u01b0\u1ee3ng cao, b\u1ed9 chuy\u1ec3n \u0111\u1ed5i n\u00e0y... <a href=\"https:\/\/mountlaser.com\/vi\/\"><strong>B\u1ed9 chuy\u1ec3n \u0111\u1ed5i nylon l\u0103ng k\u00ednh mini<\/strong><\/a> S\u1ea3n ph\u1ea9m c\u00f3 \u0111\u1ed9 b\u1ec1n tuy\u1ec7t v\u1eddi v\u00e0 kh\u1ea3 n\u0103ng ch\u1ed1ng va \u0111\u1eadp v\u00e0 \u0103n m\u00f2n.<\/p>\n<p><img fetchpriority=\"high\" decoding=\"async\" class=\"wp-image-2223 aligncenter\" src=\"https:\/\/mountlaser.com\/wp-content\/uploads\/2025\/09\/6-7.webp\" alt=\"Mini Prism Nylon Adapter\" width=\"500\" height=\"500\" srcset=\"https:\/\/mountlaser.com\/wp-content\/uploads\/2025\/09\/6-7.webp 1000w, https:\/\/mountlaser.com\/wp-content\/uploads\/2025\/09\/6-7-300x300.webp 300w, https:\/\/mountlaser.com\/wp-content\/uploads\/2025\/09\/6-7-400x400.webp 400w, https:\/\/mountlaser.com\/wp-content\/uploads\/2025\/09\/6-7-800x800.webp 800w, https:\/\/mountlaser.com\/wp-content\/uploads\/2025\/09\/6-7-600x600.webp 600w, https:\/\/mountlaser.com\/wp-content\/uploads\/2025\/09\/6-7-150x150.webp 150w, https:\/\/mountlaser.com\/wp-content\/uploads\/2025\/09\/6-7-768x768.webp 768w, https:\/\/mountlaser.com\/wp-content\/uploads\/2025\/09\/6-7-12x12.webp 12w\" sizes=\"(max-width: 500px) 100vw, 500px\" \/><\/p>\n<p>\u0110\u1ec3 d\u1ec5 d\u00e0ng nh\u1eadn di\u1ec7n v\u00e0 qu\u1ea3n l\u00fd h\u00e0ng t\u1ed3n kho t\u1ea1i c\u00f4ng tr\u01b0\u1eddng, b\u1ed9 chuy\u1ec3n \u0111\u1ed5i l\u0103ng k\u00ednh mini MPA01 c\u00f3 hai phi\u00ean b\u1ea3n m\u00e0u: MPA01Y (v\u00e0ng) v\u00e0 MPA01W (tr\u1eafng).<\/p>\n<p><strong>S\u1eed d\u1ee5ng v\u1edbi <a href=\"https:\/\/mountlaser.com\/vi\/products\/\">B\u1ed9 chuy\u1ec3n \u0111\u1ed5i l\u0103ng k\u00ednh mini MPA01<\/a><\/strong><\/p>\n<p><img decoding=\"async\" class=\"aligncenter wp-image-2220 size-full\" src=\"https:\/\/mountlaser.com\/wp-content\/uploads\/2025\/09\/1-5.webp\" alt=\"MPA01 Mini Prism Adapter\" width=\"614\" height=\"759\" srcset=\"https:\/\/mountlaser.com\/wp-content\/uploads\/2025\/09\/1-5.webp 614w, https:\/\/mountlaser.com\/wp-content\/uploads\/2025\/09\/1-5-600x742.webp 600w, https:\/\/mountlaser.com\/wp-content\/uploads\/2025\/09\/1-5-243x300.webp 243w, https:\/\/mountlaser.com\/wp-content\/uploads\/2025\/09\/1-5-10x12.webp 10w\" sizes=\"(max-width: 614px) 100vw, 614px\" \/><\/p>","protected":false},"excerpt":{"rendered":"<ul>\n<li>S\u1ea3n ph\u1ea9m c\u00f3 ren 5\/8\u2033-11 \u0111\u1ec3 t\u01b0\u01a1ng th\u00edch r\u1ed9ng r\u00e3i v\u1edbi c\u00e1c thi\u1ebft b\u1ecb kh\u1ea3o s\u00e1t ti\u00eau chu\u1ea9n v\u00e0 \u0111\u1ea7u n\u1ed1i ki\u1ec3u Th\u1ee5y S\u0129 \u0111\u1ec3 g\u1eafn l\u0103ng k\u00ednh mini m\u1ed9t c\u00e1ch ch\u1eafc ch\u1eafn.<\/li>\n<li>Th\u00e2n b\u1eb1ng nylon \u0111\u1ea3m b\u1ea3o \u0111\u1ed9 b\u1ec1n l\u00e2u d\u00e0i, ch\u1ed1ng m\u00e0i m\u00f2n trong \u0111i\u1ec1u ki\u1ec7n kh\u1eafc nghi\u1ec7t ngo\u00e0i tr\u1eddi.<\/li>\n<\/ul>","protected":false},"featured_media":2227,"comment_status":"open","ping_status":"closed","template":"","meta":[],"product_brand":[],"product_cat":[79,102],"product_tag":[],"class_list":{"0":"post-2222","1":"product","2":"type-product","3":"status-publish","4":"has-post-thumbnail","6":"product_cat-surveying-accessory","7":"product_cat-monitoring-adapter","9":"first","10":"instock","11":"shipping-taxable","12":"product-type-simple"},"_links":{"self":[{"href":"https:\/\/mountlaser.com\/vi\/wp-json\/wp\/v2\/product\/2222","targetHints":{"allow":["GET"]}}],"collection":[{"href":"https:\/\/mountlaser.com\/vi\/wp-json\/wp\/v2\/product"}],"about":[{"href":"https:\/\/mountlaser.com\/vi\/wp-json\/wp\/v2\/types\/product"}],"replies":[{"embeddable":true,"href":"https:\/\/mountlaser.com\/vi\/wp-json\/wp\/v2\/comments?post=2222"}],"wp:featuredmedia":[{"embeddable":true,"href":"https:\/\/mountlaser.com\/vi\/wp-json\/wp\/v2\/media\/2227"}],"wp:attachment":[{"href":"https:\/\/mountlaser.com\/vi\/wp-json\/wp\/v2\/media?parent=2222"}],"wp:term":[{"taxonomy":"product_brand","embeddable":true,"href":"https:\/\/mountlaser.com\/vi\/wp-json\/wp\/v2\/product_brand?post=2222"},{"taxonomy":"product_cat","embeddable":true,"href":"https:\/\/mountlaser.com\/vi\/wp-json\/wp\/v2\/product_cat?post=2222"},{"taxonomy":"product_tag","embeddable":true,"href":"https:\/\/mountlaser.com\/vi\/wp-json\/wp\/v2\/product_tag?post=2222"}],"curies":[{"name":"trang web","href":"https:\/\/api.w.org\/{rel}","templated":true}]}}