{"id":2213,"date":"2025-09-26T08:09:31","date_gmt":"2025-09-26T08:09:31","guid":{"rendered":"https:\/\/mountlaser.com\/?post_type=product&#038;p=2213"},"modified":"2025-12-01T01:24:14","modified_gmt":"2025-12-01T01:24:14","slug":"mpa04-mini-prism-nylon-base","status":"publish","type":"product","link":"https:\/\/mountlaser.com\/vi\/san-pham\/mpa04-mini-prism-nylon-base\/","title":{"rendered":"MPA04 \u0110\u1ebf nylon h\u00ecnh l\u0103ng tr\u1ee5 nh\u1ecf"},"content":{"rendered":"<p>N\u00e2ng c\u1ea5p h\u1ec7 th\u1ed1ng kh\u1ea3o s\u00e1t c\u1ee7a b\u1ea1n v\u1edbi MPA04 <a href=\"https:\/\/mountlaser.com\/vi\/\"><strong>\u0110\u1ebf nylon h\u00ecnh l\u0103ng tr\u1ee5 nh\u1ecf<\/strong><\/a><\/p>\n<p>\u0110\u1ebf nylon MPA04 Mini prism l\u00e0 m\u1ed9t linh ki\u1ec7n k\u1ebft n\u1ed1i thi\u1ebft y\u1ebfu \u0111\u01b0\u1ee3c thi\u1ebft k\u1ebf d\u00e0nh cho c\u00e1c k\u1ef9 s\u01b0 kh\u1ea3o s\u00e1t c\u1ea7n gi\u1ea3i ph\u00e1p l\u1eafp \u0111\u1eb7t \u0111\u00e1ng tin c\u1eady v\u00e0 ch\u00ednh x\u00e1c cho thi\u1ebft b\u1ecb gi\u00e1m s\u00e1t c\u1ee7a h\u1ecd.<\/p>\n<p>C\u00e1i n\u00e0y <a href=\"https:\/\/mountlaser.com\/vi\/danh-muc-san-pham\/surveying-accessory\/\"><strong>B\u1ed9 chuy\u1ec3n \u0111\u1ed5i nylon MPA04<\/strong><\/a> \u0110\u01b0\u1ee3c thi\u1ebft k\u1ebf \u0111\u1eb7c bi\u1ec7t \u0111\u1ec3 t\u00edch h\u1ee3p li\u1ec1n m\u1ea1ch c\u00e1c l\u0103ng k\u00ednh mini v\u1edbi nhi\u1ec1u \u0111i\u1ec3m l\u1eafp \u0111\u1eb7t kh\u00e1c nhau, \u0111\u1ea3m b\u1ea3o t\u00ednh \u1ed5n \u0111\u1ecbnh v\u00e0 \u0111\u1ed9 ch\u00ednh x\u00e1c trong c\u00e1c d\u1ef1 \u00e1n gi\u00e1m s\u00e1t d\u00e0i h\u1ea1n.<\/p>\n<p><img fetchpriority=\"high\" decoding=\"async\" class=\"wp-image-2218 aligncenter\" src=\"https:\/\/mountlaser.com\/wp-content\/uploads\/2025\/09\/MPA04-4.webp\" alt=\"MPA04 Nylon Adapter\" width=\"500\" height=\"500\" srcset=\"https:\/\/mountlaser.com\/wp-content\/uploads\/2025\/09\/MPA04-4.webp 1000w, https:\/\/mountlaser.com\/wp-content\/uploads\/2025\/09\/MPA04-4-300x300.webp 300w, https:\/\/mountlaser.com\/wp-content\/uploads\/2025\/09\/MPA04-4-400x400.webp 400w, https:\/\/mountlaser.com\/wp-content\/uploads\/2025\/09\/MPA04-4-800x800.webp 800w, https:\/\/mountlaser.com\/wp-content\/uploads\/2025\/09\/MPA04-4-600x600.webp 600w, https:\/\/mountlaser.com\/wp-content\/uploads\/2025\/09\/MPA04-4-150x150.webp 150w, https:\/\/mountlaser.com\/wp-content\/uploads\/2025\/09\/MPA04-4-768x768.webp 768w, https:\/\/mountlaser.com\/wp-content\/uploads\/2025\/09\/MPA04-4-12x12.webp 12w\" sizes=\"(max-width: 500px) 100vw, 500px\" \/><\/p>\n<p>M\u1ed9t \u0111\u1eb7c \u0111i\u1ec3m n\u1ed5i b\u1eadt c\u1ee7a s\u1ea3n ph\u1ea9m n\u00e0y l\u00e0 k\u1ebft c\u1ea5u ch\u1eafc ch\u1eafn. <a href=\"https:\/\/mountlaser.com\/vi\/about-us\/\">B\u1ed9 chuy\u1ec3n \u0111\u1ed5i nylon MPA04<\/a> S\u1ea3n ph\u1ea9m c\u00f3 \u0111\u1ebf b\u1eb1ng nylon b\u1ec1n ch\u1eafc, c\u00f3 kh\u1ea3 n\u0103ng ch\u1ed1ng ch\u1ecbu tuy\u1ec7t v\u1eddi v\u1edbi c\u00e1c y\u1ebfu t\u1ed1 m\u00f4i tr\u01b0\u1eddng nh\u01b0 \u0111\u1ed9 \u1ea9m v\u00e0 \u0103n m\u00f2n, trong khi m\u00e0u v\u00e0ng \u0111\u1eb7c tr\u01b0ng \u0111\u1ea3m b\u1ea3o kh\u1ea3 n\u0103ng nh\u1eadn di\u1ec7n cao t\u1ea1i c\u00f4ng tr\u01b0\u1eddng, gi\u1ea3m nguy c\u01a1 th\u1ea5t l\u1ea1c. B\u1ed9 chuy\u1ec3n \u0111\u1ed5i \u0111\u01b0\u1ee3c trang b\u1ecb \u0111\u1ea7u n\u1ed1i ki\u1ec3u Th\u1ee5y S\u0129 \u0111\u1ed9 ch\u00ednh x\u00e1c cao, \u0111\u1ea3m b\u1ea3o s\u1ef1 v\u1eeba kh\u00edt v\u00e0 ho\u00e0n h\u1ea3o cho c\u00e1c l\u0103ng k\u00ednh t\u01b0\u01a1ng th\u00edch.<\/p>\n<p>&nbsp;<\/p>\n<p><strong>S\u1eed d\u1ee5ng v\u1edbi \u0111\u1ebf nylon l\u0103ng k\u00ednh mini MPA04.<\/strong><\/p>\n<p><img decoding=\"async\" class=\"wp-image-2220 aligncenter\" src=\"https:\/\/mountlaser.com\/wp-content\/uploads\/2025\/09\/1-5.webp\" alt=\"MPA04 Nylon Adapter\" width=\"614\" height=\"759\" srcset=\"https:\/\/mountlaser.com\/wp-content\/uploads\/2025\/09\/1-5.webp 614w, https:\/\/mountlaser.com\/wp-content\/uploads\/2025\/09\/1-5-600x742.webp 600w, https:\/\/mountlaser.com\/wp-content\/uploads\/2025\/09\/1-5-243x300.webp 243w, https:\/\/mountlaser.com\/wp-content\/uploads\/2025\/09\/1-5-10x12.webp 10w\" sizes=\"(max-width: 614px) 100vw, 614px\" \/><\/p>","protected":false},"excerpt":{"rendered":"<ul>\n<li>Cung c\u1ea5p giao di\u1ec7n \u0111\u00e1ng tin c\u1eady gi\u1eefa l\u0103ng k\u00ednh mini (nh\u01b0 MP104) v\u00e0 tr\u1ea1m gi\u00e1m s\u00e1t ho\u1eb7c c\u1ed9t \u0111\u1ee1 b\u1eb1ng ph\u00edch c\u1eafm ki\u1ec3u Th\u1ee5y S\u0129 v\u1edbi \u0111\u1ebf tr\u00f2n.<\/li>\n<li>L\u1edbp \u0111\u1ebf b\u1eb1ng nylon mang l\u1ea1i \u0111\u1ed9 b\u1ec1n cao tr\u01b0\u1edbc c\u00e1c \u0111i\u1ec1u ki\u1ec7n kh\u1eafc nghi\u1ec7t ngo\u00e0i tr\u1eddi, \u0111\u1ea3m b\u1ea3o hi\u1ec7u su\u1ea5t l\u00e2u d\u00e0i.<\/li>\n<\/ul>","protected":false},"featured_media":2216,"comment_status":"open","ping_status":"closed","template":"","meta":[],"product_brand":[],"product_cat":[79,102],"product_tag":[],"class_list":{"0":"post-2213","1":"product","2":"type-product","3":"status-publish","4":"has-post-thumbnail","6":"product_cat-surveying-accessory","7":"product_cat-monitoring-adapter","9":"first","10":"instock","11":"shipping-taxable","12":"product-type-simple"},"_links":{"self":[{"href":"https:\/\/mountlaser.com\/vi\/wp-json\/wp\/v2\/product\/2213","targetHints":{"allow":["GET"]}}],"collection":[{"href":"https:\/\/mountlaser.com\/vi\/wp-json\/wp\/v2\/product"}],"about":[{"href":"https:\/\/mountlaser.com\/vi\/wp-json\/wp\/v2\/types\/product"}],"replies":[{"embeddable":true,"href":"https:\/\/mountlaser.com\/vi\/wp-json\/wp\/v2\/comments?post=2213"}],"wp:featuredmedia":[{"embeddable":true,"href":"https:\/\/mountlaser.com\/vi\/wp-json\/wp\/v2\/media\/2216"}],"wp:attachment":[{"href":"https:\/\/mountlaser.com\/vi\/wp-json\/wp\/v2\/media?parent=2213"}],"wp:term":[{"taxonomy":"product_brand","embeddable":true,"href":"https:\/\/mountlaser.com\/vi\/wp-json\/wp\/v2\/product_brand?post=2213"},{"taxonomy":"product_cat","embeddable":true,"href":"https:\/\/mountlaser.com\/vi\/wp-json\/wp\/v2\/product_cat?post=2213"},{"taxonomy":"product_tag","embeddable":true,"href":"https:\/\/mountlaser.com\/vi\/wp-json\/wp\/v2\/product_tag?post=2213"}],"curies":[{"name":"trang web","href":"https:\/\/api.w.org\/{rel}","templated":true}]}}