{"id":2201,"date":"2025-09-24T09:17:08","date_gmt":"2025-09-24T09:17:08","guid":{"rendered":"https:\/\/mountlaser.com\/?post_type=product&#038;p=2201"},"modified":"2025-12-01T01:25:54","modified_gmt":"2025-12-01T01:25:54","slug":"gdf22-tribrach-with-optical-plummet","status":"publish","type":"product","link":"https:\/\/mountlaser.com\/vi\/san-pham\/gdf22-tribrach-with-optical-plummet\/","title":{"rendered":"Ch\u00e2n \u0111\u1ebf ba ch\u00e2n GDF22 v\u1edbi \u0111\u1ea7u \u0111o \u0111\u1ed9 nghi\u00eang quang h\u1ecdc"},"content":{"rendered":"<p>C\u00e1i <a href=\"https:\/\/mountlaser.com\/vi\/\"><strong>Ch\u00e2n \u0111\u1ebf ba ch\u00e2n kh\u1ea3o s\u00e1t GDF22<\/strong><\/a> \u0110\u01b0\u1ee3c thi\u1ebft k\u1ebf \u0111\u1ec3 mang l\u1ea1i hi\u1ec7u su\u1ea5t \u0111\u00e1ng tin c\u1eady v\u00e0 thi\u1ebft l\u1eadp hi\u1ec7u qu\u1ea3 cho c\u00e1c c\u00f4ng vi\u1ec7c ch\u00ednh x\u00e1c h\u00e0ng ng\u00e0y. Ch\u00e2n \u0111\u1ebf ba ch\u00e2n b\u1eb1ng nh\u00f4m ch\u1eafc ch\u1eafn n\u00e0y c\u00f3 ren ti\u00eau chu\u1ea9n 5\/8\u2033-11, \u0111\u1ea3m b\u1ea3o kh\u1ea3 n\u0103ng t\u01b0\u01a1ng th\u00edch ph\u1ed5 bi\u1ebfn v\u1edbi nhi\u1ec1u lo\u1ea1i d\u1ee5ng c\u1ee5 \u0111o \u0111\u1ea1c.<\/p>\n<p>\u0110i\u1ec3m n\u1ed5i b\u1eadt c\u1ee7a m\u00f4 h\u00ecnh n\u00e0y l\u00e0 h\u1ec7 th\u1ed1ng \u0111o \u0111\u1ed9 s\u00e2u b\u1eb1ng tia quang t\u00edch h\u1ee3p, gi\u00fap t\u0103ng \u0111\u00e1ng k\u1ec3 t\u1ed1c \u0111\u1ed9 v\u00e0 \u0111\u1ed9 ch\u00ednh x\u00e1c khi \u0111\u1ecbnh t\u00e2m \u0111i\u1ec3m kh\u1ea3o s\u00e1t.<\/p>\n<p><img fetchpriority=\"high\" decoding=\"async\" class=\"aligncenter wp-image-2204\" src=\"https:\/\/mountlaser.com\/wp-content\/uploads\/2025\/09\/4-6.webp\" alt=\"GDF22 surveying tribrach\" width=\"500\" height=\"500\" srcset=\"https:\/\/mountlaser.com\/wp-content\/uploads\/2025\/09\/4-6.webp 1000w, https:\/\/mountlaser.com\/wp-content\/uploads\/2025\/09\/4-6-300x300.webp 300w, https:\/\/mountlaser.com\/wp-content\/uploads\/2025\/09\/4-6-400x400.webp 400w, https:\/\/mountlaser.com\/wp-content\/uploads\/2025\/09\/4-6-800x800.webp 800w, https:\/\/mountlaser.com\/wp-content\/uploads\/2025\/09\/4-6-600x600.webp 600w, https:\/\/mountlaser.com\/wp-content\/uploads\/2025\/09\/4-6-150x150.webp 150w, https:\/\/mountlaser.com\/wp-content\/uploads\/2025\/09\/4-6-768x768.webp 768w, https:\/\/mountlaser.com\/wp-content\/uploads\/2025\/09\/4-6-12x12.webp 12w\" sizes=\"(max-width: 500px) 100vw, 500px\" \/><\/p>\n<p>L\u00e0 m\u1ed9t ch\u00e2n \u0111\u1ebf \u0111o \u0111\u1ea1c \u0111a n\u0103ng GDF22, s\u1ea3n ph\u1ea9m \u0111\u01b0\u1ee3c ch\u1ebf t\u1ea1o \u0111\u1ec3 c\u00f3 \u0111\u1ed9 b\u1ec1n cao v\u00e0 hi\u1ec7u su\u1ea5t \u1ed5n \u0111\u1ecbnh trong th\u1ef1c \u0111\u1ecba. \u0110\u1ec3 d\u1ec5 d\u00e0ng qu\u1ea3n l\u00fd v\u00e0 nh\u1eadn di\u1ec7n d\u1ee5ng c\u1ee5 t\u1ea1i c\u00e1c c\u00f4ng tr\u01b0\u1eddng b\u1eadn r\u1ed9n, s\u1ea3n ph\u1ea9m c\u00f3 hai t\u00f9y ch\u1ecdn m\u00e0u Xanh l\u00e1 c\u00e2y v\u00e0 \u0110en. Khi b\u1ea1n c\u1ea7n ch\u1ee9c n\u0103ng th\u1ef1c ti\u1ec5n c\u1ee7a m\u1ed9t... <a href=\"https:\/\/mountlaser.com\/vi\/danh-muc-san-pham\/surveying-accessory\/\"><strong>Tribrach gdf22 v\u1edbi th\u01b0\u1edbc \u0111o \u0111\u1ed9 cao quang h\u1ecdc<\/strong><\/a> \u0110\u1ed1i v\u1edbi vi\u1ec7c \u0111\u1ecbnh v\u1ecb c\u00f4ng tr\u00ecnh ho\u1eb7c kh\u1ea3o s\u00e1t \u0111\u1ecba h\u00ecnh, m\u1eabu m\u00e1y n\u00e0y mang l\u1ea1i gi\u00e1 tr\u1ecb v\u01b0\u1ee3t tr\u1ed9i. H\u00e3y l\u1ef1a ch\u1ecdn \u0111\u1ed9 tin c\u1eady c\u1ee7a m\u00e1y Tribrach gdf22 v\u1edbi thi\u1ebft k\u1ebf quang h\u1ecdc \u0111\u1ec3 t\u1ed1i \u01b0u h\u00f3a quy tr\u00ecnh l\u00e0m vi\u1ec7c c\u1ee7a b\u1ea1n.<\/p>","protected":false},"excerpt":{"rendered":"<ul>\n<li>C\u1ea5u t\u1ea1o b\u1eb1ng nh\u00f4m b\u1ec1n ch\u1eafc v\u1edbi ren trong 5\/8\u2033-11.<\/li>\n<li>T\u00edch h\u1ee3p h\u1ec7 th\u1ed1ng d\u1ecdi quang h\u1ecdc gi\u00fap \u0111\u1ecbnh t\u00e2m ch\u00ednh x\u00e1c th\u01b0\u1eddng xuy\u00ean.<\/li>\n<li>C\u00f3 hai l\u1ef1a ch\u1ecdn m\u00e0u s\u1eafc: Xanh l\u00e1 v\u00e0 \u0110en \u0111\u1ec3 d\u1ec5 nh\u1eadn bi\u1ebft.<\/li>\n<\/ul>","protected":false},"featured_media":2202,"comment_status":"open","ping_status":"closed","template":"","meta":[],"product_brand":[],"product_cat":[79,101],"product_tag":[],"class_list":{"0":"post-2201","1":"product","2":"type-product","3":"status-publish","4":"has-post-thumbnail","6":"product_cat-surveying-accessory","7":"product_cat-standard-precision-tribrach","9":"first","10":"instock","11":"shipping-taxable","12":"product-type-simple"},"_links":{"self":[{"href":"https:\/\/mountlaser.com\/vi\/wp-json\/wp\/v2\/product\/2201","targetHints":{"allow":["GET"]}}],"collection":[{"href":"https:\/\/mountlaser.com\/vi\/wp-json\/wp\/v2\/product"}],"about":[{"href":"https:\/\/mountlaser.com\/vi\/wp-json\/wp\/v2\/types\/product"}],"replies":[{"embeddable":true,"href":"https:\/\/mountlaser.com\/vi\/wp-json\/wp\/v2\/comments?post=2201"}],"wp:featuredmedia":[{"embeddable":true,"href":"https:\/\/mountlaser.com\/vi\/wp-json\/wp\/v2\/media\/2202"}],"wp:attachment":[{"href":"https:\/\/mountlaser.com\/vi\/wp-json\/wp\/v2\/media?parent=2201"}],"wp:term":[{"taxonomy":"product_brand","embeddable":true,"href":"https:\/\/mountlaser.com\/vi\/wp-json\/wp\/v2\/product_brand?post=2201"},{"taxonomy":"product_cat","embeddable":true,"href":"https:\/\/mountlaser.com\/vi\/wp-json\/wp\/v2\/product_cat?post=2201"},{"taxonomy":"product_tag","embeddable":true,"href":"https:\/\/mountlaser.com\/vi\/wp-json\/wp\/v2\/product_tag?post=2201"}],"curies":[{"name":"trang web","href":"https:\/\/api.w.org\/{rel}","templated":true}]}}